{"id":3437,"date":"2022-09-27T06:53:55","date_gmt":"2022-09-27T06:53:55","guid":{"rendered":"https:\/\/vietbee.com\/?post_type=product&#038;p=3437"},"modified":"2022-09-27T06:53:55","modified_gmt":"2022-09-27T06:53:55","slug":"laptop-lenovo-thinkpad-p15s-g2-t-20w600chva","status":"publish","type":"product","link":"https:\/\/vietbee.com\/en\/product\/laptop-lenovo-thinkpad-p15s-g2-t-20w600chva\/","title":{"rendered":"Laptop Lenovo Thinkpad P15S G2 T 20W600CHVA"},"content":{"rendered":"<h2 class=\"title_box_scroll\">TH\u00d4NG S\u1ed0 K\u1ef8 THU\u1eacT<\/h2>\n<div class=\"content-text nd\">\n<table width=\"1004\" cellspacing=\"0\" cellpadding=\"5\">\n<tbody>\n<tr>\n<td><strong>H\u1ec7 \u0111i\u1ec1u h\u00e0nh &#8211; Operation System<\/strong><\/td>\n<td><span style=\"color: #000000;\">Free DOS<\/span><\/td>\n<\/tr>\n<tr>\n<td><strong>B\u1ed9 x\u1eed l\u00fd &#8211; CPU<\/strong><\/td>\n<td>\n<div class=\"item \"><span style=\"color: #000000;\">Intel\u00ae Core\u2122\u00a0i5-1135G7 (2.40Hz up to 4.20GHz, 8MB Cache)<\/span><\/div>\n<\/td>\n<\/tr>\n<tr>\n<td><strong>Bo m\u1ea1ch ch\u1ee7 &#8211; Mainboard<\/strong><\/td>\n<td>&#8212;<\/td>\n<\/tr>\n<tr>\n<td><strong>M\u00e0n h\u00ecnh &#8211; Monitor<\/strong><\/td>\n<td><span style=\"color: #000000;\">15.6inch FHD (1920 x 1080)\u00a0<\/span><\/td>\n<\/tr>\n<tr>\n<td><strong>B\u1ed9 nh\u1edb trong &#8211; Ram<\/strong><\/td>\n<td><span style=\"color: #000000;\">16GB DDR4 3200MHz<\/span><\/td>\n<\/tr>\n<tr>\n<td><strong>\u1ed4 \u0111\u0129a c\u1ee9ng &#8211; HDD<\/strong><\/td>\n<td><span style=\"color: #000000;\">512GB\u00a0SSD M.2 2280 PCIe x4 NVMe Opal2<\/span><\/td>\n<\/tr>\n<tr>\n<td><strong>\u1ed4 \u0111\u0129a quang &#8211; CD\/DVD<\/strong><\/td>\n<td>\u00a0&#8212;<\/td>\n<\/tr>\n<tr>\n<td><strong>Card \u0111\u1ed3 ho\u1ea1 &#8211; Video<\/strong><\/td>\n<td><span style=\"color: #000000;\">NVIDIA Quadro T500 4GB GDDR6<\/span><\/td>\n<\/tr>\n<tr>\n<td><strong>Card \u00c2m thanh &#8211; Audio<\/strong><\/td>\n<td>\u00a0&#8212;<\/td>\n<\/tr>\n<tr>\n<td><strong>\u0110\u1ecdc th\u1ebb &#8211; Card reader<\/strong><\/td>\n<td><span style=\"color: #000000;\">1x\u00a0microSD\u00a0Card Reader<\/span><\/td>\n<\/tr>\n<tr>\n<td><strong>Webcam<\/strong><\/td>\n<td><span style=\"color: #000000;\">IR &amp; 1080p with Privacy Shutter<\/span><\/td>\n<\/tr>\n<tr>\n<td><strong>Finger Print<\/strong><\/td>\n<td><span style=\"color: #000000;\">C\u00f3 b\u1ea3o m\u1eadt v\u00e2n tay<\/span><\/td>\n<\/tr>\n<tr>\n<td><strong>Giao ti\u1ebfp m\u1ea1ng &#8211; Communications<\/strong><\/td>\n<td><span style=\"color: #000000;\">Intel\u00a0AX201 11ax, 2&#215;2<\/span><\/p>\n<p><span style=\"color: #000000;\">100\/1000M<\/span><\/td>\n<\/tr>\n<tr>\n<td><strong>C\u1ed5ng giao ti\u1ebfp &#8211; Port<\/strong><\/td>\n<td><span style=\"color: #000000;\">1 x USB 3.2 Gen 1<\/span><\/p>\n<p><span style=\"color: #000000;\">1 x USB 3.2 Gen 1 (Always On)<\/span><\/p>\n<p><span style=\"color: #000000;\">2 x Thunderbolt 4 \/ USB4 40Gbps \/ USB-C 3.2 Gen 2 (support data transfer, Power Delivery 3.0 and DisplayPort 1.4)\/<\/span><\/p>\n<p><span style=\"color: #000000;\">1 x HDMI 2.0<\/span><\/p>\n<p><span style=\"color: #000000;\">1 x Headphone \/ microphone combo jack (3.5mm)<\/span><\/td>\n<\/tr>\n<tr>\n<td><strong>Bluetooth<\/strong><\/td>\n<td><span style=\"color: #000000;\">Bluetooth 5.2<\/span><\/td>\n<\/tr>\n<tr>\n<td><strong>Pin<\/strong><\/td>\n<td><span style=\"color: #000000;\">4 Cell 50Wh<\/span><\/td>\n<\/tr>\n<tr>\n<td><strong>Tr\u1ecdng l\u01b0\u1ee3ng<\/strong><\/td>\n<td><span style=\"color: #000000;\">1.76 kg<\/span><\/td>\n<\/tr>\n<\/tbody>\n<\/table>\n<\/div>\n","protected":false},"excerpt":{"rendered":"<div class=\"item \"><span style=\"color: #000000;\">NPP: ELITE<\/span><\/div>\n<div class=\"item \"><span style=\"color: #000000;\"><i class=\"fa fa-check text-blue pull-left red\"><\/i>CPU: Intel\u00ae Core\u2122 i5-1135G7 (2.40Hz up to 4.20GHz, 8MB Cache)<\/span><\/div>\n<div class=\"item \"><span style=\"color: #000000;\"><i class=\"fa fa-check text-blue pull-left red\"><\/i>Ram: 16GB DDR4 3200MHz<\/span><\/div>\n<div class=\"item \"><span style=\"color: #000000;\"><i class=\"fa fa-check text-blue pull-left red\"><\/i>\u1ed4 c\u1ee9ng: 512GB SSD M.2 2280 PCIe x4 NVMe Opal2<\/span><\/div>\n<div class=\"item \"><span style=\"color: #000000;\"><i class=\"fa fa-check text-blue pull-left red\"><\/i>VGA: NVIDIA Quadro T500 4GB GDDR6<\/span><\/div>\n<div class=\"item \"><span style=\"color: #000000;\"><i class=\"fa fa-check text-blue pull-left red\"><\/i>Display: 15.6inch FHD (1920 x 1080)<\/span><\/div>\n<div class=\"item hide\"><span style=\"color: #000000;\"><i class=\"fa fa-check text-blue pull-left red\"><\/i>Pin: 4 Cell 50Wh<\/span><\/div>\n<div class=\"item hide\"><span style=\"color: #000000;\"><i class=\"fa fa-check text-blue pull-left red\"><\/i>Weight: 1.76 kg<\/span><\/div>\n<div class=\"item hide\"><span style=\"color: #000000;\"><i class=\"fa fa-check text-blue pull-left red\"><\/i>T\u00ednh n\u0103ng: B\u1ea3o m\u1eadt v\u00e2n tay, \u0111\u00e8n n\u1ec1n b\u00e0n ph\u00edm<\/span><\/div>\n<div class=\"item hide\"><span style=\"color: #000000;\"><i class=\"fa fa-check text-blue pull-left red\"><\/i>Color: Grey<\/span><\/div>\n<div class=\"item hide\"><span style=\"color: #000000;\"><i class=\"fa fa-check text-blue pull-left red\"><\/i>OS: Free DOS<\/span><\/div>\n","protected":false},"featured_media":3414,"template":"","meta":[],"product_brand":[],"product_cat":[249,251],"product_tag":[1662,1648,1661,1663],"pa_bo-nho-trong":[],"pa_bo-vi-xu-ly":[],"pa_do-dai":[],"pa_do-phan-giai":[],"pa_hang-san-xuat":[],"pa_kich-thuoc-man-hinh":[],"pa_micro-thu-am":[],"pa_nha-thong-minh-rang-dong":[],"pa_o-cung":[],"pa_ong-kinh":[],"pa_poe":[],"pa_ports":[],"pa_tam-quan-sat":[],"pa_theo-chuan":[],"class_list":{"0":"post-3437","1":"product","2":"type-product","3":"status-publish","4":"has-post-thumbnail","6":"product_cat-may-tinh-laptop","7":"product_cat-may-tinh-xach-tay","8":"product_tag-20w600chva","9":"product_tag-laptop-lenovo-thinkpad","10":"product_tag-laptop-lenovo-thinkpad-p15s-g2-t","11":"product_tag-laptop-lenovo-thinkpad-p15s-g2-t-20w600chva","13":"first","14":"instock","15":"shipping-taxable","16":"product-type-simple"},"_links":{"self":[{"href":"https:\/\/vietbee.com\/en\/wp-json\/wp\/v2\/product\/3437","targetHints":{"allow":["GET"]}}],"collection":[{"href":"https:\/\/vietbee.com\/en\/wp-json\/wp\/v2\/product"}],"about":[{"href":"https:\/\/vietbee.com\/en\/wp-json\/wp\/v2\/types\/product"}],"wp:featuredmedia":[{"embeddable":true,"href":"https:\/\/vietbee.com\/en\/wp-json\/wp\/v2\/media\/3414"}],"wp:attachment":[{"href":"https:\/\/vietbee.com\/en\/wp-json\/wp\/v2\/media?parent=3437"}],"wp:term":[{"taxonomy":"product_brand","embeddable":true,"href":"https:\/\/vietbee.com\/en\/wp-json\/wp\/v2\/product_brand?post=3437"},{"taxonomy":"product_cat","embeddable":true,"href":"https:\/\/vietbee.com\/en\/wp-json\/wp\/v2\/product_cat?post=3437"},{"taxonomy":"product_tag","embeddable":true,"href":"https:\/\/vietbee.com\/en\/wp-json\/wp\/v2\/product_tag?post=3437"},{"taxonomy":"pa_bo-nho-trong","embeddable":true,"href":"https:\/\/vietbee.com\/en\/wp-json\/wp\/v2\/pa_bo-nho-trong?post=3437"},{"taxonomy":"pa_bo-vi-xu-ly","embeddable":true,"href":"https:\/\/vietbee.com\/en\/wp-json\/wp\/v2\/pa_bo-vi-xu-ly?post=3437"},{"taxonomy":"pa_do-dai","embeddable":true,"href":"https:\/\/vietbee.com\/en\/wp-json\/wp\/v2\/pa_do-dai?post=3437"},{"taxonomy":"pa_do-phan-giai","embeddable":true,"href":"https:\/\/vietbee.com\/en\/wp-json\/wp\/v2\/pa_do-phan-giai?post=3437"},{"taxonomy":"pa_hang-san-xuat","embeddable":true,"href":"https:\/\/vietbee.com\/en\/wp-json\/wp\/v2\/pa_hang-san-xuat?post=3437"},{"taxonomy":"pa_kich-thuoc-man-hinh","embeddable":true,"href":"https:\/\/vietbee.com\/en\/wp-json\/wp\/v2\/pa_kich-thuoc-man-hinh?post=3437"},{"taxonomy":"pa_micro-thu-am","embeddable":true,"href":"https:\/\/vietbee.com\/en\/wp-json\/wp\/v2\/pa_micro-thu-am?post=3437"},{"taxonomy":"pa_nha-thong-minh-rang-dong","embeddable":true,"href":"https:\/\/vietbee.com\/en\/wp-json\/wp\/v2\/pa_nha-thong-minh-rang-dong?post=3437"},{"taxonomy":"pa_o-cung","embeddable":true,"href":"https:\/\/vietbee.com\/en\/wp-json\/wp\/v2\/pa_o-cung?post=3437"},{"taxonomy":"pa_ong-kinh","embeddable":true,"href":"https:\/\/vietbee.com\/en\/wp-json\/wp\/v2\/pa_ong-kinh?post=3437"},{"taxonomy":"pa_poe","embeddable":true,"href":"https:\/\/vietbee.com\/en\/wp-json\/wp\/v2\/pa_poe?post=3437"},{"taxonomy":"pa_ports","embeddable":true,"href":"https:\/\/vietbee.com\/en\/wp-json\/wp\/v2\/pa_ports?post=3437"},{"taxonomy":"pa_tam-quan-sat","embeddable":true,"href":"https:\/\/vietbee.com\/en\/wp-json\/wp\/v2\/pa_tam-quan-sat?post=3437"},{"taxonomy":"pa_theo-chuan","embeddable":true,"href":"https:\/\/vietbee.com\/en\/wp-json\/wp\/v2\/pa_theo-chuan?post=3437"}],"curies":[{"name":"wp","href":"https:\/\/api.w.org\/{rel}","templated":true}]}}