{"id":3429,"date":"2022-09-23T08:22:06","date_gmt":"2022-09-23T08:22:06","guid":{"rendered":"https:\/\/vietbee.com\/?post_type=product&#038;p=3429"},"modified":"2022-09-23T08:26:09","modified_gmt":"2022-09-23T08:26:09","slug":"laptop-lenovo-thinkpad-p14s-g2-t-20vx00ejvn","status":"publish","type":"product","link":"https:\/\/vietbee.com\/en\/product\/laptop-lenovo-thinkpad-p14s-g2-t-20vx00ejvn\/","title":{"rendered":"Laptop Lenovo ThinkPad P14s G2 T 20VX00EJVN"},"content":{"rendered":"<table border=\"1\" width=\"100%\">\n<tbody>\n<tr>\n<td width=\"303\"><strong>H\u00e3ng s\u1ea3n xu\u1ea5t<\/strong><\/td>\n<td width=\"771\"><span style=\"color: #000000;\">Laptop Lenovo<\/span><\/td>\n<\/tr>\n<tr>\n<td width=\"303\"><strong>T\u00ean s\u1ea3n ph\u1ea9m\u00a0 \u00a0<\/strong><\/td>\n<td width=\"771\"><span style=\"color: #000000;\">Laptop Lenovo ThinkPad P14s G2 T 20VX00EJVN<\/span><\/td>\n<\/tr>\n<tr>\n<td width=\"303\"><strong>D\u00f2ng Laptop<\/strong><\/td>\n<td width=\"771\"><span style=\"color: #000000;\">M\u00e1y t\u00ednh x\u00e1ch tay, Laptop Lenovo ThinkPad, Laptop v\u0103n ph\u00f2ng, Laptop Core i7<\/span><\/td>\n<\/tr>\n<tr>\n<td colspan=\"2\" width=\"303\"><strong>B\u1ed9 vi x\u1eed l\u00fd<\/strong><\/td>\n<\/tr>\n<tr>\n<td width=\"303\">C\u00f4ng ngh\u1ec7 CPU<\/td>\n<td width=\"771\"><span style=\"color: #000000;\">Intel Core i7-1165G7 (4 nh\u00e2n 8 lu\u1ed3ng, 2.8Ghz upto 4.7GHz, 8MB)<\/span><\/td>\n<\/tr>\n<tr>\n<td width=\"303\">S\u1ed1 nh\u00e2n<\/td>\n<td width=\"771\"><span style=\"color: #000000;\">\u00a04<\/span><\/td>\n<\/tr>\n<tr>\n<td width=\"303\">S\u1ed1 lu\u1ed3ng<\/td>\n<td width=\"771\">\u00a0<span style=\"color: #000000;\">8<\/span><\/td>\n<\/tr>\n<tr>\n<td width=\"303\">T\u1ed1c \u0111\u1ed9 CPU<\/td>\n<td width=\"771\"><span style=\"color: #000000;\">2.80 GHz\u00a0<\/span><\/td>\n<\/tr>\n<tr>\n<td width=\"303\">T\u1ed1c \u0111\u1ed9 t\u1ed1i \u0111a<\/td>\n<td width=\"771\"><span style=\"color: #000000;\">4.7 GHz<\/span><\/td>\n<\/tr>\n<tr>\n<td width=\"303\">B\u1ed9 nh\u1edb \u0111\u1ec7m<\/td>\n<td width=\"771\"><span style=\"color: #000000;\">8MB<\/span><\/td>\n<\/tr>\n<tr>\n<td colspan=\"2\" width=\"1076\"><strong>B\u1ed9 nh\u1edb trong (RAM)<\/strong><\/td>\n<\/tr>\n<tr>\n<td width=\"303\">RAM<\/td>\n<td width=\"771\"><span style=\"color: #000000;\">16GB Soldered DDR4-3200 non-ECC<\/span><\/td>\n<\/tr>\n<tr>\n<td width=\"303\">Lo\u1ea1i RAM<\/td>\n<td width=\"771\"><span style=\"color: #000000;\">DDR4<\/span><\/td>\n<\/tr>\n<tr>\n<td width=\"303\">T\u1ed1c \u0111\u1ed9 Bus RAM<\/td>\n<td width=\"771\">\u00a0<span style=\"color: #000000;\">3200 Mhz<\/span><\/td>\n<\/tr>\n<tr>\n<td width=\"303\">S\u1ed1 khe c\u1eafm<\/td>\n<td width=\"771\"><span style=\"color: #000000;\">1 onboard + 1 khe th\u00e1o r\u1eddi<\/span><\/td>\n<\/tr>\n<tr>\n<td width=\"303\">H\u1ed7 tr\u1ee3 RAM t\u1ed1i \u0111a<\/td>\n<td width=\"771\">\u00a0<span style=\"color: #000000;\">N\u00e2ng c\u1ea5p t\u1ed1i \u0111a 48GB (16GB onboard + 32GB sodim)<\/span><\/td>\n<\/tr>\n<tr>\n<td colspan=\"2\" width=\"1076\"><span style=\"color: #000000;\"><strong>\u1ed4 c\u1ee9ng\u00a0<\/strong><\/span><\/td>\n<\/tr>\n<tr>\n<td width=\"303\">Dung l\u01b0\u1ee3ng<\/td>\n<td width=\"771\"><span style=\"color: #000000;\">512GB SSD M.2 2280 PCIe x4 NVMe Opal2<\/span><\/td>\n<\/tr>\n<tr>\n<td width=\"303\">T\u1ed1c \u0111\u1ed9 v\u00f2ng quay<\/td>\n<td width=\"771\"><\/td>\n<\/tr>\n<tr>\n<td width=\"303\"><strong>Khe c\u1eafm SSD m\u1edf r\u1ed9ng<\/strong><\/td>\n<td width=\"771\"><span style=\"color: #000000;\">One drive, up to 2TB M.2 2280 SSD<\/span><\/p>\n<p><span style=\"color: #000000;\">One M.2 2280 PCIe Gen 3&#215;4 slot, supports M.2 2242\/2280 SSD<\/span><\/td>\n<\/tr>\n<tr>\n<td width=\"303\"><strong>\u1ed4 \u0111\u0129a quang (ODD)\u00a0<\/strong><\/td>\n<td width=\"771\"><span style=\"color: #000000;\">Kh\u00f4ng c\u00f3<\/span><\/td>\n<\/tr>\n<tr>\n<td colspan=\"2\" width=\"1076\"><strong>M\u00e0n h\u00ecnh<\/strong><\/td>\n<\/tr>\n<tr>\n<td width=\"303\">K\u00edch th\u01b0\u1edbc m\u00e0n h\u00ecnh<\/td>\n<td width=\"771\"><span style=\"color: #000000;\">14 inch\u00a0<\/span><\/td>\n<\/tr>\n<tr>\n<td width=\"303\">\u0110\u1ed9 ph\u00e2n gi\u1ea3i<\/td>\n<td width=\"771\"><span style=\"color: #000000;\">FHD (1920 x 1080)<\/span><\/td>\n<\/tr>\n<tr>\n<td width=\"303\">T\u1ea7n s\u1ed1 qu\u00e9t<\/td>\n<td width=\"771\"><\/td>\n<\/tr>\n<tr>\n<td width=\"303\">C\u00f4ng ngh\u1ec7 m\u00e0n h\u00ecnh<\/td>\n<td width=\"771\"><span style=\"color: #000000;\">IPS 300nits Anti-glare<\/span><\/td>\n<\/tr>\n<tr>\n<td colspan=\"2\" width=\"1076\"><strong>\u0110\u1ed3 H\u1ecda (VGA)\u00a0<\/strong><\/td>\n<\/tr>\n<tr>\n<td width=\"303\">Card m\u00e0n h\u00ecnh<\/td>\n<td width=\"771\"><span style=\"color: #000000;\">NVIDIA Quadro T500 4GB GDDR6<\/span><\/td>\n<\/tr>\n<tr>\n<td colspan=\"2\" width=\"1076\"><strong>K\u1ebft n\u1ed1i (Network)\u00a0<\/strong><\/td>\n<\/tr>\n<tr>\n<td width=\"303\">Wireless<\/td>\n<td width=\"771\"><span style=\"color: #000000;\">Intel AX201 11ax, 2&#215;2\u00a0<\/span><\/td>\n<\/tr>\n<tr>\n<td width=\"303\">LAN<\/td>\n<td width=\"771\"><\/td>\n<\/tr>\n<tr>\n<td width=\"303\">Bluetooth<\/td>\n<td width=\"771\"><span style=\"color: #000000;\">Bluetooth 5.2<\/span><\/td>\n<\/tr>\n<tr>\n<td colspan=\"2\" width=\"1076\"><strong>B\u00e0n ph\u00edm , Chu\u1ed9t\u00a0<\/strong><\/td>\n<\/tr>\n<tr>\n<td width=\"303\">Ki\u1ec3u b\u00e0n ph\u00edm<\/td>\n<td width=\"771\"><span style=\"color: #000000;\">B\u00e0n ph\u00edm ti\u00eau chu\u1ea9n &#8211; \u0110\u00e8n n\u1ec1n b\u00e0n ph\u00edm<\/span><\/td>\n<\/tr>\n<tr>\n<td width=\"303\">Chu\u1ed9t<\/td>\n<td width=\"771\"><span style=\"color: #000000;\">C\u1ea3m \u1ee9ng \u0111a \u0111i\u1ec3m<\/span><\/td>\n<\/tr>\n<tr>\n<td colspan=\"2\" width=\"1076\"><strong>Giao ti\u1ebfp m\u1edf r\u1ed9ng\u00a0<\/strong><\/td>\n<\/tr>\n<tr>\n<td width=\"303\">K\u1ebft n\u1ed1i USB<\/td>\n<td width=\"771\">\n<ul class=\"singleAttrValue\">\n<li><span style=\"color: #000000;\">1x USB 3.2 Gen 1<\/span><\/li>\n<li><span style=\"color: #000000;\">1x USB 3.2 Gen 1 (Always On)<\/span><\/li>\n<li><span style=\"color: #000000;\">2x Thunderbolt 4 \/ USB4 40Gbps (support data transfer, Power Delivery 3.0 and DisplayPort 1.4a)<\/span><\/li>\n<\/ul>\n<\/td>\n<\/tr>\n<tr>\n<td width=\"303\">K\u1ebft n\u1ed1i HDMI\/VGA<\/td>\n<td width=\"771\"><span style=\"color: #000000;\">1x HDMI 2.0<\/span><\/td>\n<\/tr>\n<tr>\n<td width=\"303\">Tai nghe<\/td>\n<td width=\"771\"><span style=\"color: #000000;\">1x Headphone \/ microphone combo jack (3.5mm)<\/span><\/td>\n<\/tr>\n<tr>\n<td width=\"303\">Camera<\/td>\n<td width=\"771\"><span style=\"color: #000000;\">IR &amp; HD 720p with Privacy Shutter<\/span><\/td>\n<\/tr>\n<tr>\n<td width=\"303\">Card m\u1edf r\u1ed9ng<\/td>\n<td width=\"771\"><span style=\"color: #000000;\">1x microSD card reader<\/span><\/td>\n<\/tr>\n<tr>\n<td width=\"303\"><strong>LOA<\/strong><\/td>\n<td width=\"771\"><span style=\"color: #000000;\">2 Loa<\/span><\/td>\n<\/tr>\n<tr>\n<td width=\"303\"><strong>Ki\u1ec3u Pin<\/strong><\/td>\n<td width=\"771\"><span style=\"color: #000000;\">3 cell 50Wh<\/span><\/td>\n<\/tr>\n<tr>\n<td width=\"303\"><strong>S\u1ea1c pin<\/strong><\/td>\n<td width=\"771\"><span style=\"color: #000000;\">\u0110i k\u00e8m<\/span><\/td>\n<\/tr>\n<tr>\n<td width=\"303\"><strong>H\u1ec7 \u0111i\u1ec1u h\u00e0nh\u00a0(b\u1ea3n quy\u1ec1n) \u0111i k\u00e8m\u00a0<\/strong><\/td>\n<td width=\"771\"><span style=\"color: #000000;\">Windows 11 Home 64<\/span><\/td>\n<\/tr>\n<tr>\n<td width=\"303\"><strong>K\u00edch th\u01b0\u1edbc (D\u00e0i x R\u1ed9ng x Cao)<\/strong><\/td>\n<td width=\"771\"><span style=\"color: #000000;\">329.4 x 227.5 x 17.9 mm<\/span><\/td>\n<\/tr>\n<tr>\n<td width=\"303\"><strong>Tr\u1ecdng L\u01b0\u1ee3ng<\/strong><\/td>\n<td width=\"771\"><span style=\"color: #000000;\">1.502 kg<\/span><\/td>\n<\/tr>\n<tr>\n<td width=\"303\"><strong>M\u00e0u s\u1eafc<\/strong><\/td>\n<td width=\"771\"><span style=\"color: #000000;\">X\u00e1m<\/span><\/td>\n<\/tr>\n<tr>\n<td width=\"303\"><strong>Ch\u1ea5t li\u1ec7u<\/strong><\/td>\n<td width=\"771\"><span style=\"color: #000000;\">Top: h\u1ee3p kim nh\u00f4m ch\u1ecbu nhi\u1ec7t \u0111\u1ed9 cao<\/span><\/p>\n<p><span style=\"color: #000000;\">Keyboard:\u00a0H\u1ee3p kim nh\u1ef1a k\u1ef9 thu\u1eadt (PC + ABS),Tacl15\u00a0+ h\u1ee3p kim magi\u00ea ch\u1ecbu nhi\u1ec7t t\u1ed1t, \u0111\u1ed9 c\u1ee9ng cao + d\u1ebbo dai<\/span><\/p>\n<p><span style=\"color: #000000;\">Bottom:\u00a0Nh\u1ef1a hi\u1ec7n \u0111\u1ea1i PA, 50% s\u1ee3i th\u1ee7y tinh ch\u1ed1ng ch\u1ecbu va \u0111\u1eadp<\/span><\/td>\n<\/tr>\n<tr>\n<td width=\"303\"><strong>Xu\u1ea5t X\u1ee9<\/strong><\/td>\n<td width=\"771\"><span style=\"color: #000000;\">Trung Qu\u1ed1c<\/span><\/td>\n<\/tr>\n<\/tbody>\n<\/table>\n","protected":false},"excerpt":{"rendered":"<ul>\n<li><span class=\"item \" style=\"color: #000000;\">CPU: Intel Core i7-1165G7 (4 nh\u00e2n 8 lu\u1ed3ng, 2.8Ghz upto 4.7GHz, 8MB)<\/span><\/li>\n<li><span class=\"item \" style=\"color: #000000;\">RAM: 16GB Soldered DDR4-3200 non-ECC<\/span><\/li>\n<li><span class=\"item \" style=\"color: #000000;\"><i class=\"fa fa-check-circle\"><\/i>\u1ed4 c\u1ee9ng: 512GB SSD M.2 2280 PCIe x4 NVMe Opal2<\/span><\/li>\n<li><span class=\"item \" style=\"color: #000000;\"><i class=\"fa fa-check-circle\"><\/i>VGA: NVIDIA Quadro T500 4GB GDDR6<\/span><\/li>\n<li><span class=\"item hide d-block\" style=\"color: #000000;\"><i class=\"fa fa-check-circle\"><\/i>M\u00e0n h\u00ecnh: 14 inch FHD (1920&#215;1080) IPS 300nits Anti-glare<\/span><\/li>\n<li><span class=\"item hide d-block\" style=\"color: #000000;\"><i class=\"fa fa-check-circle\"><\/i>Pin: 3 cell 50Wh<\/span><\/li>\n<li><span class=\"item hide d-block\" style=\"color: #000000;\"><i class=\"fa fa-check-circle\"><\/i>C\u00e2n n\u1eb7ng: 1.502 kg<\/span><\/li>\n<li><span class=\"item hide d-block\" style=\"color: #000000;\"><i class=\"fa fa-check-circle\"><\/i>T\u00ednh n\u0103ng: B\u1ea3o m\u1eadt v\u00e2n tay,\u2026<\/span><\/li>\n<li><span class=\"item hide d-block\" style=\"color: #000000;\"><i class=\"fa fa-check-circle\"><\/i>M\u00e0u s\u1eafc: X\u00e1m<\/span><\/li>\n<li><span class=\"item hide d-block\" style=\"color: #000000;\"><i class=\"fa fa-check-circle\"><\/i>OS: Windows 11 Home 64<\/span><\/li>\n<\/ul>\n","protected":false},"featured_media":3414,"template":"","meta":[],"product_brand":[],"product_cat":[249,251],"product_tag":[1657,1655,1658,1656],"pa_bo-nho-trong":[],"pa_bo-vi-xu-ly":[],"pa_do-dai":[],"pa_do-phan-giai":[],"pa_hang-san-xuat":[],"pa_kich-thuoc-man-hinh":[],"pa_micro-thu-am":[],"pa_nha-thong-minh-rang-dong":[],"pa_o-cung":[],"pa_ong-kinh":[],"pa_poe":[],"pa_ports":[],"pa_tam-quan-sat":[],"pa_theo-chuan":[],"class_list":{"0":"post-3429","1":"product","2":"type-product","3":"status-publish","4":"has-post-thumbnail","6":"product_cat-may-tinh-laptop","7":"product_cat-may-tinh-xach-tay","8":"product_tag-20vx00ejvn","9":"product_tag-laptop-lenovo-thinkpad-p","10":"product_tag-p14s-g2-t","11":"product_tag-p14s-g2-t-20vx00ejvn","13":"first","14":"instock","15":"shipping-taxable","16":"product-type-simple"},"_links":{"self":[{"href":"https:\/\/vietbee.com\/en\/wp-json\/wp\/v2\/product\/3429","targetHints":{"allow":["GET"]}}],"collection":[{"href":"https:\/\/vietbee.com\/en\/wp-json\/wp\/v2\/product"}],"about":[{"href":"https:\/\/vietbee.com\/en\/wp-json\/wp\/v2\/types\/product"}],"wp:featuredmedia":[{"embeddable":true,"href":"https:\/\/vietbee.com\/en\/wp-json\/wp\/v2\/media\/3414"}],"wp:attachment":[{"href":"https:\/\/vietbee.com\/en\/wp-json\/wp\/v2\/media?parent=3429"}],"wp:term":[{"taxonomy":"product_brand","embeddable":true,"href":"https:\/\/vietbee.com\/en\/wp-json\/wp\/v2\/product_brand?post=3429"},{"taxonomy":"product_cat","embeddable":true,"href":"https:\/\/vietbee.com\/en\/wp-json\/wp\/v2\/product_cat?post=3429"},{"taxonomy":"product_tag","embeddable":true,"href":"https:\/\/vietbee.com\/en\/wp-json\/wp\/v2\/product_tag?post=3429"},{"taxonomy":"pa_bo-nho-trong","embeddable":true,"href":"https:\/\/vietbee.com\/en\/wp-json\/wp\/v2\/pa_bo-nho-trong?post=3429"},{"taxonomy":"pa_bo-vi-xu-ly","embeddable":true,"href":"https:\/\/vietbee.com\/en\/wp-json\/wp\/v2\/pa_bo-vi-xu-ly?post=3429"},{"taxonomy":"pa_do-dai","embeddable":true,"href":"https:\/\/vietbee.com\/en\/wp-json\/wp\/v2\/pa_do-dai?post=3429"},{"taxonomy":"pa_do-phan-giai","embeddable":true,"href":"https:\/\/vietbee.com\/en\/wp-json\/wp\/v2\/pa_do-phan-giai?post=3429"},{"taxonomy":"pa_hang-san-xuat","embeddable":true,"href":"https:\/\/vietbee.com\/en\/wp-json\/wp\/v2\/pa_hang-san-xuat?post=3429"},{"taxonomy":"pa_kich-thuoc-man-hinh","embeddable":true,"href":"https:\/\/vietbee.com\/en\/wp-json\/wp\/v2\/pa_kich-thuoc-man-hinh?post=3429"},{"taxonomy":"pa_micro-thu-am","embeddable":true,"href":"https:\/\/vietbee.com\/en\/wp-json\/wp\/v2\/pa_micro-thu-am?post=3429"},{"taxonomy":"pa_nha-thong-minh-rang-dong","embeddable":true,"href":"https:\/\/vietbee.com\/en\/wp-json\/wp\/v2\/pa_nha-thong-minh-rang-dong?post=3429"},{"taxonomy":"pa_o-cung","embeddable":true,"href":"https:\/\/vietbee.com\/en\/wp-json\/wp\/v2\/pa_o-cung?post=3429"},{"taxonomy":"pa_ong-kinh","embeddable":true,"href":"https:\/\/vietbee.com\/en\/wp-json\/wp\/v2\/pa_ong-kinh?post=3429"},{"taxonomy":"pa_poe","embeddable":true,"href":"https:\/\/vietbee.com\/en\/wp-json\/wp\/v2\/pa_poe?post=3429"},{"taxonomy":"pa_ports","embeddable":true,"href":"https:\/\/vietbee.com\/en\/wp-json\/wp\/v2\/pa_ports?post=3429"},{"taxonomy":"pa_tam-quan-sat","embeddable":true,"href":"https:\/\/vietbee.com\/en\/wp-json\/wp\/v2\/pa_tam-quan-sat?post=3429"},{"taxonomy":"pa_theo-chuan","embeddable":true,"href":"https:\/\/vietbee.com\/en\/wp-json\/wp\/v2\/pa_theo-chuan?post=3429"}],"curies":[{"name":"wp","href":"https:\/\/api.w.org\/{rel}","templated":true}]}}