{"id":3375,"date":"2022-09-22T07:32:32","date_gmt":"2022-09-22T07:32:32","guid":{"rendered":"https:\/\/vietbee.com\/?post_type=product&#038;p=3375"},"modified":"2022-09-23T07:06:10","modified_gmt":"2022-09-23T07:06:10","slug":"eliteone-800g6-aio-touch-633r7pa","status":"publish","type":"product","link":"https:\/\/vietbee.com\/en\/product\/eliteone-800g6-aio-touch-633r7pa\/","title":{"rendered":"EliteOne 800G6 AIO Touch &#8211; 633R7PA"},"content":{"rendered":"<p><strong>M\u00e1y t\u00ednh \u0111\u1ec3 b\u00e0n HP EliteOne 800 G6 AIO Touch (633R7PA)<\/strong><\/p>\n<p>&#8211;<span style=\"color: #000000;\"> Lo\u1ea1i m\u00e1y: All-in-One.<\/span><\/p>\n<p><span style=\"color: #000000;\">&#8211; B\u1ed9 x\u1eed l\u00fd: Intel Core i7-10700 (t\u1ea7n s\u1ed1 c\u01a1 b\u1ea3n 2.9GHz, l\u00ean \u0111\u1ebfn 4.8GHz v\u1edbi Intel Turbo Boost Technology, 16MB L3 cache, 8 cores).<\/span><\/p>\n<p><span style=\"color: #000000;\">&#8211; \u1ed4 c\u1ee9ng: 512GB PCIe NVMe M.2 SSD.<\/span><\/p>\n<p><span style=\"color: #000000;\">&#8211; B\u1ed9 nh\u1edb RAM: 8GB DDR4-2933 MHz RAM (1 x 8 GB).<\/span><\/p>\n<p><span style=\"color: #000000;\">&#8211; \u1ed4 \u0111\u0129a quang: Kh\u00f4ng.<\/span><\/p>\n<p><span style=\"color: #000000;\">&#8211; Card m\u00e0n h\u00ecnh: Intel UHD Graphics 630 (t\u00edch h\u1ee3p).<\/span><\/p>\n<p><span style=\"color: #000000;\">&#8211; M\u00e0n h\u00ecnh: 60.5 cm (23.8\u201d) diagonal, FHD (1920 x 1080), touch (c\u1ea3m \u1ee9ng), IPS, 250 nits, 72% NTSC.<\/span><\/p>\n<p><span style=\"color: #000000;\">&#8211; C\u1ed5ng giao ti\u1ebfp tr\u01b0\u1edbc: 1 headphone\/microphone combo; 1 SuperSpeed USB Type-C 10Gbps (charging); 1 SuperSpeed USB Type-A 10Gbps.<\/span><\/p>\n<p><span style=\"color: #000000;\">&#8211; C\u1ed5ng giao ti\u1ebfp sau: 1 SuperSpeed USB Type-C 10Gbps (charging); 1 HDMI 2.0a; 2 SuperSpeed USB Type-A 10Gbps; 2 SuperSpeed USB Type-A 5Gbps; 1 Dual-Mode DisplayPort 1.4.<\/span><\/p>\n<p><span style=\"color: #000000;\">&#8211; Expansion slots: 1 M.2 2230; 2 M.2 2230\/2280.<\/span><\/p>\n<p><span style=\"color: #000000;\">&#8211; K\u1ebft n\u1ed1i kh\u00f4ng d\u00e2y: Intel AX201 Wi-Fi 6 (2&#215;2) and Bluetooth 5 combo, non-vPro.<\/span><\/p>\n<p><span style=\"color: #000000;\">&#8211; Webcam: 5 MP IR camera (pull-up) with integrated dual array digital microphones.<\/span><\/p>\n<p><span style=\"color: #000000;\">&#8211; Keyboard &amp; mouse: C\u00f3 k\u00e8m theo m\u00e1y.<\/span><\/p>\n<p><span style=\"color: #000000;\">&#8211; H\u1ec7 \u0111i\u1ec1u h\u00e0nh: Windows 11 Home Single Language.<\/span><\/p>\n<p><span style=\"color: #000000;\">&#8211; K\u00edch th\u01b0\u1edbc: 53.97 x 54.11 x 23.69 cm.<\/span><\/p>\n<p><span style=\"color: #000000;\">&#8211; Tr\u1ecdng l\u01b0\u1ee3ng: 10.36 kg.<\/span><\/p>\n<p><span style=\"color: #000000;\">&#8211; B\u1ea3o h\u00e0nh: 3 n\u0103m.<\/span><\/p>\n","protected":false},"excerpt":{"rendered":"<p><span style=\"color: #000000;\">&#8211; CPU: Intel Core i7-10700 (2.90 GHz &#8211; 4.80 GHz\/16MB\/8 nh\u00e2n, 16 lu\u1ed3ng)<\/span><br \/>\n<span style=\"color: #000000;\">&#8211; RAM: 1 x 8GB DDR4 2933MHz (2 Khe c\u1eafm, H\u1ed7 tr\u1ee3 t\u1ed1i \u0111a 64GB)<\/span><br \/>\n<span style=\"color: #000000;\">&#8211; \u0110\u1ed3 h\u1ecda: Intel UHD Graphics 630<\/span><br \/>\n<span style=\"color: #000000;\">&#8211; L\u01b0u tr\u1eef: 512GB M.2 NVMe SSD\/<\/span><br \/>\n<span style=\"color: #000000;\">&#8211; B\u00e0n ph\u00edm + Chu\u1ed9t: Wireless<\/span><\/p>\n","protected":false},"featured_media":3425,"template":"","meta":[],"product_brand":[],"product_cat":[249,250],"product_tag":[1644,1419,1643,1642],"pa_bo-nho-trong":[],"pa_bo-vi-xu-ly":[],"pa_do-dai":[],"pa_do-phan-giai":[],"pa_hang-san-xuat":[],"pa_kich-thuoc-man-hinh":[],"pa_micro-thu-am":[],"pa_nha-thong-minh-rang-dong":[],"pa_o-cung":[],"pa_ong-kinh":[],"pa_poe":[],"pa_ports":[],"pa_tam-quan-sat":[],"pa_theo-chuan":[],"class_list":{"0":"post-3375","1":"product","2":"type-product","3":"status-publish","4":"has-post-thumbnail","6":"product_cat-may-tinh-laptop","7":"product_cat-may-tinh-de-ban","8":"product_tag-633r7pa","9":"product_tag-desktop-computer","10":"product_tag-eliteone-800g6-aio-touch","11":"product_tag-eliteone-800g6-aio-touch-633r7pa","13":"first","14":"instock","15":"shipping-taxable","16":"product-type-simple"},"_links":{"self":[{"href":"https:\/\/vietbee.com\/en\/wp-json\/wp\/v2\/product\/3375","targetHints":{"allow":["GET"]}}],"collection":[{"href":"https:\/\/vietbee.com\/en\/wp-json\/wp\/v2\/product"}],"about":[{"href":"https:\/\/vietbee.com\/en\/wp-json\/wp\/v2\/types\/product"}],"wp:featuredmedia":[{"embeddable":true,"href":"https:\/\/vietbee.com\/en\/wp-json\/wp\/v2\/media\/3425"}],"wp:attachment":[{"href":"https:\/\/vietbee.com\/en\/wp-json\/wp\/v2\/media?parent=3375"}],"wp:term":[{"taxonomy":"product_brand","embeddable":true,"href":"https:\/\/vietbee.com\/en\/wp-json\/wp\/v2\/product_brand?post=3375"},{"taxonomy":"product_cat","embeddable":true,"href":"https:\/\/vietbee.com\/en\/wp-json\/wp\/v2\/product_cat?post=3375"},{"taxonomy":"product_tag","embeddable":true,"href":"https:\/\/vietbee.com\/en\/wp-json\/wp\/v2\/product_tag?post=3375"},{"taxonomy":"pa_bo-nho-trong","embeddable":true,"href":"https:\/\/vietbee.com\/en\/wp-json\/wp\/v2\/pa_bo-nho-trong?post=3375"},{"taxonomy":"pa_bo-vi-xu-ly","embeddable":true,"href":"https:\/\/vietbee.com\/en\/wp-json\/wp\/v2\/pa_bo-vi-xu-ly?post=3375"},{"taxonomy":"pa_do-dai","embeddable":true,"href":"https:\/\/vietbee.com\/en\/wp-json\/wp\/v2\/pa_do-dai?post=3375"},{"taxonomy":"pa_do-phan-giai","embeddable":true,"href":"https:\/\/vietbee.com\/en\/wp-json\/wp\/v2\/pa_do-phan-giai?post=3375"},{"taxonomy":"pa_hang-san-xuat","embeddable":true,"href":"https:\/\/vietbee.com\/en\/wp-json\/wp\/v2\/pa_hang-san-xuat?post=3375"},{"taxonomy":"pa_kich-thuoc-man-hinh","embeddable":true,"href":"https:\/\/vietbee.com\/en\/wp-json\/wp\/v2\/pa_kich-thuoc-man-hinh?post=3375"},{"taxonomy":"pa_micro-thu-am","embeddable":true,"href":"https:\/\/vietbee.com\/en\/wp-json\/wp\/v2\/pa_micro-thu-am?post=3375"},{"taxonomy":"pa_nha-thong-minh-rang-dong","embeddable":true,"href":"https:\/\/vietbee.com\/en\/wp-json\/wp\/v2\/pa_nha-thong-minh-rang-dong?post=3375"},{"taxonomy":"pa_o-cung","embeddable":true,"href":"https:\/\/vietbee.com\/en\/wp-json\/wp\/v2\/pa_o-cung?post=3375"},{"taxonomy":"pa_ong-kinh","embeddable":true,"href":"https:\/\/vietbee.com\/en\/wp-json\/wp\/v2\/pa_ong-kinh?post=3375"},{"taxonomy":"pa_poe","embeddable":true,"href":"https:\/\/vietbee.com\/en\/wp-json\/wp\/v2\/pa_poe?post=3375"},{"taxonomy":"pa_ports","embeddable":true,"href":"https:\/\/vietbee.com\/en\/wp-json\/wp\/v2\/pa_ports?post=3375"},{"taxonomy":"pa_tam-quan-sat","embeddable":true,"href":"https:\/\/vietbee.com\/en\/wp-json\/wp\/v2\/pa_tam-quan-sat?post=3375"},{"taxonomy":"pa_theo-chuan","embeddable":true,"href":"https:\/\/vietbee.com\/en\/wp-json\/wp\/v2\/pa_theo-chuan?post=3375"}],"curies":[{"name":"wp","href":"https:\/\/api.w.org\/{rel}","templated":true}]}}