{"id":3331,"date":"2022-09-21T03:55:23","date_gmt":"2022-09-21T03:55:23","guid":{"rendered":"https:\/\/vietbee.com\/?post_type=product&#038;p=3331"},"modified":"2022-09-22T01:56:50","modified_gmt":"2022-09-22T01:56:50","slug":"proone-600g6-aio-touch-633u3pa","status":"publish","type":"product","link":"https:\/\/vietbee.com\/en\/product\/proone-600g6-aio-touch-633u3pa\/","title":{"rendered":"ProOne 600G6 AIO Touch &#8211; 633U3PA"},"content":{"rendered":"<p><strong>M\u00e1y t\u00ednh \u0111\u1ec3 b\u00e0n HP ProOne 600 G6 AIO Touch (<\/strong><strong>633U3PA)<\/strong><\/p>\n<p><span style=\"color: #000000;\">&#8211; Lo\u1ea1i m\u00e1y: All-in-One.<\/span><\/p>\n<p><span style=\"color: #000000;\">&#8211; B\u1ed9 x\u1eed l\u00fd: Intel Core i7-10700 (t\u1ea7n s\u1ed1 c\u01a1 b\u1ea3n 2.9GHz, l\u00ean \u0111\u1ebfn 4.8GHz v\u1edbi Intel Turbo Boost Technology, 16MB L3 cache, 8 cores).<\/span><\/p>\n<p><span style=\"color: #000000;\">&#8211; \u1ed4 c\u1ee9ng: 512 GB PCIe NVMe M.2 SSD.<\/span><\/p>\n<p><span style=\"color: #000000;\">&#8211; B\u1ed9 nh\u1edb RAM: 8GB DDR4-2933MHz RAM (1 x 8 GB).<\/span><\/p>\n<p><span style=\"color: #000000;\">&#8211; \u1ed4 \u0111\u0129a quang: DVD-Writer.<\/span><\/p>\n<p><span style=\"color: #000000;\">&#8211; Card m\u00e0n h\u00ecnh: Intel UHD Graphics 630.<\/span><\/p>\n<p><span style=\"color: #000000;\">&#8211; M\u00e0n h\u00ecnh: 54.6 cm (21.5\u201d) diagonal, FHD (1920 x 1080), IPS, anti-glare, 250 nits, 45% NTSC (c\u1ea3m \u1ee9ng).<\/span><\/p>\n<p><span style=\"color: #000000;\">&#8211; C\u1ed5ng giao ti\u1ebfp tr\u01b0\u1edbc: 1 headphone\/microphone combo; 1 SuperSpeed USB Type-C 10Gbps; 1 SuperSpeed USB Type-A 10Gbps (charging).<\/span><\/p>\n<p><span style=\"color: #000000;\">&#8211; C\u1ed5ng giao ti\u1ebfp sau: 1 RJ-45; 1 DisplayPort 1.4; 4 SuperSpeed USB Type-A 5Gbps; 1 HDMI-in.<\/span><\/p>\n<p><span style=\"color: #000000;\">&#8211; Expansion slots: 1 M.2 2230; 1 M.2 2230\/2280.<\/span><\/p>\n<p><span style=\"color: #000000;\">&#8211; Webcam: 720p camera (pull-up) with integrated dual array digital microphones.<\/span><\/p>\n<p><span style=\"color: #000000;\">&#8211; K\u1ebft n\u1ed1i kh\u00f4ng d\u00e2y: Realtek RTL8822CE 802.11a\/b\/g\/n\/ac (2&#215;2) Wi-Fi v\u00e0 Bluetooth 5 combo.<\/span><\/p>\n<p><span style=\"color: #000000;\">&#8211; Keyboard &amp; mouse: C\u00f3 k\u00e8m theo m\u00e1y.<\/span><\/p>\n<p><span style=\"color: #000000;\">&#8211; H\u1ec7 \u0111i\u1ec1u h\u00e0nh: Windows 11 Home Single Language.<\/span><\/p>\n<p><span style=\"color: #000000;\">&#8211; K\u00edch th\u01b0\u1edbc: 48.87 x 48.28 x 20.15 cm.<\/span><\/p>\n<p><span style=\"color: #000000;\">&#8211; Tr\u1ecdng l\u01b0\u1ee3ng: 6.76 kg.<\/span><\/p>\n<p><span style=\"color: #000000;\">&#8211; B\u1ea3o h\u00e0nh: 1 n\u0103m.<\/span><\/p>\n","protected":false},"excerpt":{"rendered":"<ul>\n<li><span style=\"color: #000000;\">M\u00e1y t\u00ednh \u0111\u1ec3 b\u00e0n HP ProOne 600 G6 AIO 21.5 inch Touch &#8211; Intel Core i7 10700\/ 8GB DDR4 2933\/SSD 512GB\/21.5&#8221; Touch FHD\/ USB Mouse &amp; Keyboard\/ Multi\/W11HP SL\/1Y ONSITE<\/span><\/li>\n<\/ul>\n","protected":false},"featured_media":3361,"template":"","meta":[],"product_brand":[],"product_cat":[249,250],"product_tag":[1637,1271,1638,1636],"pa_bo-nho-trong":[],"pa_bo-vi-xu-ly":[],"pa_do-dai":[],"pa_do-phan-giai":[],"pa_hang-san-xuat":[],"pa_kich-thuoc-man-hinh":[],"pa_micro-thu-am":[],"pa_nha-thong-minh-rang-dong":[],"pa_o-cung":[],"pa_ong-kinh":[],"pa_poe":[],"pa_ports":[],"pa_tam-quan-sat":[],"pa_theo-chuan":[],"class_list":{"0":"post-3331","1":"product","2":"type-product","3":"status-publish","4":"has-post-thumbnail","6":"product_cat-may-tinh-laptop","7":"product_cat-may-tinh-de-ban","8":"product_tag-633u3pa","9":"product_tag-desktop-computers","10":"product_tag-proone-600g6-aio-touch","11":"product_tag-proone-600g6-aio-touch-633u3pa","13":"first","14":"instock","15":"shipping-taxable","16":"product-type-simple"},"_links":{"self":[{"href":"https:\/\/vietbee.com\/en\/wp-json\/wp\/v2\/product\/3331","targetHints":{"allow":["GET"]}}],"collection":[{"href":"https:\/\/vietbee.com\/en\/wp-json\/wp\/v2\/product"}],"about":[{"href":"https:\/\/vietbee.com\/en\/wp-json\/wp\/v2\/types\/product"}],"wp:featuredmedia":[{"embeddable":true,"href":"https:\/\/vietbee.com\/en\/wp-json\/wp\/v2\/media\/3361"}],"wp:attachment":[{"href":"https:\/\/vietbee.com\/en\/wp-json\/wp\/v2\/media?parent=3331"}],"wp:term":[{"taxonomy":"product_brand","embeddable":true,"href":"https:\/\/vietbee.com\/en\/wp-json\/wp\/v2\/product_brand?post=3331"},{"taxonomy":"product_cat","embeddable":true,"href":"https:\/\/vietbee.com\/en\/wp-json\/wp\/v2\/product_cat?post=3331"},{"taxonomy":"product_tag","embeddable":true,"href":"https:\/\/vietbee.com\/en\/wp-json\/wp\/v2\/product_tag?post=3331"},{"taxonomy":"pa_bo-nho-trong","embeddable":true,"href":"https:\/\/vietbee.com\/en\/wp-json\/wp\/v2\/pa_bo-nho-trong?post=3331"},{"taxonomy":"pa_bo-vi-xu-ly","embeddable":true,"href":"https:\/\/vietbee.com\/en\/wp-json\/wp\/v2\/pa_bo-vi-xu-ly?post=3331"},{"taxonomy":"pa_do-dai","embeddable":true,"href":"https:\/\/vietbee.com\/en\/wp-json\/wp\/v2\/pa_do-dai?post=3331"},{"taxonomy":"pa_do-phan-giai","embeddable":true,"href":"https:\/\/vietbee.com\/en\/wp-json\/wp\/v2\/pa_do-phan-giai?post=3331"},{"taxonomy":"pa_hang-san-xuat","embeddable":true,"href":"https:\/\/vietbee.com\/en\/wp-json\/wp\/v2\/pa_hang-san-xuat?post=3331"},{"taxonomy":"pa_kich-thuoc-man-hinh","embeddable":true,"href":"https:\/\/vietbee.com\/en\/wp-json\/wp\/v2\/pa_kich-thuoc-man-hinh?post=3331"},{"taxonomy":"pa_micro-thu-am","embeddable":true,"href":"https:\/\/vietbee.com\/en\/wp-json\/wp\/v2\/pa_micro-thu-am?post=3331"},{"taxonomy":"pa_nha-thong-minh-rang-dong","embeddable":true,"href":"https:\/\/vietbee.com\/en\/wp-json\/wp\/v2\/pa_nha-thong-minh-rang-dong?post=3331"},{"taxonomy":"pa_o-cung","embeddable":true,"href":"https:\/\/vietbee.com\/en\/wp-json\/wp\/v2\/pa_o-cung?post=3331"},{"taxonomy":"pa_ong-kinh","embeddable":true,"href":"https:\/\/vietbee.com\/en\/wp-json\/wp\/v2\/pa_ong-kinh?post=3331"},{"taxonomy":"pa_poe","embeddable":true,"href":"https:\/\/vietbee.com\/en\/wp-json\/wp\/v2\/pa_poe?post=3331"},{"taxonomy":"pa_ports","embeddable":true,"href":"https:\/\/vietbee.com\/en\/wp-json\/wp\/v2\/pa_ports?post=3331"},{"taxonomy":"pa_tam-quan-sat","embeddable":true,"href":"https:\/\/vietbee.com\/en\/wp-json\/wp\/v2\/pa_tam-quan-sat?post=3331"},{"taxonomy":"pa_theo-chuan","embeddable":true,"href":"https:\/\/vietbee.com\/en\/wp-json\/wp\/v2\/pa_theo-chuan?post=3331"}],"curies":[{"name":"wp","href":"https:\/\/api.w.org\/{rel}","templated":true}]}}