{"id":3297,"date":"2022-09-20T02:52:20","date_gmt":"2022-09-20T02:52:20","guid":{"rendered":"https:\/\/vietbee.com\/?post_type=product&#038;p=3297"},"modified":"2022-09-20T02:52:21","modified_gmt":"2022-09-20T02:52:21","slug":"hp-285-pro-g6-microtower-633q5pa","status":"publish","type":"product","link":"https:\/\/vietbee.com\/en\/product\/hp-285-pro-g6-microtower-633q5pa\/","title":{"rendered":"HP 285 Pro G6 MicroTower &#8211; 633Q5PA"},"content":{"rendered":"<ul class=\"technical-content-modal\" data-v-4e304e03=\"\">\n<li class=\"technical-content-modal-item m-3\" data-v-4e304e03=\"\">\n<p class=\"title is-6 m-2\" data-v-4e304e03=\"\"><span style=\"color: #000000;\">Vi x\u1eed l\u00fd &amp; \u0111\u1ed3 h\u1ecda: Lo\u1ea1i CPU AMD Ryzen\u2122 7 4700G (3.6 GHz up to 4.4 GHz, 8 MB)<\/span><\/p>\n<div class=\"modal-item-description mx-2\" data-v-4e304e03=\"\">\n<div class=\"px-3 py-2 is-flex is-align-items-center is-justify-content-space-between\" data-v-4e304e03=\"\">\n<p data-v-4e304e03=\"\"><span style=\"color: #000000;\">Lo\u1ea1i card \u0111\u1ed3 h\u1ecda: AMD Radeon\u2122 Graphics<\/span><\/p>\n<\/div>\n<\/div>\n<\/li>\n<li class=\"technical-content-modal-item m-3\" data-v-4e304e03=\"\">\n<p class=\"title is-6 m-2\" data-v-4e304e03=\"\"><span style=\"color: #000000;\">RAM &amp; \u1ed4 c\u1ee9ng: Dung l\u01b0\u1ee3ng RAM 4GB<\/span><\/p>\n<\/li>\n<li class=\"technical-content-modal-item m-3\" data-v-4e304e03=\"\">\n<p class=\"title is-6 m-2\" data-v-4e304e03=\"\"><span style=\"color: #000000;\">Lo\u1ea1i RAM 4GB (1 x 8 GB) DDR4-3200MHz<\/span><\/p>\n<\/li>\n<li class=\"technical-content-modal-item m-3\" data-v-4e304e03=\"\">\n<p class=\"title is-6 m-2\" data-v-4e304e03=\"\"><span style=\"color: #000000;\">\u1ed4 c\u1ee9ng: 256 GB PCIe\u00ae NVMe\u2122 M.2 SSD<\/span><\/p>\n<\/li>\n<li class=\"technical-content-modal-item m-3\" data-v-4e304e03=\"\">\n<p class=\"title is-6 m-2\" data-v-4e304e03=\"\"><span style=\"color: #000000;\">Th\u00f4ng s\u1ed1 k\u1ef9 thu\u1eadt<\/span><\/p>\n<\/li>\n<li class=\"technical-content-modal-item m-3\" data-v-4e304e03=\"\">\n<p class=\"title is-6 m-2\" data-v-4e304e03=\"\"><span style=\"color: #000000;\">C\u1ed5ng giao ti\u1ebfp<\/span><\/p>\n<div class=\"modal-item-description mx-2\" data-v-4e304e03=\"\">\n<div class=\"px-3 py-2 is-flex is-align-items-center is-justify-content-space-between\" data-v-4e304e03=\"\">\n<div data-v-4e304e03=\"\"><span style=\"color: #000000;\">1 headphone\/microphone combo<\/span><br \/>\n<span style=\"color: #000000;\">2 USB 2.0<\/span><br \/>\n<span style=\"color: #000000;\">2 SuperSpeed USB Type-A 10Gbps signaling rate<\/span><br \/>\n<span style=\"color: #000000;\">2 SuperSpeed USB Type-A 5Gbps signaling rate<\/span><br \/>\n<span style=\"color: #000000;\">1 HDMI; 1 line in; 1 line out; 1 power connector; 1 RJ-45; 1 VGA; 1 serial; 2 SuperSpeed USB Type<\/span><\/div>\n<\/div>\n<\/div>\n<\/li>\n<li class=\"technical-content-modal-item m-3\" data-v-4e304e03=\"\">\n<p class=\"title is-6 m-2\" data-v-4e304e03=\"\"><span style=\"color: #000000;\">Thi\u1ebft k\u1ebf &amp; Tr\u1ecdng l\u01b0\u1ee3ng<\/span><\/p>\n<div class=\"modal-item-description mx-2\" data-v-4e304e03=\"\">\n<div class=\"px-3 py-2 is-flex is-align-items-center is-justify-content-space-between\" data-v-4e304e03=\"\">\n<p data-v-4e304e03=\"\"><span style=\"color: #000000;\">Tr\u1ecdng l\u01b0\u1ee3ng: 5.52 kg<\/span><\/p>\n<\/div>\n<\/div>\n<\/li>\n<li class=\"technical-content-modal-item m-3\" data-v-4e304e03=\"\">\n<p class=\"title is-6 m-2\" data-v-4e304e03=\"\"><span style=\"color: #000000;\">Giao ti\u1ebfp &amp; k\u1ebft n\u1ed1i: Wi-Fi Intel 802.11ac (1&#215;1) Wifi<\/span><\/p>\n<\/li>\n<li class=\"technical-content-modal-item m-3\" data-v-4e304e03=\"\">\n<p class=\"title is-6 m-2\" data-v-4e304e03=\"\"><span style=\"color: #000000;\">Bluetooth: 4.2<\/span><\/p>\n<\/li>\n<li class=\"technical-content-modal-item m-3\" data-v-4e304e03=\"\">\n<p class=\"title is-6 m-2\" data-v-4e304e03=\"\"><span style=\"color: #000000;\">Ti\u1ec7n \u00edch kh\u00e1c<\/span><\/p>\n<div class=\"modal-item-description mx-2\" data-v-4e304e03=\"\">\n<div class=\"px-3 py-2 is-flex is-align-items-center is-justify-content-space-between\" data-v-4e304e03=\"\">\n<p data-v-4e304e03=\"\"><span style=\"color: #000000;\">T\u00ednh n\u0103ng \u0111\u1eb7c bi\u1ec7t: \u1ed4 c\u1ee9ng SSD, Wi-Fi 6<\/span><\/p>\n<\/div>\n<\/div>\n<\/li>\n<li class=\"technical-content-modal-item m-3\" data-v-4e304e03=\"\">\n<p class=\"title is-6 m-2\" data-v-4e304e03=\"\"><span style=\"color: #000000;\">Th\u00f4ng s\u1ed1 kh\u00e1c: H\u00e3ng s\u1ea3n xu\u1ea5t HP<\/span><\/p>\n<\/li>\n<\/ul>\n","protected":false},"excerpt":{"rendered":"<ul>\n<li>&#8211; CPU: AMD Ryzen 3 4300G (3.8 GHz, t\u0103ng t\u1ed1c t\u1ed1i \u0111a \u0111\u1ebfn 4.0 GHz, 4 nh\u00e2n 8 lu\u1ed3ng, cache L3 4MB)<\/li>\n<li>&#8211; GPU:\u00a0AMD\u00a0Radeon\u00a0Vega 6<\/li>\n<li>&#8211; RAM: 4GB (1x4GB) DDR4-3200<\/li>\n<li>&#8211; \u1ed4 c\u1ee9ng: 256GB M.2 2280 PCIe NVMe SSD<\/li>\n<li>&#8211; C\u1ed5ng HDMI,\u00a0VGA<\/li>\n<li>&#8211; Wi-Fi + Bluetooth<\/li>\n<li>&#8211; K\u00e8m USB Mouse &amp; Keyboard<\/li>\n<li>&#8211; H\u1ec7 \u0111i\u1ec1u h\u00e0nh: Windows 10 Home<\/li>\n<\/ul>\n","protected":false},"featured_media":3298,"template":"","meta":[],"product_brand":[],"product_cat":[249,250],"product_tag":[1622,1621,1620],"pa_bo-nho-trong":[],"pa_bo-vi-xu-ly":[],"pa_do-dai":[],"pa_do-phan-giai":[],"pa_hang-san-xuat":[],"pa_kich-thuoc-man-hinh":[],"pa_micro-thu-am":[],"pa_nha-thong-minh-rang-dong":[],"pa_o-cung":[],"pa_ong-kinh":[],"pa_poe":[],"pa_ports":[],"pa_tam-quan-sat":[],"pa_theo-chuan":[],"class_list":{"0":"post-3297","1":"product","2":"type-product","3":"status-publish","4":"has-post-thumbnail","6":"product_cat-may-tinh-laptop","7":"product_cat-may-tinh-de-ban","8":"product_tag-633q5pa","9":"product_tag-hp-285-pro-g6-microtower","10":"product_tag-hp-285-pro-g6-microtower-633q5pa","12":"first","13":"instock","14":"shipping-taxable","15":"product-type-simple"},"_links":{"self":[{"href":"https:\/\/vietbee.com\/en\/wp-json\/wp\/v2\/product\/3297","targetHints":{"allow":["GET"]}}],"collection":[{"href":"https:\/\/vietbee.com\/en\/wp-json\/wp\/v2\/product"}],"about":[{"href":"https:\/\/vietbee.com\/en\/wp-json\/wp\/v2\/types\/product"}],"wp:featuredmedia":[{"embeddable":true,"href":"https:\/\/vietbee.com\/en\/wp-json\/wp\/v2\/media\/3298"}],"wp:attachment":[{"href":"https:\/\/vietbee.com\/en\/wp-json\/wp\/v2\/media?parent=3297"}],"wp:term":[{"taxonomy":"product_brand","embeddable":true,"href":"https:\/\/vietbee.com\/en\/wp-json\/wp\/v2\/product_brand?post=3297"},{"taxonomy":"product_cat","embeddable":true,"href":"https:\/\/vietbee.com\/en\/wp-json\/wp\/v2\/product_cat?post=3297"},{"taxonomy":"product_tag","embeddable":true,"href":"https:\/\/vietbee.com\/en\/wp-json\/wp\/v2\/product_tag?post=3297"},{"taxonomy":"pa_bo-nho-trong","embeddable":true,"href":"https:\/\/vietbee.com\/en\/wp-json\/wp\/v2\/pa_bo-nho-trong?post=3297"},{"taxonomy":"pa_bo-vi-xu-ly","embeddable":true,"href":"https:\/\/vietbee.com\/en\/wp-json\/wp\/v2\/pa_bo-vi-xu-ly?post=3297"},{"taxonomy":"pa_do-dai","embeddable":true,"href":"https:\/\/vietbee.com\/en\/wp-json\/wp\/v2\/pa_do-dai?post=3297"},{"taxonomy":"pa_do-phan-giai","embeddable":true,"href":"https:\/\/vietbee.com\/en\/wp-json\/wp\/v2\/pa_do-phan-giai?post=3297"},{"taxonomy":"pa_hang-san-xuat","embeddable":true,"href":"https:\/\/vietbee.com\/en\/wp-json\/wp\/v2\/pa_hang-san-xuat?post=3297"},{"taxonomy":"pa_kich-thuoc-man-hinh","embeddable":true,"href":"https:\/\/vietbee.com\/en\/wp-json\/wp\/v2\/pa_kich-thuoc-man-hinh?post=3297"},{"taxonomy":"pa_micro-thu-am","embeddable":true,"href":"https:\/\/vietbee.com\/en\/wp-json\/wp\/v2\/pa_micro-thu-am?post=3297"},{"taxonomy":"pa_nha-thong-minh-rang-dong","embeddable":true,"href":"https:\/\/vietbee.com\/en\/wp-json\/wp\/v2\/pa_nha-thong-minh-rang-dong?post=3297"},{"taxonomy":"pa_o-cung","embeddable":true,"href":"https:\/\/vietbee.com\/en\/wp-json\/wp\/v2\/pa_o-cung?post=3297"},{"taxonomy":"pa_ong-kinh","embeddable":true,"href":"https:\/\/vietbee.com\/en\/wp-json\/wp\/v2\/pa_ong-kinh?post=3297"},{"taxonomy":"pa_poe","embeddable":true,"href":"https:\/\/vietbee.com\/en\/wp-json\/wp\/v2\/pa_poe?post=3297"},{"taxonomy":"pa_ports","embeddable":true,"href":"https:\/\/vietbee.com\/en\/wp-json\/wp\/v2\/pa_ports?post=3297"},{"taxonomy":"pa_tam-quan-sat","embeddable":true,"href":"https:\/\/vietbee.com\/en\/wp-json\/wp\/v2\/pa_tam-quan-sat?post=3297"},{"taxonomy":"pa_theo-chuan","embeddable":true,"href":"https:\/\/vietbee.com\/en\/wp-json\/wp\/v2\/pa_theo-chuan?post=3297"}],"curies":[{"name":"wp","href":"https:\/\/api.w.org\/{rel}","templated":true}]}}