{"id":3280,"date":"2022-09-19T07:42:12","date_gmt":"2022-09-19T07:42:12","guid":{"rendered":"https:\/\/vietbee.com\/?post_type=product&#038;p=3280"},"modified":"2022-09-19T07:42:12","modified_gmt":"2022-09-19T07:42:12","slug":"hp-prodesk-400-g6-desktop-mini-60u52pa","status":"publish","type":"product","link":"https:\/\/vietbee.com\/en\/product\/hp-prodesk-400-g6-desktop-mini-60u52pa\/","title":{"rendered":"HP ProDesk 400 G6 Desktop Mini &#8211; 60U52PA"},"content":{"rendered":"<table border=\"1\" width=\"100%\">\n<tbody>\n<tr>\n<td><span style=\"color: #000000;\">S\u1ea3n ph\u1ea9m<\/span><\/td>\n<td><span style=\"color: #000000;\">M\u00e1y t\u00ednh \u0111\u1ed3ng b\u1ed9<\/span><\/td>\n<\/tr>\n<tr>\n<td><span style=\"color: #000000;\">H\u00e3ng s\u1ea3n xu\u1ea5t<\/span><\/td>\n<td><span style=\"color: #000000;\">HP<\/span><\/td>\n<\/tr>\n<tr>\n<td><span style=\"color: #000000;\">Model<\/span><\/td>\n<td><span style=\"color: #000000;\">ProDesk 400 G6 227Q1PA Mini\u00a0<\/span><\/td>\n<\/tr>\n<tr>\n<td><span style=\"color: #000000;\">B\u1ed9 vi x\u1eed l\u00fd<\/span><\/td>\n<td><span style=\"color: #000000;\">Intel Core i3-10100T (3.00 GHz Upto 3.80 GHz, 4 Cores 8 Threads, 6MB Cache)<\/span><\/td>\n<\/tr>\n<tr>\n<td><span style=\"color: #000000;\">RAM<\/span><\/td>\n<td><span style=\"color: #000000;\">4GB (1x4GB) DDR4-2666Mhz (2 Khe ram Laptop)<\/span><\/td>\n<\/tr>\n<tr>\n<td><span style=\"color: #000000;\">\u1ed4 c\u1ee9ng<\/span><\/td>\n<td><span style=\"color: #000000;\">256GB M.2 2280 PCIe NVMe SSD<\/span><\/td>\n<\/tr>\n<tr>\n<td><span style=\"color: #000000;\">Card \u0111\u1ed3 h\u1ecda<\/span><\/td>\n<td><span style=\"color: #000000;\">Intel UHD Graphics<\/span><\/td>\n<\/tr>\n<tr>\n<td><span style=\"color: #000000;\">\u00d4 \u0111\u0129a<\/span><\/td>\n<td><span style=\"color: #000000;\">Kh\u00f4ng<\/span><\/td>\n<\/tr>\n<tr>\n<td><span style=\"color: #000000;\">K\u1ebft n\u1ed1i m\u1ea1ng<\/span><\/td>\n<td><span style=\"color: #000000;\">Lan gigabit,\u00a0 Intel\u00ae Wi-Fi 6 AX200 (2\u00d72)<\/span><\/td>\n<\/tr>\n<tr>\n<td><span style=\"color: #000000;\">Keyboard &amp; Mouse<\/span><\/td>\n<td><span style=\"color: #000000;\">USB<\/span><\/td>\n<\/tr>\n<tr>\n<td><span style=\"color: #000000;\">C\u1ed5ng k\u1ebft n\u1ed1i<\/span><\/td>\n<td><span style=\"color: #000000;\">VGA + DP + HDMI Port\/ USB TYPE-C,\u00a02 SuperSpeed USB Type-A 5Gbps signaling rate; 2 USB Type-A 480Mbps signaling rate<\/span><\/td>\n<\/tr>\n<tr>\n<td><span style=\"color: #000000;\">H\u1ec7 \u0111i\u1ec1u h\u00e0nh<\/span><\/td>\n<td><span style=\"color: #000000;\">Windows 10 Home<\/span><\/td>\n<\/tr>\n<tr>\n<td><span style=\"color: #000000;\">K\u00edch th\u01b0\u1edbc<\/span><\/td>\n<td><span style=\"color: #000000;\">177.0 x 175.0 x 34.2\u00a0(mm)<\/span><\/td>\n<\/tr>\n<tr>\n<td><span style=\"color: #000000;\">C\u00e2n n\u1eb7ng<\/span><\/td>\n<td><span style=\"color: #000000;\">1.25 kg<\/span><\/td>\n<\/tr>\n<\/tbody>\n<\/table>\n","protected":false},"excerpt":{"rendered":"<p><span class=\"item \" style=\"color: #000000;\">CPU: Intel Core i3-10100T (3.00 GHz Upto 3.80 GHz, 4 Cores 8 Threads, 6MB Cache).<\/span><\/p>\n<p><span style=\"color: #000000;\"><span class=\"item \"><i class=\"fa fa-check-circle\"><\/i>RAM: 4GB (1x4GB) DDR4-2666<\/span><span class=\"item \">Mhz (C\u00f3 2 khe Ram Laptop).<\/span><\/span><\/p>\n<p><span class=\"item \" style=\"color: #000000;\"><i class=\"fa fa-check-circle\"><\/i>\u1ed4 c\u1ee9ng: 256GB M.2 2280 PCIe NVMe SS.<\/span><\/p>\n<p><span style=\"color: #000000;\"><span class=\"item \">D<\/span><span class=\"item \"><i class=\"fa fa-check-circle\"><\/i>VGA: Intel UHD Graphics<\/span><\/span><\/p>\n","protected":false},"featured_media":3281,"template":"","meta":[],"product_brand":[],"product_cat":[249,250],"product_tag":[1249,1606,1603,1605],"pa_bo-nho-trong":[],"pa_bo-vi-xu-ly":[],"pa_do-dai":[],"pa_do-phan-giai":[],"pa_hang-san-xuat":[],"pa_kich-thuoc-man-hinh":[],"pa_micro-thu-am":[],"pa_nha-thong-minh-rang-dong":[],"pa_o-cung":[],"pa_ong-kinh":[],"pa_poe":[],"pa_ports":[],"pa_tam-quan-sat":[],"pa_theo-chuan":[],"class_list":{"0":"post-3280","1":"product","2":"type-product","3":"status-publish","4":"has-post-thumbnail","6":"product_cat-may-tinh-laptop","7":"product_cat-may-tinh-de-ban","8":"product_tag-desktop","9":"product_tag-desktop-mini-60u52pa","10":"product_tag-hp-prodesk-400-g6","11":"product_tag-hp-prodesk-400-g6-desktop-mini-60u52pa","13":"first","14":"instock","15":"shipping-taxable","16":"product-type-simple"},"_links":{"self":[{"href":"https:\/\/vietbee.com\/en\/wp-json\/wp\/v2\/product\/3280","targetHints":{"allow":["GET"]}}],"collection":[{"href":"https:\/\/vietbee.com\/en\/wp-json\/wp\/v2\/product"}],"about":[{"href":"https:\/\/vietbee.com\/en\/wp-json\/wp\/v2\/types\/product"}],"wp:featuredmedia":[{"embeddable":true,"href":"https:\/\/vietbee.com\/en\/wp-json\/wp\/v2\/media\/3281"}],"wp:attachment":[{"href":"https:\/\/vietbee.com\/en\/wp-json\/wp\/v2\/media?parent=3280"}],"wp:term":[{"taxonomy":"product_brand","embeddable":true,"href":"https:\/\/vietbee.com\/en\/wp-json\/wp\/v2\/product_brand?post=3280"},{"taxonomy":"product_cat","embeddable":true,"href":"https:\/\/vietbee.com\/en\/wp-json\/wp\/v2\/product_cat?post=3280"},{"taxonomy":"product_tag","embeddable":true,"href":"https:\/\/vietbee.com\/en\/wp-json\/wp\/v2\/product_tag?post=3280"},{"taxonomy":"pa_bo-nho-trong","embeddable":true,"href":"https:\/\/vietbee.com\/en\/wp-json\/wp\/v2\/pa_bo-nho-trong?post=3280"},{"taxonomy":"pa_bo-vi-xu-ly","embeddable":true,"href":"https:\/\/vietbee.com\/en\/wp-json\/wp\/v2\/pa_bo-vi-xu-ly?post=3280"},{"taxonomy":"pa_do-dai","embeddable":true,"href":"https:\/\/vietbee.com\/en\/wp-json\/wp\/v2\/pa_do-dai?post=3280"},{"taxonomy":"pa_do-phan-giai","embeddable":true,"href":"https:\/\/vietbee.com\/en\/wp-json\/wp\/v2\/pa_do-phan-giai?post=3280"},{"taxonomy":"pa_hang-san-xuat","embeddable":true,"href":"https:\/\/vietbee.com\/en\/wp-json\/wp\/v2\/pa_hang-san-xuat?post=3280"},{"taxonomy":"pa_kich-thuoc-man-hinh","embeddable":true,"href":"https:\/\/vietbee.com\/en\/wp-json\/wp\/v2\/pa_kich-thuoc-man-hinh?post=3280"},{"taxonomy":"pa_micro-thu-am","embeddable":true,"href":"https:\/\/vietbee.com\/en\/wp-json\/wp\/v2\/pa_micro-thu-am?post=3280"},{"taxonomy":"pa_nha-thong-minh-rang-dong","embeddable":true,"href":"https:\/\/vietbee.com\/en\/wp-json\/wp\/v2\/pa_nha-thong-minh-rang-dong?post=3280"},{"taxonomy":"pa_o-cung","embeddable":true,"href":"https:\/\/vietbee.com\/en\/wp-json\/wp\/v2\/pa_o-cung?post=3280"},{"taxonomy":"pa_ong-kinh","embeddable":true,"href":"https:\/\/vietbee.com\/en\/wp-json\/wp\/v2\/pa_ong-kinh?post=3280"},{"taxonomy":"pa_poe","embeddable":true,"href":"https:\/\/vietbee.com\/en\/wp-json\/wp\/v2\/pa_poe?post=3280"},{"taxonomy":"pa_ports","embeddable":true,"href":"https:\/\/vietbee.com\/en\/wp-json\/wp\/v2\/pa_ports?post=3280"},{"taxonomy":"pa_tam-quan-sat","embeddable":true,"href":"https:\/\/vietbee.com\/en\/wp-json\/wp\/v2\/pa_tam-quan-sat?post=3280"},{"taxonomy":"pa_theo-chuan","embeddable":true,"href":"https:\/\/vietbee.com\/en\/wp-json\/wp\/v2\/pa_theo-chuan?post=3280"}],"curies":[{"name":"wp","href":"https:\/\/api.w.org\/{rel}","templated":true}]}}