{"id":3243,"date":"2022-09-14T04:20:41","date_gmt":"2022-09-14T04:20:41","guid":{"rendered":"https:\/\/vietbee.com\/?post_type=product&#038;p=3243"},"modified":"2022-09-14T08:45:03","modified_gmt":"2022-09-14T08:45:03","slug":"gwn7630lr","status":"publish","type":"product","link":"https:\/\/vietbee.com\/en\/product\/gwn7630lr\/","title":{"rendered":"GWN7630LR"},"content":{"rendered":"<table>\n<tbody>\n<tr>\n<td>Ti\u00eau chu\u1ea9n WiFi<\/td>\n<td>IEEE 802.11 a\/b\/g\/n\/ac (Wave 2)<\/td>\n<\/tr>\n<tr>\n<td>\u0102ng ten<\/td>\n<td>\n<table>\n<tbody>\n<tr>\n<td>4 \u0103ng-ten ngo\u00e0i, c\u00f3 th\u1ec3 th\u00e1o r\u1eddi, b\u0103ng t\u1ea7n k\u00e9p, ph\u00e1t 360 \u0111\u1ed9<\/td>\n<\/tr>\n<tr>\n<td>2,4 GHz, \u0111\u1ea1t \u0111\u01b0\u1ee3c 3,5 dBi<\/td>\n<\/tr>\n<tr>\n<td>5 GHz, \u0111\u1ea1t \u0111\u01b0\u1ee3c 3,5 dBi<\/td>\n<\/tr>\n<\/tbody>\n<\/table>\n<\/td>\n<\/tr>\n<tr>\n<td colspan=\"2\">T\u1ed1c \u0111\u1ed9 d\u1eef li\u1ec7u WiFi<\/td>\n<\/tr>\n<tr>\n<td>IEEE 802.11ac<\/td>\n<td>6,5 Mbps \u0111\u1ebfn 1733 Mbps<\/td>\n<\/tr>\n<tr>\n<td>IEEE 802.11a<\/td>\n<td>6, 9, 12, 18, 24, 36, 48, 54 Mbps<\/td>\n<\/tr>\n<tr>\n<td>IEEE 802.11n<\/td>\n<td>6, 9, 12, 18, 24, 36, 48, 54 Mbps<\/td>\n<\/tr>\n<tr>\n<td>IEEE 802.11b<\/td>\n<td>1, 2, 5.5, 11 Mbps<\/td>\n<\/tr>\n<tr>\n<td>IEEE 802.11g<\/td>\n<td>6, 9, 12, 18, 24, 36, 48, 54 Mbps<\/td>\n<\/tr>\n<tr>\n<td>D\u1ea3i t\u1ea7n s\u1ed1<\/p>\n<p>2,4 GHz:<\/p>\n<p>5GHz:<\/td>\n<td>&nbsp;<\/p>\n<p>2,412 &#8211; 2,484 GHz<\/p>\n<p>5.180 &#8211; 5.825 GHz<\/td>\n<\/tr>\n<tr>\n<td>K\u00eanh B\u0103ng th\u00f4ng<\/p>\n<p>2.4G:<\/p>\n<p>5G:<\/td>\n<td>&nbsp;<\/p>\n<p>20 v\u00e0 40 MHz<\/p>\n<p>20,40 v\u00e0 80 MHz<\/td>\n<\/tr>\n<tr>\n<td>B\u1ea3o m\u1eadt<\/td>\n<td>WEP, WPA \/ WPA2-PSK, WPA \/ WPA2 Enterprise (TKIP \/ AES)<\/td>\n<\/tr>\n<tr>\n<td>MIMO<\/td>\n<td>4&#215;4: 4 2,4 GHz (MIMO)<\/p>\n<p>4&#215;4: 4 5GHz (MU-MIMO)<\/td>\n<\/tr>\n<tr>\n<td>Ph\u1ea1m vi ph\u1ee7 s\u00f3ng<\/td>\n<td>L\u00ean \u0111\u1ebfn 300 m\u00e9t<\/p>\n<p><strong><em>*Kho\u1ea3ng c\u00e1ch c\u00f3 th\u1ec3 thay \u0111\u1ed5i theo t\u1eebng m\u00f4i tr\u01b0\u1eddng kh\u00e1c nhau<\/em><\/strong><\/td>\n<\/tr>\n<tr>\n<td>C\u00f4ng su\u1ea5t TX t\u1ed1i \u0111a<\/p>\n<p>2,4G:<\/p>\n<p>5G:<\/td>\n<td>&nbsp;<\/p>\n<p>27dBm<\/p>\n<p>25dBm<\/p>\n<p><strong><em>*C\u00f4ng su\u1ea5t ph\u00e1t c\u00f3 th\u1ec3 thay \u0111\u1ed5i theo qu\u1ed1c gia b\u0103ng t\u1ea7n v\u00e0 t\u1ed1c \u0111\u1ed9\u00a0MCS rate<\/em><\/strong><\/td>\n<\/tr>\n<tr>\n<td>\u0110\u1ed9 nh\u1ea1y c\u1ee7a m\u00e1y thu<\/td>\n<td><strong>2,4G<\/strong><\/p>\n<table>\n<tbody>\n<tr>\n<td>802.11b: -96dBm @ 1Mbps, -88dBm @ 11Mbps<\/td>\n<\/tr>\n<tr>\n<td>802.11g: -93dBm @6Mbps, -75dBm@54Mbps<\/td>\n<\/tr>\n<tr>\n<td>802.11n 20MHz: -73dBm @MCS7<\/td>\n<\/tr>\n<tr>\n<td>802.11n 40MHz:-70dBm @MCS7<\/td>\n<\/tr>\n<\/tbody>\n<\/table>\n<p><strong>5G<\/strong><\/p>\n<table>\n<tbody>\n<tr>\n<td>802.11a: -92dBm @ 6Mbps, -74dBm @ 54Mbps<\/td>\n<\/tr>\n<tr>\n<td>802.11ac 20MHz: -67dBm @ MCS8<\/td>\n<\/tr>\n<tr>\n<td>802.11ac: HT40: &#8211; 63dBm @ MCS9<\/td>\n<\/tr>\n<tr>\n<td>802.11ac 80MHz: -59dBm @ MCS9<\/td>\n<\/tr>\n<\/tbody>\n<\/table>\n<\/td>\n<\/tr>\n<tr>\n<td>SSID<\/td>\n<td>T\u1ed5ng c\u1ed9ng 32 SSID, 16 tr\u00ean m\u1ed7i \u0111\u00e0i (2,4 Ghz v\u00e0 5 Ghz)<\/td>\n<\/tr>\n<tr>\n<td>Kh\u00e1ch h\u00e0ng \u0111\u1ed3ng th\u1eddi<\/td>\n<td>200+<\/td>\n<\/tr>\n<tr>\n<td>C\u1ed5ng m\u1ea1ng<\/td>\n<td>2x\u00a0C\u1ed5ng m\u1ea1ng t\u1ef1 nh\u1eadn chu\u1ea9n 10\/100\/1000Mbs<\/td>\n<\/tr>\n<tr>\n<td>C\u1ed5ng ph\u1ee5<\/td>\n<td>1x Reset Pinhole<\/td>\n<\/tr>\n<tr>\n<td>G\u1eafn<\/td>\n<td>Gi\u00e1 treo thanh kim lo\u1ea1i ngo\u00e0i tr\u1eddi ho\u1eb7c gi\u00e1 treo t\u01b0\u1eddng, b\u1ed9 d\u1ee5ng c\u1ee5 bao g\u1ed3m<\/td>\n<\/tr>\n<tr>\n<td>\u0110\u00e8n LED<\/td>\n<td>1 x \u0111\u00e8n LED ba m\u00e0u \u0111\u1ec3 theo d\u00f5i thi\u1ebft b\u1ecb v\u00e0 ch\u1ec9 b\u00e1o tr\u1ea1ng th\u00e1i<\/td>\n<\/tr>\n<tr>\n<td>C\u00e1c giao th\u1ee9c m\u1ea1ng<\/td>\n<td>IPv4, IPv6, 802.1Q, 802.1p, 802.1x, 802.11e \/ WMM<\/td>\n<\/tr>\n<tr>\n<td>QoS<\/td>\n<td>802.11e \/ WMM, VLAN, TOS<\/td>\n<\/tr>\n<tr>\n<td>Qu\u1ea3n l\u00fd m\u1ea1ng<\/td>\n<td>&#8211; B\u1ed9 \u0111i\u1ec1u khi\u1ec3n nh\u00fang c\u00f3 th\u1ec3 qu\u1ea3n l\u00fd t\u1edbi 50 AP GWN c\u1ee5c b\u1ed9<\/p>\n<p>&#8211; GWN.Cloud cung c\u1ea5p n\u1ec1n t\u1ea3ng qu\u1ea3n l\u00fd \u0111\u00e1m m\u00e2y mi\u1ec5n ph\u00ed cho c\u00e1c AP GWN kh\u00f4ng gi\u1edbi h\u1ea1n<\/p>\n<p>&#8211; GWN Manager cung c\u1ea5p b\u1ed9 \u0111i\u1ec1u khi\u1ec3n ph\u1ea7n m\u1ec1m d\u1ef1a tr\u00ean ti\u1ec1n \u0111\u1ec1 cho t\u1ed1i \u0111a 3.000 GWN AP<\/td>\n<\/tr>\n<tr>\n<td>C\u00f4ng su\u1ea5t ti\u00eau th\u1ee5<\/p>\n<p>v\u00e0 chu\u1ea9n c\u1ea5p \u0111i\u1ec7n<\/td>\n<td>PoE 802.3af \/ 802.3at;<\/p>\n<p>C\u00f4ng su\u1ea5t t\u1ed1i \u0111a:16.5W<\/td>\n<\/tr>\n<tr>\n<td>M\u00f4i tr\u01b0\u1eddng<\/p>\n<p>Ho\u1ea1t \u0111\u1ed9ng:<\/p>\n<p>B\u1ea3o qu\u1ea3n:<\/p>\n<p>\u0110\u1ed9 \u1ea9m:<\/td>\n<td>&nbsp;<\/p>\n<p>-30 \u00b0 C \u0111\u1ebfn 60 \u00b0 C<\/p>\n<p>-30 \u00b0 C \u0111\u1ebfn 70 \u00b0 C<\/p>\n<p>5% \u0111\u1ebfn 95% Kh\u00f4ng ng\u01b0ng t\u1ee5<\/td>\n<\/tr>\n<tr>\n<td>K\u00edch th\u01b0\u1edbc<\/p>\n<p>C\u00f9ng b\u1ed9 d\u1ee5ng c\u1ee5<\/p>\n<p>\u0110\u00f3ng g\u00f3i<\/td>\n<td>533,1 \u00d7 115 \u00d7 40mm<\/p>\n<p>533,1 \u00d7 115 \u00d7 62mm<\/p>\n<p>258 \u00d7 247 \u00d7 86mm<\/td>\n<\/tr>\n<tr>\n<td>Tr\u1ecdng l\u01b0\u1ee3ng<\/p>\n<p>C\u00f9ng b\u1ed9 d\u1ee5ng c\u1ee5<\/p>\n<p>\u0110\u00f3ng g\u00f3i<\/td>\n<td>564g<\/p>\n<p>706g<\/p>\n<p>978g<\/td>\n<\/tr>\n<tr>\n<td>\u0110\u00f3ng g\u00f3i bao g\u1ed3m<\/td>\n<td>B\u1ed9 ph\u00e1t GWN7630LR<\/p>\n<p>\u0110\u1ebf b\u1eaft t\u01b0\u1eddng<\/p>\n<p>S\u00e1ch h\u01b0\u1edbng d\u1eabn<\/td>\n<\/tr>\n<tr>\n<td>Chu\u1ea9n ch\u1ed1ng ch\u1ecbu th\u1eddi ti\u1ebft<\/td>\n<td>IP66 khi \u0111\u01b0\u1ee3c l\u1eafp \u0111\u1eb7t\u00a0th\u1eb3ng \u0111\u1ee9ng<\/td>\n<\/tr>\n<tr>\n<td>Ch\u1ee9ng ch\u1ec9<\/td>\n<td>FCC, CE, RCM, IC<\/td>\n<\/tr>\n<\/tbody>\n<\/table>\n","protected":false},"excerpt":{"rendered":"<p>Ti\u00eau chu\u1ea9n WiFi IEEE 802.11 a\/b\/g\/n\/ac (Wave 2) \u0102ng ten 4 \u0103ng-ten ngo\u00e0i, c\u00f3 th\u1ec3 th\u00e1o r\u1eddi, b\u0103ng t\u1ea7n k\u00e9p, ph\u00e1t 360 \u0111\u1ed9 2,4 GHz, \u0111\u1ea1t \u0111\u01b0\u1ee3c 3,5 dBi 5 GHz, \u0111\u1ea1t \u0111\u01b0\u1ee3c 3,5 dBi T\u1ed1c \u0111\u1ed9 d\u1eef li\u1ec7u WiFi IEEE 802.11ac 6,5 Mbps \u0111\u1ebfn 1733 Mbps IEEE 802.11a 6, 9, 12, 18, 24, 36,<\/p>\n","protected":false},"featured_media":3248,"template":"","meta":[],"product_brand":[],"product_cat":[45,28],"product_tag":[1588,1587,1589],"pa_bo-nho-trong":[],"pa_bo-vi-xu-ly":[],"pa_do-dai":[],"pa_do-phan-giai":[],"pa_hang-san-xuat":[],"pa_kich-thuoc-man-hinh":[],"pa_micro-thu-am":[],"pa_nha-thong-minh-rang-dong":[],"pa_o-cung":[],"pa_ong-kinh":[],"pa_poe":[],"pa_ports":[],"pa_tam-quan-sat":[],"pa_theo-chuan":[],"class_list":{"0":"post-3243","1":"product","2":"type-product","3":"status-publish","4":"has-post-thumbnail","6":"product_cat-thiet-bi-mang","7":"product_cat-wireless-products","8":"product_tag-7630lr","9":"product_tag-gwn7630lr","10":"product_tag-wifi-7630lr","12":"first","13":"instock","14":"shipping-taxable","15":"product-type-simple"},"_links":{"self":[{"href":"https:\/\/vietbee.com\/en\/wp-json\/wp\/v2\/product\/3243","targetHints":{"allow":["GET"]}}],"collection":[{"href":"https:\/\/vietbee.com\/en\/wp-json\/wp\/v2\/product"}],"about":[{"href":"https:\/\/vietbee.com\/en\/wp-json\/wp\/v2\/types\/product"}],"wp:featuredmedia":[{"embeddable":true,"href":"https:\/\/vietbee.com\/en\/wp-json\/wp\/v2\/media\/3248"}],"wp:attachment":[{"href":"https:\/\/vietbee.com\/en\/wp-json\/wp\/v2\/media?parent=3243"}],"wp:term":[{"taxonomy":"product_brand","embeddable":true,"href":"https:\/\/vietbee.com\/en\/wp-json\/wp\/v2\/product_brand?post=3243"},{"taxonomy":"product_cat","embeddable":true,"href":"https:\/\/vietbee.com\/en\/wp-json\/wp\/v2\/product_cat?post=3243"},{"taxonomy":"product_tag","embeddable":true,"href":"https:\/\/vietbee.com\/en\/wp-json\/wp\/v2\/product_tag?post=3243"},{"taxonomy":"pa_bo-nho-trong","embeddable":true,"href":"https:\/\/vietbee.com\/en\/wp-json\/wp\/v2\/pa_bo-nho-trong?post=3243"},{"taxonomy":"pa_bo-vi-xu-ly","embeddable":true,"href":"https:\/\/vietbee.com\/en\/wp-json\/wp\/v2\/pa_bo-vi-xu-ly?post=3243"},{"taxonomy":"pa_do-dai","embeddable":true,"href":"https:\/\/vietbee.com\/en\/wp-json\/wp\/v2\/pa_do-dai?post=3243"},{"taxonomy":"pa_do-phan-giai","embeddable":true,"href":"https:\/\/vietbee.com\/en\/wp-json\/wp\/v2\/pa_do-phan-giai?post=3243"},{"taxonomy":"pa_hang-san-xuat","embeddable":true,"href":"https:\/\/vietbee.com\/en\/wp-json\/wp\/v2\/pa_hang-san-xuat?post=3243"},{"taxonomy":"pa_kich-thuoc-man-hinh","embeddable":true,"href":"https:\/\/vietbee.com\/en\/wp-json\/wp\/v2\/pa_kich-thuoc-man-hinh?post=3243"},{"taxonomy":"pa_micro-thu-am","embeddable":true,"href":"https:\/\/vietbee.com\/en\/wp-json\/wp\/v2\/pa_micro-thu-am?post=3243"},{"taxonomy":"pa_nha-thong-minh-rang-dong","embeddable":true,"href":"https:\/\/vietbee.com\/en\/wp-json\/wp\/v2\/pa_nha-thong-minh-rang-dong?post=3243"},{"taxonomy":"pa_o-cung","embeddable":true,"href":"https:\/\/vietbee.com\/en\/wp-json\/wp\/v2\/pa_o-cung?post=3243"},{"taxonomy":"pa_ong-kinh","embeddable":true,"href":"https:\/\/vietbee.com\/en\/wp-json\/wp\/v2\/pa_ong-kinh?post=3243"},{"taxonomy":"pa_poe","embeddable":true,"href":"https:\/\/vietbee.com\/en\/wp-json\/wp\/v2\/pa_poe?post=3243"},{"taxonomy":"pa_ports","embeddable":true,"href":"https:\/\/vietbee.com\/en\/wp-json\/wp\/v2\/pa_ports?post=3243"},{"taxonomy":"pa_tam-quan-sat","embeddable":true,"href":"https:\/\/vietbee.com\/en\/wp-json\/wp\/v2\/pa_tam-quan-sat?post=3243"},{"taxonomy":"pa_theo-chuan","embeddable":true,"href":"https:\/\/vietbee.com\/en\/wp-json\/wp\/v2\/pa_theo-chuan?post=3243"}],"curies":[{"name":"wp","href":"https:\/\/api.w.org\/{rel}","templated":true}]}}