{"id":3176,"date":"2022-09-08T02:42:18","date_gmt":"2022-09-08T02:42:18","guid":{"rendered":"https:\/\/vietbee.com\/?post_type=product&#038;p=3176"},"modified":"2022-09-12T13:04:56","modified_gmt":"2022-09-12T13:04:56","slug":"gwn7630","status":"publish","type":"product","link":"https:\/\/vietbee.com\/en\/product\/gwn7630\/","title":{"rendered":"GWN7630"},"content":{"rendered":"<table border=\"1\" width=\"456pt\" cellspacing=\"0\" cellpadding=\"0\">\n<tbody>\n<tr>\n<td class=\"xl63\" height=\"22\">Wi-Fi Standards<\/td>\n<td class=\"xl63\">IEEE 802.11 a\/b\/g\/n\/ac (Wave-2)<\/td>\n<\/tr>\n<tr>\n<td class=\"xl63\" rowspan=\"3\" height=\"66\">Antennas<\/td>\n<td class=\"xl63\">4 dual band internal antennas<\/td>\n<\/tr>\n<tr>\n<td class=\"xl63\" height=\"22\">2.4GHz, gain 4dBi<\/td>\n<\/tr>\n<tr>\n<td class=\"xl63\" height=\"22\">5 GHz, gain 5dBi<\/td>\n<\/tr>\n<tr>\n<td class=\"xl63\" rowspan=\"5\" height=\"154\">Wi-Fi Data Rates<\/td>\n<td class=\"xl63\">IEEE 802.11ac: 6.5 Mbps to 1733Mbps<\/td>\n<\/tr>\n<tr>\n<td class=\"xl63\" height=\"44\">IEEE 802.11a: 6, 9, 12, 18, 24, 36, 48, 54 Mbps<\/td>\n<\/tr>\n<tr>\n<td class=\"xl63\" height=\"22\">IEEE 802.11n: 6.5Mbps to 600Mbps<\/td>\n<\/tr>\n<tr>\n<td class=\"xl63\" height=\"22\">IEEE 802.11b: 1, 2, 5.5, 11 Mbps<\/td>\n<\/tr>\n<tr>\n<td class=\"xl63\" height=\"44\">IEEE 802.11g: 6, 9, 12, 18, 24, 36, 48, 54 Mbps<\/td>\n<\/tr>\n<tr>\n<td class=\"xl63\" rowspan=\"2\" height=\"44\">Frequency Bands<\/td>\n<td class=\"xl63\">2.4GHz radio: 2412 &#8211; 2484 MHz<\/td>\n<\/tr>\n<tr>\n<td class=\"xl63\" height=\"22\">5GHz radio: 5180 &#8211; 5825 MHz<\/td>\n<\/tr>\n<tr>\n<td class=\"xl63\" rowspan=\"2\" height=\"44\">Channel Bandwidth<\/td>\n<td class=\"xl63\">2.4G: 20 and 40 MHz<\/td>\n<\/tr>\n<tr>\n<td class=\"xl63\" height=\"22\">5G: 20,40 and 80 MHz<\/td>\n<\/tr>\n<tr>\n<td class=\"xl63\" height=\"87\">Wi-Fi and System Security<\/td>\n<td class=\"xl63\">WEP, WPA\/WPA2-PSK, WPA\/WPA2 Enterprise, anti-hacking secure boot and critical data\/control lockdown via digital signatures, unique security certificate and random default password per device<\/td>\n<\/tr>\n<tr>\n<td class=\"xl63\" rowspan=\"2\" height=\"44\">MIMO<\/td>\n<td class=\"xl63\">4 x 4:4 2.4G (MIMO)<\/td>\n<\/tr>\n<tr>\n<td class=\"xl63\" height=\"22\">4 x 4:4 5G (MU-MIMO)<\/td>\n<\/tr>\n<tr>\n<td class=\"xl63\" height=\"22\">Coverage Range<\/td>\n<td class=\"xl63\">Up to 175 meters<\/td>\n<\/tr>\n<tr>\n<td class=\"xl63\" rowspan=\"2\" height=\"44\">Maximum TX Power<\/td>\n<td class=\"xl63\">2.4G: 27 dBm<\/td>\n<\/tr>\n<tr>\n<td class=\"xl63\" height=\"22\">5G: 25 dBm<\/td>\n<\/tr>\n<tr>\n<td class=\"xl63\" rowspan=\"6\" height=\"264\">Receiver Sensitivity<\/td>\n<td class=\"xl63\">2.4G<\/td>\n<\/tr>\n<tr>\n<td class=\"xl63\" height=\"66\">802.11b: -96dBm@1Mbps, -88dBm@11Mbps; 802.11g: -93dBm @6Mbps, -75dBm@54Mbps;<\/td>\n<\/tr>\n<tr>\n<td class=\"xl63\" height=\"44\">802.11n 20MHz: -73dBm @MCS7; 802.11n 40MHz:-70dBm @MCS7<\/td>\n<\/tr>\n<tr>\n<td class=\"xl63\" height=\"22\">5G<\/td>\n<\/tr>\n<tr>\n<td class=\"xl63\" height=\"66\">802.11a: -92dBm @6Mbps, -74dBm @54Mbps; 802.11ac 20MHz: -67dBm@MCS8;<\/td>\n<\/tr>\n<tr>\n<td class=\"xl63\" height=\"44\">802.11ac: HT40:- 63dBm @MCS9; 802.11ac 80MHz: -59dBm @MCS9<\/td>\n<\/tr>\n<tr>\n<td class=\"xl63\" height=\"22\">SSIDs<\/td>\n<td class=\"xl63\">15 SSIDs per access point<\/td>\n<\/tr>\n<tr>\n<td class=\"xl63\" height=\"22\">Concurrent Clients<\/td>\n<td class=\"xl63\">200+<\/td>\n<\/tr>\n<tr>\n<td class=\"xl63\" height=\"44\">Network Interfaces<\/td>\n<td class=\"xl63\">2x autosensing 10\/100\/1000 Base-T Ethernet Ports<\/td>\n<\/tr>\n<tr>\n<td class=\"xl63\" height=\"22\">Auxiliary Ports<\/td>\n<td class=\"xl63\">1x Reset Pinhole, 1x Kensington lock<\/td>\n<\/tr>\n<tr>\n<td class=\"xl63\" height=\"44\">Mounting<\/td>\n<td class=\"xl63\">Indoor wall mount or ceiling mount, kits included<\/td>\n<\/tr>\n<tr>\n<td class=\"xl63\" height=\"44\">LEDs<\/td>\n<td class=\"xl63\">3 tri-color LEDs for device tracking and status indication<\/td>\n<\/tr>\n<tr>\n<td class=\"xl63\" height=\"44\">Network Protocols<\/td>\n<td class=\"xl63\">IPv4, IPv6, 802.1Q, 802.1p, 802.1x, 802.11e\/WMM<\/td>\n<\/tr>\n<tr>\n<td class=\"xl63\" height=\"22\">QoS<\/td>\n<td class=\"xl63\">802.11e\/WMM, VLAN, TOS<\/td>\n<\/tr>\n<tr>\n<td class=\"xl63\" rowspan=\"2\" height=\"44\">Network Management<\/td>\n<td class=\"xl63\">\u2264 50 APs: Light-weight Master in AP<\/td>\n<\/tr>\n<tr>\n<td class=\"xl63\" height=\"22\">\u2265 50 APs: Cloud management (GWN.Cloud)<\/td>\n<\/tr>\n<tr>\n<td class=\"xl63\" rowspan=\"3\" height=\"66\">Power and Green Energy Efficiency<\/td>\n<td class=\"xl63\">Support 802.3 az ;<\/td>\n<\/tr>\n<tr>\n<td class=\"xl63\" height=\"22\">POE 802.3af\/ 802.3at;<\/td>\n<\/tr>\n<tr>\n<td class=\"xl63\" height=\"22\">Max Consumption: 16.5W<\/td>\n<\/tr>\n<tr>\n<td class=\"xl63\" rowspan=\"3\" height=\"66\">Environmental<\/td>\n<td class=\"xl63\">Operation: 0\u00b0C to 40\u00b0C<\/td>\n<\/tr>\n<tr>\n<td class=\"xl63\" height=\"22\">Storage: -10\u00b0C to 60\u00b0C<\/td>\n<\/tr>\n<tr>\n<td class=\"xl63\" height=\"22\">Humidity: 10% to 90% Non-condensing<\/td>\n<\/tr>\n<tr>\n<td class=\"xl63\" rowspan=\"3\" height=\"154\">Physical<\/td>\n<td class=\"xl63\">Unit Dimension: 205.3 x 205.3 x 45.9mm; Unit Weight: 590g<\/td>\n<\/tr>\n<tr>\n<td class=\"xl63\" height=\"66\">Unit + Mounting Kits Dimension : 205.3 x 205.3 x 50.9mm; Unit + Mounting Kits Weight : 710g<\/td>\n<\/tr>\n<tr>\n<td class=\"xl63\" height=\"44\">Entire Package Dimension: 258 x 247 x 86mm; Entire Package Weight: 930g<\/td>\n<\/tr>\n<tr>\n<td class=\"xl63\" height=\"44\">Package Content<\/td>\n<td class=\"xl63\">GWN7630 802.11ac Wave-2 Wireless AP, Mounting Kits, Quick Start Guide<\/td>\n<\/tr>\n<tr>\n<td class=\"xl63\" height=\"22\">Compliance<\/td>\n<td class=\"xl63\">FCC, CE, RCM, IC<\/td>\n<\/tr>\n<\/tbody>\n<\/table>\n","protected":false},"excerpt":{"rendered":"<p><span style=\"color: #000000;\">GWN7630 l\u00e0 \u0111i\u1ec3m truy c\u1eadp Wi-Fi 802.11ac Wave-2 hi\u1ec7u su\u1ea5t cao cho c\u00e1c doanh nghi\u1ec7p v\u1eeba v\u00e0 nh\u1ecf, v\u0103n ph\u00f2ng nhi\u1ec1u t\u1ea7ng, \u0111\u1ecba \u0111i\u1ec3m th\u01b0\u01a1ng m\u1ea1i v\u00e0 v\u0103n ph\u00f2ng chi nh\u00e1nh.\u00a0<\/span><\/p>\n<p><span style=\"color: #000000;\">N\u00f3 cung c\u1ea5p c\u00f4ng ngh\u1ec7 MU-MIMO 4 \u00d7 4: 4 b\u0103ng t\u1ea7n k\u00e9p v\u00e0 thi\u1ebft k\u1ebf \u0103ng-ten tinh vi cho l\u01b0u l\u01b0\u1ee3ng m\u1ea1ng t\u1ed1i \u0111a v\u00e0 ph\u1ea1m vi ph\u1ee7 s\u00f3ng Wi-Fi m\u1edf r\u1ed9ng.\u00a0<\/span><\/p>\n<p><span style=\"color: #000000;\">\u0110\u1ec3 \u0111\u1ea3m b\u1ea3o c\u00e0i \u0111\u1eb7t v\u00e0 qu\u1ea3n l\u00fd d\u1ec5 d\u00e0ng, GWN7630 s\u1eed d\u1ee5ng thi\u1ebft k\u1ebf qu\u1ea3n l\u00fd m\u1ea1ng ph\u00e2n t\u00e1n kh\u00f4ng c\u00f3 b\u1ed9 \u0111i\u1ec1u khi\u1ec3n, trong \u0111\u00f3 b\u1ed9 \u0111i\u1ec1u khi\u1ec3n \u0111\u01b0\u1ee3c nh\u00fang trong giao di\u1ec7n ng\u01b0\u1eddi d\u00f9ng web c\u1ee7a s\u1ea3n ph\u1ea9m.\u00a0<\/span><\/p>\n<p><span style=\"color: #000000;\">GWN7630 c\u0169ng \u0111\u01b0\u1ee3c h\u1ed7 tr\u1ee3 b\u1edfi GWN.Cloud, n\u1ec1n t\u1ea3ng qu\u1ea3n l\u00fd Wi-Fi \u0111\u00e1m m\u00e2y mi\u1ec5n ph\u00ed c\u1ee7a Grandstream.\u00a0<\/span><\/p>\n<p><span style=\"color: #000000;\">\u0110\u00e2y l\u00e0 AP Wi-Fi l\u00fd t\u01b0\u1edfng \u0111\u1ec3 tri\u1ec3n khai tho\u1ea1i qua Wi-Fi v\u00e0 cung c\u1ea5p k\u1ebft n\u1ed1i li\u1ec1n m\u1ea1ch v\u1edbi c\u00e1c \u0111i\u1ec7n tho\u1ea1i IP h\u1ed7 tr\u1ee3 Wi-Fi c\u1ee7a Grandstream.\u00a0<\/span><\/p>\n<p><span style=\"color: #000000;\">V\u1edbi s\u1ef1 h\u1ed7 tr\u1ee3 cho QoS n\u00e2ng cao, c\u00e1c \u1ee9ng d\u1ee5ng th\u1eddi gian th\u1ef1c c\u00f3 \u0111\u1ed9 tr\u1ec5 th\u1ea5p, m\u1ea1ng l\u01b0\u1edbi, c\u1ed5ng c\u1ed1 \u0111\u1ecbnh.<\/span><\/p>\n","protected":false},"featured_media":3218,"template":"","meta":[],"product_brand":[],"product_cat":[45,28],"product_tag":[1050,1017,1051],"pa_bo-nho-trong":[],"pa_bo-vi-xu-ly":[],"pa_do-dai":[],"pa_do-phan-giai":[],"pa_hang-san-xuat":[],"pa_kich-thuoc-man-hinh":[],"pa_micro-thu-am":[],"pa_nha-thong-minh-rang-dong":[],"pa_o-cung":[],"pa_ong-kinh":[],"pa_poe":[],"pa_ports":[],"pa_tam-quan-sat":[],"pa_theo-chuan":[],"class_list":{"0":"post-3176","1":"product","2":"type-product","3":"status-publish","4":"has-post-thumbnail","6":"product_cat-thiet-bi-mang","7":"product_cat-wireless-products","8":"product_tag-1050","9":"product_tag-gwn7630","10":"product_tag-wifi-7630","12":"first","13":"instock","14":"shipping-taxable","15":"product-type-simple"},"_links":{"self":[{"href":"https:\/\/vietbee.com\/en\/wp-json\/wp\/v2\/product\/3176","targetHints":{"allow":["GET"]}}],"collection":[{"href":"https:\/\/vietbee.com\/en\/wp-json\/wp\/v2\/product"}],"about":[{"href":"https:\/\/vietbee.com\/en\/wp-json\/wp\/v2\/types\/product"}],"wp:featuredmedia":[{"embeddable":true,"href":"https:\/\/vietbee.com\/en\/wp-json\/wp\/v2\/media\/3218"}],"wp:attachment":[{"href":"https:\/\/vietbee.com\/en\/wp-json\/wp\/v2\/media?parent=3176"}],"wp:term":[{"taxonomy":"product_brand","embeddable":true,"href":"https:\/\/vietbee.com\/en\/wp-json\/wp\/v2\/product_brand?post=3176"},{"taxonomy":"product_cat","embeddable":true,"href":"https:\/\/vietbee.com\/en\/wp-json\/wp\/v2\/product_cat?post=3176"},{"taxonomy":"product_tag","embeddable":true,"href":"https:\/\/vietbee.com\/en\/wp-json\/wp\/v2\/product_tag?post=3176"},{"taxonomy":"pa_bo-nho-trong","embeddable":true,"href":"https:\/\/vietbee.com\/en\/wp-json\/wp\/v2\/pa_bo-nho-trong?post=3176"},{"taxonomy":"pa_bo-vi-xu-ly","embeddable":true,"href":"https:\/\/vietbee.com\/en\/wp-json\/wp\/v2\/pa_bo-vi-xu-ly?post=3176"},{"taxonomy":"pa_do-dai","embeddable":true,"href":"https:\/\/vietbee.com\/en\/wp-json\/wp\/v2\/pa_do-dai?post=3176"},{"taxonomy":"pa_do-phan-giai","embeddable":true,"href":"https:\/\/vietbee.com\/en\/wp-json\/wp\/v2\/pa_do-phan-giai?post=3176"},{"taxonomy":"pa_hang-san-xuat","embeddable":true,"href":"https:\/\/vietbee.com\/en\/wp-json\/wp\/v2\/pa_hang-san-xuat?post=3176"},{"taxonomy":"pa_kich-thuoc-man-hinh","embeddable":true,"href":"https:\/\/vietbee.com\/en\/wp-json\/wp\/v2\/pa_kich-thuoc-man-hinh?post=3176"},{"taxonomy":"pa_micro-thu-am","embeddable":true,"href":"https:\/\/vietbee.com\/en\/wp-json\/wp\/v2\/pa_micro-thu-am?post=3176"},{"taxonomy":"pa_nha-thong-minh-rang-dong","embeddable":true,"href":"https:\/\/vietbee.com\/en\/wp-json\/wp\/v2\/pa_nha-thong-minh-rang-dong?post=3176"},{"taxonomy":"pa_o-cung","embeddable":true,"href":"https:\/\/vietbee.com\/en\/wp-json\/wp\/v2\/pa_o-cung?post=3176"},{"taxonomy":"pa_ong-kinh","embeddable":true,"href":"https:\/\/vietbee.com\/en\/wp-json\/wp\/v2\/pa_ong-kinh?post=3176"},{"taxonomy":"pa_poe","embeddable":true,"href":"https:\/\/vietbee.com\/en\/wp-json\/wp\/v2\/pa_poe?post=3176"},{"taxonomy":"pa_ports","embeddable":true,"href":"https:\/\/vietbee.com\/en\/wp-json\/wp\/v2\/pa_ports?post=3176"},{"taxonomy":"pa_tam-quan-sat","embeddable":true,"href":"https:\/\/vietbee.com\/en\/wp-json\/wp\/v2\/pa_tam-quan-sat?post=3176"},{"taxonomy":"pa_theo-chuan","embeddable":true,"href":"https:\/\/vietbee.com\/en\/wp-json\/wp\/v2\/pa_theo-chuan?post=3176"}],"curies":[{"name":"wp","href":"https:\/\/api.w.org\/{rel}","templated":true}]}}