{"id":3171,"date":"2022-09-07T08:51:49","date_gmt":"2022-09-07T08:51:49","guid":{"rendered":"https:\/\/vietbee.com\/?post_type=product&#038;p=3171"},"modified":"2022-09-12T09:22:55","modified_gmt":"2022-09-12T09:22:55","slug":"gwn7625","status":"publish","type":"product","link":"https:\/\/vietbee.com\/en\/product\/gwn7625\/","title":{"rendered":"GWN7625"},"content":{"rendered":"<h2><strong>B\u1ed9 ph\u00e1t wifi Grandstream GWN7625<\/strong><\/h2>\n<p><span style=\"color: #000000;\">\u2013 H\u1ed7 tr\u1ee3 16 SSID, support l\u00ean t\u1edbi 200+ ng\u01b0\u1eddi d\u00f9ng \u0111\u1ed3ng th\u1eddi<\/span><\/p>\n<p><span style=\"color: #000000;\">\u2013 H\u1ea1n ch\u1ebf truy c\u1eadp Wifi theo ng\u00e0y gi\u1edd (V\u00ed d\u1ee5: \u0110\u01b0\u1ee3c truy c\u1eadp v\u00e0o gi\u1edd l\u00e0m vi\u1ec7c v\u00e0 kh\u00f3a l\u1ea1i khi h\u1ebft gi\u1edd l\u00e0m vi\u1ec7c)<\/span><\/p>\n<p><span style=\"color: #000000;\">\u2013 V\u1edbi 2 anten Dual-band, 2\u00d72 2.4Ghz, 4\u00d74 5Ghz<span class=\"stdtext\">\u00a0gia t\u0103ng v\u00f9ng ph\u1ee7 s\u00f3ng v\u00e0 lo\u1ea1i b\u1ecf \u0111i\u1ec3m ch\u1ebft.<\/span><\/span><\/p>\n<p><span style=\"color: #000000;\">\u2013 Ho\u1ea1t \u0111\u1ed9ng \u1edf 2 gi\u1ea3i t\u1ea7n 2.4Ghz v\u00e0 5Ghz chu\u1ea9n m\u1edbi nh\u1ea5t IEEE802 ac\/a\/n\/b\/g<\/span><\/p>\n<p><span style=\"color: #000000;\">\u2013 T\u1ed1c \u0111\u1ed9 l\u00ean t\u1edbi 2.03Gbps cho ph\u1ea1m vi ph\u1ee7 s\u00f3ng l\u00ean t\u1edbi 175 m\u00e9t<\/span><\/p>\n<p><span style=\"color: #000000;\">\u2013 V\u1edbi 2 c\u1ed5ng m\u1ea1ng Giga 100\/1000 h\u1ed7 tr\u1ee3 PoE<\/span><\/p>\n<p><span style=\"color: #000000;\">\u2013 B\u1ea3o m\u1eadt cao c\u1ea5p chu\u1ea9n m\u00e3 h\u00f3a\u00a0SHA256, h\u1ed7 tr\u1ee3 QoS<\/span><\/p>\n<p><span style=\"color: #000000;\">\u2013 H\u1ed7 tr\u1ee3 Client Isolation (AP Isolation\/Wireless Isolation\/Station Isolation) -&gt; ch\u1ec9 truy c\u1eadp web, kh\u00f4ng \u0111\u01b0\u1ee3c k\u1ebft n\u1ed1i m\u1ea1ng n\u1ed9i b\u1ed9.<\/span><\/p>\n<h2><span style=\"color: #000000;\"><strong>C\u00e1c t\u00ednh n\u0103ng n\u1ed9i b\u1eadt c\u1ee7a thi\u1ebft b\u1ecb Wifi Grandstrea<\/strong><\/span><\/h2>\n<p><img decoding=\"async\" class=\"lazy-load-active\" title=\"B\u1ed9 Ph\u00e1t Wifi Gwn7625, 200+ User, S\u1eed D\u1ee5ng Trong Nh\u00e0 (Indoor) 2\" src=\"https:\/\/www.tongdai.com.vn\/pub\/media\/wysiwyg\/Gateway_ATA\/B_ph_t_wifi_Grandstream_6.png\" alt=\"B\u1ed9 ph\u00e1t wifi GWN7625, 200+ User, s\u1eed d\u1ee5ng trong nh\u00e0 (Indoor)\" data-src=\"https:\/\/www.tongdai.com.vn\/pub\/media\/wysiwyg\/Gateway_ATA\/B_ph_t_wifi_Grandstream_6.png\" \/>","protected":false},"excerpt":{"rendered":"<p><span style=\"color: #000000;\">B\u1ed9 ph\u00e1t Wifi GWN7625. <\/span><\/p>\n<p><span style=\"color: #000000;\">H\u1ed7 tr\u1ee3 200+ ng\u01b0\u1eddi d\u00f9ng . <\/span><\/p>\n<p><span style=\"color: #000000;\">C\u1ef1 ly 175 m\u00e9t. <\/span><\/p>\n<p><span style=\"color: #000000;\">C\u00f4ng ngh\u1ec7 MU MIMO, mi\u1ec5n ph\u00ed Cloud Controller v\u00e0 Wifi marketing, ph\u1ea7n m\u1ec1m qu\u1ea3n l\u00fd ri\u00eang kh\u00f4ng gi\u1edbi h\u1ea1n AP.<\/span><\/p>\n","protected":false},"featured_media":3199,"template":"","meta":[],"product_brand":[],"product_cat":[45,28],"product_tag":[1579,1578,1580],"pa_bo-nho-trong":[],"pa_bo-vi-xu-ly":[],"pa_do-dai":[],"pa_do-phan-giai":[],"pa_hang-san-xuat":[],"pa_kich-thuoc-man-hinh":[],"pa_micro-thu-am":[],"pa_nha-thong-minh-rang-dong":[],"pa_o-cung":[],"pa_ong-kinh":[],"pa_poe":[],"pa_ports":[],"pa_tam-quan-sat":[],"pa_theo-chuan":[],"class_list":{"0":"post-3171","1":"product","2":"type-product","3":"status-publish","4":"has-post-thumbnail","6":"product_cat-thiet-bi-mang","7":"product_cat-wireless-products","8":"product_tag-1579","9":"product_tag-gwn7625","10":"product_tag-wifi-7625","12":"first","13":"instock","14":"shipping-taxable","15":"product-type-simple"},"_links":{"self":[{"href":"https:\/\/vietbee.com\/en\/wp-json\/wp\/v2\/product\/3171","targetHints":{"allow":["GET"]}}],"collection":[{"href":"https:\/\/vietbee.com\/en\/wp-json\/wp\/v2\/product"}],"about":[{"href":"https:\/\/vietbee.com\/en\/wp-json\/wp\/v2\/types\/product"}],"wp:featuredmedia":[{"embeddable":true,"href":"https:\/\/vietbee.com\/en\/wp-json\/wp\/v2\/media\/3199"}],"wp:attachment":[{"href":"https:\/\/vietbee.com\/en\/wp-json\/wp\/v2\/media?parent=3171"}],"wp:term":[{"taxonomy":"product_brand","embeddable":true,"href":"https:\/\/vietbee.com\/en\/wp-json\/wp\/v2\/product_brand?post=3171"},{"taxonomy":"product_cat","embeddable":true,"href":"https:\/\/vietbee.com\/en\/wp-json\/wp\/v2\/product_cat?post=3171"},{"taxonomy":"product_tag","embeddable":true,"href":"https:\/\/vietbee.com\/en\/wp-json\/wp\/v2\/product_tag?post=3171"},{"taxonomy":"pa_bo-nho-trong","embeddable":true,"href":"https:\/\/vietbee.com\/en\/wp-json\/wp\/v2\/pa_bo-nho-trong?post=3171"},{"taxonomy":"pa_bo-vi-xu-ly","embeddable":true,"href":"https:\/\/vietbee.com\/en\/wp-json\/wp\/v2\/pa_bo-vi-xu-ly?post=3171"},{"taxonomy":"pa_do-dai","embeddable":true,"href":"https:\/\/vietbee.com\/en\/wp-json\/wp\/v2\/pa_do-dai?post=3171"},{"taxonomy":"pa_do-phan-giai","embeddable":true,"href":"https:\/\/vietbee.com\/en\/wp-json\/wp\/v2\/pa_do-phan-giai?post=3171"},{"taxonomy":"pa_hang-san-xuat","embeddable":true,"href":"https:\/\/vietbee.com\/en\/wp-json\/wp\/v2\/pa_hang-san-xuat?post=3171"},{"taxonomy":"pa_kich-thuoc-man-hinh","embeddable":true,"href":"https:\/\/vietbee.com\/en\/wp-json\/wp\/v2\/pa_kich-thuoc-man-hinh?post=3171"},{"taxonomy":"pa_micro-thu-am","embeddable":true,"href":"https:\/\/vietbee.com\/en\/wp-json\/wp\/v2\/pa_micro-thu-am?post=3171"},{"taxonomy":"pa_nha-thong-minh-rang-dong","embeddable":true,"href":"https:\/\/vietbee.com\/en\/wp-json\/wp\/v2\/pa_nha-thong-minh-rang-dong?post=3171"},{"taxonomy":"pa_o-cung","embeddable":true,"href":"https:\/\/vietbee.com\/en\/wp-json\/wp\/v2\/pa_o-cung?post=3171"},{"taxonomy":"pa_ong-kinh","embeddable":true,"href":"https:\/\/vietbee.com\/en\/wp-json\/wp\/v2\/pa_ong-kinh?post=3171"},{"taxonomy":"pa_poe","embeddable":true,"href":"https:\/\/vietbee.com\/en\/wp-json\/wp\/v2\/pa_poe?post=3171"},{"taxonomy":"pa_ports","embeddable":true,"href":"https:\/\/vietbee.com\/en\/wp-json\/wp\/v2\/pa_ports?post=3171"},{"taxonomy":"pa_tam-quan-sat","embeddable":true,"href":"https:\/\/vietbee.com\/en\/wp-json\/wp\/v2\/pa_tam-quan-sat?post=3171"},{"taxonomy":"pa_theo-chuan","embeddable":true,"href":"https:\/\/vietbee.com\/en\/wp-json\/wp\/v2\/pa_theo-chuan?post=3171"}],"curies":[{"name":"wp","href":"https:\/\/api.w.org\/{rel}","templated":true}]}}