{"id":3168,"date":"2022-09-07T08:08:15","date_gmt":"2022-09-07T08:08:15","guid":{"rendered":"https:\/\/vietbee.com\/?post_type=product&#038;p=3168"},"modified":"2022-09-12T09:19:53","modified_gmt":"2022-09-12T09:19:53","slug":"gwn7624","status":"publish","type":"product","link":"https:\/\/vietbee.com\/en\/product\/gwn7624\/","title":{"rendered":"GWN7624"},"content":{"rendered":"<span style=\"font-size: 110%; color: #000000;\">Th\u00f4ng s\u1ed1 k\u1ef9 thu\u1eadt b\u1ed9 ph\u00e1t wifi inwall GWN7624<\/span><\/p>\n<p><span style=\"color: #000000;\">\u2013 2 b\u0103ng t\u1ea7n 2.4\/5Ghz,<\/span><\/p>\n<p><span style=\"color: #000000;\">\u2013 H\u1ed7 tr\u1ee3 200+ user \u0111\u1ed3ng th\u1eddi<\/span><\/p>\n<p><span style=\"color: #000000;\">\u2013 1 c\u1ed5ng Uplink Gigabit 10\/100\/1000 h\u1ed7 tr\u1ee3 PoE, 3 c\u1ed5ng Lan ra h\u1ed7 tr\u1ee3 Vlan trong \u0111\u00f3 2 c\u1ed5ng PoE c\u1ea5p ngu\u1ed3n cho \u0111i\u1ec7n tho\u1ea1i IP Phone (6Wat\/c\u1ed5ng)<\/span><\/p>\n<p><span style=\"color: #000000;\">\u2013 K\u00edch th\u01b0\u1edbc si\u00eau nh\u1ecf g\u1ecdn ch\u1ec9 b\u1eb1ng bao thu\u1ed1c l\u00e1 (135x115x26)mm<\/span><\/p>\n<p><span style=\"font-size: 105%; color: #000000;\">Ph\u1ea7n m\u1ec1m qu\u1ea3n l\u00fd v\u00e0 wifi marketing<\/span><\/p>\n<p><span style=\"color: #000000;\">\u2013 H\u1ed7 tr\u1ee3 Cloud controler mi\u1ec5n ph\u00ed, qu\u1ea3n l\u00fd kh\u00f4ng gi\u1edbi h\u1ea1n s\u1ed1 l\u01b0\u1ee3ng b\u1ed9 ph\u00e1t wifi Grandstream<\/span><\/p>\n<p><span style=\"color: #000000;\">+ \u0110\u0103ng k\u00fd t\u00e0i kho\u1ea3n qu\u1ea3n l\u00fd wifi Cloud mi\u1ec5n ph\u00ed.<\/span><\/p>\n<p><span style=\"color: #000000;\">\u2013 Wifi Marketing qu\u1ea3ng c\u00e1o v\u1edbi nhi\u1ec1u k\u1ecbch b\u1ea3n kh\u00e1c nhau:<\/span><\/p>\n<p><span style=\"color: #000000;\">+ Qu\u1ea3ng c\u00e1o slide \u1ea3nh\/ video<\/span><\/p>\n<p><span style=\"color: #000000;\">+ Thu th\u1eadp th\u00f4ng tin kh\u00e1ch h\u00e0ng\/ \u0111\u00e1nh gi\u00e1 \u00fd ki\u1ebfn ng\u01b0\u1eddi d\u00f9ng<\/span><\/p>\n<p><span style=\"color: #000000;\">+ Qu\u1ea3ng c\u00e1o theo m\u00fai gi\u1edd (M\u1ed7i m\u00fai gi\u1edd hi\u1ec3n th\u1ecb 1 qu\u1ea3ng c\u00e1o kh\u00e1c nhau)<\/span><\/p>\n<p><span style=\"color: #000000;\">+ Voucher s\u1eed d\u1ee5ng cho nh\u00e0 tr\u1ecd, tr\u01b0\u1eddng h\u1ecdc, k\u00fd t\u00fac x\u00e1..<\/span><\/p>\n<p><span style=\"color: #000000;\">+ V\u00e0 nhi\u1ec1u ch\u1ebf \u0111\u1ed9 qu\u1ea3ng c\u00e1o kh\u00e1c<\/span><\/p>\n<p><span style=\"color: #000000;\">Tham kh\u1ea3o t\u1ea1i: ph\u1ea7n m\u1ec1m wifi marketing mi\u1ec5n ph\u00ed<\/span><\/p>\n<p><span style=\"font-size: 105%; color: #000000;\">B\u00e0i to\u00e1n t\u1ed1i \u01b0u chi ph\u00ed v\u00e0 ti\u1ebft ki\u1ec7m cho kh\u00e1ch s\u1ea1n khi s\u1eed d\u1ee5ng wifi grandstream<\/span><\/p>\n<p><span style=\"color: #000000;\">Nh\u01b0 h\u00ecnh b\u00ean d\u01b0\u1edbi, thay v\u00ec ph\u1ea3i k\u00e9o 3 s\u1ee3i d\u00e2y m\u1ea1ng cho 3 d\u1ecbch v\u1ee5 c\u1ee7a kh\u00e1ch s\u1ea1n (1 d\u00e2y cho \u0111i\u1ec7n tho\u1ea1i\/ 1 d\u00e2y cho iptv\/ 1 d\u00e2y cho PC) th\u00ec gi\u1edd \u0111\u00e2y b\u1ea1n ch\u1ec9 c\u1ea7n s\u1eed d\u1ee5ng 1 d\u00e2y cho to\u00e0n b\u1ed9 3 d\u1ecbch v\u1ee5 tr\u00ean,<\/span><\/p>\n<p><span style=\"color: #000000;\">B\u1ed9 ph\u00e1t wifi GWN7624 cung c\u1ea5p 3 c\u1ed5ng LAN out h\u1ed7 tr\u1ee3\u00a0 Vlan<\/span><\/p>\n<p><span style=\"color: #000000;\">+ 1 c\u1ed5ng PoE out k\u1ebft n\u1ed1i \u0111i\u1ec7n tho\u1ea1i IP PoE<\/span><\/p>\n<p><span style=\"color: #000000;\">+ 1 c\u1ed5ng d\u00f9ng cho IPTV<\/span><\/p>\n<p><span style=\"color: #000000;\">+ 1 c\u1ed5ng d\u00f9ng cho laptop ho\u1eb7c c\u00e1c d\u1ecbch v\u1ee5 kh\u00e1c<\/span><\/p>\n<p>&nbsp;<\/p>\n<p><span style=\"color: #000000;\">V\u00e0 c\u00e1c b\u1ea1n th\u1ea5y GWN7602 \u0111\u00e3 ti\u1ebft ki\u1ec7m r\u1ea5t nhi\u1ec1u chi ph\u00ed \u0111\u1ea7u t\u01b0 thi\u1ebft b\u1ecb v\u00e0 h\u01a1n n\u1eefa thi\u1ebft b\u1ecb wifi n\u00e0y \u0111\u01b0\u1ee3c \u0111\u1eb7t trong ph\u00f2ng n\u00ean s\u00f3ng lu\u00f4n lu\u00f4n c\u0103ng \u0111\u1ea7y.<\/span><\/p>\n<p><span style=\"font-size: 105%; color: #000000;\">T\u1ed5ng k\u1ebft c\u00e1c ch\u1ee9c n\u0103ng \u01b0u vi\u1ec7t c\u1ee7a b\u1ed9 ph\u00e1t wifi inwall GWN7624 mang l\u1ea1i<\/span><\/p>\n<p><span style=\"color: #000000;\">Vi\u1ec7c s\u1eed d\u1ee5ng thi\u1ebft b\u1ecb \u0111a ch\u1ee9c n\u0103ng wifi Grandstream GWN7624 gi\u1ea3i quy\u1ebft \u0111\u01b0\u1ee3c t\u1ea5t c\u1ea3 c\u00e1c b\u00e0i to\u00e1n m\u00e0 kh\u1ed1i kh\u00e1ch s\u1ea1n \u0111ang g\u1eb7p ph\u1ea3i<\/span><\/p>\n<p><span style=\"color: #000000;\">\u2013 Ph\u1ee7 s\u00f3ng \u0111\u01b0\u1ee3c full trong c\u00e1c ph\u00f2ng k\u00edn, s\u00e2u b\u00ean trong<\/span><\/p>\n<p><span style=\"color: #000000;\">\u2013 1 d\u00e2y m\u1ea1ng duy nh\u1ea5t ch\u1ea1y v\u00e0o ph\u00f2ng, s\u1eed d\u1ee5ng cho nhi\u1ec1u d\u1ecbch v\u1ee5<\/span><\/p>\n<p><span style=\"color: #000000;\">\u2013 H\u1ed7 tr\u1ee3 qu\u1ea3ng c\u00e1o c\u00e1c d\u1ecbch v\u1ee5 c\u1ee7a kh\u00e1ch s\u1ea1n th\u00f4ng qua t\u00ednh n\u0103ng wifi marketing<\/span>","protected":false},"excerpt":{"rendered":"<p><span style=\"color: #000000;\">B\u1ed9 ph\u00e1t wifi inwall GWN7624<\/span><\/p>\n<p><span style=\"color: #000000;\">S\u1eed d\u1ee5ng cho cho kh\u00e1ch s\u1ea1n 4*-6*<\/span><\/p>\n<p><span style=\"color: #000000;\">Wifi b\u0103ng t\u1ea7n 2.4\/5Ghz, 200+ user<\/span><\/p>\n<p><span style=\"color: #000000;\"> 1 c\u1ed5ng Uplink PoE, 3 c\u1ed5ng Lan h\u1ed7 tr\u1ee3 Vlan trong \u0111\u00f3 2 c\u1ed5ng PoE c\u1ea5p ngu\u1ed3n ra<\/span><\/p>\n<p><span style=\"color: #000000;\"> Mi\u1ec5n ph\u00ed Cloud controller v\u00e0 Wifi Marketing<\/span><\/p>\n","protected":false},"featured_media":3213,"template":"","meta":[],"product_brand":[],"product_cat":[45,28],"product_tag":[1576,1575,1577],"pa_bo-nho-trong":[],"pa_bo-vi-xu-ly":[],"pa_do-dai":[],"pa_do-phan-giai":[],"pa_hang-san-xuat":[],"pa_kich-thuoc-man-hinh":[],"pa_micro-thu-am":[],"pa_nha-thong-minh-rang-dong":[],"pa_o-cung":[],"pa_ong-kinh":[],"pa_poe":[],"pa_ports":[],"pa_tam-quan-sat":[],"pa_theo-chuan":[],"class_list":{"0":"post-3168","1":"product","2":"type-product","3":"status-publish","4":"has-post-thumbnail","6":"product_cat-thiet-bi-mang","7":"product_cat-wireless-products","8":"product_tag-1576","9":"product_tag-gwn7624","10":"product_tag-wifi-7642","12":"first","13":"instock","14":"shipping-taxable","15":"product-type-simple"},"_links":{"self":[{"href":"https:\/\/vietbee.com\/en\/wp-json\/wp\/v2\/product\/3168","targetHints":{"allow":["GET"]}}],"collection":[{"href":"https:\/\/vietbee.com\/en\/wp-json\/wp\/v2\/product"}],"about":[{"href":"https:\/\/vietbee.com\/en\/wp-json\/wp\/v2\/types\/product"}],"wp:featuredmedia":[{"embeddable":true,"href":"https:\/\/vietbee.com\/en\/wp-json\/wp\/v2\/media\/3213"}],"wp:attachment":[{"href":"https:\/\/vietbee.com\/en\/wp-json\/wp\/v2\/media?parent=3168"}],"wp:term":[{"taxonomy":"product_brand","embeddable":true,"href":"https:\/\/vietbee.com\/en\/wp-json\/wp\/v2\/product_brand?post=3168"},{"taxonomy":"product_cat","embeddable":true,"href":"https:\/\/vietbee.com\/en\/wp-json\/wp\/v2\/product_cat?post=3168"},{"taxonomy":"product_tag","embeddable":true,"href":"https:\/\/vietbee.com\/en\/wp-json\/wp\/v2\/product_tag?post=3168"},{"taxonomy":"pa_bo-nho-trong","embeddable":true,"href":"https:\/\/vietbee.com\/en\/wp-json\/wp\/v2\/pa_bo-nho-trong?post=3168"},{"taxonomy":"pa_bo-vi-xu-ly","embeddable":true,"href":"https:\/\/vietbee.com\/en\/wp-json\/wp\/v2\/pa_bo-vi-xu-ly?post=3168"},{"taxonomy":"pa_do-dai","embeddable":true,"href":"https:\/\/vietbee.com\/en\/wp-json\/wp\/v2\/pa_do-dai?post=3168"},{"taxonomy":"pa_do-phan-giai","embeddable":true,"href":"https:\/\/vietbee.com\/en\/wp-json\/wp\/v2\/pa_do-phan-giai?post=3168"},{"taxonomy":"pa_hang-san-xuat","embeddable":true,"href":"https:\/\/vietbee.com\/en\/wp-json\/wp\/v2\/pa_hang-san-xuat?post=3168"},{"taxonomy":"pa_kich-thuoc-man-hinh","embeddable":true,"href":"https:\/\/vietbee.com\/en\/wp-json\/wp\/v2\/pa_kich-thuoc-man-hinh?post=3168"},{"taxonomy":"pa_micro-thu-am","embeddable":true,"href":"https:\/\/vietbee.com\/en\/wp-json\/wp\/v2\/pa_micro-thu-am?post=3168"},{"taxonomy":"pa_nha-thong-minh-rang-dong","embeddable":true,"href":"https:\/\/vietbee.com\/en\/wp-json\/wp\/v2\/pa_nha-thong-minh-rang-dong?post=3168"},{"taxonomy":"pa_o-cung","embeddable":true,"href":"https:\/\/vietbee.com\/en\/wp-json\/wp\/v2\/pa_o-cung?post=3168"},{"taxonomy":"pa_ong-kinh","embeddable":true,"href":"https:\/\/vietbee.com\/en\/wp-json\/wp\/v2\/pa_ong-kinh?post=3168"},{"taxonomy":"pa_poe","embeddable":true,"href":"https:\/\/vietbee.com\/en\/wp-json\/wp\/v2\/pa_poe?post=3168"},{"taxonomy":"pa_ports","embeddable":true,"href":"https:\/\/vietbee.com\/en\/wp-json\/wp\/v2\/pa_ports?post=3168"},{"taxonomy":"pa_tam-quan-sat","embeddable":true,"href":"https:\/\/vietbee.com\/en\/wp-json\/wp\/v2\/pa_tam-quan-sat?post=3168"},{"taxonomy":"pa_theo-chuan","embeddable":true,"href":"https:\/\/vietbee.com\/en\/wp-json\/wp\/v2\/pa_theo-chuan?post=3168"}],"curies":[{"name":"wp","href":"https:\/\/api.w.org\/{rel}","templated":true}]}}