{"id":3002,"date":"2021-08-31T07:24:50","date_gmt":"2021-08-31T07:24:50","guid":{"rendered":"https:\/\/vietbee.com\/?post_type=product&#038;p=3002"},"modified":"2021-09-03T08:02:53","modified_gmt":"2021-09-03T08:02:53","slug":"may-tinh-de-ban-hp-prodesk-400g6_7yh46pa-core-i3-4gb-256gb-ssd","status":"publish","type":"product","link":"https:\/\/vietbee.com\/en\/product\/may-tinh-de-ban-hp-prodesk-400g6_7yh46pa-core-i3-4gb-256gb-ssd\/","title":{"rendered":"Desktop HP ProDesk 400G6_7YH46PA\/Core i3\/4Gb\/256GB SSD"},"content":{"rendered":"<table style=\"height: 696px;\" width=\"703\">\n<tbody>\n<tr>\n<td colspan=\"2\" width=\"621\"><span style=\"color: #282828; font-size: 140%;\"><strong>Specifications<\/strong><\/span><\/td>\n<\/tr>\n<tr>\n<td width=\"156\"><span style=\"color: #282828;\">Product<\/span><\/td>\n<td width=\"465\"><span style=\"color: #282828;\">Desktop<\/span><\/td>\n<\/tr>\n<tr>\n<td width=\"156\"><span style=\"color: #282828;\">Manufacturer<\/span><\/td>\n<td width=\"465\"><span style=\"color: #282828;\">HP<\/span><\/td>\n<\/tr>\n<tr>\n<td width=\"156\"><span style=\"color: #282828;\">Model<\/span><\/td>\n<td width=\"465\"><span style=\"color: #282828;\">ProDesk 400G6_7YH46PA<\/span><\/td>\n<\/tr>\n<tr>\n<td width=\"156\"><span style=\"color: #282828;\">Microprocessor<\/span><\/td>\n<td width=\"465\"><span style=\"color: #282828;\">Intel Core i3 9100 b\u1ed9 nh\u1edb \u0111\u1ec7m cache 6M, l\u00ean \u0111\u1ebfn 4,20 GHz<\/span><\/td>\n<\/tr>\n<tr>\n<td width=\"156\"><span style=\"color: #282828;\">Chipset<\/span><\/td>\n<td width=\"465\"><span style=\"color: #282828;\">Intel B360<\/span><\/td>\n<\/tr>\n<tr>\n<td width=\"156\"><span style=\"color: #282828;\">Graphics card<\/span><\/td>\n<td width=\"465\"><span style=\"color: #282828;\">VGA onboard<\/span><\/td>\n<\/tr>\n<tr>\n<td width=\"156\"><span style=\"color: #282828;\">Memory<\/span><\/td>\n<td width=\"465\"><span style=\"color: #282828;\">1 x 4GB DDR4, 2666 MHz (2 slots) Max 64GB<\/span><\/td>\n<\/tr>\n<tr>\n<td width=\"156\"><span style=\"color: #282828;\">Hard drive<\/span><\/td>\n<td width=\"465\"><span style=\"color: #282828;\">256GB SSD<\/span><\/td>\n<\/tr>\n<tr>\n<td width=\"156\"><span style=\"color: #282828;\">Network connection<\/span><\/td>\n<td width=\"465\"><span style=\"color: #282828;\">LAN: Intel\u00ae I210-T1 PCIe\u00ae GbE; Realtek RTL8111HSH-CG GbE<\/span><\/td>\n<\/tr>\n<tr>\n<td width=\"156\"><span style=\"color: #282828;\">Optical drive<\/span><\/td>\n<td width=\"465\"><span style=\"color: #282828;\">\u1ed4 \u0111\u0129a quang HP 9,5 mm Slim DVD-Writer<\/span><\/td>\n<\/tr>\n<tr>\n<td width=\"156\"><span style=\"color: #282828;\">Accessory<\/span><\/td>\n<td width=\"465\"><span style=\"color: #282828;\">Key\/mouse<\/span><\/td>\n<\/tr>\n<tr>\n<td width=\"156\"><span style=\"color: #282828;\">Expansion slots<\/span><\/td>\n<td width=\"465\"><span style=\"color: #282828;\">1 M.2 2230; 1 M.2 2230\/2280; 1 PCIe 3 x16; 2 PCIe 3 x1; M\u1ed9t \u0111\u1ea7u \u0111\u1ecdc th\u1ebb nh\u1edb 4 trong 1 (khe 1 M.2 2230 cho m\u1ea1ng WLAN v\u00e0 1 khe M.2 2230\/2280 \u0111\u1ec3 l\u01b0u tr\u1eef.)<\/span><\/td>\n<\/tr>\n<tr>\n<td rowspan=\"3\" width=\"156\"><span style=\"color: #282828;\">Port communication<\/span><\/td>\n<td width=\"465\"><span style=\"color: #282828;\">M\u1eb7t tr\u01b0\u1edbc: 1 \u0111\u1ea7u n\u1ed1i tai nghe; 2 USB 3.1 Gen 1<\/span><\/td>\n<\/tr>\n<tr>\n<td width=\"465\"><span style=\"color: #282828;\">Ph\u00eda sau: 1 \u00e2m thanh trong; 1 \u00e2m thanh ph\u00e1t ra; 1 DisplayPort \u2122 1.2; 1 \u0111\u1ea7u n\u1ed1i ngu\u1ed3n; 1 RJ-45; 1 VGA; 2 USB 3.1 Gen 1; 4 USB 2.0<\/span><\/td>\n<\/tr>\n<tr>\n<td width=\"465\"><span style=\"color: #282828;\">T\u00f9y ch\u1ecdn: 1 DisplayPort \u2122 1.2; 1 HDMI 2.0; 1 song song; K\u1ebft h\u1ee3p 1 c\u1ed5ng n\u1ed1i ti\u1ebfp v\u00e0 1 c\u1ed5ng n\u1ed1i ti\u1ebfp v\u00e0 PS \/ 2; 1 USB 3.1 Type-C \u2122 Gen 2 (DisplayPort \u2122); 1 VGA<\/span><\/td>\n<\/tr>\n<tr>\n<td width=\"156\"><span style=\"color: #282828;\">Operating system<\/span><\/td>\n<td width=\"465\"><span style=\"color: #282828;\">Dos<\/span><\/td>\n<\/tr>\n<tr>\n<td width=\"156\"><span style=\"color: #282828;\">Designs<\/span><\/td>\n<td width=\"465\"><span style=\"color: #282828;\">case \u0111\u01b0\u0301ng to<\/span><\/td>\n<\/tr>\n<tr>\n<td width=\"156\"><span style=\"color: #282828;\">Size<\/span><\/td>\n<td width=\"465\"><span style=\"color: #282828;\">16.992 x 27.406 x 33.782 cm (W x D x H)<\/span><\/td>\n<\/tr>\n<tr>\n<td width=\"156\"><span style=\"color: #282828;\">Weight<\/span><\/td>\n<td width=\"465\"><span style=\"color: #282828;\">5.14kg<\/span><\/td>\n<\/tr>\n<\/tbody>\n<\/table>","protected":false},"excerpt":{"rendered":"<ul>\n<li>Operating System: Windows 10 Home<\/li>\n<li>CPU: Intel Core i3 9100 6M cache, up to 4.20 GHz<\/li>\n<li>RAM: 1 x 4GB DDR4, 2666 MHz (2 slots) Max 64GB<\/li>\n<li>Hard Drive: 256GB SSD<\/li>\n<li>VGA: VGA onboard<\/li>\n<\/ul>\n","protected":false},"featured_media":2998,"template":"","meta":[],"product_brand":[],"product_cat":[249,250],"product_tag":[1328,1273,1249,1271,1252,1257,1036,1254,1276,1327,1274,1040,1250,1251,1256,1037,1272,1275,1255,1262],"pa_bo-nho-trong":[88],"pa_bo-vi-xu-ly":[96],"pa_do-dai":[],"pa_do-phan-giai":[],"pa_hang-san-xuat":[87],"pa_kich-thuoc-man-hinh":[],"pa_micro-thu-am":[],"pa_nha-thong-minh-rang-dong":[],"pa_o-cung":[1406],"pa_ong-kinh":[],"pa_poe":[],"pa_ports":[],"pa_tam-quan-sat":[],"pa_theo-chuan":[],"class_list":{"0":"post-3002","1":"product","2":"type-product","3":"status-publish","4":"has-post-thumbnail","6":"product_cat-may-tinh-laptop","7":"product_cat-may-tinh-de-ban","8":"product_tag-7yh46pa","9":"product_tag-computers","10":"product_tag-desktop","11":"product_tag-desktop-computers","12":"product_tag-desktop-hp","13":"product_tag-desktop-hp-prodesk","14":"product_tag-hp","15":"product_tag-hp-prodesk","16":"product_tag-hp-prodesk-400g6","17":"product_tag-hp-prodesk-400g6-7yh46pa","18":"product_tag-laptop","19":"product_tag-may-tinh","20":"product_tag-may-tinh-de-ban","21":"product_tag-may-tinh-de-ban-hp","22":"product_tag-may-tinh-de-ban-hp-prodesk","23":"product_tag-may-tinh-hp","24":"product_tag-may-tinh-laptop","25":"product_tag-prodesk-400g6","26":"product_tag-prodesk-hp","27":"product_tag-windows-10","28":"pa_bo-nho-trong-4gb","29":"pa_bo-vi-xu-ly-core-i3","30":"pa_hang-san-xuat-hp","31":"pa_o-cung-256gb","33":"first","34":"instock","35":"shipping-taxable","36":"product-type-simple"},"_links":{"self":[{"href":"https:\/\/vietbee.com\/en\/wp-json\/wp\/v2\/product\/3002","targetHints":{"allow":["GET"]}}],"collection":[{"href":"https:\/\/vietbee.com\/en\/wp-json\/wp\/v2\/product"}],"about":[{"href":"https:\/\/vietbee.com\/en\/wp-json\/wp\/v2\/types\/product"}],"wp:featuredmedia":[{"embeddable":true,"href":"https:\/\/vietbee.com\/en\/wp-json\/wp\/v2\/media\/2998"}],"wp:attachment":[{"href":"https:\/\/vietbee.com\/en\/wp-json\/wp\/v2\/media?parent=3002"}],"wp:term":[{"taxonomy":"product_brand","embeddable":true,"href":"https:\/\/vietbee.com\/en\/wp-json\/wp\/v2\/product_brand?post=3002"},{"taxonomy":"product_cat","embeddable":true,"href":"https:\/\/vietbee.com\/en\/wp-json\/wp\/v2\/product_cat?post=3002"},{"taxonomy":"product_tag","embeddable":true,"href":"https:\/\/vietbee.com\/en\/wp-json\/wp\/v2\/product_tag?post=3002"},{"taxonomy":"pa_bo-nho-trong","embeddable":true,"href":"https:\/\/vietbee.com\/en\/wp-json\/wp\/v2\/pa_bo-nho-trong?post=3002"},{"taxonomy":"pa_bo-vi-xu-ly","embeddable":true,"href":"https:\/\/vietbee.com\/en\/wp-json\/wp\/v2\/pa_bo-vi-xu-ly?post=3002"},{"taxonomy":"pa_do-dai","embeddable":true,"href":"https:\/\/vietbee.com\/en\/wp-json\/wp\/v2\/pa_do-dai?post=3002"},{"taxonomy":"pa_do-phan-giai","embeddable":true,"href":"https:\/\/vietbee.com\/en\/wp-json\/wp\/v2\/pa_do-phan-giai?post=3002"},{"taxonomy":"pa_hang-san-xuat","embeddable":true,"href":"https:\/\/vietbee.com\/en\/wp-json\/wp\/v2\/pa_hang-san-xuat?post=3002"},{"taxonomy":"pa_kich-thuoc-man-hinh","embeddable":true,"href":"https:\/\/vietbee.com\/en\/wp-json\/wp\/v2\/pa_kich-thuoc-man-hinh?post=3002"},{"taxonomy":"pa_micro-thu-am","embeddable":true,"href":"https:\/\/vietbee.com\/en\/wp-json\/wp\/v2\/pa_micro-thu-am?post=3002"},{"taxonomy":"pa_nha-thong-minh-rang-dong","embeddable":true,"href":"https:\/\/vietbee.com\/en\/wp-json\/wp\/v2\/pa_nha-thong-minh-rang-dong?post=3002"},{"taxonomy":"pa_o-cung","embeddable":true,"href":"https:\/\/vietbee.com\/en\/wp-json\/wp\/v2\/pa_o-cung?post=3002"},{"taxonomy":"pa_ong-kinh","embeddable":true,"href":"https:\/\/vietbee.com\/en\/wp-json\/wp\/v2\/pa_ong-kinh?post=3002"},{"taxonomy":"pa_poe","embeddable":true,"href":"https:\/\/vietbee.com\/en\/wp-json\/wp\/v2\/pa_poe?post=3002"},{"taxonomy":"pa_ports","embeddable":true,"href":"https:\/\/vietbee.com\/en\/wp-json\/wp\/v2\/pa_ports?post=3002"},{"taxonomy":"pa_tam-quan-sat","embeddable":true,"href":"https:\/\/vietbee.com\/en\/wp-json\/wp\/v2\/pa_tam-quan-sat?post=3002"},{"taxonomy":"pa_theo-chuan","embeddable":true,"href":"https:\/\/vietbee.com\/en\/wp-json\/wp\/v2\/pa_theo-chuan?post=3002"}],"curies":[{"name":"wp","href":"https:\/\/api.w.org\/{rel}","templated":true}]}}