{"id":2911,"date":"2021-07-26T10:25:27","date_gmt":"2021-07-26T10:25:27","guid":{"rendered":"http:\/\/vietbee.com\/?post_type=product&#038;p=2911"},"modified":"2021-08-08T15:43:09","modified_gmt":"2021-08-08T15:43:09","slug":"cbs350-8fp-e-2g-eu","status":"publish","type":"product","link":"https:\/\/vietbee.com\/en\/product\/cbs350-8fp-e-2g-eu\/","title":{"rendered":"CBS350-8FP-E-2G-EU"},"content":{"rendered":"<table width=\"766\">\n<tbody>\n<tr>\n<td width=\"383\">\n<h3><strong>Specifications<\/strong><\/h3>\n<\/td>\n<td width=\"383\"><\/td>\n<\/tr>\n<tr>\n<td colspan=\"2\" width=\"766\"><strong>Performance<\/strong><\/td>\n<\/tr>\n<tr>\n<td width=\"383\">Capacity in Millions of Packets per Second (mpps) (64-byte packets)<\/td>\n<td width=\"383\">14.88<\/td>\n<\/tr>\n<tr>\n<td width=\"383\">Switching Capacity in Gigabits per Second (Gbps)<\/td>\n<td width=\"383\">20<\/td>\n<\/tr>\n<tr>\n<td rowspan=\"24\" width=\"383\">Layer 2 Switching<\/td>\n<td width=\"383\">Spanning Tree Protocol<\/td>\n<\/tr>\n<tr>\n<td width=\"383\">Port grouping\/link aggregation<\/td>\n<\/tr>\n<tr>\n<td width=\"383\">&#8211; Up to 8 groups<\/td>\n<\/tr>\n<tr>\n<td width=\"383\">&#8211;\u00a0Up to 8 ports per group with 16 candidate ports for each (dynamic) 802.3ad link aggregation\u200bVLAN<\/td>\n<\/tr>\n<tr>\n<td width=\"383\">-Support for up to 4,094 VLANs simultaneously<\/td>\n<\/tr>\n<tr>\n<td width=\"383\">-Port-based and 802.1Q tag-based VLANs; MAC-based VLAN; protocol-based VLAN; IP subnet-based VLAN<\/td>\n<\/tr>\n<tr>\n<td width=\"383\">-Management VLAN<\/td>\n<\/tr>\n<tr>\n<td width=\"383\">-Private VLAN with promiscuous, isolated, and community port<\/td>\n<\/tr>\n<tr>\n<td width=\"383\">-Private VLAN Edge (PVE), also known as protected ports, with multiple uplinks<\/td>\n<\/tr>\n<tr>\n<td width=\"383\">-Guest VLAN, unauthenticated VLAN<\/td>\n<\/tr>\n<tr>\n<td width=\"383\">-Dynamic VLAN assignment via RADIUS server along with 802.1x client authentication<\/td>\n<\/tr>\n<tr>\n<td width=\"383\">-CPE VLAN<\/td>\n<\/tr>\n<tr>\n<td width=\"383\">Voice VLAN<\/td>\n<\/tr>\n<tr>\n<td width=\"383\">Multicast TV VLAN<\/td>\n<\/tr>\n<tr>\n<td width=\"383\">VLAN Translation<\/td>\n<\/tr>\n<tr>\n<td width=\"383\">Q-in-Q<\/td>\n<\/tr>\n<tr>\n<td width=\"383\">Selective Q-in-Q<\/td>\n<\/tr>\n<tr>\n<td width=\"383\">Generic VLAN Registration Protocol (GVRP)\/Generic Attribute Registration Protocol (GARP)<\/td>\n<\/tr>\n<tr>\n<td width=\"383\">Unidirectional Link Detection (UDLD)<\/td>\n<\/tr>\n<tr>\n<td width=\"383\">Dynamic Host Configuration Protocol (DHCP) Relay at Layer 2<\/td>\n<\/tr>\n<tr>\n<td width=\"383\">Internet Group Management Protocol (IGMP) versions 1, 2, and 3 snooping<\/td>\n<\/tr>\n<tr>\n<td width=\"383\">IGMP Querier<\/td>\n<\/tr>\n<tr>\n<td width=\"383\">Head-of-Line (HOL) blocking<\/td>\n<\/tr>\n<tr>\n<td width=\"383\">Loopback DetectioN<\/td>\n<\/tr>\n<tr>\n<td rowspan=\"11\" width=\"383\"><strong>Layer 3<\/strong><\/td>\n<td width=\"383\">IPv4 routing<\/td>\n<\/tr>\n<tr>\n<td width=\"383\">-Wirespeed routing of IPv4 packets<\/td>\n<\/tr>\n<tr>\n<td width=\"383\">-Up to 990 static routes and up to 128 IP interfaces<\/td>\n<\/tr>\n<tr>\n<td width=\"383\">IPv6 routing<\/td>\n<\/tr>\n<tr>\n<td width=\"383\">Layer 3 Interface<\/td>\n<\/tr>\n<tr>\n<td width=\"383\">-Configuration of Layer 3 interface on physical port, Link Aggregation (LAG), VLAN interface, or loopback interface<\/td>\n<\/tr>\n<tr>\n<td width=\"383\">Classless Interdomain Routing (CIDR)<\/td>\n<\/tr>\n<tr>\n<td width=\"383\">Policy-Based Routing (PBR)<\/td>\n<\/tr>\n<tr>\n<td width=\"383\">DHCP Server<\/td>\n<\/tr>\n<tr>\n<td width=\"383\">DHCP relay at Layer 3<\/td>\n<\/tr>\n<tr>\n<td width=\"383\">User Datagram Protocol (UDP) relay<\/td>\n<\/tr>\n<tr>\n<td rowspan=\"23\" width=\"383\"><strong>Security<\/strong><\/td>\n<td width=\"383\">Secure Shell (SSH) Protocol<\/td>\n<\/tr>\n<tr>\n<td width=\"383\">Secure Sockets Layer (SSL)<\/td>\n<\/tr>\n<tr>\n<td width=\"383\">IEEE 802.1X (Authenticator\u00a0role)<\/td>\n<\/tr>\n<tr>\n<td width=\"383\">Web-based authentication<\/td>\n<\/tr>\n<tr>\n<td width=\"383\">STP Bridge Protocol Data Unit (BPDU) Guard<\/td>\n<\/tr>\n<tr>\n<td width=\"383\">STP Root Guard<\/td>\n<\/tr>\n<tr>\n<td width=\"383\">STP loopback guard<\/td>\n<\/tr>\n<tr>\n<td width=\"383\">DHCP snooping<\/td>\n<\/tr>\n<tr>\n<td width=\"383\">IP Source Guard (IPSG)<\/td>\n<\/tr>\n<tr>\n<td width=\"383\">Dynamic ARP Inspection (DAI)<\/td>\n<\/tr>\n<tr>\n<td width=\"383\">IP\/MAC\/Port Binding (IPMB)<\/td>\n<\/tr>\n<tr>\n<td width=\"383\">Secure Core Technology (SCT)<\/td>\n<\/tr>\n<tr>\n<td width=\"383\">Secure Sensitive Data (SSD)<\/td>\n<\/tr>\n<tr>\n<td width=\"383\">Trustworthy systems<\/td>\n<\/tr>\n<tr>\n<td width=\"383\">Private VLAN<\/td>\n<\/tr>\n<tr>\n<td width=\"383\">Layer 2 isolation Private VLAN Edge (PVE) with community VLAN<\/td>\n<\/tr>\n<tr>\n<td width=\"383\">Port security<\/td>\n<\/tr>\n<tr>\n<td width=\"383\">RADIUS\/TACACS+<\/td>\n<\/tr>\n<tr>\n<td width=\"383\">RADIUS accounting<\/td>\n<\/tr>\n<tr>\n<td width=\"383\">Storm control<\/td>\n<\/tr>\n<tr>\n<td width=\"383\">DoS prevention<\/td>\n<\/tr>\n<tr>\n<td width=\"383\">Multiple user privilege levels in CLI<\/td>\n<\/tr>\n<tr>\n<td width=\"383\">ACLs\u00a0Support for up to 1,024 rules<\/td>\n<\/tr>\n<tr>\n<td rowspan=\"20\" width=\"383\"><strong>Management<\/strong><\/td>\n<td width=\"383\">Web user interface<\/td>\n<\/tr>\n<tr>\n<td width=\"383\">SNMP<\/td>\n<\/tr>\n<tr>\n<td width=\"383\">Remote Monitoring (RMON)<\/td>\n<\/tr>\n<tr>\n<td width=\"383\">IPv4 and IPv6 dual stack<\/td>\n<\/tr>\n<tr>\n<td width=\"383\">Firmware upgrade<\/td>\n<\/tr>\n<tr>\n<td width=\"383\">Port mirroring<\/td>\n<\/tr>\n<tr>\n<td width=\"383\">VLAN mirroring<\/td>\n<\/tr>\n<tr>\n<td width=\"383\">DHCP (options 12, 66, 67, 82, 129, and 150)<\/td>\n<\/tr>\n<tr>\n<td width=\"383\">Secure Copy (SCP)<\/td>\n<\/tr>\n<tr>\n<td width=\"383\">Autoconfiguration with Secure Copy (SCP) file download<\/td>\n<\/tr>\n<tr>\n<td width=\"383\">Text-editable config files<\/td>\n<\/tr>\n<tr>\n<td width=\"383\">Smartports<\/td>\n<\/tr>\n<tr>\n<td width=\"383\">Auto Smartports<\/td>\n<\/tr>\n<tr>\n<td width=\"383\">Textview CLI<\/td>\n<\/tr>\n<tr>\n<td width=\"383\">Cloud services<\/td>\n<\/tr>\n<tr>\n<td width=\"383\">Embedded Probe for Cisco Business Dashboard<\/td>\n<\/tr>\n<tr>\n<td width=\"383\">Cisco Network Plug and Play (PnP) agent<\/td>\n<\/tr>\n<tr>\n<td width=\"383\">Localization<\/td>\n<\/tr>\n<tr>\n<td width=\"383\">Login banner<\/td>\n<\/tr>\n<tr>\n<td width=\"383\">Other management<\/td>\n<\/tr>\n<tr>\n<td colspan=\"2\" width=\"766\"><strong>Power over Ethernet (PoE)<\/strong><\/td>\n<\/tr>\n<tr>\n<td width=\"383\">Power Dedicated to PoE<\/td>\n<td width=\"383\">120W<\/td>\n<\/tr>\n<tr>\n<td width=\"383\">Number of Ports That Support PoE<\/td>\n<td width=\"383\">8<\/td>\n<\/tr>\n<tr>\n<td colspan=\"2\" width=\"766\"><strong>Power consumption<\/strong><\/td>\n<\/tr>\n<tr>\n<td rowspan=\"2\" width=\"383\">System Power Consumption<\/td>\n<td width=\"383\">110V=17.07W<\/td>\n<\/tr>\n<tr>\n<td width=\"383\">\u200b220V=16.68W<\/td>\n<\/tr>\n<tr>\n<td rowspan=\"2\" width=\"383\">Power Consumption (with PoE)<\/td>\n<td width=\"383\">110V=148.12W<\/td>\n<\/tr>\n<tr>\n<td width=\"383\">220V=146.36W<\/td>\n<\/tr>\n<tr>\n<td width=\"383\">Heat Dissipation (BTU\/hr)<\/td>\n<td width=\"383\">503.22<\/td>\n<\/tr>\n<tr>\n<td colspan=\"2\" width=\"766\"><strong>Hardware<\/strong><\/td>\n<\/tr>\n<tr>\n<td width=\"383\">Total System Ports<\/td>\n<td width=\"383\">10 Gigabit Ethernet<\/td>\n<\/tr>\n<tr>\n<td width=\"383\">RJ-45 Ports<\/td>\n<td width=\"383\">8 Gigabit Ethernet<\/td>\n<\/tr>\n<tr>\n<td width=\"383\">Combo Ports(RJ 45 + Small form-factor pluggable [SFP])<\/td>\n<td width=\"383\">2 Gigabit Ethernet combo<\/td>\n<\/tr>\n<tr>\n<td width=\"383\">Console port<\/td>\n<td width=\"383\">Cisco Standard mini USB Type-B \/ RJ45 console port<\/td>\n<\/tr>\n<tr>\n<td width=\"383\">USB slot<\/td>\n<td width=\"383\">USB Type-A slot on the front panel of the switch for easy file and image management<\/td>\n<\/tr>\n<tr>\n<td width=\"383\">Buttons<\/td>\n<td width=\"383\">Reset button<\/td>\n<\/tr>\n<tr>\n<td width=\"383\">Cabling type<\/td>\n<td width=\"383\">Unshielded Twisted Pair (UTP) Category 5e or better for 1000BASE-T<\/td>\n<\/tr>\n<tr>\n<td width=\"383\">LEDs<\/td>\n<td width=\"383\">System, Link\/Act, PoE, Speed<\/td>\n<\/tr>\n<tr>\n<td width=\"383\">Flash<\/td>\n<td width=\"383\">256 MB<\/td>\n<\/tr>\n<tr>\n<td width=\"383\">CPU<\/td>\n<td width=\"383\">800 MHz ARM<\/td>\n<\/tr>\n<tr>\n<td width=\"383\">Packet buffer<\/td>\n<td width=\"383\">1.5 MB<\/td>\n<\/tr>\n<tr>\n<td colspan=\"2\" width=\"766\"><strong>Environmental<\/strong><\/td>\n<\/tr>\n<tr>\n<td width=\"383\">Unit dimensions\u00a0(W x H x D)<\/td>\n<td width=\"383\">268 x 185 x 44 mm (10.56 x 7.28 x 1.73 in)<\/td>\n<\/tr>\n<tr>\n<td width=\"383\">Unit weight<\/td>\n<td width=\"383\">3.5 kg (7.72 lb)<\/td>\n<\/tr>\n<tr>\n<td width=\"383\">Power<\/td>\n<td width=\"383\">100-240V 50-60 Hz, external<\/td>\n<\/tr>\n<tr>\n<td width=\"383\">Certification<\/td>\n<td width=\"383\">23\u00b0 to 122\u00b0F (-5\u00b0 to 50\u00b0C)<\/td>\n<\/tr>\n<tr>\n<td width=\"383\">Storage temperature<\/td>\n<td width=\"383\">-13\u00b0 to 158\u00b0F (-25\u00b0 to 70\u00b0C)<\/td>\n<\/tr>\n<tr>\n<td width=\"383\">Operating humidity<\/td>\n<td width=\"383\">10% to 90%, relative, noncondensing<\/td>\n<\/tr>\n<tr>\n<td width=\"383\">Storage humidity<\/td>\n<td width=\"383\">10% to 90%, relative, noncondensing<\/td>\n<\/tr>\n<tr>\n<td colspan=\"2\" width=\"766\"><strong>Acoustic noise and Mean Time Between Failure (MTBF)<\/strong><\/td>\n<\/tr>\n<tr>\n<td width=\"383\">FAN<\/td>\n<td width=\"383\">Fanless<\/td>\n<\/tr>\n<tr>\n<td width=\"383\">Acoustic Noise<\/td>\n<td width=\"383\">N\/A<\/td>\n<\/tr>\n<tr>\n<td width=\"383\">MTBF at 25\u00b0C (hours)<\/td>\n<td width=\"383\">1,706,649<\/td>\n<\/tr>\n<\/tbody>\n<\/table>\n<p>&nbsp;<\/p>\n","protected":false},"excerpt":{"rendered":"<p>Thi\u1ebft b\u1ecb chuy\u1ec3n m\u1ea1ch CBS350-8FP-E-2G-EU l\u00e0 l\u00e0 m\u1ed9t ph\u1ea7n c\u1ee7a d\u00f2ng gi\u1ea3i ph\u00e1p m\u1ea1ng cho doanh nghi\u1ec7p, c\u00f3 th\u1ec3 qu\u1ea3n l\u00fd b\u1eb1ng console ho\u1eb7c WEB. S\u1ea3n ph\u1ea9m s\u1eed d\u1ee5ng ngu\u1ed3n ngo\u00e0i, b\u1ea3ng \u0111i\u1ec1u khi\u1ec3n tr\u1ef1c quan \u0111\u01a1n gi\u1ea3n h\u00f3a thi\u1ebft l\u1eadp v\u00e0 c\u00e1c t\u00ednh n\u0103ng n\u00e2ng cao gi\u00fap t\u0103ng t\u1ed1c \u0111\u1ed9 chuy\u1ec3n m\u1ea1ch, b\u1ea3o m\u1eadt.<\/p>\n","protected":false},"featured_media":2912,"template":"","meta":[],"product_brand":[],"product_cat":[45,32],"product_tag":[1234,1244,1236,1122,1237,1245],"pa_bo-nho-trong":[],"pa_bo-vi-xu-ly":[],"pa_do-dai":[],"pa_do-phan-giai":[],"pa_hang-san-xuat":[99],"pa_kich-thuoc-man-hinh":[],"pa_micro-thu-am":[],"pa_nha-thong-minh-rang-dong":[],"pa_o-cung":[],"pa_ong-kinh":[],"pa_poe":[1061],"pa_ports":[1069],"pa_tam-quan-sat":[],"pa_theo-chuan":[],"class_list":{"0":"post-2911","1":"product","2":"type-product","3":"status-publish","4":"has-post-thumbnail","6":"product_cat-thiet-bi-mang","7":"product_cat-hubs-switches","8":"product_tag-bo-chuyen-mach","9":"product_tag-cbs350-8fp-e-2g-eu","10":"product_tag-hub","11":"product_tag-switch","12":"product_tag-thiet-bi-chuyen-mach","13":"product_tag-thiet-bi-mach","14":"pa_hang-san-xuat-cisco","15":"pa_poe-co","16":"pa_ports-1069","18":"first","19":"instock","20":"shipping-taxable","21":"product-type-simple"},"_links":{"self":[{"href":"https:\/\/vietbee.com\/en\/wp-json\/wp\/v2\/product\/2911","targetHints":{"allow":["GET"]}}],"collection":[{"href":"https:\/\/vietbee.com\/en\/wp-json\/wp\/v2\/product"}],"about":[{"href":"https:\/\/vietbee.com\/en\/wp-json\/wp\/v2\/types\/product"}],"wp:featuredmedia":[{"embeddable":true,"href":"https:\/\/vietbee.com\/en\/wp-json\/wp\/v2\/media\/2912"}],"wp:attachment":[{"href":"https:\/\/vietbee.com\/en\/wp-json\/wp\/v2\/media?parent=2911"}],"wp:term":[{"taxonomy":"product_brand","embeddable":true,"href":"https:\/\/vietbee.com\/en\/wp-json\/wp\/v2\/product_brand?post=2911"},{"taxonomy":"product_cat","embeddable":true,"href":"https:\/\/vietbee.com\/en\/wp-json\/wp\/v2\/product_cat?post=2911"},{"taxonomy":"product_tag","embeddable":true,"href":"https:\/\/vietbee.com\/en\/wp-json\/wp\/v2\/product_tag?post=2911"},{"taxonomy":"pa_bo-nho-trong","embeddable":true,"href":"https:\/\/vietbee.com\/en\/wp-json\/wp\/v2\/pa_bo-nho-trong?post=2911"},{"taxonomy":"pa_bo-vi-xu-ly","embeddable":true,"href":"https:\/\/vietbee.com\/en\/wp-json\/wp\/v2\/pa_bo-vi-xu-ly?post=2911"},{"taxonomy":"pa_do-dai","embeddable":true,"href":"https:\/\/vietbee.com\/en\/wp-json\/wp\/v2\/pa_do-dai?post=2911"},{"taxonomy":"pa_do-phan-giai","embeddable":true,"href":"https:\/\/vietbee.com\/en\/wp-json\/wp\/v2\/pa_do-phan-giai?post=2911"},{"taxonomy":"pa_hang-san-xuat","embeddable":true,"href":"https:\/\/vietbee.com\/en\/wp-json\/wp\/v2\/pa_hang-san-xuat?post=2911"},{"taxonomy":"pa_kich-thuoc-man-hinh","embeddable":true,"href":"https:\/\/vietbee.com\/en\/wp-json\/wp\/v2\/pa_kich-thuoc-man-hinh?post=2911"},{"taxonomy":"pa_micro-thu-am","embeddable":true,"href":"https:\/\/vietbee.com\/en\/wp-json\/wp\/v2\/pa_micro-thu-am?post=2911"},{"taxonomy":"pa_nha-thong-minh-rang-dong","embeddable":true,"href":"https:\/\/vietbee.com\/en\/wp-json\/wp\/v2\/pa_nha-thong-minh-rang-dong?post=2911"},{"taxonomy":"pa_o-cung","embeddable":true,"href":"https:\/\/vietbee.com\/en\/wp-json\/wp\/v2\/pa_o-cung?post=2911"},{"taxonomy":"pa_ong-kinh","embeddable":true,"href":"https:\/\/vietbee.com\/en\/wp-json\/wp\/v2\/pa_ong-kinh?post=2911"},{"taxonomy":"pa_poe","embeddable":true,"href":"https:\/\/vietbee.com\/en\/wp-json\/wp\/v2\/pa_poe?post=2911"},{"taxonomy":"pa_ports","embeddable":true,"href":"https:\/\/vietbee.com\/en\/wp-json\/wp\/v2\/pa_ports?post=2911"},{"taxonomy":"pa_tam-quan-sat","embeddable":true,"href":"https:\/\/vietbee.com\/en\/wp-json\/wp\/v2\/pa_tam-quan-sat?post=2911"},{"taxonomy":"pa_theo-chuan","embeddable":true,"href":"https:\/\/vietbee.com\/en\/wp-json\/wp\/v2\/pa_theo-chuan?post=2911"}],"curies":[{"name":"wp","href":"https:\/\/api.w.org\/{rel}","templated":true}]}}