{"id":2908,"date":"2021-07-24T04:28:28","date_gmt":"2021-07-24T04:28:28","guid":{"rendered":"http:\/\/vietbee.com\/?post_type=product&#038;p=2908"},"modified":"2021-08-08T15:44:25","modified_gmt":"2021-08-08T15:44:25","slug":"cbs350-8p-e-2g-eu","status":"publish","type":"product","link":"https:\/\/vietbee.com\/en\/product\/cbs350-8p-e-2g-eu\/","title":{"rendered":"CBS350-8P-E-2G-EU"},"content":{"rendered":"<p>&nbsp;<\/p>\n<table width=\"770\">\n<tbody>\n<tr>\n<td width=\"386\">\n<h3><strong>Specifications<\/strong><\/h3>\n<\/td>\n<td width=\"384\"><\/td>\n<\/tr>\n<tr>\n<td colspan=\"2\" width=\"770\"><strong>Performance<\/strong><\/td>\n<\/tr>\n<tr>\n<td width=\"386\">Capacity in Millions of Packets per Second (mpps) (64-byte packets)<\/td>\n<td width=\"384\">14.88<\/td>\n<\/tr>\n<tr>\n<td width=\"386\">Switching Capacity in Gigabits per Second (Gbps)<\/td>\n<td width=\"384\">20<\/td>\n<\/tr>\n<tr>\n<td rowspan=\"24\" width=\"386\">Layer 2 Switching<\/td>\n<td width=\"384\">Spanning Tree Protocol<\/td>\n<\/tr>\n<tr>\n<td width=\"384\">Port grouping\/link aggregation<\/td>\n<\/tr>\n<tr>\n<td width=\"384\">&#8211; Up to 8 groups<\/td>\n<\/tr>\n<tr>\n<td width=\"384\">&#8211;\u00a0Up to 8 ports per group with 16 candidate ports for each (dynamic) 802.3ad link aggregation\u200bVLAN<\/td>\n<\/tr>\n<tr>\n<td width=\"384\">-Support for up to 4,094 VLANs simultaneously<\/td>\n<\/tr>\n<tr>\n<td width=\"384\">-Port-based and 802.1Q tag-based VLANs; MAC-based VLAN; protocol-based VLAN; IP subnet-based VLAN<\/td>\n<\/tr>\n<tr>\n<td width=\"384\">-Management VLAN<\/td>\n<\/tr>\n<tr>\n<td width=\"384\">-Private VLAN with promiscuous, isolated, and community port<\/td>\n<\/tr>\n<tr>\n<td width=\"384\">-Private VLAN Edge (PVE), also known as protected ports, with multiple uplinks<\/td>\n<\/tr>\n<tr>\n<td width=\"384\">-Guest VLAN, unauthenticated VLAN<\/td>\n<\/tr>\n<tr>\n<td width=\"384\">-Dynamic VLAN assignment via RADIUS server along with 802.1x client authentication<\/td>\n<\/tr>\n<tr>\n<td width=\"384\">-CPE VLAN<\/td>\n<\/tr>\n<tr>\n<td width=\"384\">Voice VLAN<\/td>\n<\/tr>\n<tr>\n<td width=\"384\">Multicast TV VLAN<\/td>\n<\/tr>\n<tr>\n<td width=\"384\">VLAN Translation<\/td>\n<\/tr>\n<tr>\n<td width=\"384\">Q-in-Q<\/td>\n<\/tr>\n<tr>\n<td width=\"384\">Selective Q-in-Q<\/td>\n<\/tr>\n<tr>\n<td width=\"384\">Generic VLAN Registration Protocol (GVRP)\/Generic Attribute Registration Protocol (GARP)<\/td>\n<\/tr>\n<tr>\n<td width=\"384\">Unidirectional Link Detection (UDLD)<\/td>\n<\/tr>\n<tr>\n<td width=\"384\">Dynamic Host Configuration Protocol (DHCP) Relay at Layer 2<\/td>\n<\/tr>\n<tr>\n<td width=\"384\">Internet Group Management Protocol (IGMP) versions 1, 2, and 3 snooping<\/td>\n<\/tr>\n<tr>\n<td width=\"384\">IGMP Querier<\/td>\n<\/tr>\n<tr>\n<td width=\"384\">Head-of-Line (HOL) blocking<\/td>\n<\/tr>\n<tr>\n<td width=\"384\">Loopback DetectioN<\/td>\n<\/tr>\n<tr>\n<td rowspan=\"11\" width=\"386\"><strong>Layer 3<\/strong><\/td>\n<td width=\"384\">IPv4 routing<\/td>\n<\/tr>\n<tr>\n<td width=\"384\">-Wirespeed routing of IPv4 packets<\/td>\n<\/tr>\n<tr>\n<td width=\"384\">-Up to 990 static routes and up to 128 IP interfaces<\/td>\n<\/tr>\n<tr>\n<td width=\"384\">IPv6 routing<\/td>\n<\/tr>\n<tr>\n<td width=\"384\">Layer 3 Interface<\/td>\n<\/tr>\n<tr>\n<td width=\"384\">-Configuration of Layer 3 interface on physical port, Link Aggregation (LAG), VLAN interface, or loopback interface<\/td>\n<\/tr>\n<tr>\n<td width=\"384\">Classless Interdomain Routing (CIDR)<\/td>\n<\/tr>\n<tr>\n<td width=\"384\">Policy-Based Routing (PBR)<\/td>\n<\/tr>\n<tr>\n<td width=\"384\">DHCP Server<\/td>\n<\/tr>\n<tr>\n<td width=\"384\">DHCP relay at Layer 3<\/td>\n<\/tr>\n<tr>\n<td width=\"384\">User Datagram Protocol (UDP) relay<\/td>\n<\/tr>\n<tr>\n<td rowspan=\"23\" width=\"386\"><strong>Security<\/strong><\/td>\n<td width=\"384\">Secure Shell (SSH) Protocol<\/td>\n<\/tr>\n<tr>\n<td width=\"384\">Secure Sockets Layer (SSL)<\/td>\n<\/tr>\n<tr>\n<td width=\"384\">IEEE 802.1X (Authenticator\u00a0role)<\/td>\n<\/tr>\n<tr>\n<td width=\"384\">Web-based authentication<\/td>\n<\/tr>\n<tr>\n<td width=\"384\">STP Bridge Protocol Data Unit (BPDU) Guard<\/td>\n<\/tr>\n<tr>\n<td width=\"384\">STP Root Guard<\/td>\n<\/tr>\n<tr>\n<td width=\"384\">STP loopback guard<\/td>\n<\/tr>\n<tr>\n<td width=\"384\">DHCP snooping<\/td>\n<\/tr>\n<tr>\n<td width=\"384\">IP Source Guard (IPSG)<\/td>\n<\/tr>\n<tr>\n<td width=\"384\">Dynamic ARP Inspection (DAI)<\/td>\n<\/tr>\n<tr>\n<td width=\"384\">IP\/MAC\/Port Binding (IPMB)<\/td>\n<\/tr>\n<tr>\n<td width=\"384\">Secure Core Technology (SCT)<\/td>\n<\/tr>\n<tr>\n<td width=\"384\">Secure Sensitive Data (SSD)<\/td>\n<\/tr>\n<tr>\n<td width=\"384\">Trustworthy systems<\/td>\n<\/tr>\n<tr>\n<td width=\"384\">Private VLAN<\/td>\n<\/tr>\n<tr>\n<td width=\"384\">Layer 2 isolation Private VLAN Edge (PVE) with community VLAN<\/td>\n<\/tr>\n<tr>\n<td width=\"384\">Port security<\/td>\n<\/tr>\n<tr>\n<td width=\"384\">RADIUS\/TACACS+<\/td>\n<\/tr>\n<tr>\n<td width=\"384\">RADIUS accounting<\/td>\n<\/tr>\n<tr>\n<td width=\"384\">Storm control<\/td>\n<\/tr>\n<tr>\n<td width=\"384\">DoS prevention<\/td>\n<\/tr>\n<tr>\n<td width=\"384\">Multiple user privilege levels in CLI<\/td>\n<\/tr>\n<tr>\n<td width=\"384\">ACLs\u00a0Support for up to 1,024 rules<\/td>\n<\/tr>\n<tr>\n<td rowspan=\"20\" width=\"386\"><strong>Management<\/strong><\/td>\n<td width=\"384\">Web user interface<\/td>\n<\/tr>\n<tr>\n<td width=\"384\">SNMP<\/td>\n<\/tr>\n<tr>\n<td width=\"384\">Remote Monitoring (RMON)<\/td>\n<\/tr>\n<tr>\n<td width=\"384\">IPv4 and IPv6 dual stack<\/td>\n<\/tr>\n<tr>\n<td width=\"384\">Firmware upgrade<\/td>\n<\/tr>\n<tr>\n<td width=\"384\">Port mirroring<\/td>\n<\/tr>\n<tr>\n<td width=\"384\">VLAN mirroring<\/td>\n<\/tr>\n<tr>\n<td width=\"384\">DHCP (options 12, 66, 67, 82, 129, and 150)<\/td>\n<\/tr>\n<tr>\n<td width=\"384\">Secure Copy (SCP)<\/td>\n<\/tr>\n<tr>\n<td width=\"384\">Autoconfiguration with Secure Copy (SCP) file download<\/td>\n<\/tr>\n<tr>\n<td width=\"384\">Text-editable config files<\/td>\n<\/tr>\n<tr>\n<td width=\"384\">Smartports<\/td>\n<\/tr>\n<tr>\n<td width=\"384\">Auto Smartports<\/td>\n<\/tr>\n<tr>\n<td width=\"384\">Textview CLI<\/td>\n<\/tr>\n<tr>\n<td width=\"384\">Cloud services<\/td>\n<\/tr>\n<tr>\n<td width=\"384\">Embedded Probe for Cisco Business Dashboard<\/td>\n<\/tr>\n<tr>\n<td width=\"384\">Cisco Network Plug and Play (PnP) agent<\/td>\n<\/tr>\n<tr>\n<td width=\"384\">Localization<\/td>\n<\/tr>\n<tr>\n<td width=\"384\">Login banner<\/td>\n<\/tr>\n<tr>\n<td width=\"384\">Other management<\/td>\n<\/tr>\n<tr>\n<td colspan=\"2\" width=\"770\"><strong>Power over Ethernet (PoE)<\/strong><\/td>\n<\/tr>\n<tr>\n<td width=\"386\">Power Dedicated to PoE<\/td>\n<td width=\"384\">67W<\/td>\n<\/tr>\n<tr>\n<td width=\"386\">Number of Ports That Support PoE<\/td>\n<td width=\"384\">8<\/td>\n<\/tr>\n<tr>\n<td colspan=\"2\" width=\"770\"><strong>Power consumption<\/strong><\/td>\n<\/tr>\n<tr>\n<td rowspan=\"2\" width=\"386\">System Power Consumption<\/td>\n<td width=\"384\">110V=13.84W<\/td>\n<\/tr>\n<tr>\n<td width=\"384\">\u200b220V=14.31W<\/td>\n<\/tr>\n<tr>\n<td rowspan=\"2\" width=\"386\">Power Consumption (with PoE)<\/td>\n<td width=\"384\">110V=80.79W<\/td>\n<\/tr>\n<tr>\n<td width=\"384\">220V=80.86W<\/td>\n<\/tr>\n<tr>\n<td width=\"386\">Heat Dissipation (BTU\/hr)<\/td>\n<td width=\"384\">275.91<\/td>\n<\/tr>\n<tr>\n<td colspan=\"2\" width=\"770\"><strong>Hardware<\/strong><\/td>\n<\/tr>\n<tr>\n<td width=\"386\">Total System Ports<\/td>\n<td width=\"384\">10 Gigabit Ethernet<\/td>\n<\/tr>\n<tr>\n<td width=\"386\">RJ-45 Ports<\/td>\n<td width=\"384\">8 Gigabit Ethernet<\/td>\n<\/tr>\n<tr>\n<td width=\"386\">Combo Ports(RJ 45 + Small form-factor pluggable [SFP])<\/td>\n<td width=\"384\">2 Gigabit Ethernet combo<\/td>\n<\/tr>\n<tr>\n<td width=\"386\">Console port<\/td>\n<td width=\"384\">Cisco Standard mini USB Type-B \/ RJ45 console port<\/td>\n<\/tr>\n<tr>\n<td width=\"386\">USB slot<\/td>\n<td width=\"384\">USB Type-A slot on the front panel of the switch for easy file and image management<\/td>\n<\/tr>\n<tr>\n<td width=\"386\">Buttons<\/td>\n<td width=\"384\">Reset button<\/td>\n<\/tr>\n<tr>\n<td width=\"386\">Cabling type<\/td>\n<td width=\"384\">Unshielded Twisted Pair (UTP) Category 5e or better for 1000BASE-T<\/td>\n<\/tr>\n<tr>\n<td width=\"386\">LEDs<\/td>\n<td width=\"384\">System, Link\/Act, PoE, Speed<\/td>\n<\/tr>\n<tr>\n<td width=\"386\">Flash<\/td>\n<td width=\"384\">256 MB<\/td>\n<\/tr>\n<tr>\n<td width=\"386\">CPU<\/td>\n<td width=\"384\">800 MHz ARM<\/td>\n<\/tr>\n<tr>\n<td width=\"386\">Packet buffer<\/td>\n<td width=\"384\">1.5 MB<\/td>\n<\/tr>\n<tr>\n<td colspan=\"2\" width=\"770\"><strong>Environmental<\/strong><\/td>\n<\/tr>\n<tr>\n<td width=\"386\">Unit dimensions\u00a0(W x H x D)<\/td>\n<td width=\"384\">268 x 185 x 44 mm (10.56 x 7.28 x 1.73 in)<\/td>\n<\/tr>\n<tr>\n<td width=\"386\">Unit weight<\/td>\n<td width=\"384\">3.5 kg (7.72 lb)<\/td>\n<\/tr>\n<tr>\n<td width=\"386\">Power<\/td>\n<td width=\"384\">100-240V 50-60 Hz, external<\/td>\n<\/tr>\n<tr>\n<td width=\"386\">Certification<\/td>\n<td width=\"384\">23\u00b0 to 122\u00b0F (-5\u00b0 to 50\u00b0C)<\/td>\n<\/tr>\n<tr>\n<td width=\"386\">Storage temperature<\/td>\n<td width=\"384\">-13\u00b0 to 158\u00b0F (-25\u00b0 to 70\u00b0C)<\/td>\n<\/tr>\n<tr>\n<td width=\"386\">Operating humidity<\/td>\n<td width=\"384\">10% to 90%, relative, noncondensing<\/td>\n<\/tr>\n<tr>\n<td width=\"386\">Storage humidity<\/td>\n<td width=\"384\">10% to 90%, relative, noncondensing<\/td>\n<\/tr>\n<tr>\n<td colspan=\"2\" width=\"770\"><strong>Acoustic noise and Mean Time Between Failure (MTBF)<\/strong><\/td>\n<\/tr>\n<tr>\n<td width=\"386\">FAN<\/td>\n<td width=\"384\">Fanless<\/td>\n<\/tr>\n<tr>\n<td width=\"386\">Acoustic Noise<\/td>\n<td width=\"384\">N\/A<\/td>\n<\/tr>\n<tr>\n<td width=\"386\">MTBF at 25\u00b0C (hours)<\/td>\n<td width=\"384\">1,706,649<\/td>\n<\/tr>\n<\/tbody>\n<\/table>\n<p>&nbsp;<\/p>\n","protected":false},"excerpt":{"rendered":"<p class=\"qtranxs-available-languages-message qtranxs-available-languages-message-en\">Sorry, this entry is only available in <a href=\"https:\/\/vietbee.com\/vi\/wp-json\/wp\/v2\/product\/2908\" class=\"qtranxs-available-language-link qtranxs-available-language-link-vi\" title=\"Ti\u1ebfng Vi\u1ec7t\">Ti\u1ebfng Vi\u1ec7t<\/a>. For the sake of viewer convenience, the content is shown below in the alternative language. You may click the link to switch the active language.<\/p>\n<p>Thi\u1ebft b\u1ecb chuy\u1ec3n m\u1ea1ch CBS350-8P-E-2G-EU l\u00e0 thi\u1ebft b\u1ecb chuy\u1ec3n m\u1ea1ch Ethernet \u0111\u01b0\u1ee3c qu\u1ea3n l\u00fd c\u1ea5u h\u00ecnh c\u1ed1 \u0111\u1ecbnh, s\u1eed d\u1ee5ng ngu\u1ed3n ngo\u00e0i. S\u1ea3n ph\u1ea9m n\u00e0y r\u1ea5t \u0111\u01a1n gi\u1ea3n \u0111\u1ec3 tri\u1ec3n khai v\u00e0 c\u1ea5u h\u00ecnh, h\u1ed7 tr\u1ee3 c\u00e1c t\u00ednh n\u0103ng qu\u1ea3n l\u00fd b\u1ea3o m\u1eadt v\u00e0 t\u00ednh n\u0103ng m\u1ea1ng ti\u00ean ti\u1ebfn.<\/p>\n","protected":false},"featured_media":2909,"template":"","meta":[],"product_brand":[],"product_cat":[45,32],"product_tag":[1241,1242,1236,1122,1237,1127],"pa_bo-nho-trong":[],"pa_bo-vi-xu-ly":[],"pa_do-dai":[],"pa_do-phan-giai":[],"pa_hang-san-xuat":[99],"pa_kich-thuoc-man-hinh":[],"pa_micro-thu-am":[],"pa_nha-thong-minh-rang-dong":[],"pa_o-cung":[],"pa_ong-kinh":[],"pa_poe":[1061],"pa_ports":[1069],"pa_tam-quan-sat":[],"pa_theo-chuan":[],"class_list":{"0":"post-2908","1":"product","2":"type-product","3":"status-publish","4":"has-post-thumbnail","6":"product_cat-thiet-bi-mang","7":"product_cat-hubs-switches","8":"product_tag-cbs350-8p-e-2g-eu","9":"product_tag-cbs350-8p-e-2g-eu-cisco-business-350-switch","10":"product_tag-hub","11":"product_tag-switch","12":"product_tag-thiet-bi-chuyen-mach","13":"product_tag-thiet-bi-mang","14":"pa_hang-san-xuat-cisco","15":"pa_poe-co","16":"pa_ports-1069","18":"first","19":"instock","20":"shipping-taxable","21":"product-type-simple"},"_links":{"self":[{"href":"https:\/\/vietbee.com\/en\/wp-json\/wp\/v2\/product\/2908","targetHints":{"allow":["GET"]}}],"collection":[{"href":"https:\/\/vietbee.com\/en\/wp-json\/wp\/v2\/product"}],"about":[{"href":"https:\/\/vietbee.com\/en\/wp-json\/wp\/v2\/types\/product"}],"wp:featuredmedia":[{"embeddable":true,"href":"https:\/\/vietbee.com\/en\/wp-json\/wp\/v2\/media\/2909"}],"wp:attachment":[{"href":"https:\/\/vietbee.com\/en\/wp-json\/wp\/v2\/media?parent=2908"}],"wp:term":[{"taxonomy":"product_brand","embeddable":true,"href":"https:\/\/vietbee.com\/en\/wp-json\/wp\/v2\/product_brand?post=2908"},{"taxonomy":"product_cat","embeddable":true,"href":"https:\/\/vietbee.com\/en\/wp-json\/wp\/v2\/product_cat?post=2908"},{"taxonomy":"product_tag","embeddable":true,"href":"https:\/\/vietbee.com\/en\/wp-json\/wp\/v2\/product_tag?post=2908"},{"taxonomy":"pa_bo-nho-trong","embeddable":true,"href":"https:\/\/vietbee.com\/en\/wp-json\/wp\/v2\/pa_bo-nho-trong?post=2908"},{"taxonomy":"pa_bo-vi-xu-ly","embeddable":true,"href":"https:\/\/vietbee.com\/en\/wp-json\/wp\/v2\/pa_bo-vi-xu-ly?post=2908"},{"taxonomy":"pa_do-dai","embeddable":true,"href":"https:\/\/vietbee.com\/en\/wp-json\/wp\/v2\/pa_do-dai?post=2908"},{"taxonomy":"pa_do-phan-giai","embeddable":true,"href":"https:\/\/vietbee.com\/en\/wp-json\/wp\/v2\/pa_do-phan-giai?post=2908"},{"taxonomy":"pa_hang-san-xuat","embeddable":true,"href":"https:\/\/vietbee.com\/en\/wp-json\/wp\/v2\/pa_hang-san-xuat?post=2908"},{"taxonomy":"pa_kich-thuoc-man-hinh","embeddable":true,"href":"https:\/\/vietbee.com\/en\/wp-json\/wp\/v2\/pa_kich-thuoc-man-hinh?post=2908"},{"taxonomy":"pa_micro-thu-am","embeddable":true,"href":"https:\/\/vietbee.com\/en\/wp-json\/wp\/v2\/pa_micro-thu-am?post=2908"},{"taxonomy":"pa_nha-thong-minh-rang-dong","embeddable":true,"href":"https:\/\/vietbee.com\/en\/wp-json\/wp\/v2\/pa_nha-thong-minh-rang-dong?post=2908"},{"taxonomy":"pa_o-cung","embeddable":true,"href":"https:\/\/vietbee.com\/en\/wp-json\/wp\/v2\/pa_o-cung?post=2908"},{"taxonomy":"pa_ong-kinh","embeddable":true,"href":"https:\/\/vietbee.com\/en\/wp-json\/wp\/v2\/pa_ong-kinh?post=2908"},{"taxonomy":"pa_poe","embeddable":true,"href":"https:\/\/vietbee.com\/en\/wp-json\/wp\/v2\/pa_poe?post=2908"},{"taxonomy":"pa_ports","embeddable":true,"href":"https:\/\/vietbee.com\/en\/wp-json\/wp\/v2\/pa_ports?post=2908"},{"taxonomy":"pa_tam-quan-sat","embeddable":true,"href":"https:\/\/vietbee.com\/en\/wp-json\/wp\/v2\/pa_tam-quan-sat?post=2908"},{"taxonomy":"pa_theo-chuan","embeddable":true,"href":"https:\/\/vietbee.com\/en\/wp-json\/wp\/v2\/pa_theo-chuan?post=2908"}],"curies":[{"name":"wp","href":"https:\/\/api.w.org\/{rel}","templated":true}]}}