{"id":2892,"date":"2021-07-23T08:37:13","date_gmt":"2021-07-23T08:37:13","guid":{"rendered":"http:\/\/vietbee.com\/?post_type=product&#038;p=2892"},"modified":"2022-09-15T02:13:15","modified_gmt":"2022-09-15T02:13:15","slug":"vigor2925-series","status":"publish","type":"product","link":"https:\/\/vietbee.com\/en\/product\/vigor2925-series\/","title":{"rendered":"Vigor2925 Series"},"content":{"rendered":"<p class=\"qtranxs-available-languages-message qtranxs-available-languages-message-en\">Sorry, this entry is only available in <a href=\"https:\/\/vietbee.com\/vi\/wp-json\/wp\/v2\/product\/2892\" class=\"qtranxs-available-language-link qtranxs-available-language-link-vi\" title=\"Ti\u1ebfng Vi\u1ec7t\">Ti\u1ebfng Vi\u1ec7t<\/a>. For the sake of viewer convenience, the content is shown below in the alternative language. You may click the link to switch the active language.<\/p><table width=\"768\">\n<tbody>\n<tr>\n<td width=\"384\">\n<h3><strong>Specifications<\/strong><\/h3>\n<\/td>\n<td width=\"384\"><\/td>\n<\/tr>\n<tr>\n<td colspan=\"2\" width=\"768\"><strong>Interface<\/strong><\/td>\n<\/tr>\n<tr>\n<td rowspan=\"2\" width=\"384\">WAN Port<\/td>\n<td width=\"384\">WAN1: 1000Base-TX, RJ-45 or 100\/1000M SFP Slot (model Fn)<\/td>\n<\/tr>\n<tr>\n<td width=\"384\">WAN2: 1000Base-TX, RJ-45<\/td>\n<\/tr>\n<tr>\n<td width=\"384\">LAN Port<\/td>\n<td width=\"384\">5x 10\/100\/1000Base-TX LAN, RJ-45<\/td>\n<\/tr>\n<tr>\n<td width=\"384\">USB Port<\/td>\n<td width=\"384\">2x USB 2.0 for 3G\/4G\/LTE USB modem, storage, printer or thermometer<\/td>\n<\/tr>\n<tr>\n<td width=\"384\">RJ-11 Port for Voice<\/td>\n<td width=\"384\">2x FXS + 1x Life Line (Vn-plus, Vac model)<\/td>\n<\/tr>\n<tr>\n<td width=\"384\">2.4G WLAN<\/td>\n<td width=\"384\">802.11b\/g\/n (n\/n-plus\/ac\/Vac model)<\/td>\n<\/tr>\n<tr>\n<td rowspan=\"2\" width=\"384\">5G WLAN<\/td>\n<td width=\"384\">300Mbps 802.11a\/n (n-plus\/ac\/Vac model)<\/td>\n<\/tr>\n<tr>\n<td width=\"384\">867Mbps 802.11ac (ac\/Vac model<\/td>\n<\/tr>\n<tr>\n<td colspan=\"2\" width=\"768\"><strong>Performance<\/strong><\/td>\n<\/tr>\n<tr>\n<td width=\"384\">NAT Throughput<\/td>\n<td width=\"384\">450 Mbps<\/td>\n<\/tr>\n<tr>\n<td width=\"384\">NAT Throughput w\/ Hardware Acceleration<\/td>\n<td width=\"384\">900 Mbps<\/td>\n<\/tr>\n<tr>\n<td width=\"384\">IPsec VPN Performance<\/td>\n<td width=\"384\">75 Mbps (AES 256 bits)<\/td>\n<\/tr>\n<tr>\n<td width=\"384\">SSL VPN Performance<\/td>\n<td width=\"384\">35 Mbps<\/td>\n<\/tr>\n<tr>\n<td width=\"384\">Max. Number of NAT Sessions<\/td>\n<td width=\"384\">50,000<\/td>\n<\/tr>\n<tr>\n<td width=\"384\">Max. Concurrent VPN Tunnels<\/td>\n<td width=\"384\">50<\/td>\n<\/tr>\n<tr>\n<td width=\"384\">Max. Concurrent SSL VPN<\/td>\n<td width=\"384\">25<\/td>\n<\/tr>\n<tr>\n<td colspan=\"2\" width=\"768\"><strong>Internet Connection<\/strong><\/td>\n<\/tr>\n<tr>\n<td width=\"384\">IPv4<\/td>\n<td width=\"384\">PPPoE, DHCP, Static IP, PPTP\/L2TP<\/td>\n<\/tr>\n<tr>\n<td width=\"384\">IPv6<\/td>\n<td width=\"384\">PPP, DHCPv6, Static IP, TSPC, AICCU, 6rd, 6in4 Static Tunnel<\/td>\n<\/tr>\n<tr>\n<td width=\"384\">Multi-VLAN\/PVC<\/td>\n<td width=\"384\">yes<\/td>\n<\/tr>\n<tr>\n<td width=\"384\">Wireless WAN<\/td>\n<td width=\"384\">yes (n\/n-plus\/Vn-plus\/ac\/Vac model)<\/td>\n<\/tr>\n<tr>\n<td width=\"384\">3G\/4G\/LTE WAN with USB modem<\/td>\n<td width=\"384\">yes<\/td>\n<\/tr>\n<tr>\n<td width=\"384\">Load Balancing<\/td>\n<td width=\"384\">IP-based, Session-based<\/td>\n<\/tr>\n<tr>\n<td width=\"384\">WAN Active on Demand<\/td>\n<td width=\"384\">Link Failure, Traffic Threshold<\/td>\n<\/tr>\n<tr>\n<td width=\"384\">Connection Detection<\/td>\n<td width=\"384\">ARP, Ping<\/td>\n<\/tr>\n<tr>\n<td width=\"384\">WAN Data Budget<\/td>\n<td width=\"384\">yes<\/td>\n<\/tr>\n<tr>\n<td width=\"384\">Dynamic DNS<\/td>\n<td width=\"384\">yes<\/td>\n<\/tr>\n<tr>\n<td width=\"384\">DrayDDNS<\/td>\n<td width=\"384\">yes<\/td>\n<\/tr>\n<tr>\n<td colspan=\"2\" width=\"768\"><strong>LAN Management<\/strong><\/td>\n<\/tr>\n<tr>\n<td width=\"384\">VLAN<\/td>\n<td width=\"384\">802.1q Tag-based, Port-based<\/td>\n<\/tr>\n<tr>\n<td width=\"384\">Max. Number of VLAN<\/td>\n<td width=\"384\">8<\/td>\n<\/tr>\n<tr>\n<td width=\"384\">DHCP Server<\/td>\n<td width=\"384\">Multiple IP Subnet, Custom DHCP Options, Bind-IP-to-MAC<\/td>\n<\/tr>\n<tr>\n<td width=\"384\">LAN IP Alias<\/td>\n<td width=\"384\">yes<\/td>\n<\/tr>\n<tr>\n<td width=\"384\">Wired 802.1x Authentication<\/td>\n<td width=\"384\">yes<\/td>\n<\/tr>\n<tr>\n<td width=\"384\">Port Mirroring<\/td>\n<td width=\"384\">yes<\/td>\n<\/tr>\n<tr>\n<td width=\"384\">Local DNS Server<\/td>\n<td width=\"384\">yes<\/td>\n<\/tr>\n<tr>\n<td width=\"384\">Conditional DNS Forwarding<\/td>\n<td width=\"384\">yes<\/td>\n<\/tr>\n<tr>\n<td width=\"384\">Hotspot Web Portal<\/td>\n<td width=\"384\">yes<\/td>\n<\/tr>\n<tr>\n<td width=\"384\">Hotspot Authentication<\/td>\n<td width=\"384\">Click-Through, Social Login, SMS PIN<\/td>\n<\/tr>\n<tr>\n<td colspan=\"2\" width=\"768\"><strong>Networking<\/strong><\/td>\n<\/tr>\n<tr>\n<td width=\"384\">Routing<\/td>\n<td width=\"384\">IPv4 Static Routing, IPv6 Static Routing, Inter-VLAN Routing, RIP, BGP, Policy-based Routing<\/td>\n<\/tr>\n<tr>\n<td width=\"384\">High Availability<\/td>\n<td width=\"384\">yes<\/td>\n<\/tr>\n<tr>\n<td width=\"384\">DNS Security (DNSSEC)<\/td>\n<td width=\"384\">yes<\/td>\n<\/tr>\n<tr>\n<td width=\"384\">Local RADIUS server<\/td>\n<td width=\"384\">yes<\/td>\n<\/tr>\n<tr>\n<td width=\"384\">SMB File Sharing<\/td>\n<td width=\"384\">yes (Requires external storage)<\/td>\n<\/tr>\n<tr>\n<td width=\"384\">Multicast<\/td>\n<td width=\"384\">IGMP Proxy, IGMP Snooping &amp; Fast Leave, Bonjour<\/td>\n<\/tr>\n<tr>\n<td colspan=\"2\" width=\"768\"><strong>VPN<\/strong><\/td>\n<\/tr>\n<tr>\n<td width=\"384\">LAN-to-LAN<\/td>\n<td width=\"384\">yes<\/td>\n<\/tr>\n<tr>\n<td width=\"384\">Teleworker-to-LAN<\/td>\n<td width=\"384\">yes<\/td>\n<\/tr>\n<tr>\n<td width=\"384\">Protocols<\/td>\n<td width=\"384\">PPTP, L2TP, IPsec, L2TP over IPsec, SSL, GRE, IKEv2, IKEv2-EAP<\/td>\n<\/tr>\n<tr>\n<td width=\"384\">User Authentication<\/td>\n<td width=\"384\">Local, RADIUS, LDAP, TACACS+, mOTP<\/td>\n<\/tr>\n<tr>\n<td width=\"384\">IKE Authentication<\/td>\n<td width=\"384\">Pre-Shared Key, X.509<\/td>\n<\/tr>\n<tr>\n<td width=\"384\">IPsec Authentication<\/td>\n<td width=\"384\">SHA1, MD5<\/td>\n<\/tr>\n<tr>\n<td width=\"384\">VPN Redundancy<\/td>\n<td width=\"384\">Load Balancing, Failover<\/td>\n<\/tr>\n<tr>\n<td width=\"384\">Single-Armed VPN<\/td>\n<td width=\"384\">yes<\/td>\n<\/tr>\n<tr>\n<td width=\"384\">NAT-Traversal (NAT-T)<\/td>\n<td width=\"384\">yes<\/td>\n<\/tr>\n<tr>\n<td colspan=\"2\" width=\"768\"><strong>Firewall &amp; Content Filtering<\/strong><\/td>\n<\/tr>\n<tr>\n<td width=\"384\">NAT<\/td>\n<td width=\"384\">Port Redirection, Open Ports, Port Triggering, DMZ Host, UPnP<\/td>\n<\/tr>\n<tr>\n<td width=\"384\">ALG (Application Layer Gateway)<\/td>\n<td width=\"384\">SIP, RTSP, FTP, H.323<\/td>\n<\/tr>\n<tr>\n<td width=\"384\">VPN Pass-Through<\/td>\n<td width=\"384\">PPTP, L2TP, IPsec<\/td>\n<\/tr>\n<tr>\n<td width=\"384\">IP-based Firewall Policy<\/td>\n<td width=\"384\">yes<\/td>\n<\/tr>\n<tr>\n<td width=\"384\">Content Filtering<\/td>\n<td width=\"384\">Application, URL, DNS Keyword, Web Features, Web Category* (*: subscription required)<\/td>\n<\/tr>\n<tr>\n<td width=\"384\">DoS Attack Defense<\/td>\n<td width=\"384\">yes<\/td>\n<\/tr>\n<tr>\n<td colspan=\"2\" width=\"768\"><strong>Bandwidth Management<\/strong><\/td>\n<\/tr>\n<tr>\n<td width=\"384\">IP-based Bandwidth Limit<\/td>\n<td width=\"384\">yes<\/td>\n<\/tr>\n<tr>\n<td width=\"384\">IP-based Session Limit<\/td>\n<td width=\"384\">yes<\/td>\n<\/tr>\n<tr>\n<td width=\"384\">QoS (Quality of Service)<\/td>\n<td width=\"384\">TOS, DSCP, 802.1p, IP Address, Port, Application<\/td>\n<\/tr>\n<tr>\n<td width=\"384\">VoIP Prioritization<\/td>\n<td width=\"384\">yes<\/td>\n<\/tr>\n<tr>\n<td colspan=\"2\" width=\"768\"><strong>Wireless LAN (n\/n-plus\/Vn-plus\/ac\/Vac model)<\/strong><\/td>\n<\/tr>\n<tr>\n<td width=\"384\">Number of SSID<\/td>\n<td width=\"384\">4 per radio band<\/td>\n<\/tr>\n<tr>\n<td width=\"384\">Security<\/td>\n<td width=\"384\">WEP, WPA, WPA2, WPS<\/td>\n<\/tr>\n<tr>\n<td width=\"384\">Authentication<\/td>\n<td width=\"384\">Pre-Shared Key, 802.1x<\/td>\n<\/tr>\n<tr>\n<td width=\"384\">AirTime Fairness<\/td>\n<td width=\"384\">yes<\/td>\n<\/tr>\n<tr>\n<td width=\"384\">Band Steering<\/td>\n<td width=\"384\">yes (n-plus\/Vn-plus\/ac\/Vac model)<\/td>\n<\/tr>\n<tr>\n<td width=\"384\">WMM<\/td>\n<td width=\"384\">yes<\/td>\n<\/tr>\n<tr>\n<td width=\"384\">WDS<\/td>\n<td width=\"384\">Bridge, Repeater<\/td>\n<\/tr>\n<tr>\n<td width=\"384\">Access Control<\/td>\n<td width=\"384\">Access List, Client Isolation, Hide SSID, Wi-Fi Scheduling<\/td>\n<\/tr>\n<tr>\n<td colspan=\"2\" width=\"768\"><strong>VoIP Gateway (Vn-plus\/Vac model)<\/strong><\/td>\n<\/tr>\n<tr>\n<td width=\"384\">Protocol<\/td>\n<td width=\"384\">SIP, RTP\/RTCP, ZRTP<\/td>\n<\/tr>\n<tr>\n<td width=\"384\">SIP Registrars<\/td>\n<td width=\"384\">12<\/td>\n<\/tr>\n<tr>\n<td width=\"384\">Dial Plan<\/td>\n<td width=\"384\">Phone Book, Digit Map, Call Barring, Regional<\/td>\n<\/tr>\n<tr>\n<td width=\"384\">Call Features<\/td>\n<td width=\"384\">Call Waiting, Call Transfer, Scheduled DND, Hotline<\/td>\n<\/tr>\n<tr>\n<td width=\"384\">Voice Codec<\/td>\n<td width=\"384\">G.711 A\/u law, G.723.1, G.726, G.729 A\/B<\/td>\n<\/tr>\n<tr>\n<td width=\"384\">Caller ID<\/td>\n<td width=\"384\">FSK_ETSI, FSK_BELLCORE, DTMF<\/td>\n<\/tr>\n<tr>\n<td colspan=\"2\" width=\"768\"><strong>Management<\/strong><\/td>\n<\/tr>\n<tr>\n<td width=\"384\">Local Service<\/td>\n<td width=\"384\">HTTP, HTTPS, Telnet, SSH, TR-069<\/td>\n<\/tr>\n<tr>\n<td width=\"384\">Config File Export &amp; Import<\/td>\n<td width=\"384\">yes<\/td>\n<\/tr>\n<tr>\n<td width=\"384\">Config File Compatibility<\/td>\n<td width=\"384\">Vigor2920<\/td>\n<\/tr>\n<tr>\n<td width=\"384\">Firmware Upgrade<\/td>\n<td width=\"384\">TFTP, HTTP, TR-069<\/td>\n<\/tr>\n<tr>\n<td width=\"384\">2-Level Administration Privilege<\/td>\n<td width=\"384\">yes<\/td>\n<\/tr>\n<tr>\n<td width=\"384\">Access Control<\/td>\n<td width=\"384\">Access List, Brute Force Protection<\/td>\n<\/tr>\n<tr>\n<td width=\"384\">Notification Alert<\/td>\n<td width=\"384\">SMS, E-mail<\/td>\n<\/tr>\n<tr>\n<td width=\"384\">SNMP<\/td>\n<td width=\"384\">v2, v2c, v3<\/td>\n<\/tr>\n<tr>\n<td width=\"384\">Syslog<\/td>\n<td width=\"384\">yes<\/td>\n<\/tr>\n<tr>\n<td width=\"384\">Managed by VigorACS<\/td>\n<td width=\"384\">yes<\/td>\n<\/tr>\n<tr>\n<td width=\"384\">Central AP Management<\/td>\n<td width=\"384\">20 VigorAP<\/td>\n<\/tr>\n<tr>\n<td width=\"384\">Central Switch Management<\/td>\n<td width=\"384\">10 VigorSwitch<\/td>\n<\/tr>\n<tr>\n<td colspan=\"2\" width=\"768\"><strong>Physical<\/strong><\/td>\n<\/tr>\n<tr>\n<td width=\"384\">Power Supply<\/td>\n<td width=\"384\">DC 12V @ 1.5-2A<\/td>\n<\/tr>\n<tr>\n<td width=\"384\">Dimension<\/td>\n<td width=\"384\">241mm x 166mm x 46mm<\/td>\n<\/tr>\n<tr>\n<td width=\"384\">Operating Temperature<\/td>\n<td width=\"384\">0 to 45\u00b0C<\/td>\n<\/tr>\n<tr>\n<td width=\"384\">Storage Temperature<\/td>\n<td width=\"384\">-25 to 70\u00b0C<\/td>\n<\/tr>\n<tr>\n<td width=\"384\">Operating Humidity (non-condensing)<\/td>\n<td width=\"384\">10 to 90%<\/td>\n<\/tr>\n<\/tbody>\n<\/table>\n<ul>\n<li>\n<div>2 c\u1ed5ng Gigabit Ethernet WAN, RJ45.<\/div>\n<\/li>\n<li>\n<div>5 c\u1ed5ng Gigabit Ethernet LAN, RJ45.\u00a02 c\u1ed5ng USB cho ph\u00e9p k\u1ebft n\u1ed1i USB 3G\/4G, Printer,&#8230;<\/div>\n<\/li>\n<li>\n<div>Dual-WAN Load Balance\/Failover, h\u1ed7 tr\u1ee3 \u0111\u01b0\u1eddng truy\u1ec1n \u0111a d\u1ecbch v\u1ee5: IPTV, Internet, VoIP&#8230;<\/div>\n<\/li>\n<li>\n<div>50.000 NAT Session. Ch\u1ecbu t\u1ea3i 100 user. H\u1ed7 tr\u1ee3 nhi\u1ec1u d\u1ecbch v\u1ee5 cao c\u1ea5p:\u00a0Static IP, PPPoE, ,PPTP\/L2TP, DHCP\u2026<\/div>\n<\/li>\n<li>\n<div>VPN 50 k\u00eanh( GRE,\u00a0IPSec(IKEv1, IKEv2, EAP), SSL, PPTP, L2TP),\u00a0VPN Trunking (LoadBalance\/Backup), VPN qua 3G\/4G(Dial-out).<\/div>\n<\/li>\n<li>\n<div>Qu\u1ea3n l\u00fd theo Username\/Password: h\u1ed7 tr\u1ee3 ch\u1ee9ng th\u1ef1c qua m\u00e1y ch\u1ee7 Radius\/LDAP.<\/div>\n<\/li>\n<li>\n<div>H\u1ed7 tr\u1ee3 chu\u1ea9n IPv4\/IPv6.<\/div>\n<\/li>\n<li>\n<div>Ch\u1ee9c n\u0103ng QoS 802.11p, IP Address, Port, TOS, DSCP, Application.<\/div>\n<\/li>\n<li>\n<div>Firewall m\u1ea1nh m\u1ebd, linh ho\u1ea1t, qu\u1ea3n tr\u1ecb vi\u00ean ph\u00e2n quy\u1ec1n truy c\u1eadp Internet (IP\/MAC Address\u2026).<\/div>\n<\/li>\n<li>\n<div>T\u00edch h\u1ee3p Wi-Fi Marketing t\u1eeb c\u00e1c nh\u00e0 ph\u00e1t tri\u1ec3n h\u00e0ng \u0111\u1ea7u nh\u01b0 Meganet, VNWIFI, Nextify&#8230;<\/div>\n<\/li>\n<li>\n<div>Qu\u1ea3n l\u00fd VPN t\u1eadp trung\u00a0CVM, qu\u1ea3n l\u00fd t\u1eadp trung Access Point APM (20 Access Point), qu\u1ea3n l\u00fd\u00a0t\u1eadp trung Switch SWM (10 Switch).<\/div>\n<\/li>\n<li>\n<div>Cho ph\u00e9p qu\u1ea3n l\u00fd t\u1eeb xa v\u1edbi Cloud VigorACS 2.<\/div>\n<\/li>\n<li>\n<div>Wireless v\u1edbi c\u00e1c phi\u00ean b\u1ea3n:V2925n, V2925n-plus, V2925Vn-plus, V2925ac, v2925Vac.<\/div>\n<\/li>\n<\/ul>","protected":false},"excerpt":{"rendered":"<p class=\"qtranxs-available-languages-message qtranxs-available-languages-message-en\">Sorry, this entry is only available in <a href=\"https:\/\/vietbee.com\/vi\/wp-json\/wp\/v2\/product\/2892\" class=\"qtranxs-available-language-link qtranxs-available-language-link-vi\" title=\"Ti\u1ebfng Vi\u1ec7t\">Ti\u1ebfng Vi\u1ec7t<\/a>. For the sake of viewer convenience, the content is shown below in the alternative language. You may click the link to switch the active language.<\/p>\n<p>Vigor2925 Series is a firewall router that has two Gigabit Ethernet WAN ports for load balancing or failover. There are also two USB ports which can work with 3G\/4G\/LTE USB modems to add wireless Internet connectivity. Vigor2925 Series offer features including VPN, Firewall, Content Filtering, and Central Management Solution for Vigor access points and switches, which makes it the perfect solution for a small-medium business.<\/p>\n","protected":false},"featured_media":3252,"template":"","meta":[],"product_brand":[],"product_cat":[45,75],"product_tag":[1221,1218,1230,1227,1127,1165,1229],"pa_bo-nho-trong":[],"pa_bo-vi-xu-ly":[],"pa_do-dai":[],"pa_do-phan-giai":[],"pa_hang-san-xuat":[83],"pa_kich-thuoc-man-hinh":[],"pa_micro-thu-am":[],"pa_nha-thong-minh-rang-dong":[],"pa_o-cung":[],"pa_ong-kinh":[],"pa_poe":[],"pa_ports":[1224],"pa_tam-quan-sat":[],"pa_theo-chuan":[],"class_list":{"0":"post-2892","1":"product","2":"type-product","3":"status-publish","4":"has-post-thumbnail","6":"product_cat-thiet-bi-mang","7":"product_cat-router-firewalls","8":"product_tag-firewalls","9":"product_tag-router","10":"product_tag-router-mang","11":"product_tag-thiet-bi-can-bang-tai","12":"product_tag-thiet-bi-mang","13":"product_tag-thiet-bi-wifi","14":"product_tag-vigor2925","15":"pa_hang-san-xuat-draytek","16":"pa_ports-1224","18":"first","19":"instock","20":"shipping-taxable","21":"product-type-simple"},"_links":{"self":[{"href":"https:\/\/vietbee.com\/en\/wp-json\/wp\/v2\/product\/2892","targetHints":{"allow":["GET"]}}],"collection":[{"href":"https:\/\/vietbee.com\/en\/wp-json\/wp\/v2\/product"}],"about":[{"href":"https:\/\/vietbee.com\/en\/wp-json\/wp\/v2\/types\/product"}],"wp:featuredmedia":[{"embeddable":true,"href":"https:\/\/vietbee.com\/en\/wp-json\/wp\/v2\/media\/3252"}],"wp:attachment":[{"href":"https:\/\/vietbee.com\/en\/wp-json\/wp\/v2\/media?parent=2892"}],"wp:term":[{"taxonomy":"product_brand","embeddable":true,"href":"https:\/\/vietbee.com\/en\/wp-json\/wp\/v2\/product_brand?post=2892"},{"taxonomy":"product_cat","embeddable":true,"href":"https:\/\/vietbee.com\/en\/wp-json\/wp\/v2\/product_cat?post=2892"},{"taxonomy":"product_tag","embeddable":true,"href":"https:\/\/vietbee.com\/en\/wp-json\/wp\/v2\/product_tag?post=2892"},{"taxonomy":"pa_bo-nho-trong","embeddable":true,"href":"https:\/\/vietbee.com\/en\/wp-json\/wp\/v2\/pa_bo-nho-trong?post=2892"},{"taxonomy":"pa_bo-vi-xu-ly","embeddable":true,"href":"https:\/\/vietbee.com\/en\/wp-json\/wp\/v2\/pa_bo-vi-xu-ly?post=2892"},{"taxonomy":"pa_do-dai","embeddable":true,"href":"https:\/\/vietbee.com\/en\/wp-json\/wp\/v2\/pa_do-dai?post=2892"},{"taxonomy":"pa_do-phan-giai","embeddable":true,"href":"https:\/\/vietbee.com\/en\/wp-json\/wp\/v2\/pa_do-phan-giai?post=2892"},{"taxonomy":"pa_hang-san-xuat","embeddable":true,"href":"https:\/\/vietbee.com\/en\/wp-json\/wp\/v2\/pa_hang-san-xuat?post=2892"},{"taxonomy":"pa_kich-thuoc-man-hinh","embeddable":true,"href":"https:\/\/vietbee.com\/en\/wp-json\/wp\/v2\/pa_kich-thuoc-man-hinh?post=2892"},{"taxonomy":"pa_micro-thu-am","embeddable":true,"href":"https:\/\/vietbee.com\/en\/wp-json\/wp\/v2\/pa_micro-thu-am?post=2892"},{"taxonomy":"pa_nha-thong-minh-rang-dong","embeddable":true,"href":"https:\/\/vietbee.com\/en\/wp-json\/wp\/v2\/pa_nha-thong-minh-rang-dong?post=2892"},{"taxonomy":"pa_o-cung","embeddable":true,"href":"https:\/\/vietbee.com\/en\/wp-json\/wp\/v2\/pa_o-cung?post=2892"},{"taxonomy":"pa_ong-kinh","embeddable":true,"href":"https:\/\/vietbee.com\/en\/wp-json\/wp\/v2\/pa_ong-kinh?post=2892"},{"taxonomy":"pa_poe","embeddable":true,"href":"https:\/\/vietbee.com\/en\/wp-json\/wp\/v2\/pa_poe?post=2892"},{"taxonomy":"pa_ports","embeddable":true,"href":"https:\/\/vietbee.com\/en\/wp-json\/wp\/v2\/pa_ports?post=2892"},{"taxonomy":"pa_tam-quan-sat","embeddable":true,"href":"https:\/\/vietbee.com\/en\/wp-json\/wp\/v2\/pa_tam-quan-sat?post=2892"},{"taxonomy":"pa_theo-chuan","embeddable":true,"href":"https:\/\/vietbee.com\/en\/wp-json\/wp\/v2\/pa_theo-chuan?post=2892"}],"curies":[{"name":"wp","href":"https:\/\/api.w.org\/{rel}","templated":true}]}}