{"id":2888,"date":"2021-07-23T07:57:24","date_gmt":"2021-07-23T07:57:24","guid":{"rendered":"http:\/\/vietbee.com\/?post_type=product&#038;p=2888"},"modified":"2022-09-15T02:37:08","modified_gmt":"2022-09-15T02:37:08","slug":"vigor2927-series","status":"publish","type":"product","link":"https:\/\/vietbee.com\/en\/product\/vigor2927-series\/","title":{"rendered":"Vigor2927 Series"},"content":{"rendered":"<p class=\"qtranxs-available-languages-message qtranxs-available-languages-message-en\">Sorry, this entry is only available in <a href=\"https:\/\/vietbee.com\/vi\/wp-json\/wp\/v2\/product\/2888\" class=\"qtranxs-available-language-link qtranxs-available-language-link-vi\" title=\"Ti\u1ebfng Vi\u1ec7t\">Ti\u1ebfng Vi\u1ec7t<\/a>. For the sake of viewer convenience, the content is shown below in the alternative language. You may click the link to switch the active language.<\/p>&nbsp;<\/p>\n<table width=\"767\">\n<tbody>\n<tr>\n<td width=\"384\">\n<h3><strong>Specifications<\/strong><\/h3>\n<\/td>\n<td width=\"383\"><\/td>\n<\/tr>\n<tr>\n<td width=\"384\"><strong>Interface<\/strong><\/td>\n<td><\/td>\n<\/tr>\n<tr>\n<td width=\"384\">Fixed WAN Port<\/td>\n<td width=\"383\">1x GbE RJ-45<\/td>\n<\/tr>\n<tr>\n<td width=\"384\">WAN\/LAN Switchable Port<\/td>\n<td width=\"383\">1x GbE RJ-45<\/td>\n<\/tr>\n<tr>\n<td width=\"384\">Fixed LAN Port<\/td>\n<td width=\"383\">5x GbE RJ-45<\/td>\n<\/tr>\n<tr>\n<td width=\"384\">USB Port<\/td>\n<td width=\"383\">2x USB 2.0 for 3G\/4G\/LTE USB modem, storage, printer or thermometer<\/td>\n<\/tr>\n<tr>\n<td width=\"384\">RJ-11 Port for Voice<\/td>\n<td width=\"383\">2x FXS (V model)<\/td>\n<\/tr>\n<tr>\n<td rowspan=\"3\" width=\"384\">Wi-Fi Antenna<\/td>\n<td width=\"383\">2x External Dipole<\/td>\n<\/tr>\n<tr>\n<td>Gain: 4 dBi for 5GHz, 2 dBi for 2.4GHz<\/td>\n<\/tr>\n<tr>\n<td>(wireless model)<\/td>\n<\/tr>\n<tr>\n<td width=\"384\">2.4G WLAN<\/td>\n<td width=\"383\">802.11n 2&#215;2 MIMO 400Mbps (wireless model)<\/td>\n<\/tr>\n<tr>\n<td width=\"384\">5G WLAN<\/td>\n<td width=\"383\">802.11ac Wave 2 2&#215;2 MU-MIMO 867Mbps (dual-band model)<\/td>\n<\/tr>\n<tr>\n<td width=\"384\"><strong>Performance<\/strong><\/td>\n<td><\/td>\n<\/tr>\n<tr>\n<td width=\"384\">NAT Throughput<\/td>\n<td width=\"383\">800 Mbps<\/td>\n<\/tr>\n<tr>\n<td rowspan=\"2\" width=\"384\">NAT Throughput w\/ Hardware Acceleration<\/td>\n<td width=\"383\">940 Mbps (Single WAN)<\/td>\n<\/tr>\n<tr>\n<td width=\"383\">1.8 Gbps (Dual WAN)<\/td>\n<\/tr>\n<tr>\n<td width=\"384\">IPsec VPN Performance<\/td>\n<td width=\"383\">290 Mbps (AES 256 bits)<\/td>\n<\/tr>\n<tr>\n<td width=\"384\">SSL VPN Performance<\/td>\n<td width=\"383\">120 Mbps<\/td>\n<\/tr>\n<tr>\n<td width=\"384\">Max. Number of NAT Sessions<\/td>\n<td width=\"383\">60,000<\/td>\n<\/tr>\n<tr>\n<td width=\"384\">Max. Concurrent VPN Tunnels<\/td>\n<td width=\"383\">50<\/td>\n<\/tr>\n<tr>\n<td width=\"384\">Max. Concurrent OpenVPN + SSL VPN<\/td>\n<td width=\"383\">25<\/td>\n<\/tr>\n<tr>\n<td width=\"384\"><strong>Internet Connection<\/strong><\/td>\n<td><\/td>\n<\/tr>\n<tr>\n<td width=\"384\">IPv4<\/td>\n<td width=\"383\">PPPoE, DHCP, Static IP, PPTP\/L2TP<\/td>\n<\/tr>\n<tr>\n<td width=\"384\">IPv6<\/td>\n<td width=\"383\">PPP, DHCPv6, Static IPv6, TSPC, AICCU, 6rd, 6in4 Static Tunnel<\/td>\n<\/tr>\n<tr>\n<td width=\"384\">802.1p\/q Multi-VLAN Tagging<\/td>\n<td width=\"383\">yes<\/td>\n<\/tr>\n<tr>\n<td width=\"384\">Multi-VLAN\/PVC<\/td>\n<td width=\"383\">yes<\/td>\n<\/tr>\n<tr>\n<td width=\"384\">Wireless WAN<\/td>\n<td width=\"383\">\u00a0(ac model)<\/td>\n<\/tr>\n<tr>\n<td width=\"384\">3G\/4G\/LTE WAN with USB modem<\/td>\n<td width=\"383\">yes<\/td>\n<\/tr>\n<tr>\n<td width=\"384\">Load Balancing<\/td>\n<td width=\"383\">IP-based, Session-based<\/td>\n<\/tr>\n<tr>\n<td width=\"384\">WAN Active on Demand<\/td>\n<td width=\"383\">Link Failure, Traffic Threshold<\/td>\n<\/tr>\n<tr>\n<td width=\"384\">Connection Detection<\/td>\n<td width=\"383\">ARP, Ping<\/td>\n<\/tr>\n<tr>\n<td width=\"384\">WAN Data Budget<\/td>\n<td width=\"383\">yes<\/td>\n<\/tr>\n<tr>\n<td width=\"384\">Dynamic DNS<\/td>\n<td width=\"383\">yes<\/td>\n<\/tr>\n<tr>\n<td width=\"384\">DrayDDNS<\/td>\n<td width=\"383\">yes<\/td>\n<\/tr>\n<tr>\n<td width=\"384\"><strong>LAN Management<\/strong><\/td>\n<td><\/td>\n<\/tr>\n<tr>\n<td width=\"384\">VLAN<\/td>\n<td width=\"383\">802.1q Tag-based, Port-based<\/td>\n<\/tr>\n<tr>\n<td width=\"384\">Max. Number of VLAN<\/td>\n<td width=\"383\">16<\/td>\n<\/tr>\n<tr>\n<td width=\"384\">Number of LAN Subnet<\/td>\n<td width=\"383\">8<\/td>\n<\/tr>\n<tr>\n<td width=\"384\">DHCP Server<\/td>\n<td width=\"383\">Multiple IP Subnet, Custom DHCP Options, Bind-IP-to-MAC<\/td>\n<\/tr>\n<tr>\n<td width=\"384\">LAN IP Alias<\/td>\n<td width=\"383\">yes<\/td>\n<\/tr>\n<tr>\n<td width=\"384\">Wired 802.1x Authentication<\/td>\n<td width=\"383\">yes<\/td>\n<\/tr>\n<tr>\n<td width=\"384\">Port Mirroring<\/td>\n<td width=\"383\">yes<\/td>\n<\/tr>\n<tr>\n<td width=\"384\">Local DNS Server<\/td>\n<td width=\"383\">yes<\/td>\n<\/tr>\n<tr>\n<td width=\"384\">Conditional DNS Forwarding<\/td>\n<td width=\"383\">yes<\/td>\n<\/tr>\n<tr>\n<td width=\"384\">Hotspot Web Portal<\/td>\n<td width=\"383\">yes<\/td>\n<\/tr>\n<tr>\n<td width=\"384\">Hotspot Authentication<\/td>\n<td width=\"383\">Click-Through, Social Login, SMS PIN, Voucher PIN, RADIUS, External Portal Server<\/td>\n<\/tr>\n<tr>\n<td width=\"384\"><strong>Networking<\/strong><\/td>\n<td><\/td>\n<\/tr>\n<tr>\n<td width=\"384\">Routing<\/td>\n<td width=\"383\">IPv4 Static Routing, IPv6 Static Routing, Inter-VLAN Routing, RIP, BGP<\/td>\n<\/tr>\n<tr>\n<td width=\"384\">Policy-based Routing<\/td>\n<td width=\"383\">Protocol, IP Address, Port, Domain, Country<\/td>\n<\/tr>\n<tr>\n<td width=\"384\">High Availability<\/td>\n<td width=\"383\">yes<\/td>\n<\/tr>\n<tr>\n<td width=\"384\">DNS Security (DNSSEC)<\/td>\n<td width=\"383\">yes<\/td>\n<\/tr>\n<tr>\n<td width=\"384\">IGMP<\/td>\n<td width=\"383\">IGMP v2\/v3, IGMP Proxy, IGMP Snooping &amp; Fast Leave<\/td>\n<\/tr>\n<tr>\n<td width=\"384\">Local RADIUS server<\/td>\n<td width=\"383\">yes<\/td>\n<\/tr>\n<tr>\n<td width=\"384\">SMB File Sharing<\/td>\n<td width=\"383\">\u00a0(Requires external storage)<\/td>\n<\/tr>\n<tr>\n<td width=\"384\"><strong>VPN<\/strong><\/td>\n<td><\/td>\n<\/tr>\n<tr>\n<td width=\"384\">AN-to-LAN<\/td>\n<td width=\"383\">yes<\/td>\n<\/tr>\n<tr>\n<td width=\"384\">Teleworker-to-LAN<\/td>\n<td width=\"383\">yes<\/td>\n<\/tr>\n<tr>\n<td width=\"384\">Protocols<\/td>\n<td width=\"383\">PPTP, L2TP, IPsec, L2TP over IPsec, SSL, GRE, IKEv2, IKEv2-EAP, IPsec-XAuth, OpenVPN<\/td>\n<\/tr>\n<tr>\n<td width=\"384\">User Authentication<\/td>\n<td width=\"383\">Local, RADIUS, LDAP, TACACS+, mOTP<\/td>\n<\/tr>\n<tr>\n<td width=\"384\">IKE Authentication<\/td>\n<td width=\"383\">Pre-Shared Key, X.509<\/td>\n<\/tr>\n<tr>\n<td width=\"384\">IPsec Authentication<\/td>\n<td width=\"383\">SHA-1, SHA-256<\/td>\n<\/tr>\n<tr>\n<td width=\"384\">Encryption<\/td>\n<td width=\"383\">MPPE, DES, 3DES, AES<\/td>\n<\/tr>\n<tr>\n<td width=\"384\">VPN Trunk (Redundancy)<\/td>\n<td width=\"383\">Load Balancing, Failover<\/td>\n<\/tr>\n<tr>\n<td width=\"384\">Single-Armed VPN<\/td>\n<td width=\"383\">yes<\/td>\n<\/tr>\n<tr>\n<td width=\"384\">NAT-Traversal (NAT-T)<\/td>\n<td width=\"383\">yes<\/td>\n<\/tr>\n<tr>\n<td width=\"384\">DrayTek VPN Matcher<\/td>\n<td width=\"383\">yes<\/td>\n<\/tr>\n<tr>\n<td width=\"384\"><strong>Firewall &amp; Content Filtering<\/strong><\/td>\n<td><\/td>\n<\/tr>\n<tr>\n<td width=\"384\">NAT<\/td>\n<td width=\"383\">Port Redirection, Open Ports, Port Triggering, DMZ Host, UPnP<\/td>\n<\/tr>\n<tr>\n<td width=\"384\">ALG (Application Layer Gateway)<\/td>\n<td width=\"383\">SIP, RTSP, FTP, H.323<\/td>\n<\/tr>\n<tr>\n<td width=\"384\">VPN Pass-Through<\/td>\n<td width=\"383\">PPTP, L2TP, IPsec<\/td>\n<\/tr>\n<tr>\n<td width=\"384\">IP-based Firewall Policy<\/td>\n<td width=\"383\">yes<\/td>\n<\/tr>\n<tr>\n<td width=\"384\">Content Filtering<\/td>\n<td width=\"383\">Application, URL, DNS Keyword, Web Features, Web Category* (*: subscription required)<\/td>\n<\/tr>\n<tr>\n<td width=\"384\">DoS Attack Defense<\/td>\n<td width=\"383\">yes<\/td>\n<\/tr>\n<tr>\n<td width=\"384\">Spoofing Defense<\/td>\n<td>yes<\/td>\n<\/tr>\n<tr>\n<td width=\"384\"><strong>Bandwidth Management<\/strong><\/td>\n<td><\/td>\n<\/tr>\n<tr>\n<td width=\"384\">IP-based Bandwidth Limit<\/td>\n<td width=\"383\">yes<\/td>\n<\/tr>\n<tr>\n<td width=\"384\">IP-based Session Limit<\/td>\n<td width=\"383\">yes<\/td>\n<\/tr>\n<tr>\n<td width=\"384\">QoS (Quality of Service)<\/td>\n<td width=\"383\">TOS, DSCP, 802.1p, IP Address, Port, Application<\/td>\n<\/tr>\n<tr>\n<td width=\"384\">VoIP Prioritization<\/td>\n<td>yes<\/td>\n<\/tr>\n<tr>\n<td width=\"384\"><strong>Wireless LAN (ac model)<\/strong><\/td>\n<td><\/td>\n<\/tr>\n<tr>\n<td width=\"384\">Number of SSID<\/td>\n<td width=\"383\">4 per radio band<\/td>\n<\/tr>\n<tr>\n<td width=\"384\">Security Mode<\/td>\n<td width=\"383\">OWE, WEP, WPA, WPA2, Mixed(WPA+WPA2), WPA3<\/td>\n<\/tr>\n<tr>\n<td width=\"384\">Authentication<\/td>\n<td width=\"383\">Pre-Shared Key, 802.1X<\/td>\n<\/tr>\n<tr>\n<td width=\"384\">WPS<\/td>\n<td width=\"383\">PIN, PBC<\/td>\n<\/tr>\n<tr>\n<td width=\"384\">WDS<\/td>\n<td width=\"383\">Repeater (5GHz only)<\/td>\n<\/tr>\n<tr>\n<td width=\"384\">Access Control<\/td>\n<td width=\"383\">Access List, Client Isolation, Hide SSID, WLAN Scheduling<\/td>\n<\/tr>\n<tr>\n<td width=\"384\">AirTime Fairness<\/td>\n<td width=\"383\">yes<\/td>\n<\/tr>\n<tr>\n<td width=\"384\">Band Steering<\/td>\n<td width=\"383\">yes (ac model)<\/td>\n<\/tr>\n<tr>\n<td width=\"384\">MU-MIMO<\/td>\n<td width=\"383\">yes (5GHz Only) (ac model)<\/td>\n<\/tr>\n<tr>\n<td width=\"384\">WMM<\/td>\n<td>yes<\/td>\n<\/tr>\n<tr>\n<td width=\"384\"><strong>VoIP Gateway (V model)<\/strong><\/td>\n<td><\/td>\n<\/tr>\n<tr>\n<td width=\"384\">Protocol<\/td>\n<td width=\"383\">SIP, RTP\/RTCP, ZRTP<\/td>\n<\/tr>\n<tr>\n<td width=\"384\">SIP Registrars<\/td>\n<td width=\"383\">12<\/td>\n<\/tr>\n<tr>\n<td width=\"384\">Dial Plan<\/td>\n<td width=\"383\">Phone Book, Digit Map, Call Barring, Regional<\/td>\n<\/tr>\n<tr>\n<td width=\"384\">Call Features<\/td>\n<td width=\"383\">Call Waiting, Call Transfer, Scheduled DND, Hotline<\/td>\n<\/tr>\n<tr>\n<td width=\"384\">Voice Codec<\/td>\n<td width=\"383\">G.711 A\/u law, G.723.1, G.726, G.729 A\/B<\/td>\n<\/tr>\n<tr>\n<td width=\"384\">Caller ID<\/td>\n<td>yes<\/td>\n<\/tr>\n<tr>\n<td width=\"384\"><strong>Management<\/strong><\/td>\n<td><\/td>\n<\/tr>\n<tr>\n<td width=\"384\">Local Service<\/td>\n<td width=\"383\">HTTP, HTTPS, Telnet, SSH v2, FTP, TR-069<\/td>\n<\/tr>\n<tr>\n<td width=\"384\">Config File Export &amp; Import<\/td>\n<td width=\"383\">yes<\/td>\n<\/tr>\n<tr>\n<td width=\"384\">Config File Compatibility<\/td>\n<td width=\"383\">Vigor2926<\/td>\n<\/tr>\n<tr>\n<td width=\"384\">Firmware Upgrade<\/td>\n<td width=\"383\">TFTP, HTTP, TR-069<\/td>\n<\/tr>\n<tr>\n<td width=\"384\">2-Level Administration Privilege<\/td>\n<td width=\"383\">yes<\/td>\n<\/tr>\n<tr>\n<td width=\"384\">Access Control<\/td>\n<td width=\"383\">Access List, Brute Force Protection<\/td>\n<\/tr>\n<tr>\n<td width=\"384\">Notification Alert<\/td>\n<td width=\"383\">SMS, E-mail<\/td>\n<\/tr>\n<tr>\n<td width=\"384\">SNMP<\/td>\n<td width=\"383\">v1, v2c, v3<\/td>\n<\/tr>\n<tr>\n<td width=\"384\">Syslog<\/td>\n<td width=\"383\">yes<\/td>\n<\/tr>\n<tr>\n<td width=\"384\">Managed by VigorACS<\/td>\n<td width=\"383\">yes<\/td>\n<\/tr>\n<tr>\n<td width=\"384\">Central VPN Management<\/td>\n<td width=\"383\">8 VPN<\/td>\n<\/tr>\n<tr>\n<td width=\"384\">Central AP Management<\/td>\n<td width=\"383\">20 VigorAP<\/td>\n<\/tr>\n<tr>\n<td width=\"384\">Mesh Network<\/td>\n<td width=\"383\">7 VigorAP<\/td>\n<\/tr>\n<tr>\n<td width=\"384\">Central Switch Management<\/td>\n<td width=\"383\">10 VigorSwitch<\/td>\n<\/tr>\n<tr>\n<td width=\"384\"><strong>Physical<\/strong><\/td>\n<td><\/td>\n<\/tr>\n<tr>\n<td width=\"384\">Power Supply<\/td>\n<td width=\"383\">DC 12V @ 2A<\/td>\n<\/tr>\n<tr>\n<td width=\"384\">Max. Power Consumption<\/td>\n<td width=\"383\">24 watts (ac model)<\/td>\n<\/tr>\n<tr>\n<td width=\"384\">Dimension<\/td>\n<td width=\"383\">241mm x 165mm x 44mm<\/td>\n<\/tr>\n<tr>\n<td width=\"384\">Weight<\/td>\n<td width=\"383\">630g (ac model)<\/td>\n<\/tr>\n<tr>\n<td width=\"384\">Operating Temperature<\/td>\n<td width=\"383\">0 to 45\u00b0C<\/td>\n<\/tr>\n<tr>\n<td width=\"384\">Storage Temperature<\/td>\n<td width=\"383\">-25 to 70\u00b0C<\/td>\n<\/tr>\n<tr>\n<td width=\"384\">Operating Humidity (non-condensing)<\/td>\n<td width=\"383\">10 to 90%<\/td>\n<\/tr>\n<\/tbody>\n<\/table>\n<p>2 c\u1ed5ng WAN Gigabit, RJ-45. C\u1ed5ng WAN2 c\u00f3 th\u1ec3 chuy\u1ec3n th\u00e0nh LAN P6.<br \/>\n5 c\u1ed5ng LAN Gigabit, RJ-45. 2 c\u1ed5ng USB cho ph\u00e9p k\u1ebft n\u1ed1i USB 3G\/4G, Printer,&#8230;<br \/>\nDual-WAN Load Balance\/Failover, h\u1ed7 tr\u1ee3 \u0111\u01b0\u1eddng truy\u1ec1n \u0111a d\u1ecbch v\u1ee5 (IPTV, Interne, VoIP&#8230;)<br \/>\n60.000 NAT Session, Throughtput: 1.8Gbps (Dual WAN + enable Hardware Acceleration), ch\u1ecbu t\u1ea3i 150 user. H\u1ed7 tr\u1ee3 tri\u1ec3n khai d\u1ecbch v\u1ee5 cao c\u1ea5p: Static IP, PPOE, PPTP\/L2TP, DHCP\u2026<br \/>\nVPN 50 k\u00eanh (PPTP, L2TP, IPSec(IKEv1, IKEv2), SSL), VPN Trunking (LoadBalancing\/Backup), VPN qua 3G\/4G.<br \/>\nKi\u1ec3m so\u00e1t v\u00e0 qu\u1ea3n l\u00fd b\u0103ng th\u00f4ng gi\u00fap gi\u00fap t\u1ed1i \u01b0u \u0111\u01b0\u1eddng truy\u1ec1n Internet.<br \/>\nFirewall SPI d\u1ef1a tr\u00ean \u0111\u1ed1i t\u01b0\u1ee3ng, qu\u1ea3n l\u00fd n\u1ed9i dung (CSM).<br \/>\nT\u00edch h\u1ee3p Wi-Fi Marketing t\u1eeb c\u00e1c nh\u00e0 ph\u00e1t tri\u1ec3n h\u00e0ng \u0111\u1ea7u nh\u01b0 Meganet, VNWIFI, Nextify&#8230;<br \/>\nQu\u1ea3n l\u00fd VPN t\u1eadp trung CVM (8 site Router), qu\u1ea3n l\u00fd t\u1eadp trung Access Point APM (20 Access Point), qu\u1ea3n l\u00fd t\u1eadp trung Switch SWM (10 Switch).<br \/>\nCho ph\u00e9p qu\u1ea3n l\u00fd t\u1eeb xa qua Cloud VigorACS 2.","protected":false},"excerpt":{"rendered":"<p class=\"qtranxs-available-languages-message qtranxs-available-languages-message-en\">Sorry, this entry is only available in <a href=\"https:\/\/vietbee.com\/vi\/wp-json\/wp\/v2\/product\/2888\" class=\"qtranxs-available-language-link qtranxs-available-language-link-vi\" title=\"Ti\u1ebfng Vi\u1ec7t\">Ti\u1ebfng Vi\u1ec7t<\/a>. For the sake of viewer convenience, the content is shown below in the alternative language. You may click the link to switch the active language.<\/p>\n<p>Vigor2927 Series is a dual-Ethernet WAN firewall router, providing load-balancing and failover for your business continuity. Featuring VPN, QoS, route policy, firewall, content filtering, bandwidth management, captive hotspot portal, and a lot more, this is the ultimate router that does it all for SMB. The Series includes built-in 802.11ac Wave 2 Wi-Fi and VoIP gateway models.<\/p>\n","protected":false},"featured_media":3253,"template":"","meta":[],"product_brand":[],"product_cat":[45,75],"product_tag":[1225,1218,1228,1227,1222,1127,1226],"pa_bo-nho-trong":[],"pa_bo-vi-xu-ly":[],"pa_do-dai":[],"pa_do-phan-giai":[],"pa_hang-san-xuat":[83],"pa_kich-thuoc-man-hinh":[],"pa_micro-thu-am":[],"pa_nha-thong-minh-rang-dong":[],"pa_o-cung":[],"pa_ong-kinh":[],"pa_poe":[],"pa_ports":[1224],"pa_tam-quan-sat":[],"pa_theo-chuan":[],"class_list":{"0":"post-2888","1":"product","2":"type-product","3":"status-publish","4":"has-post-thumbnail","6":"product_cat-thiet-bi-mang","7":"product_cat-router-firewalls","8":"product_tag-bo-dinh-tuyen","9":"product_tag-router","10":"product_tag-router-wifi","11":"product_tag-thiet-bi-can-bang-tai","12":"product_tag-thiet-bi-dinh-tuyen","13":"product_tag-thiet-bi-mang","14":"product_tag-vigor2927","15":"pa_hang-san-xuat-draytek","16":"pa_ports-1224","18":"first","19":"instock","20":"shipping-taxable","21":"product-type-simple"},"_links":{"self":[{"href":"https:\/\/vietbee.com\/en\/wp-json\/wp\/v2\/product\/2888","targetHints":{"allow":["GET"]}}],"collection":[{"href":"https:\/\/vietbee.com\/en\/wp-json\/wp\/v2\/product"}],"about":[{"href":"https:\/\/vietbee.com\/en\/wp-json\/wp\/v2\/types\/product"}],"wp:featuredmedia":[{"embeddable":true,"href":"https:\/\/vietbee.com\/en\/wp-json\/wp\/v2\/media\/3253"}],"wp:attachment":[{"href":"https:\/\/vietbee.com\/en\/wp-json\/wp\/v2\/media?parent=2888"}],"wp:term":[{"taxonomy":"product_brand","embeddable":true,"href":"https:\/\/vietbee.com\/en\/wp-json\/wp\/v2\/product_brand?post=2888"},{"taxonomy":"product_cat","embeddable":true,"href":"https:\/\/vietbee.com\/en\/wp-json\/wp\/v2\/product_cat?post=2888"},{"taxonomy":"product_tag","embeddable":true,"href":"https:\/\/vietbee.com\/en\/wp-json\/wp\/v2\/product_tag?post=2888"},{"taxonomy":"pa_bo-nho-trong","embeddable":true,"href":"https:\/\/vietbee.com\/en\/wp-json\/wp\/v2\/pa_bo-nho-trong?post=2888"},{"taxonomy":"pa_bo-vi-xu-ly","embeddable":true,"href":"https:\/\/vietbee.com\/en\/wp-json\/wp\/v2\/pa_bo-vi-xu-ly?post=2888"},{"taxonomy":"pa_do-dai","embeddable":true,"href":"https:\/\/vietbee.com\/en\/wp-json\/wp\/v2\/pa_do-dai?post=2888"},{"taxonomy":"pa_do-phan-giai","embeddable":true,"href":"https:\/\/vietbee.com\/en\/wp-json\/wp\/v2\/pa_do-phan-giai?post=2888"},{"taxonomy":"pa_hang-san-xuat","embeddable":true,"href":"https:\/\/vietbee.com\/en\/wp-json\/wp\/v2\/pa_hang-san-xuat?post=2888"},{"taxonomy":"pa_kich-thuoc-man-hinh","embeddable":true,"href":"https:\/\/vietbee.com\/en\/wp-json\/wp\/v2\/pa_kich-thuoc-man-hinh?post=2888"},{"taxonomy":"pa_micro-thu-am","embeddable":true,"href":"https:\/\/vietbee.com\/en\/wp-json\/wp\/v2\/pa_micro-thu-am?post=2888"},{"taxonomy":"pa_nha-thong-minh-rang-dong","embeddable":true,"href":"https:\/\/vietbee.com\/en\/wp-json\/wp\/v2\/pa_nha-thong-minh-rang-dong?post=2888"},{"taxonomy":"pa_o-cung","embeddable":true,"href":"https:\/\/vietbee.com\/en\/wp-json\/wp\/v2\/pa_o-cung?post=2888"},{"taxonomy":"pa_ong-kinh","embeddable":true,"href":"https:\/\/vietbee.com\/en\/wp-json\/wp\/v2\/pa_ong-kinh?post=2888"},{"taxonomy":"pa_poe","embeddable":true,"href":"https:\/\/vietbee.com\/en\/wp-json\/wp\/v2\/pa_poe?post=2888"},{"taxonomy":"pa_ports","embeddable":true,"href":"https:\/\/vietbee.com\/en\/wp-json\/wp\/v2\/pa_ports?post=2888"},{"taxonomy":"pa_tam-quan-sat","embeddable":true,"href":"https:\/\/vietbee.com\/en\/wp-json\/wp\/v2\/pa_tam-quan-sat?post=2888"},{"taxonomy":"pa_theo-chuan","embeddable":true,"href":"https:\/\/vietbee.com\/en\/wp-json\/wp\/v2\/pa_theo-chuan?post=2888"}],"curies":[{"name":"wp","href":"https:\/\/api.w.org\/{rel}","templated":true}]}}