{"id":2885,"date":"2021-07-23T05:29:11","date_gmt":"2021-07-23T05:29:11","guid":{"rendered":"http:\/\/vietbee.com\/?post_type=product&#038;p=2885"},"modified":"2022-09-15T03:35:27","modified_gmt":"2022-09-15T03:35:27","slug":"vigor3910","status":"publish","type":"product","link":"https:\/\/vietbee.com\/en\/product\/vigor3910\/","title":{"rendered":"Vigor3910"},"content":{"rendered":"<p class=\"qtranxs-available-languages-message qtranxs-available-languages-message-en\">Sorry, this entry is only available in <a href=\"https:\/\/vietbee.com\/vi\/wp-json\/wp\/v2\/product\/2885\" class=\"qtranxs-available-language-link qtranxs-available-language-link-vi\" title=\"Ti\u1ebfng Vi\u1ec7t\">Ti\u1ebfng Vi\u1ec7t<\/a>. For the sake of viewer convenience, the content is shown below in the alternative language. You may click the link to switch the active language.<\/p><table width=\"769\">\n<tbody>\n<tr>\n<td width=\"384\">\n<h3><strong>Specifications<\/strong><\/h3>\n<\/td>\n<td width=\"385\"><\/td>\n<\/tr>\n<tr>\n<td width=\"384\"><strong>Interface<\/strong><\/td>\n<td><\/td>\n<\/tr>\n<tr>\n<td>WAN\/LAN Switchable Port<\/td>\n<td width=\"385\">2x 10G\/2.5G\/1G SFP+ Fiber Slot<br \/>\n2x 2.5G\/1G\/100M\/10M Ethernet, RJ-45<br \/>\n4x 1G\/100M\/10M Ethernet, RJ-45<\/td>\n<\/tr>\n<tr>\n<td>Fixed LAN Port<\/td>\n<td>4x 1G\/100M\/10M Ethernet, RJ-45<\/td>\n<\/tr>\n<tr>\n<td>USB Port<\/td>\n<td>2x USB 3.0 for storage*\u00a0(since f\/w v3.9.6)<\/td>\n<\/tr>\n<tr>\n<td>Console Port<\/td>\n<td>1x RJ-45<\/td>\n<\/tr>\n<tr>\n<td>Button<\/td>\n<td>1x Factory Reset<\/td>\n<\/tr>\n<tr>\n<td width=\"384\"><strong>Performance<\/strong><\/td>\n<td><\/td>\n<\/tr>\n<tr>\n<td>NAT Throughput<\/td>\n<td>9.4 Gbps<\/td>\n<\/tr>\n<tr>\n<td>IPsec VPN Performance<\/td>\n<td>3.3 Gbps<\/td>\n<\/tr>\n<tr>\n<td>SSL VPN Performance<\/td>\n<td>1.7 Gbps<\/td>\n<\/tr>\n<tr>\n<td>NAT Sessions<\/td>\n<td>1,000,000<\/td>\n<\/tr>\n<tr>\n<td>Max. Concurrent VPN Tunnels<\/td>\n<td>500<\/td>\n<\/tr>\n<tr>\n<td>Max. Concurrent OpenVPN + SSL VPN<\/td>\n<td>200<\/td>\n<\/tr>\n<tr>\n<td width=\"384\"><strong>Internet Connection<\/strong><\/td>\n<td><\/td>\n<\/tr>\n<tr>\n<td>IPv4<\/td>\n<td>PPPoE, DHCP, Static IP<\/td>\n<\/tr>\n<tr>\n<td>IPv6<\/td>\n<td>PPP, DHCPv6, Static IPv6, TSPC, AICCU, 6rd, 6in4 Static Tunnel<\/td>\n<\/tr>\n<tr>\n<td>802.1p\/q Multi-VLAN Tagging<\/td>\n<td>yes<\/td>\n<\/tr>\n<tr>\n<td>Multi-VLAN\/PVC<\/td>\n<td>yes<\/td>\n<\/tr>\n<tr>\n<td>Load Balancing<\/td>\n<td>IP-based, Session-based<\/td>\n<\/tr>\n<tr>\n<td>WAN Active on Demand<\/td>\n<td>Link Failure, Traffic Threshold<\/td>\n<\/tr>\n<tr>\n<td>Connection Detection<\/td>\n<td>ARP, Ping, Strict ARP<\/td>\n<\/tr>\n<tr>\n<td>WAN Data Budget<\/td>\n<td>yes (since f\/w v3.9.6)<\/td>\n<\/tr>\n<tr>\n<td>Dynamic DNS<\/td>\n<td>yes<\/td>\n<\/tr>\n<tr>\n<td>DrayDDNS<\/td>\n<td>yes<\/td>\n<\/tr>\n<tr>\n<td width=\"384\"><strong>LAN Management<\/strong><\/td>\n<td><\/td>\n<\/tr>\n<tr>\n<td>VLAN<\/td>\n<td>802.1q Tag-based, Port-based<\/td>\n<\/tr>\n<tr>\n<td>Max. Number of VLAN<\/td>\n<td>100<\/td>\n<\/tr>\n<tr>\n<td>Number of LAN Subnet<\/td>\n<td>100<\/td>\n<\/tr>\n<tr>\n<td>DHCP Server<\/td>\n<td>Multiple IP Subnet, Custom DHCP Options, Bind-IP-to-MAC<\/td>\n<\/tr>\n<tr>\n<td>LAN IP Alias<\/td>\n<td>yes<\/td>\n<\/tr>\n<tr>\n<td>IP Pool Count<\/td>\n<td>Up to 4K per LAN Subnet<\/td>\n<\/tr>\n<tr>\n<td>PPPoE Server<\/td>\n<td>yes<\/td>\n<\/tr>\n<tr>\n<td>Port Mirroring<\/td>\n<td>yes<\/td>\n<\/tr>\n<tr>\n<td>Local DNS Server<\/td>\n<td>yes<\/td>\n<\/tr>\n<tr>\n<td>Conditional DNS Forwarding<\/td>\n<td>yes<\/td>\n<\/tr>\n<tr>\n<td>Hotspot Web Portal<\/td>\n<td>yes<\/td>\n<\/tr>\n<tr>\n<td>Hotspot Authentication<\/td>\n<td>Click-Through, Social Login, SMS PIN, RADIUS, External Portal Server<\/td>\n<\/tr>\n<tr>\n<td><strong>Networking<\/strong><\/td>\n<td><\/td>\n<\/tr>\n<tr>\n<td>Routing<\/td>\n<td>IPv4 Static Routing, IPv6 Static Routing, Inter-VLAN Routing, RIP v1\/v2\/ng, OSPFv2, BG<\/td>\n<\/tr>\n<tr>\n<td>Policy-based Routing<\/td>\n<td>Protocol, IP Address, Port, Domain, Country<\/td>\n<\/tr>\n<tr>\n<td>High Availability<\/td>\n<td>Active-Standby, Hot-Standby<\/td>\n<\/tr>\n<tr>\n<td>DNS Security (DNSSEC)<\/td>\n<td>yes<\/td>\n<\/tr>\n<tr>\n<td>IGMP<\/td>\n<td>IGMP v2\/v3, IGMP Proxy, IGMP Snooping &amp; Fast Leave(since f\/w v3.9.6)<\/td>\n<\/tr>\n<tr>\n<td>Local RADIUS server<\/td>\n<td>yes<\/td>\n<\/tr>\n<tr>\n<td>SMB File Sharing<\/td>\n<td>yes (Requires external storage)<\/td>\n<\/tr>\n<tr>\n<td><strong>VPN<\/strong><\/td>\n<td><\/td>\n<\/tr>\n<tr>\n<td>LAN-to-LAN<\/td>\n<td>yes<\/td>\n<\/tr>\n<tr>\n<td>Teleworker-to-LAN<\/td>\n<td>yes<\/td>\n<\/tr>\n<tr>\n<td>Protocols<\/td>\n<td>PPTP, L2TP, IPsec, L2TP over IPsec, SSL, GRE, IKEv2, IPsec-XAuth, OpenVPN(Host to LAN)<\/td>\n<\/tr>\n<tr>\n<td>User Authentication<\/td>\n<td>Local, RADIUS, LDAP, TACACS+, mOTP<\/td>\n<\/tr>\n<tr>\n<td>IKE Authentication<\/td>\n<td>Pre-Shared Key, X.509, XAuth, EAP<\/td>\n<\/tr>\n<tr>\n<td>IPsec Authentication<\/td>\n<td>SHA-1, SHA-256, MD5<\/td>\n<\/tr>\n<tr>\n<td>Encryption<\/td>\n<td>MPPE, DES, 3DES, AES<\/td>\n<\/tr>\n<tr>\n<td>VPN Trunk (Redundancy)<\/td>\n<td>Load Balancing, Failover<\/td>\n<\/tr>\n<tr>\n<td>Single-Armed VPN<\/td>\n<td>yes<\/td>\n<\/tr>\n<tr>\n<td>NAT-Traversal (NAT-T)<\/td>\n<td>yes<\/td>\n<\/tr>\n<tr>\n<td>DrayTek VPN Matcher<\/td>\n<td>yes<\/td>\n<\/tr>\n<tr>\n<td width=\"384\"><strong>Firewall &amp; Content Filtering<\/strong><\/td>\n<td><\/td>\n<\/tr>\n<tr>\n<td>NAT<\/td>\n<td>Port Redirection, Open Ports, Port Triggering, DMZ Host<\/td>\n<\/tr>\n<tr>\n<td>ALG (Application Layer Gateway)<\/td>\n<td>SIP, RTSP, FTP, H.323<\/td>\n<\/tr>\n<tr>\n<td>VPN Pass-Through<\/td>\n<td>PPTP, L2TP, IPsec<\/td>\n<\/tr>\n<tr>\n<td>IP-based Firewall Policy<\/td>\n<td>yes<\/td>\n<\/tr>\n<tr>\n<td>Content Filtering<\/td>\n<td>Application, URL, DNS Keyword, Web Features, Web Category* (*: subscription required)<\/td>\n<\/tr>\n<tr>\n<td>DoS Attack Defense<\/td>\n<td>yes<\/td>\n<\/tr>\n<tr>\n<td>Spoofing Defense<\/td>\n<td>yes<\/td>\n<\/tr>\n<tr>\n<td width=\"384\"><strong>Bandwidth Management<\/strong><\/td>\n<td><\/td>\n<\/tr>\n<tr>\n<td>IP-based Bandwidth Limit<\/td>\n<td>yes<\/td>\n<\/tr>\n<tr>\n<td>IP-based Session Limit<\/td>\n<td>yes<\/td>\n<\/tr>\n<tr>\n<td>QoS (Quality of Service)<\/td>\n<td>TOS, DSCP, 802.1p, IP Address, Service Type<\/td>\n<\/tr>\n<tr>\n<td>VoIP Prioritization<\/td>\n<td>yes<\/td>\n<\/tr>\n<tr>\n<td width=\"384\"><strong>Management<\/strong><\/td>\n<td><\/td>\n<\/tr>\n<tr>\n<td>Local Service<\/td>\n<td>HTTP, HTTPS, Telnet, SSH v2, FTP, TR-069<\/td>\n<\/tr>\n<tr>\n<td>Config File Export &amp; Import<\/td>\n<td>yes<\/td>\n<\/tr>\n<tr>\n<td>Firmware Upgrade<\/td>\n<td>TFTP, HTTP, TR-069<\/td>\n<\/tr>\n<tr>\n<td>2-Level Administration Privilege<\/td>\n<td>yes<\/td>\n<\/tr>\n<tr>\n<td>Access Control<\/td>\n<td>Access List, Brute Force Protection<\/td>\n<\/tr>\n<tr>\n<td>Syslog<\/td>\n<td>yes<\/td>\n<\/tr>\n<tr>\n<td width=\"384\">Notification Alert<\/td>\n<td width=\"385\">SMS, E-mail<\/td>\n<\/tr>\n<tr>\n<td width=\"384\">SNMP<\/td>\n<td width=\"385\">v1, v2c, v3<\/td>\n<\/tr>\n<tr>\n<td width=\"384\">Managed by VigorACS<\/td>\n<td width=\"385\">yes<\/td>\n<\/tr>\n<tr>\n<td width=\"384\">Central AP Management<\/td>\n<td width=\"385\">50 VigorAPs<\/td>\n<\/tr>\n<tr>\n<td width=\"384\">Central Switch Management<\/td>\n<td width=\"385\">30 VigorSwitches<\/td>\n<\/tr>\n<tr>\n<td width=\"384\"><strong>Physical<\/strong><\/td>\n<td width=\"385\"><\/td>\n<\/tr>\n<tr>\n<td width=\"384\">Rack Mountable<\/td>\n<td width=\"385\">c\u00f3\u00a0Mouting Kit Included<\/td>\n<\/tr>\n<tr>\n<td width=\"384\">Dimension<\/td>\n<td width=\"385\">443 mm x 285 mm x 45 mm<\/td>\n<\/tr>\n<tr>\n<td width=\"384\">Weight<\/td>\n<td width=\"385\">3.23 kg<\/td>\n<\/tr>\n<tr>\n<td width=\"384\">Power<\/td>\n<td width=\"385\">AC 110~220V @ 1A<\/td>\n<\/tr>\n<tr>\n<td width=\"384\">Max.Power Consumption<\/td>\n<td width=\"385\">35 watts<\/td>\n<\/tr>\n<tr>\n<td width=\"384\">Operating Temperature<\/td>\n<td width=\"385\">0 to 45\u00b0C<\/td>\n<\/tr>\n<tr>\n<td width=\"384\">Storage Temperature<\/td>\n<td width=\"385\">-10 to 55\u00b0C<\/td>\n<\/tr>\n<tr>\n<td width=\"384\">Operating Humidity (non-condensing)<\/td>\n<td width=\"385\">10 to 90%<\/td>\n<\/tr>\n<\/tbody>\n<\/table>\n<ul>\n<li>2 port 10 Gigabit WAN\/LAN slot SFP+(cho ph\u00e9p chuy\u1ec3n \u0111\u1ed5i WAN\/LAN linh ho\u1ea1t).<\/li>\n<li>2 port 2.5 Gigabit WAN\/LAN, RJ45 (cho ph\u00e9p chuy\u1ec3n \u0111\u1ed5i WAN\/LAN linh ho\u1ea1t).<\/li>\n<li>4 port Gigabit LAN\/WAN, RJ45 (P5-P8).<\/li>\n<li>4 c\u1ed5ng Gigabit LAN,\u00a0RJ-45 (P9-P12).<\/li>\n<li>2 c\u1ed5ng USB, 2 x 3.0 cho ph\u00e9p k\u1ebft n\u1ed1i USB\u00a03G\/4G, USB<span style=\"color: #0782c1;\">&#8230;<\/span><\/li>\n<li>1 c\u1ed5ng console, RJ45.<\/li>\n<li>Multi-WAN Load Balancing and Failover, h\u1ed7 tr\u1ee3 \u0111\u01b0\u1eddng truy\u1ec1n \u0111a d\u1ecbch v\u1ee5 (IPTV, Internet, VoIP&#8230;).<\/li>\n<li>NAT Session: 1.000.000, NAT Throughtput: 8.5Gb\/s v\u1edbi kh\u1ea3 n\u0103ng ch\u1ecbu t\u1ea3i l\u00ean \u0111\u1ebfn 500+ user, h\u1ed7 tr\u1ee3 nhi\u1ec1u d\u1ecbch v\u1ee5 cao c\u1ea5p:\u00a0Leased line, L2VPN, L3VPN, MetroNET\u2026<\/li>\n<li>H\u1ed7 tr\u1ee3 chia 50 l\u1edbp m\u1ea1ng kh\u00e1c nhau (801.2q VLAN Tag), DMZ LAN, IP routed LAN.<\/li>\n<li>VPN l\u00ean t\u1edbi 500 k\u00eanh (OpenVPN, IPSec(IKEv1,\u00a0IKEv2, XAuth), 200 k\u00eanh VPN SSL&#8230;.), VPN Trunking (Load balancing\/Backup), VPN qua 3G\/4G (Dial-out).<\/li>\n<li>Ki\u1ec3m so\u00e1t v\u00e0 qu\u1ea3n l\u00fd b\u0103ng th\u00f4ng t\u1ed1i \u01b0u \u0111\u01b0\u1eddng truy\u1ec1n Internet, ch\u1ebf \u0111\u1ed9 Hight-Availability.<\/li>\n<li>Firewall m\u1ea1nh m\u1ebd, linh ho\u1ea1t (IP\/MAC Address, Port Service,URL\/Web Content Filter&#8230;).<\/li>\n<li>T\u00edch h\u1ee3p Wi-Fi Marketing t\u1eeb c\u00e1c nh\u00e0 ph\u00e1t tri\u1ec3n h\u00e0ng \u0111\u1ea7u nh\u01b0 Meganet, VNWIFI, Nextify&#8230;<\/li>\n<li>Qu\u1ea3n l\u00fd t\u1eadp trung v\u1edbi Cloud VigorACS 2, qu\u1ea3n l\u00fd t\u1eadp trung Access Point APM, qu\u1ea3n l\u00fd t\u1eadp trung Switch SWM<\/li>\n<\/ul>","protected":false},"excerpt":{"rendered":"<p class=\"qtranxs-available-languages-message qtranxs-available-languages-message-en\">Sorry, this entry is only available in <a href=\"https:\/\/vietbee.com\/vi\/wp-json\/wp\/v2\/product\/2885\" class=\"qtranxs-available-language-link qtranxs-available-language-link-vi\" title=\"Ti\u1ebfng Vi\u1ec7t\">Ti\u1ebfng Vi\u1ec7t<\/a>. For the sake of viewer convenience, the content is shown below in the alternative language. You may click the link to switch the active language.<\/p>\n<p>Vigor3910 is capable for bandwidth demanding network. The router features a powerful quad-core processor, eight WAN interfaces, including two 10G SFP+ for fiber connectivity, two 2.5G Ethernet, RJ-45, and four Gigabit Ethernet, RJ-45, gives you NAT throughput up to 9.4 Gbps. All of WAN ports are switchable between WAN and LAN to provide Network Administrator with the flexibility to make the most out of the router. In addition, the router has four Gigabit Ethernet, RJ-45 as a fixed LAN interface.<\/p>\n","protected":false},"featured_media":3260,"template":"","meta":[],"product_brand":[],"product_cat":[45,75],"product_tag":[1223,1221,1218,1222,1127,1220,1219],"pa_bo-nho-trong":[],"pa_bo-vi-xu-ly":[],"pa_do-dai":[],"pa_do-phan-giai":[],"pa_hang-san-xuat":[83],"pa_kich-thuoc-man-hinh":[],"pa_micro-thu-am":[],"pa_nha-thong-minh-rang-dong":[],"pa_o-cung":[],"pa_ong-kinh":[],"pa_poe":[],"pa_ports":[1069],"pa_tam-quan-sat":[],"pa_theo-chuan":[],"class_list":{"0":"post-2885","1":"product","2":"type-product","3":"status-publish","4":"has-post-thumbnail","6":"product_cat-thiet-bi-mang","7":"product_cat-router-firewalls","8":"product_tag-bo-dinh-tuyen-wifi","9":"product_tag-firewalls","10":"product_tag-router","11":"product_tag-thiet-bi-dinh-tuyen","12":"product_tag-thiet-bi-mang","13":"product_tag-vigor","14":"product_tag-vigor3910","15":"pa_hang-san-xuat-draytek","16":"pa_ports-1069","18":"first","19":"instock","20":"shipping-taxable","21":"product-type-simple"},"_links":{"self":[{"href":"https:\/\/vietbee.com\/en\/wp-json\/wp\/v2\/product\/2885","targetHints":{"allow":["GET"]}}],"collection":[{"href":"https:\/\/vietbee.com\/en\/wp-json\/wp\/v2\/product"}],"about":[{"href":"https:\/\/vietbee.com\/en\/wp-json\/wp\/v2\/types\/product"}],"wp:featuredmedia":[{"embeddable":true,"href":"https:\/\/vietbee.com\/en\/wp-json\/wp\/v2\/media\/3260"}],"wp:attachment":[{"href":"https:\/\/vietbee.com\/en\/wp-json\/wp\/v2\/media?parent=2885"}],"wp:term":[{"taxonomy":"product_brand","embeddable":true,"href":"https:\/\/vietbee.com\/en\/wp-json\/wp\/v2\/product_brand?post=2885"},{"taxonomy":"product_cat","embeddable":true,"href":"https:\/\/vietbee.com\/en\/wp-json\/wp\/v2\/product_cat?post=2885"},{"taxonomy":"product_tag","embeddable":true,"href":"https:\/\/vietbee.com\/en\/wp-json\/wp\/v2\/product_tag?post=2885"},{"taxonomy":"pa_bo-nho-trong","embeddable":true,"href":"https:\/\/vietbee.com\/en\/wp-json\/wp\/v2\/pa_bo-nho-trong?post=2885"},{"taxonomy":"pa_bo-vi-xu-ly","embeddable":true,"href":"https:\/\/vietbee.com\/en\/wp-json\/wp\/v2\/pa_bo-vi-xu-ly?post=2885"},{"taxonomy":"pa_do-dai","embeddable":true,"href":"https:\/\/vietbee.com\/en\/wp-json\/wp\/v2\/pa_do-dai?post=2885"},{"taxonomy":"pa_do-phan-giai","embeddable":true,"href":"https:\/\/vietbee.com\/en\/wp-json\/wp\/v2\/pa_do-phan-giai?post=2885"},{"taxonomy":"pa_hang-san-xuat","embeddable":true,"href":"https:\/\/vietbee.com\/en\/wp-json\/wp\/v2\/pa_hang-san-xuat?post=2885"},{"taxonomy":"pa_kich-thuoc-man-hinh","embeddable":true,"href":"https:\/\/vietbee.com\/en\/wp-json\/wp\/v2\/pa_kich-thuoc-man-hinh?post=2885"},{"taxonomy":"pa_micro-thu-am","embeddable":true,"href":"https:\/\/vietbee.com\/en\/wp-json\/wp\/v2\/pa_micro-thu-am?post=2885"},{"taxonomy":"pa_nha-thong-minh-rang-dong","embeddable":true,"href":"https:\/\/vietbee.com\/en\/wp-json\/wp\/v2\/pa_nha-thong-minh-rang-dong?post=2885"},{"taxonomy":"pa_o-cung","embeddable":true,"href":"https:\/\/vietbee.com\/en\/wp-json\/wp\/v2\/pa_o-cung?post=2885"},{"taxonomy":"pa_ong-kinh","embeddable":true,"href":"https:\/\/vietbee.com\/en\/wp-json\/wp\/v2\/pa_ong-kinh?post=2885"},{"taxonomy":"pa_poe","embeddable":true,"href":"https:\/\/vietbee.com\/en\/wp-json\/wp\/v2\/pa_poe?post=2885"},{"taxonomy":"pa_ports","embeddable":true,"href":"https:\/\/vietbee.com\/en\/wp-json\/wp\/v2\/pa_ports?post=2885"},{"taxonomy":"pa_tam-quan-sat","embeddable":true,"href":"https:\/\/vietbee.com\/en\/wp-json\/wp\/v2\/pa_tam-quan-sat?post=2885"},{"taxonomy":"pa_theo-chuan","embeddable":true,"href":"https:\/\/vietbee.com\/en\/wp-json\/wp\/v2\/pa_theo-chuan?post=2885"}],"curies":[{"name":"wp","href":"https:\/\/api.w.org\/{rel}","templated":true}]}}