{"id":2870,"date":"2021-02-28T16:04:55","date_gmt":"2021-02-28T16:04:55","guid":{"rendered":"http:\/\/vietbee.com\/?post_type=product&#038;p=2870"},"modified":"2021-02-28T16:04:58","modified_gmt":"2021-02-28T16:04:58","slug":"ezviz-cs-cv248-hd1080p","status":"publish","type":"product","link":"https:\/\/vietbee.com\/en\/product\/ezviz-cs-cv248-hd1080p\/","title":{"rendered":"EZVIZ CS-CV248 (HD1080P)"},"content":{"rendered":"&nbsp;<\/p>\n<p><strong>Camera EZVIZ CS-CV248<\/strong>\u00a0v\u1edbi t\u00ean m\u00e3 model l\u00e0\u00a0<strong>Ezviz C6T<\/strong>. \u0110\u00e2y l\u00e0 phi\u00ean b\u1ea3n\u00a0camera Wifi th\u00f4ng minh cao c\u1ea5p c\u1ee7a EZVIZ \u0111\u01b0\u1ee3c thi\u1ebft k\u1ebf h\u00ecnh d\u1ea1ng c\u1ea7u. T\u1ea5t nhi\u00ean l\u00e0 nh\u00e0 s\u1ea3n xu\u1ea5t \u0111\u00e3 t\u00ednh to\u00e1n thi\u1ebft k\u1ebf n\u00e0y \u0111\u1ec3 ph\u1ee5c v\u1ee5 cho vi\u1ec7c quan s\u00e1t 360 \u0111\u1ed9. M\u1eaft \u0111\u1ecdc camera \u0111\u01b0\u1ee3c l\u00e0m \u0111\u1ed3ng m\u00e0u v\u1edbi n\u1ec1n gi\u00fap camera \u1ea9n m\u00ecnh h\u01a1n khi gi\u00e1m s\u00e1t. H\u01a1n n\u1eefa, v\u1edbi thi\u1ebft k\u1ebf tr\u00f2n l\u1ea1 m\u1eaft th\u00ec m\u1ecdi ng\u01b0\u1eddi s\u1ebd kh\u00f4ng ngh\u0129 \u0111\u00e2y l\u00e0 camera quan s\u00e1t, \u0111i\u1ec1u n\u00e0y gi\u00fap t\u0103ng hi\u1ec7u qu\u1ea3 gi\u00e1m s\u00e1t.<\/p>\n<p>Camera IP Wifi EZVIZ CS-CV248 (C6T) quan s\u00e1t trong nh\u00e0 v\u1edbi kh\u1ea3 n\u0103ng quay 360 \u0111\u1ed9 cung c\u1ea5p video chu\u1ea9n n\u00e9n H.264, h\u00ecnh \u1ea3nh Full HD 1080p r\u00f5 r\u00e0ng v\u00e0 s\u1eaft n\u00e9t. H\u1ed7 tr\u1ee3 \u00e2m thanh \u0111\u00e0m tho\u1ea1i 2 chi\u1ec1u, t\u00edch h\u1ee3p \u0111\u00e8n led h\u1ed3ng ngo\u1ea1i gi\u00fap quan s\u00e1t t\u1ed1t v\u00e0o ban \u0111\u00eam v\u1edbi t\u1ea7m nh\u00ecn xa l\u00ean \u0111\u1ebfn 10m.<\/p>\n<p>Khi b\u1ea1n \u0111i v\u1eafng v\u00e0 mu\u1ed1n tr\u00f2 chuy\u1ec7n v\u1edbi nh\u1eefng ng\u01b0\u1eddi th\u00e2n y\u00eau, b\u1ea1n c\u00f3 th\u1ec3 s\u1eed d\u1ee5ng t\u00ednh n\u0103ng tr\u00f2 chuy\u1ec7n hai chi\u1ec1u. Ng\u01b0\u1eddi d\u00f9ng ch\u1ec9 c\u1ea7n nh\u1ea5n v\u00e0o n\u00fat micro trong \u1ee9nng d\u1ee5ng EZVIZ tr\u00ean \u0111i\u1ec7n tho\u1ea1i th\u00ec camera CS-CV248 s\u1ebd th\u1ef1c hi\u1ec7n to\u00e0n b\u1ed9 c\u00e1c c\u00f4ng \u0111o\u1ea1n c\u00f2n l\u1ea1i.<\/p>\n<p>Camera EZVIZ CS-CV248 c\u00f3 kh\u1ea3 n\u0103ng xoay r\u1ea5t nh\u1ea1y gi\u00fap xem bao qu\u00e1t to\u00e0n v\u00f9ng m\u1edf r\u1ed9ng v\u1edbi c\u00e1c g\u00f3c quay ngang 340\u00b0, quay d\u1ecdc l\u00ean tr\u00ean 80\u00b0 v\u00e0 quay d\u1ecdc xu\u1ed1ng 10\u00b0.<\/p>\n<p>\u0110\u00f4i l\u00fac, b\u1ea1n s\u1ebd c\u1ea7n \u0111\u1ebfn nh\u1eefng kho\u1ea3ng kh\u00f4ng gian ri\u00eang t\u01b0 th\u00ec \u0111\u1eebng lo l\u1eafng v\u00ec camera CS-Cv248 \u0111\u01b0\u1ee3c thi\u1ebft k\u1ebf m\u00e0n tr\u1eadp ri\u00eang t\u01b0 r\u1ea5t tinh t\u1ebf, cho ph\u00e9p b\u1ea1n che l\u1ea1i c\u00e1c th\u1ea5u k\u00ednh b\u1ea5t c\u1ee9 khi n\u00e0o c\u1ea7n t\u1edbi s\u1ef1 ri\u00eang t\u01b0.<\/p>\n<p>Khi ph\u00e1t hi\u1ec7n chuy\u1ec3n \u0111\u1ed9ng, Camera EZVIZ CS-CV248 s\u1ebd t\u1ef1 \u0111\u1ed9ng ch\u1ee5p \u1ea3nh v\u00e0 theo d\u00f5i chuy\u1ec3n \u0111\u1ed9ng, \u0111\u1ed3ng th\u1eddi g\u1eedi \u0111i c\u00e1c th\u00f4ng b\u00e1o v\u00e0 \u0111o\u1ea1n video theo th\u1eddi gian th\u1ef1c.<\/p>\n<p>Camera kh\u00f4ng d\u00e2y\u00a0<strong>Ezviz C6T (HD1080P)<\/strong>\u00a0\u0111\u01b0\u1ee3c thi\u1ebft k\u1ebf d\u00e0nh ri\u00eang cho t\u1ed5 \u1ea5m c\u1ee7a b\u1ea1n, v\u1eeba v\u1eb7n v\u1edbi m\u1ecdi v\u1ecb tr\u00ed. S\u1eed d\u1ee5ng Wifi (b\u0103ng t\u1ea7n 2.4 GHz) \u0111i\u1ec1u khi\u1ec3n qua h\u1ec7 \u0111i\u1ec1u h\u00e0nh \u0111\u00e1m m\u00e2y EZVIZ \u2013 S\u1eed d\u1ee5ng ph\u1ea7n m\u1ec1m EZVIZ. C\u00f3 th\u1ec3 l\u1eafp \u0111\u1eb7t \u1edf b\u1ea5t k\u1ef3 v\u1ecb tr\u00ed n\u00e0o trong ng\u00f4i nh\u00e0 th\u00e2n y\u00eau c\u1ee7a b\u1ea1n.<\/p>\n<p><strong>Camera quay 360 \u0111\u1ed9\u00a0EZVIZ CS-CV248 (HD1080P)<\/strong> ph\u00f9 h\u1ee3p s\u1eed d\u1ee5ng trong nh\u00e0 cho gia \u0111\u00ecnh, v\u0103n ph\u00f2ng, c\u1eeda h\u00e0ng, khuy\u00ean d\u00f9ng kh\u00e1ch h\u00e0ng s\u1eed d\u1ee5ng s\u1ea3n ph\u1ea9m ph\u00f9 h\u1ee3p v\u00e0 \u0111\u1ea3m b\u1ea3o \u0111\u1ed9 b\u1ec1n nh\u01b0 sau:<br \/>\n\u2013 \u0110\u1ec3 \u0111\u1ea1t hi\u1ec7u su\u1ea5t cao nh\u1ea5t, tr\u00e1nh l\u1eafp \u0111\u1eb7t t\u1ea1i n\u01a1i c\u00f3 \u00e1nh s\u00e1ng m\u1ea1nh chi\u1ebfu tr\u1ef1c ti\u1ebfp, tr\u00e1nh v\u1ecb tr\u00ed m\u01b0a b\u1ee5i.<br \/>\n\u2013\u00a0Kh\u00f4ng ch\u1ea1m tay tr\u1ef1c ti\u1ebfp v\u00e0o \u1ed1ng k\u00ednh v\u00e0 C\u1ea3m bi\u1ebfn.<br \/>\n\u2013\u00a0Khi c\u00f3 hi\u1ec7n t\u01b0\u1ee3ng m\u1edd s\u1eed d\u1ee5ng v\u1eadt li\u1ec7u m\u1ec1m c\u00f3 ch\u1ee9a m\u1ed9t s\u1ed1 h\u00f3a ch\u1ea5t \u0111\u1ec3 lau s\u1ea1ch b\u1ee5i \u1ed1ng k\u00ednh v\u00e0 C\u1ea3m bi\u1ebfn.<br \/>\n\u2013 S\u1eed d\u1ee5ng b\u1ed9 ngu\u1ed3n chu\u1ea9n, \u0111\u1ee7 c\u00f4ng su\u1ea5t, ch\u00ednh h\u00e3ng. Qu\u00e1 \u0111i\u1ec7n \u00e1p c\u00f3 th\u1ec3 l\u00e0m h\u01b0 camera.<\/p>\n<p><strong>Th\u00f4ng S\u1ed1 K\u0129 Thu\u1eadt:<\/strong><\/p>\n<ul>\n<li>H\u00e3ng s\u1ea3n xu\u1ea5t: EZVIZ.<\/li>\n<li>Model: CS-CV248.<\/li>\n<li>C\u1ea3m bi\u1ebfn 1\/3\u2033 Progressive Scan CMOS.<\/li>\n<li>\u0110\u1ed9 ph\u00e2n gi\u1ea3i: 2Megapixel, 1920\u00d71080.<\/li>\n<li>\u1ed0ng k\u00ednh: 4mm@F2.2.<\/li>\n<li>\u0110\u1ed9 nh\u1ea1y s\u00e1ng t\u1ed1i thi\u1ec3u: 0.02Lux@(F2.2, AGC ON), 0 Lux with IR.<\/li>\n<li>T\u1ea7m nh\u00ecn: g\u00f3c nh\u00ecn ngang 72 \u0111\u1ed9, nh\u00ecn ch\u00e9o 92 \u0111\u1ed9.<\/li>\n<li>Xoay 4 chi\u1ec1u: xoay ngang 340 \u0111\u1ed9, xoay d\u1ecdc 80 \u0111\u1ed9.<\/li>\n<li>H\u1ed7 tr\u1ee3 ch\u1ee5p h\u00ecnh to\u00e0n c\u1ea3nh.<\/li>\n<li>Gi\u1ea3m nhi\u1ec5u 3D DNR, c\u00e2n b\u1eb1ng tr\u1eafng BLC.<\/li>\n<li>Ch\u1ed1ng ng\u01b0\u1ee3c s\u00e1ng Digital WDR.<\/li>\n<li>Video chu\u1ea9n n\u00e9n H.264.<\/li>\n<li>Ph\u00e1t hi\u1ec7n chuy\u1ec3n \u0111\u1ed9ng th\u00f4ng minh.<\/li>\n<li>C\u1ea3nh b\u00e1o chuy\u1ec3n \u0111\u1ed9ng.<\/li>\n<li>H\u1ed7 tr\u1ee3 khe g\u1eafn th\u1ebb nh\u1edb 128GB.<\/li>\n<li>T\u00edch h\u1ee3p micro v\u00e0 loa \u0111\u00e0m tho\u1ea1i 2 chi\u1ec1u.<\/li>\n<li>H\u1ed3ng ngo\u1ea1i 10m.<\/li>\n<li>H\u1ed7 tr\u1ee3 c\u00e0i \u0111\u1eb7t wifi th\u00f4ng minh.<\/li>\n<li>Trang b\u1ecb c\u1ed5ng m\u1ea1ng LAN 10\/100M.<\/li>\n<li>Ngu\u1ed3n \u0111i\u1ec7n DC 5V.<\/li>\n<\/ul>","protected":false},"excerpt":{"rendered":"<ul>\n<li>Camera wifi quay que\u0301t \u0111a n\u0103ng 2.0 Megapixel \u2013 H\u00f4\u0303 tr\u01a1\u0323 theo do\u0303i chuy\u00ea\u0309n \u0111\u00f4\u0323ng th\u00f4ng minh<\/li>\n<li>Pha\u0301t hi\u00ea\u0323n chuy\u00ea\u0309n \u0111\u00f4\u0323ng th\u00f4ng minh<\/li>\n<li>H\u00f4\u0303 tr\u01a1\u0323 khe c\u0103\u0301m the\u0309 nh\u01a1\u0301 \u0111\u00ea\u0301n 128GB<\/li>\n<li>Ti\u0301ch h\u01a1\u0323p Micro va\u0300 Loa<\/li>\n<li>Thi\u1ebft k\u1ebf hi\u1ec7n \u0111\u1ea1i, l\u1eafp \u0111\u1eb7t trong nh\u00e0<\/li>\n<\/ul>\n","protected":false},"featured_media":2881,"template":"","meta":[],"product_brand":[],"product_cat":[1167],"product_tag":[1171,1173,1216,1175,1212,1179,1182,1194,1217,1214,1215,1213],"pa_bo-nho-trong":[],"pa_bo-vi-xu-ly":[],"pa_do-dai":[],"pa_do-phan-giai":[1197],"pa_hang-san-xuat":[1196],"pa_kich-thuoc-man-hinh":[],"pa_micro-thu-am":[1208],"pa_nha-thong-minh-rang-dong":[],"pa_o-cung":[],"pa_ong-kinh":[1203],"pa_poe":[],"pa_ports":[],"pa_tam-quan-sat":[1210],"pa_theo-chuan":[],"class_list":{"0":"post-2870","1":"product","2":"type-product","3":"status-publish","4":"has-post-thumbnail","6":"product_cat-thiet-bi-giam-sat-cctv","7":"product_tag-camera","8":"product_tag-camera-ezviz","9":"product_tag-camera-gia-re","10":"product_tag-camera-giam-sat","11":"product_tag-camera-indoor","12":"product_tag-camera-outdoor","13":"product_tag-camera-thong-minh","14":"product_tag-camera-thong-minh-hd-1080p","15":"product_tag-camera-trong-nha","16":"product_tag-ezviz","17":"product_tag-ezviz-cs-cv248","18":"product_tag-ezviz-cs-cv248-hd1080p","19":"pa_do-phan-giai-2mp","20":"pa_hang-san-xuat-ezviz","21":"pa_micro-thu-am-co","22":"pa_ong-kinh-4mm","23":"pa_tam-quan-sat-10m","25":"first","26":"instock","27":"shipping-taxable","28":"product-type-simple"},"_links":{"self":[{"href":"https:\/\/vietbee.com\/en\/wp-json\/wp\/v2\/product\/2870","targetHints":{"allow":["GET"]}}],"collection":[{"href":"https:\/\/vietbee.com\/en\/wp-json\/wp\/v2\/product"}],"about":[{"href":"https:\/\/vietbee.com\/en\/wp-json\/wp\/v2\/types\/product"}],"wp:featuredmedia":[{"embeddable":true,"href":"https:\/\/vietbee.com\/en\/wp-json\/wp\/v2\/media\/2881"}],"wp:attachment":[{"href":"https:\/\/vietbee.com\/en\/wp-json\/wp\/v2\/media?parent=2870"}],"wp:term":[{"taxonomy":"product_brand","embeddable":true,"href":"https:\/\/vietbee.com\/en\/wp-json\/wp\/v2\/product_brand?post=2870"},{"taxonomy":"product_cat","embeddable":true,"href":"https:\/\/vietbee.com\/en\/wp-json\/wp\/v2\/product_cat?post=2870"},{"taxonomy":"product_tag","embeddable":true,"href":"https:\/\/vietbee.com\/en\/wp-json\/wp\/v2\/product_tag?post=2870"},{"taxonomy":"pa_bo-nho-trong","embeddable":true,"href":"https:\/\/vietbee.com\/en\/wp-json\/wp\/v2\/pa_bo-nho-trong?post=2870"},{"taxonomy":"pa_bo-vi-xu-ly","embeddable":true,"href":"https:\/\/vietbee.com\/en\/wp-json\/wp\/v2\/pa_bo-vi-xu-ly?post=2870"},{"taxonomy":"pa_do-dai","embeddable":true,"href":"https:\/\/vietbee.com\/en\/wp-json\/wp\/v2\/pa_do-dai?post=2870"},{"taxonomy":"pa_do-phan-giai","embeddable":true,"href":"https:\/\/vietbee.com\/en\/wp-json\/wp\/v2\/pa_do-phan-giai?post=2870"},{"taxonomy":"pa_hang-san-xuat","embeddable":true,"href":"https:\/\/vietbee.com\/en\/wp-json\/wp\/v2\/pa_hang-san-xuat?post=2870"},{"taxonomy":"pa_kich-thuoc-man-hinh","embeddable":true,"href":"https:\/\/vietbee.com\/en\/wp-json\/wp\/v2\/pa_kich-thuoc-man-hinh?post=2870"},{"taxonomy":"pa_micro-thu-am","embeddable":true,"href":"https:\/\/vietbee.com\/en\/wp-json\/wp\/v2\/pa_micro-thu-am?post=2870"},{"taxonomy":"pa_nha-thong-minh-rang-dong","embeddable":true,"href":"https:\/\/vietbee.com\/en\/wp-json\/wp\/v2\/pa_nha-thong-minh-rang-dong?post=2870"},{"taxonomy":"pa_o-cung","embeddable":true,"href":"https:\/\/vietbee.com\/en\/wp-json\/wp\/v2\/pa_o-cung?post=2870"},{"taxonomy":"pa_ong-kinh","embeddable":true,"href":"https:\/\/vietbee.com\/en\/wp-json\/wp\/v2\/pa_ong-kinh?post=2870"},{"taxonomy":"pa_poe","embeddable":true,"href":"https:\/\/vietbee.com\/en\/wp-json\/wp\/v2\/pa_poe?post=2870"},{"taxonomy":"pa_ports","embeddable":true,"href":"https:\/\/vietbee.com\/en\/wp-json\/wp\/v2\/pa_ports?post=2870"},{"taxonomy":"pa_tam-quan-sat","embeddable":true,"href":"https:\/\/vietbee.com\/en\/wp-json\/wp\/v2\/pa_tam-quan-sat?post=2870"},{"taxonomy":"pa_theo-chuan","embeddable":true,"href":"https:\/\/vietbee.com\/en\/wp-json\/wp\/v2\/pa_theo-chuan?post=2870"}],"curies":[{"name":"wp","href":"https:\/\/api.w.org\/{rel}","templated":true}]}}