{"id":2763,"date":"2020-07-30T10:36:58","date_gmt":"2020-07-30T10:36:58","guid":{"rendered":"http:\/\/vietbee.com\/?post_type=product&#038;p=2763"},"modified":"2023-01-31T03:09:02","modified_gmt":"2023-01-31T03:09:02","slug":"cambium-cnvision-cctv","status":"publish","type":"product","link":"https:\/\/vietbee.com\/en\/product\/cambium-cnvision-cctv\/","title":{"rendered":"Cambium cnVision CCTV"},"content":{"rendered":"<p class=\"qtranxs-available-languages-message qtranxs-available-languages-message-en\">Sorry, this entry is only available in <a href=\"https:\/\/vietbee.com\/vi\/wp-json\/wp\/v2\/product\/2763\" class=\"qtranxs-available-language-link qtranxs-available-language-link-vi\" title=\"Ti\u1ebfng Vi\u1ec7t\">Ti\u1ebfng Vi\u1ec7t<\/a>. For the sake of viewer convenience, the content is shown below in the alternative language. You may click the link to switch the active language.<\/p><div><span style=\"color: #282828;\"><strong>CnVision CCTV l\u00e0 g\u00ec?<\/strong><\/span><\/div>\n<ul>\n<li><span style=\"color: #282828;\">M\u1ed9t n\u1ec1n t\u1ea3ng k\u1ebft n\u1ed1i kh\u00f4ng d\u00e2y \u0111\u01b0\u1ee3c thi\u1ebft k\u1ebf cho nhu c\u1ea7u c\u1ee7a video nhi\u1ec7m v\u1ee5 quan tr\u1ecdng backhaul gi\u00e1m s\u00e1t.<\/span><\/li>\n<li><span style=\"color: #282828;\">Thu\u1eadt to\u00e1n truy\u1ec1n kh\u00f4ng d\u00e2y t\u1ed1i \u01b0u cho video.<\/span><\/li>\n<li><span style=\"color: #282828;\">Kh\u1ea3 n\u0103ng ph\u1ee5c h\u1ed3i cao v\u00e0 h\u1ed7 tr\u1ee3 c\u00e1c nhi\u1ec7m v\u1ee5 tri\u1ec3n khai quan tr\u1ecdng.<\/span><\/li>\n<li><span style=\"color: #282828;\">Ki\u1ebfn tr\u00fac c\u00f3 kh\u1ea3 n\u0103ng m\u1edf r\u1ed9ng cao.<\/span><\/li>\n<\/ul>\n<div><span style=\"color: #282828;\"><strong>\u0110\u1ed9 tin c\u1eady, d\u1ec5 s\u1eed d\u1ee5ng:\u00a0\u00a0<\/strong><\/span><\/div>\n<ul>\n<li><span style=\"color: #282828;\">D\u1ec5 d\u00e0ng l\u1eadp k\u1ebf ho\u1ea1ch, c\u00e0i \u0111\u1eb7t v\u00e0 c\u1ea5u h\u00ecnh v\u1edbi c\u00e1c c\u00f4ng c\u1ee5 \u0111\u1ed3ng h\u00e0nh.<\/span><\/li>\n<li><span style=\"color: #282828;\">VMS t\u00edch h\u1ee3p, ONVIF kh\u00e1ch h\u00e0ng h\u1ed7 tr\u1ee3 \u0111\u1ec3 c\u1ea3i thi\u1ec7n kh\u1eafc ph\u1ee5c s\u1ef1 c\u1ed1.<\/span><\/li>\n<\/ul>\n<p><a href=\"http:\/\/vietbee.com\/wp-content\/uploads\/2020\/07\/CCTV8.png\"><img loading=\"lazy\" decoding=\"async\" class=\"wp-image-2771 aligncenter\" src=\"http:\/\/vietbee.com\/wp-content\/uploads\/2020\/07\/CCTV8.png\" alt=\"\" width=\"795\" height=\"400\" srcset=\"https:\/\/vietbee.com\/wp-content\/uploads\/2020\/07\/CCTV8.png 951w, https:\/\/vietbee.com\/wp-content\/uploads\/2020\/07\/CCTV8-390x196.png 390w, https:\/\/vietbee.com\/wp-content\/uploads\/2020\/07\/CCTV8-796x400.png 796w, https:\/\/vietbee.com\/wp-content\/uploads\/2020\/07\/CCTV8-768x386.png 768w\" sizes=\"auto, (max-width: 795px) 100vw, 795px\" \/><\/a><\/p>\n<p>&nbsp;<\/p>\n<div><span style=\"color: #282828;\"><strong>S\u1ef1 kh\u00e1c bi\u1ec7t cnVision:<\/strong><\/span><\/div>\n<ul>\n<li><span style=\"color: #282828;\">B\u1ea3o m\u1eadt: b\u1ea3o m\u1eadt d\u1eef li\u1ec7u qua m\u00e3 h\u00f3a AES128\/256 bit; Giao th\u1ee9c b\u1ea3o m\u1eadt qua Beacon \u0111\u1ed9c quy\u1ec1n, t\u00edn hi\u1ec7u; Phi\u00ean b\u1ea3o m\u1eadt qua nhi\u1ec1u \u0111\u1ecbnh ngh\u0129a c\u1ea5p ng\u01b0\u1eddi d\u00f9ng; Truy c\u1eadp b\u1ea3o m\u1eadt qua SSH, HTTPs, Radius<\/span><\/li>\n<li><span style=\"color: #282828;\">Truy\u1ec1n: qua giao th\u1ee9c \u0111\u1ed9c quy\u1ec1n kh\u00f4ng kh\u00ed v\u1edbi h\u1ed7 tr\u1ee3 QOS v\u00e0 \u0111i\u1ec1u ch\u1ebf th\u00edch \u1ee9ng gi\u1ea3m thi\u1ec3u m\u1ea5t g\u00f3i. Kh\u1ea3 n\u0103ng ph\u1ee5c h\u1ed3i cao cho s\u1ef1 can thi\u1ec7p v\u00e0 ph\u00e2n t\u00edch ph\u1ed5 chuy\u00ean d\u1ee5ng<\/span><\/li>\n<li><span style=\"color: #282828;\">CCTV h\u1ed9i nh\u1eadp: x\u00e2y d\u1ef1ng trong kh\u00e1ch h\u00e0ng ONVIF cho ph\u00e9p ph\u00e1t hi\u1ec7n m\u00e1y \u1ea3nh. Kh\u1ea3 n\u0103ng ph\u00e1t hi\u1ec7n lu\u1ed3ng b\u1ed5 sung \u0111\u1ec3 xem v\u00e0 \u0111\u00e1nh gi\u00e1 h\u00ecnh \u1ea3nh trong c\u00e1c \u0111\u01a1n v\u1ecb.<\/span><\/li>\n<li><span style=\"color: #282828;\">H\u1ed7 tr\u1ee3 tri\u1ec3n khai: kh\u00e1m ph\u00e1, c\u1ea5u h\u00ecnh &amp; c\u00f4ng c\u1ee5 l\u1eadp k\u1ebf ho\u1ea1ch kh\u00f4ng d\u00e2y \u0111\u1ec3 th\u1ef1c hi\u1ec7n qu\u1ea3n l\u00fd &amp; tri\u1ec3n khai d\u1ec5 d\u00e0ng h\u01a1n<\/span><\/li>\n<li><span style=\"color: #282828;\">Ruggedization: IP55 &amp; IP67 c\u00e1c m\u00f4 h\u00ecnh v\u1edbi-30C \u0111\u1ebfn + 55C ph\u1ea1m vi nhi\u1ec7t \u0111\u1ed9 m\u00f4 h\u00ecnh ngo\u00e0i tr\u1eddi. \u0110\u01b0\u1ee3c x\u00e2y d\u1ef1ng trong c\u00e1c ch\u1ee9c n\u0103ng n\u00f3ng \u0111\u1ec3 tri\u1ec3n khai c\u1ef1c l\u1ea1nh.<\/span><\/li>\n<li><span style=\"color: #282828;\">Radio ho\u1ea1t \u0111\u1ed9ng t\u1eeb 4,910 \u0111\u1ebfn 5,970 GHz v\u1edbi \u0111\u1ed9 r\u1ed9ng c\u00e1c k\u00eanh c\u1ee7a 20\/40\/80 MHz cung c\u1ea5p l\u00ean \u0111\u1ebfn 600 Mbps.<\/span><\/li>\n<li><span style=\"color: #282828;\">Client MAXr l\u00e0 gi\u1ea3i ph\u00e1p t\u1ed1t nh\u1ea5t cho c\u00e1c d\u1ef1 \u00e1n ch\u00ednh ph\u1ee7 v\u00e0 k\u1ecbch b\u1ea3n v\u1edbi m\u1ee9c \u0111\u1ed9 cao nh\u1ea5t c\u1ee7a b\u1ec1n v\u00e0 an ninh.<\/span><\/li>\n<\/ul>\n<p><a href=\"http:\/\/vietbee.com\/wp-content\/uploads\/2020\/07\/CCTV7.png\"><img loading=\"lazy\" decoding=\"async\" class=\"wp-image-2770 aligncenter\" src=\"http:\/\/vietbee.com\/wp-content\/uploads\/2020\/07\/CCTV7.png\" alt=\"\" width=\"871\" height=\"329\" srcset=\"https:\/\/vietbee.com\/wp-content\/uploads\/2020\/07\/CCTV7.png 1164w, https:\/\/vietbee.com\/wp-content\/uploads\/2020\/07\/CCTV7-390x147.png 390w, https:\/\/vietbee.com\/wp-content\/uploads\/2020\/07\/CCTV7-800x302.png 800w, https:\/\/vietbee.com\/wp-content\/uploads\/2020\/07\/CCTV7-768x290.png 768w\" sizes=\"auto, (max-width: 871px) 100vw, 871px\" \/><\/a><\/p>\n<p><span style=\"color: #282828;\"><strong>cnVision ph\u00edm kh\u00e1c bi\u1ec7t:<\/strong><\/span><\/p>\n<ul>\n<li><span style=\"color: #282828;\">\u00a0X\u00e2y d\u1ef1ng cho m\u1ee5c \u0111\u00edch gi\u00e1m s\u00e1t video kh\u00f4ng d\u00e2y.<\/span><\/li>\n<li><span style=\"color: #282828;\">T\u1ea7m xa l\u00ean \u0111\u1ebfn 5 d\u1eb7m.<\/span><\/li>\n<li><span style=\"color: #282828;\">C\u00f4ng su\u1ea5t cao l\u00ean \u0111\u1ebfn 600 Mbps.<\/span><\/li>\n<\/ul>\n<div><span style=\"color: #282828;\">VM t\u00edch h\u1ee3p-kh\u1eafc ph\u1ee5c s\u1ef1 c\u1ed1 hub\/client t\u1eeb c\u00f9ng m\u1ed9t m\u00e1y \u1ea3o b\u1ea1n s\u1eed d\u1ee5ng camera.<\/span><\/div>\n<div><span style=\"color: #282828;\">ONVIF clien t\u00edch h\u1ee3p v\u00e0 ph\u00e1t l\u1ea1i.<\/span><\/div>\n<div><span style=\"color: #282828;\">Kh\u00e1m ph\u00e1 v\u00e0 xem th\u00f4ng tin m\u00e1y \u1ea3nh ngay trong giao di\u1ec7n kh\u00e1ch h\u00e0ng. Ph\u00e1t l\u1ea1i ngay tr\u00ean giao di\u1ec7n ng\u01b0\u1eddi d\u00f9ng \u0111\u1ec3 h\u1ed7 tr\u1ee3 c\u00f4 l\u1eadp l\u1ed7i.<\/span><\/div>\n<div><span style=\"color: #282828;\">Tri\u1ec3n khai nhanh ch\u00f3ng m\u00e0 kh\u00f4ng c\u00f3 c\u00e1p d\u1eef li\u1ec7u.<\/span><\/div>\n<div><span style=\"color: #282828;\">B\u1ea3o m\u1eadt cao v\u1edbi m\u00e3 h\u00f3a AES t\u00edch h\u1ee3p v\u00e0 qu\u1ea3n l\u00fd an to\u00e0n (HTTPS, RADIUS, SSH)<\/span><\/div>\n<div><span style=\"color: #282828;\">Truy\u1ec1n t\u1ea3i \u0111\u00e1ng tin c\u1eady v\u1edbi m\u1ed9t giao th\u1ee9c kh\u00f4ng d\u00e2y ph\u00f9 h\u1ee3p cho video v\u1edbi h\u1ed7 tr\u1ee3 QoS v\u00e0 k\u1ef9 thu\u1eadt gi\u1ea3m thi\u1ec3u m\u1ea5t khung. R\u1ea5t \u0111\u00e0n h\u1ed3i \u0111\u1ec3 g\u00e2y nhi\u1ec5u<\/span><\/div>\n<div><span style=\"color: #282828;\">T\u1ef1 \u0111\u1ed9ng ph\u00e1t hi\u1ec7n camera model, lo\u1ea1i v\u00e0 c\u1ea5u h\u00ecnh v\u1edbi built-in ONVIF kh\u00e1ch h\u00e0ng v\u00e0 ph\u00e1t hi\u1ec7n Stream kh\u1ea3 n\u0103ng \u0111\u1ec3 xem v\u00e0 \u0111\u00e1nh gi\u00e1 h\u00ecnh \u1ea3nh.<\/span><\/div>\n<div><\/div>\n<p>&nbsp;<\/p>\n<p>&nbsp;<\/p>\n<div><\/div>","protected":false},"excerpt":{"rendered":"<p class=\"qtranxs-available-languages-message qtranxs-available-languages-message-en\">Sorry, this entry is only available in <a href=\"https:\/\/vietbee.com\/vi\/wp-json\/wp\/v2\/product\/2763\" class=\"qtranxs-available-language-link qtranxs-available-language-link-vi\" title=\"Ti\u1ebfng Vi\u1ec7t\">Ti\u1ebfng Vi\u1ec7t<\/a>. For the sake of viewer convenience, the content is shown below in the alternative language. You may click the link to switch the active language.<\/p>\n<ul>\n<li>X\u00e2y d\u1ef1ng cho m\u1ee5c \u0111\u00edch gi\u00e1m s\u00e1t video kh\u00f4ng d\u00e2y.<\/li>\n<li>T\u1ea7m xa l\u00ean \u0111\u1ebfn 5 d\u1eb7m.<\/li>\n<li>Radio ho\u1ea1t \u0111\u1ed9ng t\u1eeb 4,910 \u0111\u1ebfn 5,970 GHz v\u1edbi \u0111\u1ed9 r\u1ed9ng c\u00e1c k\u00eanh c\u1ee7a 20\/40\/80 MHz cung c\u1ea5p l\u00ean \u0111\u1ebfn 600 Mbps.<\/li>\n<li>Ruggedization: IP55 &amp; IP67 c\u00e1c m\u00f4 h\u00ecnh v\u1edbi -30C \u0111\u1ebfn + 55C ph\u1ea1m vi nhi\u1ec7t \u0111\u1ed9 m\u00f4 h\u00ecnh ngo\u00e0i tr\u1eddi.<\/li>\n<li>Tri\u1ec3n khai nhanh ch\u00f3ng m\u00e0 kh\u00f4ng c\u1ea7n c\u00e1p d\u1eef li\u1ec7u.<\/li>\n<\/ul>\n<p>&nbsp;<\/p>\n","protected":false},"featured_media":2766,"template":"","meta":[],"product_brand":[],"product_cat":[45,28],"product_tag":[1078,1080,1079],"pa_bo-nho-trong":[],"pa_bo-vi-xu-ly":[],"pa_do-dai":[],"pa_do-phan-giai":[],"pa_hang-san-xuat":[],"pa_kich-thuoc-man-hinh":[],"pa_micro-thu-am":[],"pa_nha-thong-minh-rang-dong":[],"pa_o-cung":[],"pa_ong-kinh":[],"pa_poe":[],"pa_ports":[],"pa_tam-quan-sat":[],"pa_theo-chuan":[],"class_list":{"0":"post-2763","1":"product","2":"type-product","3":"status-publish","4":"has-post-thumbnail","6":"product_cat-thiet-bi-mang","7":"product_cat-wireless-products","8":"product_tag-cambium-cnvision-cctv","9":"product_tag-cctv","10":"product_tag-cnvision-cctv","12":"first","13":"instock","14":"shipping-taxable","15":"product-type-simple"},"_links":{"self":[{"href":"https:\/\/vietbee.com\/en\/wp-json\/wp\/v2\/product\/2763","targetHints":{"allow":["GET"]}}],"collection":[{"href":"https:\/\/vietbee.com\/en\/wp-json\/wp\/v2\/product"}],"about":[{"href":"https:\/\/vietbee.com\/en\/wp-json\/wp\/v2\/types\/product"}],"wp:featuredmedia":[{"embeddable":true,"href":"https:\/\/vietbee.com\/en\/wp-json\/wp\/v2\/media\/2766"}],"wp:attachment":[{"href":"https:\/\/vietbee.com\/en\/wp-json\/wp\/v2\/media?parent=2763"}],"wp:term":[{"taxonomy":"product_brand","embeddable":true,"href":"https:\/\/vietbee.com\/en\/wp-json\/wp\/v2\/product_brand?post=2763"},{"taxonomy":"product_cat","embeddable":true,"href":"https:\/\/vietbee.com\/en\/wp-json\/wp\/v2\/product_cat?post=2763"},{"taxonomy":"product_tag","embeddable":true,"href":"https:\/\/vietbee.com\/en\/wp-json\/wp\/v2\/product_tag?post=2763"},{"taxonomy":"pa_bo-nho-trong","embeddable":true,"href":"https:\/\/vietbee.com\/en\/wp-json\/wp\/v2\/pa_bo-nho-trong?post=2763"},{"taxonomy":"pa_bo-vi-xu-ly","embeddable":true,"href":"https:\/\/vietbee.com\/en\/wp-json\/wp\/v2\/pa_bo-vi-xu-ly?post=2763"},{"taxonomy":"pa_do-dai","embeddable":true,"href":"https:\/\/vietbee.com\/en\/wp-json\/wp\/v2\/pa_do-dai?post=2763"},{"taxonomy":"pa_do-phan-giai","embeddable":true,"href":"https:\/\/vietbee.com\/en\/wp-json\/wp\/v2\/pa_do-phan-giai?post=2763"},{"taxonomy":"pa_hang-san-xuat","embeddable":true,"href":"https:\/\/vietbee.com\/en\/wp-json\/wp\/v2\/pa_hang-san-xuat?post=2763"},{"taxonomy":"pa_kich-thuoc-man-hinh","embeddable":true,"href":"https:\/\/vietbee.com\/en\/wp-json\/wp\/v2\/pa_kich-thuoc-man-hinh?post=2763"},{"taxonomy":"pa_micro-thu-am","embeddable":true,"href":"https:\/\/vietbee.com\/en\/wp-json\/wp\/v2\/pa_micro-thu-am?post=2763"},{"taxonomy":"pa_nha-thong-minh-rang-dong","embeddable":true,"href":"https:\/\/vietbee.com\/en\/wp-json\/wp\/v2\/pa_nha-thong-minh-rang-dong?post=2763"},{"taxonomy":"pa_o-cung","embeddable":true,"href":"https:\/\/vietbee.com\/en\/wp-json\/wp\/v2\/pa_o-cung?post=2763"},{"taxonomy":"pa_ong-kinh","embeddable":true,"href":"https:\/\/vietbee.com\/en\/wp-json\/wp\/v2\/pa_ong-kinh?post=2763"},{"taxonomy":"pa_poe","embeddable":true,"href":"https:\/\/vietbee.com\/en\/wp-json\/wp\/v2\/pa_poe?post=2763"},{"taxonomy":"pa_ports","embeddable":true,"href":"https:\/\/vietbee.com\/en\/wp-json\/wp\/v2\/pa_ports?post=2763"},{"taxonomy":"pa_tam-quan-sat","embeddable":true,"href":"https:\/\/vietbee.com\/en\/wp-json\/wp\/v2\/pa_tam-quan-sat?post=2763"},{"taxonomy":"pa_theo-chuan","embeddable":true,"href":"https:\/\/vietbee.com\/en\/wp-json\/wp\/v2\/pa_theo-chuan?post=2763"}],"curies":[{"name":"wp","href":"https:\/\/api.w.org\/{rel}","templated":true}]}}