{"id":2388,"date":"2019-06-07T04:10:59","date_gmt":"2019-06-07T04:10:59","guid":{"rendered":"http:\/\/vietbee.vn\/?post_type=product&#038;p=2388"},"modified":"2019-06-07T04:11:02","modified_gmt":"2019-06-07T04:11:02","slug":"cpu-intel-xeon-platinum-8170-2-10ghz-35-75mb-26-cores52-threads-socket-p-lga3647-intel-xeon-scalable","status":"publish","type":"product","link":"https:\/\/vietbee.com\/en\/product\/cpu-intel-xeon-platinum-8170-2-10ghz-35-75mb-26-cores52-threads-socket-p-lga3647-intel-xeon-scalable\/","title":{"rendered":"CPU Intel Xeon Platinum 8170 2.10GHz\/35.75MB\/26 Cores,52 Threads\/Socket P (LGA3647) (Intel Xeon Scalable)"},"content":{"rendered":"<div class=\"product-summary-title\">M\u00f4 t\u1ea3 s\u1ea3n ph\u1ea9m:<\/div>\n<div class=\"product-summary-title\">\u00a0 \u00a0 \u00a0 \u00a0 \u0110\u00e2y l\u00e0 d\u00f2ng chip ho\u00e0n to\u00e0n m\u1edbi thay th\u1ebf cho th\u1ebf h\u1ec7 chip Intel Xeon E5, v\u1edbi socket m\u1edbi LGA3647. D\u00f2ng vi x\u1eed l\u00fd Intel Xeon Scalable \u0111\u01b0\u1ee3c chia th\u00e0nh 4 ph\u00e2n kh\u00fac v\u1edbi c\u00e1c t\u00ean g\u1ecdi: Bronze (3xxx), Silver (4xxx), Gold (5xxx, 6xxx), Platinum (8xxx). CPU Intel Xeon Platinum 8170 c\u00f3 t\u1edbi 26 nh\u00e2n \/ 52 lu\u1ed3ng x\u1eed l\u00fd. \u0110\u1ea3m b\u1ea3o hi\u1ec7u n\u0103ng \u0111a nhi\u1ec7m cao c\u1ea5p cho c\u00e1c \u1ee9ng d\u1ee5ng Render, ph\u00e2n t\u00edch d\u1eef li\u1ec7u, \u1ea3o h\u00f3a, AI &#8211; Tr\u00ed tu\u1ec7 nh\u00e2n t\u1ea1o m\u1ea1nh m\u1ebd&#8230;<\/div>\n","protected":false},"excerpt":{"rendered":"<p>M\u00f4 t\u1ea3 s\u1ea3n ph\u1ea9m: \u00a0 \u00a0 \u00a0 \u00a0 \u0110\u00e2y l\u00e0 d\u00f2ng chip ho\u00e0n to\u00e0n m\u1edbi thay th\u1ebf cho th\u1ebf h\u1ec7 chip Intel Xeon E5, v\u1edbi socket m\u1edbi LGA3647. D\u00f2ng vi x\u1eed l\u00fd Intel Xeon Scalable \u0111\u01b0\u1ee3c chia th\u00e0nh 4 ph\u00e2n kh\u00fac v\u1edbi c\u00e1c t\u00ean g\u1ecdi: Bronze (3xxx), Silver (4xxx), Gold (5xxx, 6xxx), Platinum (8xxx). CPU<\/p>\n","protected":false},"featured_media":2389,"template":"","meta":[],"product_brand":[],"product_cat":[645],"product_tag":[727,726],"pa_bo-nho-trong":[],"pa_bo-vi-xu-ly":[],"pa_do-dai":[],"pa_do-phan-giai":[],"pa_hang-san-xuat":[],"pa_kich-thuoc-man-hinh":[],"pa_micro-thu-am":[],"pa_nha-thong-minh-rang-dong":[],"pa_o-cung":[],"pa_ong-kinh":[],"pa_poe":[],"pa_ports":[],"pa_tam-quan-sat":[],"pa_theo-chuan":[],"class_list":{"0":"post-2388","1":"product","2":"type-product","3":"status-publish","4":"has-post-thumbnail","6":"product_cat-cpu-server","7":"product_tag-52-threads-socket-p-lga3647-intel-xeon-scalable","8":"product_tag-cpu-intel-xeon-platinum-8170-2-10ghz-35-75mb-26-cores","10":"first","11":"instock","12":"shipping-taxable","13":"product-type-simple"},"_links":{"self":[{"href":"https:\/\/vietbee.com\/en\/wp-json\/wp\/v2\/product\/2388","targetHints":{"allow":["GET"]}}],"collection":[{"href":"https:\/\/vietbee.com\/en\/wp-json\/wp\/v2\/product"}],"about":[{"href":"https:\/\/vietbee.com\/en\/wp-json\/wp\/v2\/types\/product"}],"wp:featuredmedia":[{"embeddable":true,"href":"https:\/\/vietbee.com\/en\/wp-json\/wp\/v2\/media\/2389"}],"wp:attachment":[{"href":"https:\/\/vietbee.com\/en\/wp-json\/wp\/v2\/media?parent=2388"}],"wp:term":[{"taxonomy":"product_brand","embeddable":true,"href":"https:\/\/vietbee.com\/en\/wp-json\/wp\/v2\/product_brand?post=2388"},{"taxonomy":"product_cat","embeddable":true,"href":"https:\/\/vietbee.com\/en\/wp-json\/wp\/v2\/product_cat?post=2388"},{"taxonomy":"product_tag","embeddable":true,"href":"https:\/\/vietbee.com\/en\/wp-json\/wp\/v2\/product_tag?post=2388"},{"taxonomy":"pa_bo-nho-trong","embeddable":true,"href":"https:\/\/vietbee.com\/en\/wp-json\/wp\/v2\/pa_bo-nho-trong?post=2388"},{"taxonomy":"pa_bo-vi-xu-ly","embeddable":true,"href":"https:\/\/vietbee.com\/en\/wp-json\/wp\/v2\/pa_bo-vi-xu-ly?post=2388"},{"taxonomy":"pa_do-dai","embeddable":true,"href":"https:\/\/vietbee.com\/en\/wp-json\/wp\/v2\/pa_do-dai?post=2388"},{"taxonomy":"pa_do-phan-giai","embeddable":true,"href":"https:\/\/vietbee.com\/en\/wp-json\/wp\/v2\/pa_do-phan-giai?post=2388"},{"taxonomy":"pa_hang-san-xuat","embeddable":true,"href":"https:\/\/vietbee.com\/en\/wp-json\/wp\/v2\/pa_hang-san-xuat?post=2388"},{"taxonomy":"pa_kich-thuoc-man-hinh","embeddable":true,"href":"https:\/\/vietbee.com\/en\/wp-json\/wp\/v2\/pa_kich-thuoc-man-hinh?post=2388"},{"taxonomy":"pa_micro-thu-am","embeddable":true,"href":"https:\/\/vietbee.com\/en\/wp-json\/wp\/v2\/pa_micro-thu-am?post=2388"},{"taxonomy":"pa_nha-thong-minh-rang-dong","embeddable":true,"href":"https:\/\/vietbee.com\/en\/wp-json\/wp\/v2\/pa_nha-thong-minh-rang-dong?post=2388"},{"taxonomy":"pa_o-cung","embeddable":true,"href":"https:\/\/vietbee.com\/en\/wp-json\/wp\/v2\/pa_o-cung?post=2388"},{"taxonomy":"pa_ong-kinh","embeddable":true,"href":"https:\/\/vietbee.com\/en\/wp-json\/wp\/v2\/pa_ong-kinh?post=2388"},{"taxonomy":"pa_poe","embeddable":true,"href":"https:\/\/vietbee.com\/en\/wp-json\/wp\/v2\/pa_poe?post=2388"},{"taxonomy":"pa_ports","embeddable":true,"href":"https:\/\/vietbee.com\/en\/wp-json\/wp\/v2\/pa_ports?post=2388"},{"taxonomy":"pa_tam-quan-sat","embeddable":true,"href":"https:\/\/vietbee.com\/en\/wp-json\/wp\/v2\/pa_tam-quan-sat?post=2388"},{"taxonomy":"pa_theo-chuan","embeddable":true,"href":"https:\/\/vietbee.com\/en\/wp-json\/wp\/v2\/pa_theo-chuan?post=2388"}],"curies":[{"name":"wp","href":"https:\/\/api.w.org\/{rel}","templated":true}]}}