{"id":2386,"date":"2019-06-07T03:42:55","date_gmt":"2019-06-07T03:42:55","guid":{"rendered":"http:\/\/vietbee.vn\/?post_type=product&#038;p=2386"},"modified":"2019-06-07T03:42:57","modified_gmt":"2019-06-07T03:42:57","slug":"mainboard-server-asus-ws-c621e-sage-dual-cpu","status":"publish","type":"product","link":"https:\/\/vietbee.com\/en\/product\/mainboard-server-asus-ws-c621e-sage-dual-cpu\/","title":{"rendered":"Mainboard Server ASUS WS C621E SAGE (Dual CPU)"},"content":{"rendered":"<div class=\"product-summary-title\">M\u00f4 t\u1ea3 s\u1ea3n ph\u1ea9m:<\/div>\n<div class=\"product-summary-title\">\u00a0\u00a0 Mainboard Asus WS C621E SAGE, s\u1eed d\u1ee5ng chipset C621 c\u1ee7a Intel d\u00e0nh cho Workstations. Mainboard n\u00e0y h\u1ed7 tr\u1ee3 t\u1edbi 2 b\u1ed9 vi x\u1eed l\u00fd Intel Xeon Scalable s\u1eed d\u1ee5ng socket LGA-3647, k\u00e8m theo kh\u1ea3 n\u0103ng \u00e9p xung cao c\u1ea5p. Asus WS C621E SAGE \u0111\u00e1p \u1ee9ng x\u1eed l\u00fd c\u00f4ng vi\u1ec7c l\u1edbn d\u00e0nh cho doanh nghi\u1ec7p, ng\u01b0\u1eddi l\u00e0m trong c\u00e1c l\u0129nh v\u1ef1c thi\u1ebft k\u1ebf \u0111\u1ed3 h\u1ecda, video, render, ph\u00e2n t\u00edch d\u1eef li\u1ec7u, \u1ea3o h\u00f3a hay AI &#8211; Tr\u00ed tu\u1ec7 nh\u00e2n t\u1ea1o c\u1ea7n t\u1edbi.<\/div>\n","protected":false},"excerpt":{"rendered":"<p>M\u00f4 t\u1ea3 s\u1ea3n ph\u1ea9m: \u00a0\u00a0 Mainboard Asus WS C621E SAGE, s\u1eed d\u1ee5ng chipset C621 c\u1ee7a Intel d\u00e0nh cho Workstations. Mainboard n\u00e0y h\u1ed7 tr\u1ee3 t\u1edbi 2 b\u1ed9 vi x\u1eed l\u00fd Intel Xeon Scalable s\u1eed d\u1ee5ng socket LGA-3647, k\u00e8m theo kh\u1ea3 n\u0103ng \u00e9p xung cao c\u1ea5p. Asus WS C621E SAGE \u0111\u00e1p \u1ee9ng x\u1eed l\u00fd c\u00f4ng vi\u1ec7c l\u1edbn<\/p>\n","protected":false},"featured_media":2387,"template":"","meta":[],"product_brand":[],"product_cat":[643],"product_tag":[723,724],"pa_bo-nho-trong":[],"pa_bo-vi-xu-ly":[],"pa_do-dai":[],"pa_do-phan-giai":[],"pa_hang-san-xuat":[],"pa_kich-thuoc-man-hinh":[],"pa_micro-thu-am":[],"pa_nha-thong-minh-rang-dong":[],"pa_o-cung":[],"pa_ong-kinh":[],"pa_poe":[],"pa_ports":[],"pa_tam-quan-sat":[],"pa_theo-chuan":[],"class_list":{"0":"post-2386","1":"product","2":"type-product","3":"status-publish","4":"has-post-thumbnail","6":"product_cat-mainboard-server","7":"product_tag-mainboard-server-asus-ws-c621e-sage-dual-cpu","8":"product_tag-server-asus-ws-c621e-sage-dual-cpu","10":"first","11":"instock","12":"shipping-taxable","13":"product-type-simple"},"_links":{"self":[{"href":"https:\/\/vietbee.com\/en\/wp-json\/wp\/v2\/product\/2386","targetHints":{"allow":["GET"]}}],"collection":[{"href":"https:\/\/vietbee.com\/en\/wp-json\/wp\/v2\/product"}],"about":[{"href":"https:\/\/vietbee.com\/en\/wp-json\/wp\/v2\/types\/product"}],"wp:featuredmedia":[{"embeddable":true,"href":"https:\/\/vietbee.com\/en\/wp-json\/wp\/v2\/media\/2387"}],"wp:attachment":[{"href":"https:\/\/vietbee.com\/en\/wp-json\/wp\/v2\/media?parent=2386"}],"wp:term":[{"taxonomy":"product_brand","embeddable":true,"href":"https:\/\/vietbee.com\/en\/wp-json\/wp\/v2\/product_brand?post=2386"},{"taxonomy":"product_cat","embeddable":true,"href":"https:\/\/vietbee.com\/en\/wp-json\/wp\/v2\/product_cat?post=2386"},{"taxonomy":"product_tag","embeddable":true,"href":"https:\/\/vietbee.com\/en\/wp-json\/wp\/v2\/product_tag?post=2386"},{"taxonomy":"pa_bo-nho-trong","embeddable":true,"href":"https:\/\/vietbee.com\/en\/wp-json\/wp\/v2\/pa_bo-nho-trong?post=2386"},{"taxonomy":"pa_bo-vi-xu-ly","embeddable":true,"href":"https:\/\/vietbee.com\/en\/wp-json\/wp\/v2\/pa_bo-vi-xu-ly?post=2386"},{"taxonomy":"pa_do-dai","embeddable":true,"href":"https:\/\/vietbee.com\/en\/wp-json\/wp\/v2\/pa_do-dai?post=2386"},{"taxonomy":"pa_do-phan-giai","embeddable":true,"href":"https:\/\/vietbee.com\/en\/wp-json\/wp\/v2\/pa_do-phan-giai?post=2386"},{"taxonomy":"pa_hang-san-xuat","embeddable":true,"href":"https:\/\/vietbee.com\/en\/wp-json\/wp\/v2\/pa_hang-san-xuat?post=2386"},{"taxonomy":"pa_kich-thuoc-man-hinh","embeddable":true,"href":"https:\/\/vietbee.com\/en\/wp-json\/wp\/v2\/pa_kich-thuoc-man-hinh?post=2386"},{"taxonomy":"pa_micro-thu-am","embeddable":true,"href":"https:\/\/vietbee.com\/en\/wp-json\/wp\/v2\/pa_micro-thu-am?post=2386"},{"taxonomy":"pa_nha-thong-minh-rang-dong","embeddable":true,"href":"https:\/\/vietbee.com\/en\/wp-json\/wp\/v2\/pa_nha-thong-minh-rang-dong?post=2386"},{"taxonomy":"pa_o-cung","embeddable":true,"href":"https:\/\/vietbee.com\/en\/wp-json\/wp\/v2\/pa_o-cung?post=2386"},{"taxonomy":"pa_ong-kinh","embeddable":true,"href":"https:\/\/vietbee.com\/en\/wp-json\/wp\/v2\/pa_ong-kinh?post=2386"},{"taxonomy":"pa_poe","embeddable":true,"href":"https:\/\/vietbee.com\/en\/wp-json\/wp\/v2\/pa_poe?post=2386"},{"taxonomy":"pa_ports","embeddable":true,"href":"https:\/\/vietbee.com\/en\/wp-json\/wp\/v2\/pa_ports?post=2386"},{"taxonomy":"pa_tam-quan-sat","embeddable":true,"href":"https:\/\/vietbee.com\/en\/wp-json\/wp\/v2\/pa_tam-quan-sat?post=2386"},{"taxonomy":"pa_theo-chuan","embeddable":true,"href":"https:\/\/vietbee.com\/en\/wp-json\/wp\/v2\/pa_theo-chuan?post=2386"}],"curies":[{"name":"wp","href":"https:\/\/api.w.org\/{rel}","templated":true}]}}