{"id":2242,"date":"2019-04-24T08:37:31","date_gmt":"2019-04-24T08:37:31","guid":{"rendered":"http:\/\/vietbee.vn\/?post_type=product&#038;p=2242"},"modified":"2019-04-25T03:21:36","modified_gmt":"2019-04-25T03:21:36","slug":"dien-thoai-yealink-sip-t41p-skype","status":"publish","type":"product","link":"https:\/\/vietbee.com\/en\/product\/dien-thoai-yealink-sip-t41p-skype\/","title":{"rendered":"\u0110i\u1ec7n tho\u1ea1i Yealink SIP-T41P skype"},"content":{"rendered":"<p>Th\u00f4ng s\u1ed1 k\u1ef9 thu\u1eadt:<\/p>\n<p>&nbsp;<\/p>\n<table border=\"1\" cellspacing=\"1\" cellpadding=\"1\">\n<tbody>\n<tr>\n<td>Giao di\u1ec7n<\/td>\n<td>\n<ul>\n<li>2xRJ45 10\/100M Ethernet ports<\/li>\n<li>1xRJ9 (4P4C) handset port<\/li>\n<li>1xRJ9 (4P4C) headset port<\/li>\n<li>1XRJ12 (6P6C) EHS port<\/li>\n<li>Power over Ethernet (IEEE 802.3af), Class 2<\/li>\n<\/ul>\n<\/td>\n<\/tr>\n<tr>\n<td>Qu\u1ea3n tr\u1ecb<\/td>\n<td>\n<ul>\n<li>Configuration: browser\/phone\/auto-provision<\/li>\n<li>Auto provision via FTP\/TFTP\/HTTP\/HTTPS for mass deploy<\/li>\n<li>Auto-provision with PnP<\/li>\n<li>BroadSoft device management<\/li>\n<li>Zero-sp-touch TR-069<\/li>\n<li>Phone lock for personal privacy protection<\/li>\n<li>Reset to factory, reboot<\/li>\n<li>Package tracing export, system log<\/li>\n<\/ul>\n<\/td>\n<\/tr>\n<tr>\n<td>M\u1ea1ng v\u00e0 b\u1ea3o m\u1eadt<\/td>\n<td>\n<ul>\n<li>SIP v1 (RFC2543), v2 (RFC3261)<\/li>\n<li>Call server redundancy supported<\/li>\n<li>NAT transverse: STUN mode<\/li>\n<li>Proxy mode and peer-to-peer SIP link mode<\/li>\n<li>IP assignment: static\/DHCP<\/li>\n<li>HTTP\/HTTPS web server<\/li>\n<li>Time and date synchronization using SNTP<\/li>\n<li>UDP\/TCP\/DNS-SRV(RFC 3263)<\/li>\n<li>QoS: 802.1p\/Q tagging (VLAN), Layer 3 ToS DSCP<\/li>\n<li>SRTP for voice<\/li>\n<li>Transport Layer Security (TLS)<\/li>\n<li>HTTPS certificate manager<\/li>\n<li>AES encryption for configuration file<\/li>\n<li>Digest authentication using MD5\/MD5-sess<\/li>\n<li>OpenVPN, IEEE802.1X<\/li>\n<li>IPv6<\/li>\n<\/ul>\n<\/td>\n<\/tr>\n<tr>\n<td>T\u00ednh n\u0103ng v\u1eadt l\u00fd<\/td>\n<td>\n<ul>\n<li>Stand with 2 adjustable angles<\/li>\n<li>Wall mountable<\/li>\n<li>External universal AC adapter (optional)\uff1aAC 100~240V input and DC 5V\/1.2A output<\/li>\n<li>Power consumption (PSU): 1.1-2.3W<\/li>\n<li>Power consumption (PoE): 1.7-3.2W<\/li>\n<li>Dimension(W*D*H*T): 212mm*189mm*175mm*54mm<\/li>\n<li>Operating humidity: 10~95%<\/li>\n<li>Operating temperature: -10~50\u00b0C<\/li>\n<\/ul>\n<\/td>\n<\/tr>\n<\/tbody>\n<\/table>\n<p>&nbsp;<\/p>\n","protected":false},"excerpt":{"rendered":"<p>\u0110i\u1ec7n tho\u1ea1i SIP T41P Skype l\u00e0 d\u00f2ng \u0111i\u1ec7n tho\u1ea1i cao c\u1ea5p gi\u00e0u t\u00ednh n\u0103ng, 6 line \u0111i\u1ec7n tho\u1ea1i IP \u0111\u01b0\u1ee3c thi\u1ebft k\u1ebf chuy\u00ean nghi\u1ec7p, \u00e2m thanh HD cho ph\u00e9p \u0111\u00e0m tho\u1ea1i v\u1edbi ch\u1ea5t l\u01b0\u1ee3ng \u00e2m thanh t\u1ed1t h\u01a1n, r\u00f5 r\u00e0ng h\u01a1n, c\u00f9ng v\u1edbi ph\u00edm l\u1eadp tr\u00ecnh cho ph\u00e9p m\u1edf r\u1ed9ng nhi\u1ec1u t\u00ednh n\u0103ng h\u01a1n.<\/p>\n<p>M\u00e3 s\u1ea3n ph\u1ea9m: <strong> SIP-T41P skype<\/strong><\/p>\n<p>B\u1ea3o h\u00e0nh: <strong>12 th\u00e1ng<\/strong><\/p>\n","protected":false},"featured_media":2243,"template":"","meta":[],"product_brand":[],"product_cat":[514],"product_tag":[524,546,545],"pa_bo-nho-trong":[],"pa_bo-vi-xu-ly":[],"pa_do-dai":[],"pa_do-phan-giai":[],"pa_hang-san-xuat":[],"pa_kich-thuoc-man-hinh":[],"pa_micro-thu-am":[],"pa_nha-thong-minh-rang-dong":[],"pa_o-cung":[],"pa_ong-kinh":[],"pa_poe":[],"pa_ports":[],"pa_tam-quan-sat":[],"pa_theo-chuan":[],"class_list":{"0":"post-2242","1":"product","2":"type-product","3":"status-publish","4":"has-post-thumbnail","6":"product_cat-dien-thoai-ip-yealink","7":"product_tag-dien-thoai-yealink-sip-t41p-skype","8":"product_tag-sip-t41p-skype","9":"product_tag-yealink-sip-t41p","11":"first","12":"instock","13":"shipping-taxable","14":"product-type-simple"},"_links":{"self":[{"href":"https:\/\/vietbee.com\/en\/wp-json\/wp\/v2\/product\/2242","targetHints":{"allow":["GET"]}}],"collection":[{"href":"https:\/\/vietbee.com\/en\/wp-json\/wp\/v2\/product"}],"about":[{"href":"https:\/\/vietbee.com\/en\/wp-json\/wp\/v2\/types\/product"}],"wp:featuredmedia":[{"embeddable":true,"href":"https:\/\/vietbee.com\/en\/wp-json\/wp\/v2\/media\/2243"}],"wp:attachment":[{"href":"https:\/\/vietbee.com\/en\/wp-json\/wp\/v2\/media?parent=2242"}],"wp:term":[{"taxonomy":"product_brand","embeddable":true,"href":"https:\/\/vietbee.com\/en\/wp-json\/wp\/v2\/product_brand?post=2242"},{"taxonomy":"product_cat","embeddable":true,"href":"https:\/\/vietbee.com\/en\/wp-json\/wp\/v2\/product_cat?post=2242"},{"taxonomy":"product_tag","embeddable":true,"href":"https:\/\/vietbee.com\/en\/wp-json\/wp\/v2\/product_tag?post=2242"},{"taxonomy":"pa_bo-nho-trong","embeddable":true,"href":"https:\/\/vietbee.com\/en\/wp-json\/wp\/v2\/pa_bo-nho-trong?post=2242"},{"taxonomy":"pa_bo-vi-xu-ly","embeddable":true,"href":"https:\/\/vietbee.com\/en\/wp-json\/wp\/v2\/pa_bo-vi-xu-ly?post=2242"},{"taxonomy":"pa_do-dai","embeddable":true,"href":"https:\/\/vietbee.com\/en\/wp-json\/wp\/v2\/pa_do-dai?post=2242"},{"taxonomy":"pa_do-phan-giai","embeddable":true,"href":"https:\/\/vietbee.com\/en\/wp-json\/wp\/v2\/pa_do-phan-giai?post=2242"},{"taxonomy":"pa_hang-san-xuat","embeddable":true,"href":"https:\/\/vietbee.com\/en\/wp-json\/wp\/v2\/pa_hang-san-xuat?post=2242"},{"taxonomy":"pa_kich-thuoc-man-hinh","embeddable":true,"href":"https:\/\/vietbee.com\/en\/wp-json\/wp\/v2\/pa_kich-thuoc-man-hinh?post=2242"},{"taxonomy":"pa_micro-thu-am","embeddable":true,"href":"https:\/\/vietbee.com\/en\/wp-json\/wp\/v2\/pa_micro-thu-am?post=2242"},{"taxonomy":"pa_nha-thong-minh-rang-dong","embeddable":true,"href":"https:\/\/vietbee.com\/en\/wp-json\/wp\/v2\/pa_nha-thong-minh-rang-dong?post=2242"},{"taxonomy":"pa_o-cung","embeddable":true,"href":"https:\/\/vietbee.com\/en\/wp-json\/wp\/v2\/pa_o-cung?post=2242"},{"taxonomy":"pa_ong-kinh","embeddable":true,"href":"https:\/\/vietbee.com\/en\/wp-json\/wp\/v2\/pa_ong-kinh?post=2242"},{"taxonomy":"pa_poe","embeddable":true,"href":"https:\/\/vietbee.com\/en\/wp-json\/wp\/v2\/pa_poe?post=2242"},{"taxonomy":"pa_ports","embeddable":true,"href":"https:\/\/vietbee.com\/en\/wp-json\/wp\/v2\/pa_ports?post=2242"},{"taxonomy":"pa_tam-quan-sat","embeddable":true,"href":"https:\/\/vietbee.com\/en\/wp-json\/wp\/v2\/pa_tam-quan-sat?post=2242"},{"taxonomy":"pa_theo-chuan","embeddable":true,"href":"https:\/\/vietbee.com\/en\/wp-json\/wp\/v2\/pa_theo-chuan?post=2242"}],"curies":[{"name":"wp","href":"https:\/\/api.w.org\/{rel}","templated":true}]}}