{"id":2215,"date":"2019-04-22T04:29:51","date_gmt":"2019-04-22T04:29:51","guid":{"rendered":"http:\/\/vietbee.vn\/?post_type=product&#038;p=2215"},"modified":"2019-04-22T08:54:37","modified_gmt":"2019-04-22T08:54:37","slug":"dien-thoai-ip-yealink-sip-t58v","status":"publish","type":"product","link":"https:\/\/vietbee.com\/en\/product\/dien-thoai-ip-yealink-sip-t58v\/","title":{"rendered":"\u0110i\u1ec7n tho\u1ea1i IP Yealink SIP-T58V"},"content":{"rendered":"TH\u00d4NG S\u1ed0 K\u1ef8 THU\u1eacT:<\/p>\n<div>Dual-port Gigabit Ethernet<br \/>\n\u2022 Built-in Wi-Fi (2.4GHz, 802.11b\/g\/n)<br \/>\n\u2022 Built-in Bluetooth 4.0+ EDR for<br \/>\n&#8211; Bluetooth headsets<br \/>\n&#8211; Pairing mobile devices<br \/>\n\u2022 1 x USB 2.0 port (on the top of the phone) for:<br \/>\n&#8211; Yealink CAM50 camera<br \/>\n\u2022 1 x USB 2.0 port (on the rear of the phone) for:<br \/>\n&#8211; USB flash drive<br \/>\n&#8211; Wired\/wireless USB headset<br \/>\n&#8211; Color-screen expansion modules<br \/>\n\u2022 1 x Security lock port<br \/>\n\u2022 1 x RJ9 (4P4C) handset port<br \/>\n\u2022 1 x RJ9 (4P4C) headset port<\/div>\n<div>\u2022 Wall mountable (optional)<br \/>\n\u2022 External Yealink AC adapter (optional):AC 100~240V input and DC 5V\/2A output<br \/>\n\u2022 Power consumption (PSU): 1.9W-5.7W<br \/>\n\u2022 Power consumption (PoE): 2.6W-7.4W<br \/>\n\u2022 Dimension (W*D*H*T):259.4mm*220mm*239mm*42.6mm<br \/>\n\u2022 Operating humidity: 10~95%<br \/>\n\u2022 Operating temperature: -10~40\u00b0C<\/div>\n<p>&nbsp;","protected":false},"excerpt":{"rendered":"<p>\u0110i\u1ec7n tho\u1ea1i IP Yealink SIP-T58V l\u00e0 m\u1ed9t chi\u1ebfc \u0111i\u1ec7n tho\u1ea1i th\u00f4ng minh ch\u1ea1y androi 5.1.1. Chi\u1ebfc \u0111i\u1ec7n tho\u1ea1i b\u00e0n ch\u1ea1y tr\u00ean n\u1ec1n m\u1ea1ng IP \u0111\u01b0\u1ee3c thi\u1ebft k\u1ebf d\u00e0nh ri\u00eang cho ch\u1ee7 doanh nghi\u1ec7p. Chi\u1ebfc \u0111i\u1ec7n tho\u1ea1i b\u00e0n th\u00f4ng minh n\u00e0y cung c\u1ea5p ch\u1ea5t l\u01b0\u1ee3ng \u00e2m thanh HD.<\/p>\n<p>M\u00e3 s\u1ea3n ph\u1ea9m: <strong>SIP-T58V<\/strong><\/p>\n<p>B\u1ea3o h\u00e0nh: <strong>12 th\u00e1ng<\/strong><\/p>\n","protected":false},"featured_media":2216,"template":"","meta":[],"product_brand":[],"product_cat":[514],"product_tag":[509],"pa_bo-nho-trong":[],"pa_bo-vi-xu-ly":[],"pa_do-dai":[],"pa_do-phan-giai":[],"pa_hang-san-xuat":[],"pa_kich-thuoc-man-hinh":[],"pa_micro-thu-am":[],"pa_nha-thong-minh-rang-dong":[],"pa_o-cung":[],"pa_ong-kinh":[],"pa_poe":[],"pa_ports":[],"pa_tam-quan-sat":[],"pa_theo-chuan":[],"class_list":{"0":"post-2215","1":"product","2":"type-product","3":"status-publish","4":"has-post-thumbnail","6":"product_cat-dien-thoai-ip-yealink","7":"product_tag-dien-thoai-ip-yealink-sip-t58v","9":"first","10":"instock","11":"shipping-taxable","12":"product-type-simple"},"_links":{"self":[{"href":"https:\/\/vietbee.com\/en\/wp-json\/wp\/v2\/product\/2215","targetHints":{"allow":["GET"]}}],"collection":[{"href":"https:\/\/vietbee.com\/en\/wp-json\/wp\/v2\/product"}],"about":[{"href":"https:\/\/vietbee.com\/en\/wp-json\/wp\/v2\/types\/product"}],"wp:featuredmedia":[{"embeddable":true,"href":"https:\/\/vietbee.com\/en\/wp-json\/wp\/v2\/media\/2216"}],"wp:attachment":[{"href":"https:\/\/vietbee.com\/en\/wp-json\/wp\/v2\/media?parent=2215"}],"wp:term":[{"taxonomy":"product_brand","embeddable":true,"href":"https:\/\/vietbee.com\/en\/wp-json\/wp\/v2\/product_brand?post=2215"},{"taxonomy":"product_cat","embeddable":true,"href":"https:\/\/vietbee.com\/en\/wp-json\/wp\/v2\/product_cat?post=2215"},{"taxonomy":"product_tag","embeddable":true,"href":"https:\/\/vietbee.com\/en\/wp-json\/wp\/v2\/product_tag?post=2215"},{"taxonomy":"pa_bo-nho-trong","embeddable":true,"href":"https:\/\/vietbee.com\/en\/wp-json\/wp\/v2\/pa_bo-nho-trong?post=2215"},{"taxonomy":"pa_bo-vi-xu-ly","embeddable":true,"href":"https:\/\/vietbee.com\/en\/wp-json\/wp\/v2\/pa_bo-vi-xu-ly?post=2215"},{"taxonomy":"pa_do-dai","embeddable":true,"href":"https:\/\/vietbee.com\/en\/wp-json\/wp\/v2\/pa_do-dai?post=2215"},{"taxonomy":"pa_do-phan-giai","embeddable":true,"href":"https:\/\/vietbee.com\/en\/wp-json\/wp\/v2\/pa_do-phan-giai?post=2215"},{"taxonomy":"pa_hang-san-xuat","embeddable":true,"href":"https:\/\/vietbee.com\/en\/wp-json\/wp\/v2\/pa_hang-san-xuat?post=2215"},{"taxonomy":"pa_kich-thuoc-man-hinh","embeddable":true,"href":"https:\/\/vietbee.com\/en\/wp-json\/wp\/v2\/pa_kich-thuoc-man-hinh?post=2215"},{"taxonomy":"pa_micro-thu-am","embeddable":true,"href":"https:\/\/vietbee.com\/en\/wp-json\/wp\/v2\/pa_micro-thu-am?post=2215"},{"taxonomy":"pa_nha-thong-minh-rang-dong","embeddable":true,"href":"https:\/\/vietbee.com\/en\/wp-json\/wp\/v2\/pa_nha-thong-minh-rang-dong?post=2215"},{"taxonomy":"pa_o-cung","embeddable":true,"href":"https:\/\/vietbee.com\/en\/wp-json\/wp\/v2\/pa_o-cung?post=2215"},{"taxonomy":"pa_ong-kinh","embeddable":true,"href":"https:\/\/vietbee.com\/en\/wp-json\/wp\/v2\/pa_ong-kinh?post=2215"},{"taxonomy":"pa_poe","embeddable":true,"href":"https:\/\/vietbee.com\/en\/wp-json\/wp\/v2\/pa_poe?post=2215"},{"taxonomy":"pa_ports","embeddable":true,"href":"https:\/\/vietbee.com\/en\/wp-json\/wp\/v2\/pa_ports?post=2215"},{"taxonomy":"pa_tam-quan-sat","embeddable":true,"href":"https:\/\/vietbee.com\/en\/wp-json\/wp\/v2\/pa_tam-quan-sat?post=2215"},{"taxonomy":"pa_theo-chuan","embeddable":true,"href":"https:\/\/vietbee.com\/en\/wp-json\/wp\/v2\/pa_theo-chuan?post=2215"}],"curies":[{"name":"wp","href":"https:\/\/api.w.org\/{rel}","templated":true}]}}