{"id":2211,"date":"2019-04-22T04:08:37","date_gmt":"2019-04-22T04:08:37","guid":{"rendered":"http:\/\/vietbee.vn\/?post_type=product&#038;p=2211"},"modified":"2019-04-22T08:57:29","modified_gmt":"2019-04-22T08:57:29","slug":"dien-thoai-ip-yealink-sip-t53w","status":"publish","type":"product","link":"https:\/\/vietbee.com\/en\/product\/dien-thoai-ip-yealink-sip-t53w\/","title":{"rendered":"\u0110i\u1ec7n tho\u1ea1i ip yealink SIP-T53W"},"content":{"rendered":"<p><span style=\"display: inline !important; float: none; background-color: transparent; color: #333333; font-family: 'Montserrat',sans-serif; font-size: 14px; font-style: normal; font-variant: normal; font-weight: 400; letter-spacing: normal; line-height: 30px; orphans: 2; text-align: left; text-decoration: none; text-indent: 0px; text-shadow: 0px 0px 1px rgba(0,0,0,0.01); text-transform: none; -webkit-text-stroke-width: 0px; white-space: normal; word-spacing: 0px;\">Th\u00f4ng s\u1ed1 k\u1ef9 thu\u1eadt nhanh v\u1ec1 \u0111i\u1ec7n tho\u1ea1i IP c\u1ee7a Yealink SIP-T53W:<\/span><br \/>\n<span style=\"display: inline !important; float: none; background-color: transparent; color: #333333; font-family: 'Montserrat',sans-serif; font-size: 14px; font-style: normal; font-variant: normal; font-weight: 400; letter-spacing: normal; line-height: 30px; orphans: 2; text-align: left; text-decoration: none; text-indent: 0px; text-shadow: 0px 0px 1px rgba(0,0,0,0.01); text-transform: none; -webkit-text-stroke-width: 0px; white-space: normal; word-spacing: 0px;\"> Giao th\u1ee9c truy\u1ec1n th\u00f4ng: SIP<\/span><br \/>\n<span style=\"display: inline !important; float: none; background-color: transparent; color: #333333; font-family: 'Montserrat',sans-serif; font-size: 14px; font-style: normal; font-variant: normal; font-weight: 400; letter-spacing: normal; line-height: 30px; orphans: 2; text-align: left; text-decoration: none; text-indent: 0px; text-shadow: 0px 0px 1px rgba(0,0,0,0.01); text-transform: none; -webkit-text-stroke-width: 0px; white-space: normal; word-spacing: 0px;\"> D\u00f2ng: 12<\/span><br \/>\n<span style=\"display: inline !important; float: none; background-color: transparent; color: #333333; font-family: 'Montserrat',sans-serif; font-size: 14px; font-style: normal; font-variant: normal; font-weight: 400; letter-spacing: normal; line-height: 30px; orphans: 2; text-align: left; text-decoration: none; text-indent: 0px; text-shadow: 0px 0px 1px rgba(0,0,0,0.01); text-transform: none; -webkit-text-stroke-width: 0px; white-space: normal; word-spacing: 0px;\"> C\u1ed5ng Ethernet: 2x Gigabit<\/span><br \/>\n<span style=\"display: inline !important; float: none; background-color: transparent; color: #333333; font-family: 'Montserrat',sans-serif; font-size: 14px; font-style: normal; font-variant: normal; font-weight: 400; letter-spacing: normal; line-height: 30px; orphans: 2; text-align: left; text-decoration: none; text-indent: 0px; text-shadow: 0px 0px 1px rgba(0,0,0,0.01); text-transform: none; -webkit-text-stroke-width: 0px; white-space: normal; word-spacing: 0px;\"> PoE: 802.3af L\u1edbp 2<\/span><br \/>\n<span style=\"display: inline !important; float: none; background-color: transparent; color: #333333; font-family: 'Montserrat',sans-serif; font-size: 14px; font-style: normal; font-variant: normal; font-weight: 400; letter-spacing: normal; line-height: 30px; orphans: 2; text-align: left; text-decoration: none; text-indent: 0px; text-shadow: 0px 0px 1px rgba(0,0,0,0.01); text-transform: none; -webkit-text-stroke-width: 0px; white-space: normal; word-spacing: 0px;\"> Giao di\u1ec7n b\u1ed5 sung:<\/span><br \/>\n<span style=\"display: inline !important; float: none; background-color: transparent; color: #333333; font-family: 'Montserrat',sans-serif; font-size: 14px; font-style: normal; font-variant: normal; font-weight: 400; letter-spacing: normal; line-height: 30px; orphans: 2; text-align: left; text-decoration: none; text-indent: 0px; text-shadow: 0px 0px 1px rgba(0,0,0,0.01); text-transform: none; -webkit-text-stroke-width: 0px; white-space: normal; word-spacing: 0px;\"> USB 2.0<\/span><br \/>\n<span style=\"display: inline !important; float: none; background-color: transparent; color: #333333; font-family: 'Montserrat',sans-serif; font-size: 14px; font-style: normal; font-variant: normal; font-weight: 400; letter-spacing: normal; line-height: 30px; orphans: 2; text-align: left; text-decoration: none; text-indent: 0px; text-shadow: 0px 0px 1px rgba(0,0,0,0.01); text-transform: none; -webkit-text-stroke-width: 0px; white-space: normal; word-spacing: 0px;\"> RJ9 cho tai nghe<\/span><br \/>\n<span style=\"display: inline !important; float: none; background-color: transparent; color: #333333; font-family: 'Montserrat',sans-serif; font-size: 14px; font-style: normal; font-variant: normal; font-weight: 400; letter-spacing: normal; line-height: 30px; orphans: 2; text-align: left; text-decoration: none; text-indent: 0px; text-shadow: 0px 0px 1px rgba(0,0,0,0.01); text-transform: none; -webkit-text-stroke-width: 0px; white-space: normal; word-spacing: 0px;\"> Bluetooth: v\u1edbi kh\u00f3a Yealink BT40<\/span><br \/>\n<span style=\"display: inline !important; float: none; background-color: transparent; color: #333333; font-family: 'Montserrat',sans-serif; font-size: 14px; font-style: normal; font-variant: normal; font-weight: 400; letter-spacing: normal; line-height: 30px; orphans: 2; text-align: left; text-decoration: none; text-indent: 0px; text-shadow: 0px 0px 1px rgba(0,0,0,0.01); text-transform: none; -webkit-text-stroke-width: 0px; white-space: normal; word-spacing: 0px;\"> Wi-Fi: v\u1edbi kh\u00f3a Yealink WF40 ho\u1eb7c WF50<\/span><br \/>\n<span style=\"display: inline !important; float: none; background-color: transparent; color: #333333; font-family: 'Montserrat',sans-serif; font-size: 14px; font-style: normal; font-variant: normal; font-weight: 400; letter-spacing: normal; line-height: 30px; orphans: 2; text-align: left; text-decoration: none; text-indent: 0px; text-shadow: 0px 0px 1px rgba(0,0,0,0.01); text-transform: none; -webkit-text-stroke-width: 0px; white-space: normal; word-spacing: 0px;\"> M\u00e0n h\u00ecnh: LCD \u0111\u1ed3 h\u1ecda c\u00f3 \u0111\u00e8n n\u1ec1n 3,7 &#8220;360&#215;160<\/span><br \/>\n<span style=\"display: inline !important; float: none; background-color: transparent; color: #333333; font-family: 'Montserrat',sans-serif; font-size: 14px; font-style: normal; font-variant: normal; font-weight: 400; letter-spacing: normal; line-height: 30px; orphans: 2; text-align: left; text-decoration: none; text-indent: 0px; text-shadow: 0px 0px 1px rgba(0,0,0,0.01); text-transform: none; -webkit-text-stroke-width: 0px; white-space: normal; word-spacing: 0px;\"> Loa ngo\u00e0i: song c\u00f4ng ho\u00e0n to\u00e0n<\/span><br \/>\n<span style=\"display: inline !important; float: none; background-color: transparent; color: #333333; font-family: 'Montserrat',sans-serif; font-size: 14px; font-style: normal; font-variant: normal; font-weight: 400; letter-spacing: normal; line-height: 30px; orphans: 2; text-align: left; text-decoration: none; text-indent: 0px; text-shadow: 0px 0px 1px rgba(0,0,0,0.01); text-transform: none; -webkit-text-stroke-width: 0px; white-space: normal; word-spacing: 0px;\"> H\u1ed9i ngh\u1ecb: 3 chi\u1ec1u<\/span><br \/>\n<span style=\"display: inline !important; float: none; background-color: transparent; color: #333333; font-family: 'Montserrat',sans-serif; font-size: 14px; font-style: normal; font-variant: normal; font-weight: 400; letter-spacing: normal; line-height: 30px; orphans: 2; text-align: left; text-decoration: none; text-indent: 0px; text-shadow: 0px 0px 1px rgba(0,0,0,0.01); text-transform: none; -webkit-text-stroke-width: 0px; white-space: normal; word-spacing: 0px;\"> B\u1ed9 gi\u1ea3i m\u00e3 \u00e2m thanh: Opus, G.722, PCMA, PCMU, G.729AM, G.726, G.723.1, iLBC<\/span><br \/>\n<span style=\"display: inline !important; float: none; background-color: transparent; color: #333333; font-family: 'Montserrat',sans-serif; font-size: 14px; font-style: normal; font-variant: normal; font-weight: 400; letter-spacing: normal; line-height: 30px; orphans: 2; text-align: left; text-decoration: none; text-indent: 0px; text-shadow: 0px 0px 1px rgba(0,0,0,0.01); text-transform: none; -webkit-text-stroke-width: 0px; white-space: normal; word-spacing: 0px;\"> C\u00f3 th\u1ec3 m\u1edf r\u1ed9ng: c\u00f3, t\u1ed1i \u0111a 3 Yealink EXP50<\/span><\/p>\n","protected":false},"excerpt":{"rendered":"<p>yealink SIP-T53W d\u00f2ng \u0111i\u1ec7n tho\u1ea1i ip m\u1edbi nh\u1ea5t v\u1edbi nhi\u1ec1u t\u00ednh n\u0103ng m\u1edbi, tr\u1ea3i nghi\u1ec7m cu\u1ed9c tho\u1ea1i ch\u1ea5t l\u01b0\u1ee3ng HD. T\u00edch h\u1ee3p wifi c\u00f4ng ngh\u1ec7 Yealink Acoustic Shield \u0111\u1ec3 mang l\u1ea1i \u00e2m thanh r\u00f5 r\u00e0ng kh\u00f4ng b\u1ecb ph\u00e2n t\u00e2m cho nh\u1eefng ng\u01b0\u1eddi tham gia t\u1eeb xa.<\/p>\n<p>M\u00e3 s\u1ea3n ph\u1ea9m: <strong>SIP-T53W<\/strong><\/p>\n<p>B\u1ea3o h\u00e0nh: <strong>12 th\u00e1ng<\/strong><\/p>\n","protected":false},"featured_media":2212,"template":"","meta":[],"product_brand":[],"product_cat":[514],"product_tag":[507],"pa_bo-nho-trong":[],"pa_bo-vi-xu-ly":[],"pa_do-dai":[],"pa_do-phan-giai":[],"pa_hang-san-xuat":[],"pa_kich-thuoc-man-hinh":[],"pa_micro-thu-am":[],"pa_nha-thong-minh-rang-dong":[],"pa_o-cung":[],"pa_ong-kinh":[],"pa_poe":[],"pa_ports":[],"pa_tam-quan-sat":[],"pa_theo-chuan":[],"class_list":{"0":"post-2211","1":"product","2":"type-product","3":"status-publish","4":"has-post-thumbnail","6":"product_cat-dien-thoai-ip-yealink","7":"product_tag-dien-thoai-ip-yealink-sip-t53w","9":"first","10":"instock","11":"shipping-taxable","12":"product-type-simple"},"_links":{"self":[{"href":"https:\/\/vietbee.com\/en\/wp-json\/wp\/v2\/product\/2211","targetHints":{"allow":["GET"]}}],"collection":[{"href":"https:\/\/vietbee.com\/en\/wp-json\/wp\/v2\/product"}],"about":[{"href":"https:\/\/vietbee.com\/en\/wp-json\/wp\/v2\/types\/product"}],"wp:featuredmedia":[{"embeddable":true,"href":"https:\/\/vietbee.com\/en\/wp-json\/wp\/v2\/media\/2212"}],"wp:attachment":[{"href":"https:\/\/vietbee.com\/en\/wp-json\/wp\/v2\/media?parent=2211"}],"wp:term":[{"taxonomy":"product_brand","embeddable":true,"href":"https:\/\/vietbee.com\/en\/wp-json\/wp\/v2\/product_brand?post=2211"},{"taxonomy":"product_cat","embeddable":true,"href":"https:\/\/vietbee.com\/en\/wp-json\/wp\/v2\/product_cat?post=2211"},{"taxonomy":"product_tag","embeddable":true,"href":"https:\/\/vietbee.com\/en\/wp-json\/wp\/v2\/product_tag?post=2211"},{"taxonomy":"pa_bo-nho-trong","embeddable":true,"href":"https:\/\/vietbee.com\/en\/wp-json\/wp\/v2\/pa_bo-nho-trong?post=2211"},{"taxonomy":"pa_bo-vi-xu-ly","embeddable":true,"href":"https:\/\/vietbee.com\/en\/wp-json\/wp\/v2\/pa_bo-vi-xu-ly?post=2211"},{"taxonomy":"pa_do-dai","embeddable":true,"href":"https:\/\/vietbee.com\/en\/wp-json\/wp\/v2\/pa_do-dai?post=2211"},{"taxonomy":"pa_do-phan-giai","embeddable":true,"href":"https:\/\/vietbee.com\/en\/wp-json\/wp\/v2\/pa_do-phan-giai?post=2211"},{"taxonomy":"pa_hang-san-xuat","embeddable":true,"href":"https:\/\/vietbee.com\/en\/wp-json\/wp\/v2\/pa_hang-san-xuat?post=2211"},{"taxonomy":"pa_kich-thuoc-man-hinh","embeddable":true,"href":"https:\/\/vietbee.com\/en\/wp-json\/wp\/v2\/pa_kich-thuoc-man-hinh?post=2211"},{"taxonomy":"pa_micro-thu-am","embeddable":true,"href":"https:\/\/vietbee.com\/en\/wp-json\/wp\/v2\/pa_micro-thu-am?post=2211"},{"taxonomy":"pa_nha-thong-minh-rang-dong","embeddable":true,"href":"https:\/\/vietbee.com\/en\/wp-json\/wp\/v2\/pa_nha-thong-minh-rang-dong?post=2211"},{"taxonomy":"pa_o-cung","embeddable":true,"href":"https:\/\/vietbee.com\/en\/wp-json\/wp\/v2\/pa_o-cung?post=2211"},{"taxonomy":"pa_ong-kinh","embeddable":true,"href":"https:\/\/vietbee.com\/en\/wp-json\/wp\/v2\/pa_ong-kinh?post=2211"},{"taxonomy":"pa_poe","embeddable":true,"href":"https:\/\/vietbee.com\/en\/wp-json\/wp\/v2\/pa_poe?post=2211"},{"taxonomy":"pa_ports","embeddable":true,"href":"https:\/\/vietbee.com\/en\/wp-json\/wp\/v2\/pa_ports?post=2211"},{"taxonomy":"pa_tam-quan-sat","embeddable":true,"href":"https:\/\/vietbee.com\/en\/wp-json\/wp\/v2\/pa_tam-quan-sat?post=2211"},{"taxonomy":"pa_theo-chuan","embeddable":true,"href":"https:\/\/vietbee.com\/en\/wp-json\/wp\/v2\/pa_theo-chuan?post=2211"}],"curies":[{"name":"wp","href":"https:\/\/api.w.org\/{rel}","templated":true}]}}