{"id":2185,"date":"2019-03-28T07:19:07","date_gmt":"2019-03-28T07:19:07","guid":{"rendered":"http:\/\/vietbee.vn\/?post_type=product&#038;p=2185"},"modified":"2019-03-28T07:19:12","modified_gmt":"2019-03-28T07:19:12","slug":"loa-hoi-nghi-co-day-jabra-speak-410-usb","status":"publish","type":"product","link":"https:\/\/vietbee.com\/en\/product\/loa-hoi-nghi-co-day-jabra-speak-410-usb\/","title":{"rendered":"Loa h\u1ed9i ngh\u1ecb c\u00f3 d\u00e2y Jabra SPEAK 410 USB"},"content":{"rendered":"<span style=\"font-size: 120%;\"><strong>TH\u00d4NG S\u1ed0 K\u1ef8 THU\u1eacT:<\/strong><\/span><br \/>\nT\u00ean sa\u0309n ph\u00e2\u0309m: Loa<br \/>\nHa\u0303ng sa\u0309n xu\u00e2\u0301t: Jabra<br \/>\nModel: SPEAK 410<br \/>\nChu\u00e2\u0309n \u00e2m thanh<br \/>\nT\u00f4\u0309ng c\u00f4ng su\u00e2\u0301t loa<br \/>\nCS loa si\u00eau tr\u00e2\u0300m\/ v\u00ea\u0323 tinh<br \/>\nT\u00e2\u0300n s\u00f4\u0301 \u0111a\u0301p \u01b0\u0301ng: N\/A<br \/>\n\u0110i\u1ec1u khi\u1ec3n t\u1eeb xa: Kh\u00f4ng<br \/>\nC\u00f4\u0309ng ti\u0301n hi\u00ea\u0323u va\u0300o: USB, j\u0103\u0301c 3.5mm<br \/>\nKi\u0301ch th\u01b0\u01a1\u0301c<br \/>\nTro\u0323ng l\u01b0\u01a1\u0323ng: 0 Kg<br \/>\n\u0110\u0103\u0323c \u0111i\u00ea\u0309m kha\u0301c:<br \/>\nC\u00f4\u0309ng tai nghe d\u00e0nh ri\u00eang cho cu\u00f4\u0323c go\u0323i True Wideband v\u01a1\u0301i \u00e2m thanh tinh th\u00ea\u0309 ro\u0303 r\u00e0ng cho cu\u00f4\u0323c go\u0323i ch\u00e2\u0301t l\u01b0\u01a1\u0323ng, sa\u0309n ph\u00e2\u0309m ly\u0301 t\u01b0\u01a1\u0309ng cho c\u00e1c cu\u00f4\u0323c go\u0323i h\u00f4\u0323i nghi\u0323<\/p>\n<p><img decoding=\"async\" id=\"m_3512375948877023229_x0000_i1025\" class=\"CToWUd a6T\" tabindex=\"0\" src=\"https:\/\/ci4.googleusercontent.com\/proxy\/pkDBoD4oEo5wHCxKy_Wsj01RoiaUB2mWulQ4hCDklCYesgrSozdOZxOv9MIDWaXdtQZ_rZZ6LuAn87sJi_h-5V4e-tSaqdI7GAUMxGwppy5VKCcyBKH3hCE=s0-d-e1-ft#https:\/\/ntg.getflycrm.com\/uploads\/files\/private\/2018\/jabra\/410\/410.jpg\" \/>","protected":false},"excerpt":{"rendered":"<p>TH\u00d4NG S\u1ed0 K\u1ef8 THU\u1eacT: T\u00ean sa\u0309n ph\u00e2\u0309m: Loa Ha\u0303ng sa\u0309n xu\u00e2\u0301t: Jabra Model: SPEAK 410 Chu\u00e2\u0309n \u00e2m thanh T\u00f4\u0309ng c\u00f4ng su\u00e2\u0301t loa CS loa si\u00eau tr\u00e2\u0300m\/ v\u00ea\u0323 tinh T\u00e2\u0300n s\u00f4\u0301 \u0111a\u0301p \u01b0\u0301ng: N\/A \u0110i\u1ec1u khi\u1ec3n t\u1eeb xa: Kh\u00f4ng C\u00f4\u0309ng ti\u0301n hi\u00ea\u0323u va\u0300o: USB, j\u0103\u0301c 3.5mm Ki\u0301ch th\u01b0\u01a1\u0301c Tro\u0323ng l\u01b0\u01a1\u0323ng: 0 Kg \u0110\u0103\u0323c \u0111i\u00ea\u0309m kha\u0301c: C\u00f4\u0309ng<\/p>\n","protected":false},"featured_media":2186,"template":"","meta":[],"product_brand":[],"product_cat":[495,496],"product_tag":[498,499],"pa_bo-nho-trong":[],"pa_bo-vi-xu-ly":[],"pa_do-dai":[],"pa_do-phan-giai":[],"pa_hang-san-xuat":[],"pa_kich-thuoc-man-hinh":[],"pa_micro-thu-am":[],"pa_nha-thong-minh-rang-dong":[],"pa_o-cung":[],"pa_ong-kinh":[],"pa_poe":[],"pa_ports":[],"pa_tam-quan-sat":[],"pa_theo-chuan":[],"class_list":{"0":"post-2185","1":"product","2":"type-product","3":"status-publish","4":"has-post-thumbnail","6":"product_cat-thiet-bi-hoi-nghi","7":"product_cat-thiet-bi-hoi-nghi-2","8":"product_tag-loa-hoi-nghi-co-day-jabra-speak-410-usb","9":"product_tag-speak-410usb","11":"first","12":"instock","13":"shipping-taxable","14":"product-type-simple"},"_links":{"self":[{"href":"https:\/\/vietbee.com\/en\/wp-json\/wp\/v2\/product\/2185","targetHints":{"allow":["GET"]}}],"collection":[{"href":"https:\/\/vietbee.com\/en\/wp-json\/wp\/v2\/product"}],"about":[{"href":"https:\/\/vietbee.com\/en\/wp-json\/wp\/v2\/types\/product"}],"wp:featuredmedia":[{"embeddable":true,"href":"https:\/\/vietbee.com\/en\/wp-json\/wp\/v2\/media\/2186"}],"wp:attachment":[{"href":"https:\/\/vietbee.com\/en\/wp-json\/wp\/v2\/media?parent=2185"}],"wp:term":[{"taxonomy":"product_brand","embeddable":true,"href":"https:\/\/vietbee.com\/en\/wp-json\/wp\/v2\/product_brand?post=2185"},{"taxonomy":"product_cat","embeddable":true,"href":"https:\/\/vietbee.com\/en\/wp-json\/wp\/v2\/product_cat?post=2185"},{"taxonomy":"product_tag","embeddable":true,"href":"https:\/\/vietbee.com\/en\/wp-json\/wp\/v2\/product_tag?post=2185"},{"taxonomy":"pa_bo-nho-trong","embeddable":true,"href":"https:\/\/vietbee.com\/en\/wp-json\/wp\/v2\/pa_bo-nho-trong?post=2185"},{"taxonomy":"pa_bo-vi-xu-ly","embeddable":true,"href":"https:\/\/vietbee.com\/en\/wp-json\/wp\/v2\/pa_bo-vi-xu-ly?post=2185"},{"taxonomy":"pa_do-dai","embeddable":true,"href":"https:\/\/vietbee.com\/en\/wp-json\/wp\/v2\/pa_do-dai?post=2185"},{"taxonomy":"pa_do-phan-giai","embeddable":true,"href":"https:\/\/vietbee.com\/en\/wp-json\/wp\/v2\/pa_do-phan-giai?post=2185"},{"taxonomy":"pa_hang-san-xuat","embeddable":true,"href":"https:\/\/vietbee.com\/en\/wp-json\/wp\/v2\/pa_hang-san-xuat?post=2185"},{"taxonomy":"pa_kich-thuoc-man-hinh","embeddable":true,"href":"https:\/\/vietbee.com\/en\/wp-json\/wp\/v2\/pa_kich-thuoc-man-hinh?post=2185"},{"taxonomy":"pa_micro-thu-am","embeddable":true,"href":"https:\/\/vietbee.com\/en\/wp-json\/wp\/v2\/pa_micro-thu-am?post=2185"},{"taxonomy":"pa_nha-thong-minh-rang-dong","embeddable":true,"href":"https:\/\/vietbee.com\/en\/wp-json\/wp\/v2\/pa_nha-thong-minh-rang-dong?post=2185"},{"taxonomy":"pa_o-cung","embeddable":true,"href":"https:\/\/vietbee.com\/en\/wp-json\/wp\/v2\/pa_o-cung?post=2185"},{"taxonomy":"pa_ong-kinh","embeddable":true,"href":"https:\/\/vietbee.com\/en\/wp-json\/wp\/v2\/pa_ong-kinh?post=2185"},{"taxonomy":"pa_poe","embeddable":true,"href":"https:\/\/vietbee.com\/en\/wp-json\/wp\/v2\/pa_poe?post=2185"},{"taxonomy":"pa_ports","embeddable":true,"href":"https:\/\/vietbee.com\/en\/wp-json\/wp\/v2\/pa_ports?post=2185"},{"taxonomy":"pa_tam-quan-sat","embeddable":true,"href":"https:\/\/vietbee.com\/en\/wp-json\/wp\/v2\/pa_tam-quan-sat?post=2185"},{"taxonomy":"pa_theo-chuan","embeddable":true,"href":"https:\/\/vietbee.com\/en\/wp-json\/wp\/v2\/pa_theo-chuan?post=2185"}],"curies":[{"name":"wp","href":"https:\/\/api.w.org\/{rel}","templated":true}]}}