{"id":2159,"date":"2019-03-01T02:45:50","date_gmt":"2019-03-01T02:45:50","guid":{"rendered":"http:\/\/vietbee.vn\/?post_type=product&#038;p=2159"},"modified":"2022-12-16T07:17:01","modified_gmt":"2022-12-16T07:17:01","slug":"cap-chuyen-doi-usb-c-to-vga-lan-hub-usb-ugreen-30439","status":"publish","type":"product","link":"https:\/\/vietbee.com\/en\/product\/cap-chuyen-doi-usb-c-to-vga-lan-hub-usb-ugreen-30439\/","title":{"rendered":"C\u00e1p chuy\u1ec3n \u0111\u1ed5i USB -C to VGA + LAN, + HUB USB Ugreen 30439"},"content":{"rendered":"<h2><strong>Th\u00f4ng s\u1ed1 k\u1ef9 thu\u1eadt USB C to VGA, LAN Ugreen 30439<\/strong><\/h2>\n<p>&#8211;\u00a0<em>C\u00e1p chuy\u1ec3n \u0111\u1ed5i USB-C sang VGA \/ Ethernet \/ Hub USB 2.0 Ugreen UG 30439<\/em>\u00a0\u0111\u01b0\u1ee3c thi\u1ebft k\u1ebf \u0111\u1ec3 k\u1ebft n\u1ed1i MacBook ho\u1eb7c c\u00e1c thi\u1ebft b\u1ecb c\u00f3 c\u1ed5ng\u00a0USB-C\u00a0truy\u1ec1n t\u1ea3i h\u00ecnh \u1ea3nh ch\u1ea5t l\u01b0\u1ee3ng cao\u00a01920x1080P\u00a0\u0111\u1ebfn m\u1ed9t thi\u1ebft b\u1ecb tr\u00ecnh chi\u1ebfu nh\u01b0 HDTV, M\u00e1y chi\u1ebfu, m\u00e0n h\u00ecnh m\u00e1y t\u00ednh vv..v<\/p>\n<p>&#8211;\u00a0<em>UGreen 30439<\/em>\u00a0c\u00f2n h\u1ed7 tr\u1ee3 th\u00eam m\u1ed9t c\u1ed5ng\u00a0Lan 10 \/ 100Mbps\u00a0gi\u00fap b\u1ea1n c\u00f3 th\u1ec3 d\u1ec5 d\u00e0ng \u0111\u1ec3 k\u1ebft n\u1ed1i thi\u1ebft b\u1ecb c\u1ee7a m\u00ecnh v\u1edbi c\u00e1c modern m\u1ea1ng, router, th\u00f4ng qua s\u1ee3i d\u00e2y c\u00e1p m\u1ea1ng UTP RJ45. \u0110i\u1ec1u n\u00e0y r\u1ea5t c\u1ea7n thi\u1ebft n\u1ebfu m\u00e1y t\u00ednh c\u1ee7a b\u1ea1n kh\u00f4ng c\u00f3 ho\u1eb7c b\u1ecb h\u01b0 h\u1ecfng c\u1ed5ng m\u1ea1ng lan.<\/p>\n<p>&#8211;\u00a0\u00a0\u0110\u1ea7u chuy\u1ec3n \u0111\u1ed5i USB Type C ra VGA + USB 3.0 h\u1ed7 tr\u1ee3 Lan 10\/100Mbps c\u00f2n t\u00edch h\u1ee3p th\u00eam c\u00e1c c\u1ed5ng USB\u00a0 Type A\u00a0 cho ph\u00e9p b\u1ea1n k\u1ebft n\u1ed1i c\u00e1c thi\u1ebft b\u1ecb nh\u01b0 \u1ed5 \u0111\u0129a flash, usb, m\u00e1y \u1ea3nh ho\u1eb7c thi\u1ebft b\u1ecb ngo\u1ea1i vi kh\u00e1c nh\u01b0 chu\u1ed9t, b\u00e0n ph\u00edm &#8230;<\/p>\n<p>&#8211; B\u1ea1n c\u0169ng c\u00f3 th\u1ec3 k\u1ebft n\u1ed1i m\u1ed9t c\u00e1p s\u1ea1c v\u1edbi c\u1ed5ng\u00a0USB-C\u00a0\u0111\u1ec3 s\u1ea1c MacBook c\u1ee7a b\u1ea1n. d\u00f9ng s\u1ea1c \u0111i\u1ec7n tho\u1ea1i, m\u00e1y t\u00ednh b\u1ea3ng ho\u1eb7c c\u00e1c thi\u1ebft b\u1ecb k\u1ebft n\u1ed1i c\u1ed5ng USB C<\/p>\n<p>\u0110\u1ea7u v\u00e0o :\u00a0<em>USB type C\u00a0<\/em><\/p>\n<p>&#8211; \u0110\u1ea7u ra :\u00a0VGA x 1;\u00a0USB 2.0 x 1;\u00a0USB3.0 x1;\u00a0RJ 45 x 1;<\/p>\n<p>&#8211; H\u1ed7 tr\u1ee3 \u0111\u1ea7u ra VGA:\u00a01920x1080p\u00a0ch\u1ea5t l\u01b0\u1ee3ng h\u00ecnh \u1ea3nh s\u1eafc n\u00e9t v\u00e0 s\u1ed1ng \u0111\u1ed9ng<\/p>\n<p>&#8211; H\u1ed7 tr\u1ee3 t\u1ed1c \u0111\u1ed9 c\u1ed5ng\u00a0Lan\u00a0Ethernet 10\/100Mbps<\/p>\n<p>&#8211; C\u1ed5ng USB-C s\u1ea1c Power Delivery (PD) h\u1ed7 tr\u1ee3\u00a020V \/ 3A (Max)<\/p>\n","protected":false},"excerpt":{"rendered":"<p>Ch\u01b0a VAT<\/p>\n","protected":false},"featured_media":2160,"template":"","meta":[],"product_brand":[],"product_cat":[1831],"product_tag":[489,488],"pa_bo-nho-trong":[],"pa_bo-vi-xu-ly":[],"pa_do-dai":[],"pa_do-phan-giai":[],"pa_hang-san-xuat":[],"pa_kich-thuoc-man-hinh":[],"pa_micro-thu-am":[],"pa_nha-thong-minh-rang-dong":[],"pa_o-cung":[],"pa_ong-kinh":[],"pa_poe":[],"pa_ports":[],"pa_tam-quan-sat":[],"pa_theo-chuan":[],"class_list":{"0":"post-2159","1":"product","2":"type-product","3":"status-publish","4":"has-post-thumbnail","6":"product_cat-cap-chuyen-doi-tin-hieu","7":"product_tag-hub-usb-ugreen-30439","8":"product_tag-cap-chuyen-doi-usb-c-to-vga-lan","10":"first","11":"instock","12":"shipping-taxable","13":"purchasable","14":"product-type-simple"},"_links":{"self":[{"href":"https:\/\/vietbee.com\/en\/wp-json\/wp\/v2\/product\/2159","targetHints":{"allow":["GET"]}}],"collection":[{"href":"https:\/\/vietbee.com\/en\/wp-json\/wp\/v2\/product"}],"about":[{"href":"https:\/\/vietbee.com\/en\/wp-json\/wp\/v2\/types\/product"}],"wp:featuredmedia":[{"embeddable":true,"href":"https:\/\/vietbee.com\/en\/wp-json\/wp\/v2\/media\/2160"}],"wp:attachment":[{"href":"https:\/\/vietbee.com\/en\/wp-json\/wp\/v2\/media?parent=2159"}],"wp:term":[{"taxonomy":"product_brand","embeddable":true,"href":"https:\/\/vietbee.com\/en\/wp-json\/wp\/v2\/product_brand?post=2159"},{"taxonomy":"product_cat","embeddable":true,"href":"https:\/\/vietbee.com\/en\/wp-json\/wp\/v2\/product_cat?post=2159"},{"taxonomy":"product_tag","embeddable":true,"href":"https:\/\/vietbee.com\/en\/wp-json\/wp\/v2\/product_tag?post=2159"},{"taxonomy":"pa_bo-nho-trong","embeddable":true,"href":"https:\/\/vietbee.com\/en\/wp-json\/wp\/v2\/pa_bo-nho-trong?post=2159"},{"taxonomy":"pa_bo-vi-xu-ly","embeddable":true,"href":"https:\/\/vietbee.com\/en\/wp-json\/wp\/v2\/pa_bo-vi-xu-ly?post=2159"},{"taxonomy":"pa_do-dai","embeddable":true,"href":"https:\/\/vietbee.com\/en\/wp-json\/wp\/v2\/pa_do-dai?post=2159"},{"taxonomy":"pa_do-phan-giai","embeddable":true,"href":"https:\/\/vietbee.com\/en\/wp-json\/wp\/v2\/pa_do-phan-giai?post=2159"},{"taxonomy":"pa_hang-san-xuat","embeddable":true,"href":"https:\/\/vietbee.com\/en\/wp-json\/wp\/v2\/pa_hang-san-xuat?post=2159"},{"taxonomy":"pa_kich-thuoc-man-hinh","embeddable":true,"href":"https:\/\/vietbee.com\/en\/wp-json\/wp\/v2\/pa_kich-thuoc-man-hinh?post=2159"},{"taxonomy":"pa_micro-thu-am","embeddable":true,"href":"https:\/\/vietbee.com\/en\/wp-json\/wp\/v2\/pa_micro-thu-am?post=2159"},{"taxonomy":"pa_nha-thong-minh-rang-dong","embeddable":true,"href":"https:\/\/vietbee.com\/en\/wp-json\/wp\/v2\/pa_nha-thong-minh-rang-dong?post=2159"},{"taxonomy":"pa_o-cung","embeddable":true,"href":"https:\/\/vietbee.com\/en\/wp-json\/wp\/v2\/pa_o-cung?post=2159"},{"taxonomy":"pa_ong-kinh","embeddable":true,"href":"https:\/\/vietbee.com\/en\/wp-json\/wp\/v2\/pa_ong-kinh?post=2159"},{"taxonomy":"pa_poe","embeddable":true,"href":"https:\/\/vietbee.com\/en\/wp-json\/wp\/v2\/pa_poe?post=2159"},{"taxonomy":"pa_ports","embeddable":true,"href":"https:\/\/vietbee.com\/en\/wp-json\/wp\/v2\/pa_ports?post=2159"},{"taxonomy":"pa_tam-quan-sat","embeddable":true,"href":"https:\/\/vietbee.com\/en\/wp-json\/wp\/v2\/pa_tam-quan-sat?post=2159"},{"taxonomy":"pa_theo-chuan","embeddable":true,"href":"https:\/\/vietbee.com\/en\/wp-json\/wp\/v2\/pa_theo-chuan?post=2159"}],"curies":[{"name":"wp","href":"https:\/\/api.w.org\/{rel}","templated":true}]}}