{"id":2154,"date":"2019-02-28T03:16:15","date_gmt":"2019-02-28T03:16:15","guid":{"rendered":"http:\/\/vietbee.vn\/?post_type=product&#038;p=2154"},"modified":"2022-12-16T07:24:04","modified_gmt":"2022-12-16T07:24:04","slug":"cap-chuyen-hdmi-to-vga-audio-ugreen-40233","status":"publish","type":"product","link":"https:\/\/vietbee.com\/en\/product\/cap-chuyen-hdmi-to-vga-audio-ugreen-40233\/","title":{"rendered":"C\u00e1p chuy\u1ec3n HDMI to VGA+ audio ugreen 40233"},"content":{"rendered":"<strong><span style=\"font-size: 110%;\">\u0110\u1eb7c \u0111i\u1ec3m c\u00e1p chuy\u1ec3n HDMI to VGA + audio ugreen 40233:<\/span><\/strong><\/p>\n<ol>\n<li>M\u00e0u s\u1eafc : \u0110en<\/li>\n<li>Ch\u1ee9c n\u0103ng ch\u00ednh : d\u00f9ng \u0111\u1ec3 chuy\u1ec3n \u0111\u1ed5i t\u1eeb c\u1ed5ng\u00a0HDMI c\u1ee7a m\u00e1y laptop\u2026 sang c\u1ed5ng VGA c\u1ee7a m\u00e1y chi\u1ebfu ho\u1eb7c m\u00e0n h\u00ecnh.<\/li>\n<li>C\u00e1p ch\u1ec9 d\u00f9ng chuy\u1ec3n \u0111\u1ed5i 1 chi\u1ec1u kh\u00f4ng chuy\u1ec3n \u0111\u01b0\u1ee3c ng\u01b0\u1ee3c l\u1ea1i.<\/li>\n<li>\u0110\u1ed9 d\u00e0i : 15cm<\/li>\n<li>C\u1eafm l\u00e0 ch\u1ea1y kh\u00f4ng c\u1ea7n c\u00e0i \u0111\u1eb7t ph\u1ea7n m\u1ec1m.<\/li>\n<li>C\u00e1p HDMI to VGA + audio \u0111\u01b0\u1ee3c h\u00e3ng thi\u1ebft k\u1ebf m\u1ea1 v\u00e0ng 2 \u0111\u1ea7u ti\u1ebfp x\u00fac gi\u00fap c\u00e1p lu\u00f4n \u0111\u1ea1t k\u1ebft n\u1ed1i chu\u1ea9n v\u00e0 \u1ed5n \u0111\u1ecbnh nh\u1ea5t.<\/li>\n<\/ol>\n<p>V\u1edbi <em><u><span style=\"color: #000120;\">c\u00e1p chuy\u1ec3n HDMI to VGA <\/span><\/u><\/em>Cho ph\u00e9p truy\u1ec1n h\u00ecnh \u1ea3nh v\u00e0 \u00e2m thanh c\u1ee7a c\u00e1c thi\u1ebft b\u1ecb c\u00f3 c\u1ed5ng HDMI nh\u01b0 m\u00e1y t\u00ednh, m\u00e1y quay, m\u00e1y \u1ea3nh ra c\u1ed5ng VGA c\u1ee7a m\u00e1y chi\u1ebfu, ho\u1eb7c m\u00e0n h\u00ecnh tivi v\u1edbi h\u00ecnh \u1ea3nh \u00e2m thanh s\u1ed1ng \u0111\u1ed9ng, ch\u1ea5t l\u01b0\u1ee3ng cao.","protected":false},"excerpt":{"rendered":"<p>Ch\u01b0a VAT<\/p>\n","protected":false},"featured_media":2155,"template":"","meta":[],"product_brand":[],"product_cat":[1831],"product_tag":[486],"pa_bo-nho-trong":[],"pa_bo-vi-xu-ly":[],"pa_do-dai":[],"pa_do-phan-giai":[],"pa_hang-san-xuat":[],"pa_kich-thuoc-man-hinh":[],"pa_micro-thu-am":[],"pa_nha-thong-minh-rang-dong":[],"pa_o-cung":[],"pa_ong-kinh":[],"pa_poe":[],"pa_ports":[],"pa_tam-quan-sat":[],"pa_theo-chuan":[],"class_list":{"0":"post-2154","1":"product","2":"type-product","3":"status-publish","4":"has-post-thumbnail","6":"product_cat-cap-chuyen-doi-tin-hieu","7":"product_tag-cap-chuyen-hdmi-to-vga-audio-ugreen-40233","9":"first","10":"instock","11":"shipping-taxable","12":"product-type-simple"},"_links":{"self":[{"href":"https:\/\/vietbee.com\/en\/wp-json\/wp\/v2\/product\/2154","targetHints":{"allow":["GET"]}}],"collection":[{"href":"https:\/\/vietbee.com\/en\/wp-json\/wp\/v2\/product"}],"about":[{"href":"https:\/\/vietbee.com\/en\/wp-json\/wp\/v2\/types\/product"}],"wp:featuredmedia":[{"embeddable":true,"href":"https:\/\/vietbee.com\/en\/wp-json\/wp\/v2\/media\/2155"}],"wp:attachment":[{"href":"https:\/\/vietbee.com\/en\/wp-json\/wp\/v2\/media?parent=2154"}],"wp:term":[{"taxonomy":"product_brand","embeddable":true,"href":"https:\/\/vietbee.com\/en\/wp-json\/wp\/v2\/product_brand?post=2154"},{"taxonomy":"product_cat","embeddable":true,"href":"https:\/\/vietbee.com\/en\/wp-json\/wp\/v2\/product_cat?post=2154"},{"taxonomy":"product_tag","embeddable":true,"href":"https:\/\/vietbee.com\/en\/wp-json\/wp\/v2\/product_tag?post=2154"},{"taxonomy":"pa_bo-nho-trong","embeddable":true,"href":"https:\/\/vietbee.com\/en\/wp-json\/wp\/v2\/pa_bo-nho-trong?post=2154"},{"taxonomy":"pa_bo-vi-xu-ly","embeddable":true,"href":"https:\/\/vietbee.com\/en\/wp-json\/wp\/v2\/pa_bo-vi-xu-ly?post=2154"},{"taxonomy":"pa_do-dai","embeddable":true,"href":"https:\/\/vietbee.com\/en\/wp-json\/wp\/v2\/pa_do-dai?post=2154"},{"taxonomy":"pa_do-phan-giai","embeddable":true,"href":"https:\/\/vietbee.com\/en\/wp-json\/wp\/v2\/pa_do-phan-giai?post=2154"},{"taxonomy":"pa_hang-san-xuat","embeddable":true,"href":"https:\/\/vietbee.com\/en\/wp-json\/wp\/v2\/pa_hang-san-xuat?post=2154"},{"taxonomy":"pa_kich-thuoc-man-hinh","embeddable":true,"href":"https:\/\/vietbee.com\/en\/wp-json\/wp\/v2\/pa_kich-thuoc-man-hinh?post=2154"},{"taxonomy":"pa_micro-thu-am","embeddable":true,"href":"https:\/\/vietbee.com\/en\/wp-json\/wp\/v2\/pa_micro-thu-am?post=2154"},{"taxonomy":"pa_nha-thong-minh-rang-dong","embeddable":true,"href":"https:\/\/vietbee.com\/en\/wp-json\/wp\/v2\/pa_nha-thong-minh-rang-dong?post=2154"},{"taxonomy":"pa_o-cung","embeddable":true,"href":"https:\/\/vietbee.com\/en\/wp-json\/wp\/v2\/pa_o-cung?post=2154"},{"taxonomy":"pa_ong-kinh","embeddable":true,"href":"https:\/\/vietbee.com\/en\/wp-json\/wp\/v2\/pa_ong-kinh?post=2154"},{"taxonomy":"pa_poe","embeddable":true,"href":"https:\/\/vietbee.com\/en\/wp-json\/wp\/v2\/pa_poe?post=2154"},{"taxonomy":"pa_ports","embeddable":true,"href":"https:\/\/vietbee.com\/en\/wp-json\/wp\/v2\/pa_ports?post=2154"},{"taxonomy":"pa_tam-quan-sat","embeddable":true,"href":"https:\/\/vietbee.com\/en\/wp-json\/wp\/v2\/pa_tam-quan-sat?post=2154"},{"taxonomy":"pa_theo-chuan","embeddable":true,"href":"https:\/\/vietbee.com\/en\/wp-json\/wp\/v2\/pa_theo-chuan?post=2154"}],"curies":[{"name":"wp","href":"https:\/\/api.w.org\/{rel}","templated":true}]}}