{"id":2135,"date":"2019-02-26T07:48:33","date_gmt":"2019-02-26T07:48:33","guid":{"rendered":"http:\/\/vietbee.vn\/?post_type=product&#038;p=2135"},"modified":"2022-12-16T07:30:32","modified_gmt":"2022-12-16T07:30:32","slug":"cap-chuyen-doi-displayport-vga-unitek-y-c-5118e","status":"publish","type":"product","link":"https:\/\/vietbee.com\/en\/product\/cap-chuyen-doi-displayport-vga-unitek-y-c-5118e\/","title":{"rendered":"C\u00e1p chuy\u00ean \u0111\u1ed5i Displayport -> VGA Unitek (Y-C 5118E)"},"content":{"rendered":"<strong>Th\u00f4ng tin v\u1ec1 C\u00e1p chuy\u00ean \u0111\u1ed5i Displayport -&gt; VGA Unitek (Y-C 5118E)<\/strong><\/p>\n<p>H\u00e3ng s\u1ea3n xu\u1ea5t: Unitek<\/p>\n<p>M\u00e3 s\u1ea3n ph\u1ea9m: Y-C 5118E<\/p>\n<p><strong><em>C\u00e1p chuy\u00ean \u0111\u1ed5i Displayport -&gt; VGA Unitek (Y-C 5118E)<\/em><\/strong> chuy\u1ec3n \u0111\u1ed5i t\u00edn hi\u1ec7u t\u1eeb Displayport ra m\u00e0n h\u00ecnh VGA, kh\u00f4ng c\u1ea7n thi\u1ebft b\u1ecb h\u1ed7 tr\u1ee3 kh\u00e1c<\/p>\n<p>H\u1ed7 tr\u1ee3 \u0111\u1ed9 ph\u00e2n gi\u1ea3i m\u00e0n h\u00ecnh l\u00ean \u0111\u1ebfn 1920&#215;1200, ch\u1ea5t l\u01b0\u1ee3ng h\u00ecnh \u1ea3nh s\u1eafc n\u00e9t.<\/p>\n<p>Ti\u1ebft ki\u1ec7m chi ph\u00ed cho vi\u1ec7c n\u00e2ng c\u1ea5p m\u00e0n h\u00ecnh ph\u00f9 h\u1ee3p kh\u00e1c<\/p>\n<p>S\u1eed d\u1ee5ng khi chuy\u1ec3n \u0111\u1ed5i r\u1ea5t \u0111\u01a1n gi\u1ea3n, nhanh ch\u00f3ng<\/p>\n<p>Thi\u1ebft k\u1ebf <strong><em>C\u00e1p chuy\u00ean \u0111\u1ed5i Displayport -&gt; VGA Unitek (Y-C 5118E) ch\u00ednh h\u00e3ng<\/em><\/strong> r\u1ea5t nh\u1ecf g\u1ecdn, thu\u1eadn ti\u1ec7n khi mang theo<\/p>\n<p>\u0110\u01a1n gi\u1ea3n kh\u00f4ng c\u1ea7n c\u00e0i \u0111\u1eb7t Driver, c\u1eafm c\u00e1p l\u00e0 c\u00f3 th\u1ec3 s\u1eed dung<\/p>\n<p>B\u1ea3o h\u00e0nh s\u1ea3n ph\u1ea9m 6 th\u00e1ng","protected":false},"excerpt":{"rendered":"<p><span style=\"display: inline !important; float: none; background-color: transparent; color: #333333; cursor: text; font-family: Arial,'Times New Roman','Bitstream Charter',Times,serif; font-size: 14.4px; font-style: normal; font-variant: normal; font-weight: 400; letter-spacing: normal; orphans: 2; text-align: left; text-decoration: none; text-indent: 0px; text-transform: none; -webkit-text-stroke-width: 0px; white-space: normal; word-spacing: 0px;\">Ch\u01b0a VAT<\/span><\/p>\n","protected":false},"featured_media":2136,"template":"","meta":[],"product_brand":[],"product_cat":[1831],"product_tag":[473],"pa_bo-nho-trong":[],"pa_bo-vi-xu-ly":[],"pa_do-dai":[],"pa_do-phan-giai":[],"pa_hang-san-xuat":[],"pa_kich-thuoc-man-hinh":[],"pa_micro-thu-am":[],"pa_nha-thong-minh-rang-dong":[],"pa_o-cung":[],"pa_ong-kinh":[],"pa_poe":[],"pa_ports":[],"pa_tam-quan-sat":[],"pa_theo-chuan":[],"class_list":{"0":"post-2135","1":"product","2":"type-product","3":"status-publish","4":"has-post-thumbnail","6":"product_cat-cap-chuyen-doi-tin-hieu","7":"product_tag-cap-chuyen-doi-displayport-vga-unitek-y-c-5118e","9":"first","10":"instock","11":"shipping-taxable","12":"purchasable","13":"product-type-simple"},"_links":{"self":[{"href":"https:\/\/vietbee.com\/en\/wp-json\/wp\/v2\/product\/2135","targetHints":{"allow":["GET"]}}],"collection":[{"href":"https:\/\/vietbee.com\/en\/wp-json\/wp\/v2\/product"}],"about":[{"href":"https:\/\/vietbee.com\/en\/wp-json\/wp\/v2\/types\/product"}],"wp:featuredmedia":[{"embeddable":true,"href":"https:\/\/vietbee.com\/en\/wp-json\/wp\/v2\/media\/2136"}],"wp:attachment":[{"href":"https:\/\/vietbee.com\/en\/wp-json\/wp\/v2\/media?parent=2135"}],"wp:term":[{"taxonomy":"product_brand","embeddable":true,"href":"https:\/\/vietbee.com\/en\/wp-json\/wp\/v2\/product_brand?post=2135"},{"taxonomy":"product_cat","embeddable":true,"href":"https:\/\/vietbee.com\/en\/wp-json\/wp\/v2\/product_cat?post=2135"},{"taxonomy":"product_tag","embeddable":true,"href":"https:\/\/vietbee.com\/en\/wp-json\/wp\/v2\/product_tag?post=2135"},{"taxonomy":"pa_bo-nho-trong","embeddable":true,"href":"https:\/\/vietbee.com\/en\/wp-json\/wp\/v2\/pa_bo-nho-trong?post=2135"},{"taxonomy":"pa_bo-vi-xu-ly","embeddable":true,"href":"https:\/\/vietbee.com\/en\/wp-json\/wp\/v2\/pa_bo-vi-xu-ly?post=2135"},{"taxonomy":"pa_do-dai","embeddable":true,"href":"https:\/\/vietbee.com\/en\/wp-json\/wp\/v2\/pa_do-dai?post=2135"},{"taxonomy":"pa_do-phan-giai","embeddable":true,"href":"https:\/\/vietbee.com\/en\/wp-json\/wp\/v2\/pa_do-phan-giai?post=2135"},{"taxonomy":"pa_hang-san-xuat","embeddable":true,"href":"https:\/\/vietbee.com\/en\/wp-json\/wp\/v2\/pa_hang-san-xuat?post=2135"},{"taxonomy":"pa_kich-thuoc-man-hinh","embeddable":true,"href":"https:\/\/vietbee.com\/en\/wp-json\/wp\/v2\/pa_kich-thuoc-man-hinh?post=2135"},{"taxonomy":"pa_micro-thu-am","embeddable":true,"href":"https:\/\/vietbee.com\/en\/wp-json\/wp\/v2\/pa_micro-thu-am?post=2135"},{"taxonomy":"pa_nha-thong-minh-rang-dong","embeddable":true,"href":"https:\/\/vietbee.com\/en\/wp-json\/wp\/v2\/pa_nha-thong-minh-rang-dong?post=2135"},{"taxonomy":"pa_o-cung","embeddable":true,"href":"https:\/\/vietbee.com\/en\/wp-json\/wp\/v2\/pa_o-cung?post=2135"},{"taxonomy":"pa_ong-kinh","embeddable":true,"href":"https:\/\/vietbee.com\/en\/wp-json\/wp\/v2\/pa_ong-kinh?post=2135"},{"taxonomy":"pa_poe","embeddable":true,"href":"https:\/\/vietbee.com\/en\/wp-json\/wp\/v2\/pa_poe?post=2135"},{"taxonomy":"pa_ports","embeddable":true,"href":"https:\/\/vietbee.com\/en\/wp-json\/wp\/v2\/pa_ports?post=2135"},{"taxonomy":"pa_tam-quan-sat","embeddable":true,"href":"https:\/\/vietbee.com\/en\/wp-json\/wp\/v2\/pa_tam-quan-sat?post=2135"},{"taxonomy":"pa_theo-chuan","embeddable":true,"href":"https:\/\/vietbee.com\/en\/wp-json\/wp\/v2\/pa_theo-chuan?post=2135"}],"curies":[{"name":"wp","href":"https:\/\/api.w.org\/{rel}","templated":true}]}}