{"id":2133,"date":"2019-02-26T07:28:27","date_gmt":"2019-02-26T07:28:27","guid":{"rendered":"http:\/\/vietbee.vn\/?post_type=product&#038;p=2133"},"modified":"2022-12-16T07:30:39","modified_gmt":"2022-12-16T07:30:39","slug":"cap-chuyen-doi-displayport-dviunitek-y-c-5118aa","status":"publish","type":"product","link":"https:\/\/vietbee.com\/en\/product\/cap-chuyen-doi-displayport-dviunitek-y-c-5118aa\/","title":{"rendered":"C\u00e1p chuy\u1ec3n \u0111\u1ed5i Displayport -> DVIUnitek (Y-C 5118AA)"},"content":{"rendered":"<p class=\"qtranxs-available-languages-message qtranxs-available-languages-message-en\">Sorry, this entry is only available in <a href=\"https:\/\/vietbee.com\/vi\/wp-json\/wp\/v2\/product\/2133\" class=\"qtranxs-available-language-link qtranxs-available-language-link-vi\" title=\"Ti\u1ebfng Vi\u1ec7t\">Ti\u1ebfng Vi\u1ec7t<\/a>. For the sake of viewer convenience, the content is shown below in the alternative language. You may click the link to switch the active language.<\/p><span style=\"font-size: 110%;\"><strong>\u0110\u1eb7c \u0111i\u1ec3m v\u1ec1 C\u00e1p chuy\u1ec3n \u0111\u1ed5i Displayport -&gt; dviunitek (Y-C 5118AA)<\/strong><\/span><\/p>\n<p>H\u00e3ng s\u1ea3n xu\u1ea5t: Unitek<\/p>\n<p>M\u00e3 s\u1ea3n ph\u1ea9m: Y-C 5118AA<\/p>\n<p>\u0110\u1ea7u v\u00e0o displayport<\/p>\n<p>\u0110\u1ea7u ra chu\u1ea9n DVI<\/p>\n<p><strong><em>C\u00e1p chuy\u1ec3n \u0111\u1ed5i Displayport -&gt; dviunitek (Y-C 5118AA)<\/em><\/strong> h\u1ed7 tr\u1ee3 \u0111\u1ed9 ph\u00e2n gi\u1ea3i (1920 x 1200) cho PC v\u00e0 Full 1080P cho HDTV<\/p>\n<p>T\u01b0\u01a1ng th\u00edch v\u1edbi th\u00f4ng s\u1ed1 k\u1ef9 thu\u1eadt 1.1 DisplayPort<\/p>\n<p>T\u01b0\u01a1ng th\u00edch v\u1edbi h\u1ea7u h\u1ebft c\u00e1c h\u1ec7 \u0111i\u1ec1u h\u00e0nh Windows 8, 8.1, 10, Server v\u00e0 Mac OS\u2026<\/p>\n<p><strong><em>C\u00e1p chuy\u1ec3n \u0111\u1ed5i Displayport -&gt; dvi unitek (Y-C 5118AA) ch\u00ednh h\u00e3ng<\/em><\/strong> \u0111\u01a1n gi\u1ea3n d\u1ec5 s\u1eed d\u1ee5ng, c\u1eafm v\u00e0o l\u00e0 d\u00f9ng kh\u00f4ng c\u1ea7n c\u00e0i \u0111\u1eb7t<\/p>\n<p>Chi\u1ec1u d\u00e0i c\u00e1p: 20cm<\/p>\n<p><strong>\u1ee8ng d\u1ee5ng c\u1ee7a C\u00e1p chuy\u1ec3n \u0111\u1ed5i Displayport -&gt; dviunitek (Y-C 5118AA)<\/strong><\/p>\n<p>C\u00e1p chuy\u1ec3n \u0111\u1ed5i Displayport -&gt; dviunitek (Y-C 5118AA) \u0111\u01b0\u1ee3c s\u1eed d\u1ee5ng \u0111\u1ec3 chuy\u1ec3n \u0111\u1ed5i t\u00edn hi\u1ec7u t\u1eeb c\u00e1c thi\u1ebft b\u1ecb ph\u00e1t ch\u1ec9 c\u00f3 c\u1ed5ng displayport sang c\u00e1c thi\u1ebft b\u1ecb tr\u00ecnh chi\u1ebfu c\u00f3 h\u1ed7 tr\u1ee3 c\u1ed5ng k\u1ebft n\u1ed1i DVI. Lo\u1ea1i thi\u1ebft b\u1ecb chuy\u1ec3n \u0111\u1ed5i d\u00f9ng cho c\u00e1c d\u00f2ng laptop c\u00f3 h\u1ed7 tr\u1ee3 c\u1ed5ng Displayport nh\u01b0 Dell, IBM, HP, Intel, AMD, NVIDIA, Lenovo, Samsung&#8230;","protected":false},"excerpt":{"rendered":"<p><span style=\"display: inline !important; float: none; background-color: transparent; color: #333333; cursor: text; font-family: Arial,'Times New Roman','Bitstream Charter',Times,serif; font-size: 14.4px; font-style: normal; font-variant: normal; font-weight: 400; letter-spacing: normal; orphans: 2; text-align: left; text-decoration: none; text-indent: 0px; text-transform: none; -webkit-text-stroke-width: 0px; white-space: normal; word-spacing: 0px;\">Ch\u01b0a VAT<\/span><\/p>\n","protected":false},"featured_media":2134,"template":"","meta":[],"product_brand":[],"product_cat":[1831],"product_tag":[472],"pa_bo-nho-trong":[],"pa_bo-vi-xu-ly":[],"pa_do-dai":[],"pa_do-phan-giai":[],"pa_hang-san-xuat":[],"pa_kich-thuoc-man-hinh":[],"pa_micro-thu-am":[],"pa_nha-thong-minh-rang-dong":[],"pa_o-cung":[],"pa_ong-kinh":[],"pa_poe":[],"pa_ports":[],"pa_tam-quan-sat":[],"pa_theo-chuan":[],"class_list":{"0":"post-2133","1":"product","2":"type-product","3":"status-publish","4":"has-post-thumbnail","6":"product_cat-cap-chuyen-doi-tin-hieu","7":"product_tag-cap-chuyen-doi-displayport-dviunitek-y-c-5118aa","9":"first","10":"instock","11":"shipping-taxable","12":"purchasable","13":"product-type-simple"},"_links":{"self":[{"href":"https:\/\/vietbee.com\/en\/wp-json\/wp\/v2\/product\/2133","targetHints":{"allow":["GET"]}}],"collection":[{"href":"https:\/\/vietbee.com\/en\/wp-json\/wp\/v2\/product"}],"about":[{"href":"https:\/\/vietbee.com\/en\/wp-json\/wp\/v2\/types\/product"}],"wp:featuredmedia":[{"embeddable":true,"href":"https:\/\/vietbee.com\/en\/wp-json\/wp\/v2\/media\/2134"}],"wp:attachment":[{"href":"https:\/\/vietbee.com\/en\/wp-json\/wp\/v2\/media?parent=2133"}],"wp:term":[{"taxonomy":"product_brand","embeddable":true,"href":"https:\/\/vietbee.com\/en\/wp-json\/wp\/v2\/product_brand?post=2133"},{"taxonomy":"product_cat","embeddable":true,"href":"https:\/\/vietbee.com\/en\/wp-json\/wp\/v2\/product_cat?post=2133"},{"taxonomy":"product_tag","embeddable":true,"href":"https:\/\/vietbee.com\/en\/wp-json\/wp\/v2\/product_tag?post=2133"},{"taxonomy":"pa_bo-nho-trong","embeddable":true,"href":"https:\/\/vietbee.com\/en\/wp-json\/wp\/v2\/pa_bo-nho-trong?post=2133"},{"taxonomy":"pa_bo-vi-xu-ly","embeddable":true,"href":"https:\/\/vietbee.com\/en\/wp-json\/wp\/v2\/pa_bo-vi-xu-ly?post=2133"},{"taxonomy":"pa_do-dai","embeddable":true,"href":"https:\/\/vietbee.com\/en\/wp-json\/wp\/v2\/pa_do-dai?post=2133"},{"taxonomy":"pa_do-phan-giai","embeddable":true,"href":"https:\/\/vietbee.com\/en\/wp-json\/wp\/v2\/pa_do-phan-giai?post=2133"},{"taxonomy":"pa_hang-san-xuat","embeddable":true,"href":"https:\/\/vietbee.com\/en\/wp-json\/wp\/v2\/pa_hang-san-xuat?post=2133"},{"taxonomy":"pa_kich-thuoc-man-hinh","embeddable":true,"href":"https:\/\/vietbee.com\/en\/wp-json\/wp\/v2\/pa_kich-thuoc-man-hinh?post=2133"},{"taxonomy":"pa_micro-thu-am","embeddable":true,"href":"https:\/\/vietbee.com\/en\/wp-json\/wp\/v2\/pa_micro-thu-am?post=2133"},{"taxonomy":"pa_nha-thong-minh-rang-dong","embeddable":true,"href":"https:\/\/vietbee.com\/en\/wp-json\/wp\/v2\/pa_nha-thong-minh-rang-dong?post=2133"},{"taxonomy":"pa_o-cung","embeddable":true,"href":"https:\/\/vietbee.com\/en\/wp-json\/wp\/v2\/pa_o-cung?post=2133"},{"taxonomy":"pa_ong-kinh","embeddable":true,"href":"https:\/\/vietbee.com\/en\/wp-json\/wp\/v2\/pa_ong-kinh?post=2133"},{"taxonomy":"pa_poe","embeddable":true,"href":"https:\/\/vietbee.com\/en\/wp-json\/wp\/v2\/pa_poe?post=2133"},{"taxonomy":"pa_ports","embeddable":true,"href":"https:\/\/vietbee.com\/en\/wp-json\/wp\/v2\/pa_ports?post=2133"},{"taxonomy":"pa_tam-quan-sat","embeddable":true,"href":"https:\/\/vietbee.com\/en\/wp-json\/wp\/v2\/pa_tam-quan-sat?post=2133"},{"taxonomy":"pa_theo-chuan","embeddable":true,"href":"https:\/\/vietbee.com\/en\/wp-json\/wp\/v2\/pa_theo-chuan?post=2133"}],"curies":[{"name":"wp","href":"https:\/\/api.w.org\/{rel}","templated":true}]}}