{"id":2129,"date":"2019-02-25T08:55:35","date_gmt":"2019-02-25T08:55:35","guid":{"rendered":"http:\/\/vietbee.vn\/?post_type=product&#038;p=2129"},"modified":"2022-12-16T07:30:55","modified_gmt":"2022-12-16T07:30:55","slug":"cap-mini-displayport-dvi-unitek-y-6326bk-chinh-hang","status":"publish","type":"product","link":"https:\/\/vietbee.com\/en\/product\/cap-mini-displayport-dvi-unitek-y-6326bk-chinh-hang\/","title":{"rendered":"C\u00e1p Mini Displayport -> DVI Unitek (Y &#8211; 6326BK) ch\u00ednh h\u00e3ng"},"content":{"rendered":"<p class=\"qtranxs-available-languages-message qtranxs-available-languages-message-en\">Sorry, this entry is only available in <a href=\"https:\/\/vietbee.com\/vi\/wp-json\/wp\/v2\/product\/2129\" class=\"qtranxs-available-language-link qtranxs-available-language-link-vi\" title=\"Ti\u1ebfng Vi\u1ec7t\">Ti\u1ebfng Vi\u1ec7t<\/a>. For the sake of viewer convenience, the content is shown below in the alternative language. You may click the link to switch the active language.<\/p><strong>\u00a0\u0110\u1eb7c \u0111i\u1ec3m c\u1ee7a C\u00e1p Mini Displayport -&gt; DVI Unitek (Y &#8211; 6326BK) ch\u00ednh h\u00e3ng:<\/strong><\/p>\n<p>C\u00e1p Mini Displayport -&gt; DVI Unitek (Y &#8211; 6326BK) ch\u00ednh h\u00e3ng d\u00f9ng \u0111\u1ec3 chuy\u1ec3n \u0111\u1ed5i t\u1eeb c\u1ed5ng Mini Displayport sang c\u1ed5ng DVI.<\/p>\n<p>S\u1ea3n ph\u1ea9m cho ch\u1ea5t l\u01b0\u1ee3ng h\u00ecnh \u1ea3nh c\u1ef1c r\u00f5 \u0111\u1eb9p kh\u00f4ng b\u1ecb nhi\u1ec5u t\u00edn hi\u1ec7u.<\/p>\n<p>S\u1eed d\u1ee5ng cho c\u00e1c d\u00f2ng Macbook v\u00e0 thi\u1ebft b\u1ecb c\u00f3 c\u1ed5ng Mini Displayport chuy\u1ec3n sang c\u1ed5ng DVI k\u1ebft n\u1ed1i m\u00e0n h\u00ecnh m\u00e1y t\u00ednh, LCD.<\/p>\n<p><strong><em>C\u00e1p Mini Displayport -&gt; DVI Unitek (Y &#8211; 6326BK) ch\u00ednh h\u00e3ng cao c\u1ea5p<\/em><\/strong> thi\u1ebft k\u1ebf nh\u1ecf g\u1ecdn, b\u1ec1n \u0111\u1eb9p.<\/p>\n<p>H\u1ed7 tr\u1ee3 \u0111\u1ed9 ph\u00e2n gi\u1ea3i l\u00ean \u0111\u1ebfn 1920&#215;1200, \u0111\u1ed9 ph\u00e2n gi\u1ea3i HDTV l\u00ean \u0111\u1ebfn 1080p.<\/p>\n<p>Thi\u1ebft b\u1ecb chuy\u1ec3n \u0111\u1ed5i n\u00e0y t\u01b0\u01a1ng th\u00edch v\u1edbi Intel Thunderbolt.<\/p>\n<p>S\u1ea3n ph\u1ea9m c\u1eafm v\u00e0o l\u00e0 ch\u1ea1y, kh\u00f4ng c\u1ea7n c\u00e0i \u0111\u1eb7t r\u1ea5t d\u1ec5 s\u1eed dung.<\/p>\n<p>C\u00e1p Mini Displayport -&gt; DVI Unitek (Y &#8211; 6326BK) ch\u00ednh h\u00e3ng v\u1edbi nhi\u1ec1u ti\u1ec7n \u00edch gi\u00fap b\u1ea1n chuy\u1ec3n \u0111\u1ed5i c\u00e1c k\u1ebft n\u1ed1i gi\u1eefa 2 c\u1ed5ng m\u1ed9t c\u00e1ch nhanh ch\u00f3ng v\u00e0 d\u1ec5 d\u00e0ng m\u00e0 v\u1eabn \u0111\u1ea3m b\u1ea3o ch\u1ea5t l\u01b0\u1ee3ng \u00e2m thanh v\u00e0 h\u00ecnh \u1ea3nh c\u1ef1c r\u00f5 n\u00e9t.","protected":false},"excerpt":{"rendered":"<p><span style=\"display: inline !important; float: none; background-color: transparent; color: #333333; cursor: text; font-family: Arial,'Times New Roman','Bitstream Charter',Times,serif; font-size: 14.4px; font-style: normal; font-variant: normal; font-weight: 400; letter-spacing: normal; orphans: 2; text-align: left; text-decoration: none; text-indent: 0px; text-transform: none; -webkit-text-stroke-width: 0px; white-space: normal; word-spacing: 0px;\">Ch\u01b0a VAT<\/span><\/p>\n","protected":false},"featured_media":2130,"template":"","meta":[],"product_brand":[],"product_cat":[1831],"product_tag":[470],"pa_bo-nho-trong":[],"pa_bo-vi-xu-ly":[],"pa_do-dai":[],"pa_do-phan-giai":[],"pa_hang-san-xuat":[],"pa_kich-thuoc-man-hinh":[],"pa_micro-thu-am":[],"pa_nha-thong-minh-rang-dong":[],"pa_o-cung":[],"pa_ong-kinh":[],"pa_poe":[],"pa_ports":[],"pa_tam-quan-sat":[],"pa_theo-chuan":[],"class_list":{"0":"post-2129","1":"product","2":"type-product","3":"status-publish","4":"has-post-thumbnail","6":"product_cat-cap-chuyen-doi-tin-hieu","7":"product_tag-cap-mini-displayport-dvi-unitek-y-6326bk-chinh-hang","9":"first","10":"instock","11":"shipping-taxable","12":"purchasable","13":"product-type-simple"},"_links":{"self":[{"href":"https:\/\/vietbee.com\/en\/wp-json\/wp\/v2\/product\/2129","targetHints":{"allow":["GET"]}}],"collection":[{"href":"https:\/\/vietbee.com\/en\/wp-json\/wp\/v2\/product"}],"about":[{"href":"https:\/\/vietbee.com\/en\/wp-json\/wp\/v2\/types\/product"}],"wp:featuredmedia":[{"embeddable":true,"href":"https:\/\/vietbee.com\/en\/wp-json\/wp\/v2\/media\/2130"}],"wp:attachment":[{"href":"https:\/\/vietbee.com\/en\/wp-json\/wp\/v2\/media?parent=2129"}],"wp:term":[{"taxonomy":"product_brand","embeddable":true,"href":"https:\/\/vietbee.com\/en\/wp-json\/wp\/v2\/product_brand?post=2129"},{"taxonomy":"product_cat","embeddable":true,"href":"https:\/\/vietbee.com\/en\/wp-json\/wp\/v2\/product_cat?post=2129"},{"taxonomy":"product_tag","embeddable":true,"href":"https:\/\/vietbee.com\/en\/wp-json\/wp\/v2\/product_tag?post=2129"},{"taxonomy":"pa_bo-nho-trong","embeddable":true,"href":"https:\/\/vietbee.com\/en\/wp-json\/wp\/v2\/pa_bo-nho-trong?post=2129"},{"taxonomy":"pa_bo-vi-xu-ly","embeddable":true,"href":"https:\/\/vietbee.com\/en\/wp-json\/wp\/v2\/pa_bo-vi-xu-ly?post=2129"},{"taxonomy":"pa_do-dai","embeddable":true,"href":"https:\/\/vietbee.com\/en\/wp-json\/wp\/v2\/pa_do-dai?post=2129"},{"taxonomy":"pa_do-phan-giai","embeddable":true,"href":"https:\/\/vietbee.com\/en\/wp-json\/wp\/v2\/pa_do-phan-giai?post=2129"},{"taxonomy":"pa_hang-san-xuat","embeddable":true,"href":"https:\/\/vietbee.com\/en\/wp-json\/wp\/v2\/pa_hang-san-xuat?post=2129"},{"taxonomy":"pa_kich-thuoc-man-hinh","embeddable":true,"href":"https:\/\/vietbee.com\/en\/wp-json\/wp\/v2\/pa_kich-thuoc-man-hinh?post=2129"},{"taxonomy":"pa_micro-thu-am","embeddable":true,"href":"https:\/\/vietbee.com\/en\/wp-json\/wp\/v2\/pa_micro-thu-am?post=2129"},{"taxonomy":"pa_nha-thong-minh-rang-dong","embeddable":true,"href":"https:\/\/vietbee.com\/en\/wp-json\/wp\/v2\/pa_nha-thong-minh-rang-dong?post=2129"},{"taxonomy":"pa_o-cung","embeddable":true,"href":"https:\/\/vietbee.com\/en\/wp-json\/wp\/v2\/pa_o-cung?post=2129"},{"taxonomy":"pa_ong-kinh","embeddable":true,"href":"https:\/\/vietbee.com\/en\/wp-json\/wp\/v2\/pa_ong-kinh?post=2129"},{"taxonomy":"pa_poe","embeddable":true,"href":"https:\/\/vietbee.com\/en\/wp-json\/wp\/v2\/pa_poe?post=2129"},{"taxonomy":"pa_ports","embeddable":true,"href":"https:\/\/vietbee.com\/en\/wp-json\/wp\/v2\/pa_ports?post=2129"},{"taxonomy":"pa_tam-quan-sat","embeddable":true,"href":"https:\/\/vietbee.com\/en\/wp-json\/wp\/v2\/pa_tam-quan-sat?post=2129"},{"taxonomy":"pa_theo-chuan","embeddable":true,"href":"https:\/\/vietbee.com\/en\/wp-json\/wp\/v2\/pa_theo-chuan?post=2129"}],"curies":[{"name":"wp","href":"https:\/\/api.w.org\/{rel}","templated":true}]}}