{"id":2127,"date":"2019-02-25T08:04:18","date_gmt":"2019-02-25T08:04:18","guid":{"rendered":"http:\/\/vietbee.vn\/?post_type=product&#038;p=2127"},"modified":"2022-12-16T07:31:04","modified_gmt":"2022-12-16T07:31:04","slug":"cap-mini-display-port-to-vga-unitek-y-6327","status":"publish","type":"product","link":"https:\/\/vietbee.com\/en\/product\/cap-mini-display-port-to-vga-unitek-y-6327\/","title":{"rendered":"C\u00e1p Mini Display port to VGA Unitek Y-6327"},"content":{"rendered":"<p class=\"qtranxs-available-languages-message qtranxs-available-languages-message-en\">Sorry, this entry is only available in <a href=\"https:\/\/vietbee.com\/vi\/wp-json\/wp\/v2\/product\/2127\" class=\"qtranxs-available-language-link qtranxs-available-language-link-vi\" title=\"Ti\u1ebfng Vi\u1ec7t\">Ti\u1ebfng Vi\u1ec7t<\/a>. For the sake of viewer convenience, the content is shown below in the alternative language. You may click the link to switch the active language.<\/p><strong>Th\u00f4ng tin s\u1ea3n ph\u1ea9m C\u00e1p Mini Display port to VGA Unitek Y-6327<\/strong><\/p>\n<p>H\u00e3ng s\u1ea3n xu\u1ea5t: Unitek<\/p>\n<p>M\u00e3 s\u1ea3n ph\u1ea9m: Y-6327<\/p>\n<p><strong><em>C\u00e1p Mini Display port to VGA Unitek Y-6327 <\/em><\/strong>s\u1eed d\u1ee5ng cho m\u00e1y Apple Macbook pro, macbook air, Dell XPS 14, 15<\/p>\n<p>H\u1ec7 \u0111i\u1ec1u h\u00e0nh: H\u1ed7 tr\u1ee3 tr\u00ean m\u1ecdi h\u1ec7 \u0111i\u1ec1u h\u00e0nh Windows 7,8,10, IOS, Linux<\/p>\n<p>C\u1eafm l\u00e0 ch\u1ea1y ngay kh\u00f4ng c\u1ea7n c\u00e0i \u0111\u1eb7t ph\u1ea7n m\u1ec1m hay tr\u00ecnh \u0111i\u1ec1u khi\u1ec3n<\/p>\n<p>K\u1ebft n\u1ed1i m\u1ed9t ti\u00eau chu\u1ea9n t\u01b0\u01a1ng t\u1ef1 m\u00e0n h\u00ecnh, m\u00e1y chi\u1ebfu, ho\u1eb7c m\u00e0n h\u00ecnh LCD c\u00f3 s\u1eed d\u1ee5ng m\u1ed9t k\u1ebft n\u1ed1i VGA ho\u1eb7c c\u00e1p \u0111\u1ebfn m\u1ed9t m\u00e1y Mac v\u1edbi m\u1ed9t Mini displayport.<\/p>\n<p><strong><em>C\u00e1p Mini Display port to VGA Unitek Y-6327 ch\u00ednh h\u00e3ng<\/em><\/strong> h\u1ed7 tr\u1ee3 \u0111\u1ed9 ph\u00e2n gi\u1ea3i l\u00ean \u0111\u1ebfn 1080p, 1920 x 1200<\/p>\n<p>C\u1ed5ng k\u1ebft n\u1ed1i: Mini displayport d\u01b0\u01a1ng sang VGA \u00e2m<\/p>\n<p>Chi\u1ec1u d\u00e0i c\u00e1p: 20cm","protected":false},"excerpt":{"rendered":"<p><span style=\"display: inline !important; float: none; background-color: transparent; color: #333333; cursor: text; font-family: Arial,'Times New Roman','Bitstream Charter',Times,serif; font-size: 14.4px; font-style: normal; font-variant: normal; font-weight: 400; letter-spacing: normal; orphans: 2; text-align: left; text-decoration: none; text-indent: 0px; text-transform: none; -webkit-text-stroke-width: 0px; white-space: normal; word-spacing: 0px;\">Ch\u01b0a VAT<\/span><\/p>\n","protected":false},"featured_media":2128,"template":"","meta":[],"product_brand":[],"product_cat":[1831],"product_tag":[469],"pa_bo-nho-trong":[],"pa_bo-vi-xu-ly":[],"pa_do-dai":[],"pa_do-phan-giai":[],"pa_hang-san-xuat":[],"pa_kich-thuoc-man-hinh":[],"pa_micro-thu-am":[],"pa_nha-thong-minh-rang-dong":[],"pa_o-cung":[],"pa_ong-kinh":[],"pa_poe":[],"pa_ports":[],"pa_tam-quan-sat":[],"pa_theo-chuan":[],"class_list":{"0":"post-2127","1":"product","2":"type-product","3":"status-publish","4":"has-post-thumbnail","6":"product_cat-cap-chuyen-doi-tin-hieu","7":"product_tag-cap-mini-display-port-to-vga-unitek-y-6327","9":"first","10":"instock","11":"shipping-taxable","12":"purchasable","13":"product-type-simple"},"_links":{"self":[{"href":"https:\/\/vietbee.com\/en\/wp-json\/wp\/v2\/product\/2127","targetHints":{"allow":["GET"]}}],"collection":[{"href":"https:\/\/vietbee.com\/en\/wp-json\/wp\/v2\/product"}],"about":[{"href":"https:\/\/vietbee.com\/en\/wp-json\/wp\/v2\/types\/product"}],"wp:featuredmedia":[{"embeddable":true,"href":"https:\/\/vietbee.com\/en\/wp-json\/wp\/v2\/media\/2128"}],"wp:attachment":[{"href":"https:\/\/vietbee.com\/en\/wp-json\/wp\/v2\/media?parent=2127"}],"wp:term":[{"taxonomy":"product_brand","embeddable":true,"href":"https:\/\/vietbee.com\/en\/wp-json\/wp\/v2\/product_brand?post=2127"},{"taxonomy":"product_cat","embeddable":true,"href":"https:\/\/vietbee.com\/en\/wp-json\/wp\/v2\/product_cat?post=2127"},{"taxonomy":"product_tag","embeddable":true,"href":"https:\/\/vietbee.com\/en\/wp-json\/wp\/v2\/product_tag?post=2127"},{"taxonomy":"pa_bo-nho-trong","embeddable":true,"href":"https:\/\/vietbee.com\/en\/wp-json\/wp\/v2\/pa_bo-nho-trong?post=2127"},{"taxonomy":"pa_bo-vi-xu-ly","embeddable":true,"href":"https:\/\/vietbee.com\/en\/wp-json\/wp\/v2\/pa_bo-vi-xu-ly?post=2127"},{"taxonomy":"pa_do-dai","embeddable":true,"href":"https:\/\/vietbee.com\/en\/wp-json\/wp\/v2\/pa_do-dai?post=2127"},{"taxonomy":"pa_do-phan-giai","embeddable":true,"href":"https:\/\/vietbee.com\/en\/wp-json\/wp\/v2\/pa_do-phan-giai?post=2127"},{"taxonomy":"pa_hang-san-xuat","embeddable":true,"href":"https:\/\/vietbee.com\/en\/wp-json\/wp\/v2\/pa_hang-san-xuat?post=2127"},{"taxonomy":"pa_kich-thuoc-man-hinh","embeddable":true,"href":"https:\/\/vietbee.com\/en\/wp-json\/wp\/v2\/pa_kich-thuoc-man-hinh?post=2127"},{"taxonomy":"pa_micro-thu-am","embeddable":true,"href":"https:\/\/vietbee.com\/en\/wp-json\/wp\/v2\/pa_micro-thu-am?post=2127"},{"taxonomy":"pa_nha-thong-minh-rang-dong","embeddable":true,"href":"https:\/\/vietbee.com\/en\/wp-json\/wp\/v2\/pa_nha-thong-minh-rang-dong?post=2127"},{"taxonomy":"pa_o-cung","embeddable":true,"href":"https:\/\/vietbee.com\/en\/wp-json\/wp\/v2\/pa_o-cung?post=2127"},{"taxonomy":"pa_ong-kinh","embeddable":true,"href":"https:\/\/vietbee.com\/en\/wp-json\/wp\/v2\/pa_ong-kinh?post=2127"},{"taxonomy":"pa_poe","embeddable":true,"href":"https:\/\/vietbee.com\/en\/wp-json\/wp\/v2\/pa_poe?post=2127"},{"taxonomy":"pa_ports","embeddable":true,"href":"https:\/\/vietbee.com\/en\/wp-json\/wp\/v2\/pa_ports?post=2127"},{"taxonomy":"pa_tam-quan-sat","embeddable":true,"href":"https:\/\/vietbee.com\/en\/wp-json\/wp\/v2\/pa_tam-quan-sat?post=2127"},{"taxonomy":"pa_theo-chuan","embeddable":true,"href":"https:\/\/vietbee.com\/en\/wp-json\/wp\/v2\/pa_theo-chuan?post=2127"}],"curies":[{"name":"wp","href":"https:\/\/api.w.org\/{rel}","templated":true}]}}