{"id":2125,"date":"2019-02-25T07:52:12","date_gmt":"2019-02-25T07:52:12","guid":{"rendered":"http:\/\/vietbee.vn\/?post_type=product&#038;p=2125"},"modified":"2022-12-16T07:31:13","modified_gmt":"2022-12-16T07:31:13","slug":"cap-chuyen-doi-mini-display-port-to-hdmi-unitek-y-6325wh","status":"publish","type":"product","link":"https:\/\/vietbee.com\/en\/product\/cap-chuyen-doi-mini-display-port-to-hdmi-unitek-y-6325wh\/","title":{"rendered":"C\u00e1p chuy\u1ec3n \u0111\u1ed5i Mini Display Port to HDMI Unitek Y-6325WH"},"content":{"rendered":"<p class=\"qtranxs-available-languages-message qtranxs-available-languages-message-en\">Sorry, this entry is only available in <a href=\"https:\/\/vietbee.com\/vi\/wp-json\/wp\/v2\/product\/2125\" class=\"qtranxs-available-language-link qtranxs-available-language-link-vi\" title=\"Ti\u1ebfng Vi\u1ec7t\">Ti\u1ebfng Vi\u1ec7t<\/a>. For the sake of viewer convenience, the content is shown below in the alternative language. You may click the link to switch the active language.<\/p><strong>Th\u00f4ng tin s\u1ea3n ph\u1ea9m C\u00e1p chuy\u1ec3n \u0111\u1ed5i Mini Display Port to HDMI Unitek Y-6325WH<\/strong><\/p>\n<p><strong><em>C\u00e1p chuy\u1ec3n \u0111\u1ed5i Mini Display Port to HDMI Unitek Y-6325WH<\/em><\/strong> \u0111\u01b0\u1ee3c s\u1eed d\u1ee5ng \u0111\u1ec3 chuy\u1ec3n \u0111\u1ed5i t\u00edn hi\u1ec7u t\u1eeb c\u1ed5ng Mini displayport sang c\u1ed5ng k\u1ebft n\u1ed1i HDMI<\/p>\n<p>C\u00e1p chuy\u1ec3n \u0111\u1ed5i h\u1ed7 tr\u1ee3 HDMI cao nh\u1ea5t video \u0111\u1ed9 ph\u00e2n gi\u1ea3i 1080p, 3D&#8230;<\/p>\n<p>H\u1ed7 tr\u1ee3 \u00e2m thanh n\u00e9n ch\u1eb3ng h\u1ea1n nh\u01b0 k\u1ef9 thu\u1eadt s\u1ed1 DTS, Dolby k\u1ef9 thu\u1eadt s\u1ed1 (bao g\u1ed3m DTS-HD v\u00e0 Dolby True HD)<\/p>\n<p><strong><em>C\u00e1p chuy\u1ec3n \u0111\u1ed5i Mini Display Port to HDMI Unitek Y-6325WH ch\u00ednh h\u00e3ng<\/em><\/strong> h\u1ed7 tr\u1ee3 HDMI 12 bit cho m\u1ed7i k\u00eanh (36 bit t\u1ea5t c\u1ea3 c\u00e1c k\u00eanh) c\u00f3 chi\u1ec1u s\u00e2u m\u00e0u<\/p>\n<p>H\u1ed7 tr\u1ee3 \u00e2m thanh kh\u00f4ng n\u00e9n nh\u01b0 LPCM<\/p>\n<p>H\u1ed7 tr\u1ee3 HDMI 225 mhz \/ 2,25 Gbps b\u0103ng th\u00f4ng cho m\u1ed7i k\u00eanh (6.75Gbps t\u1ea5t c\u1ea3 c\u00e1c k\u00eanh)<\/p>\n<p>H\u1ed7 tr\u1ee3 Win 7\/8 , Xp, Vista \/ ios \u2026<\/p>\n<p>Thi\u1ebft b\u1ecb chuy\u1ec3n \u0111\u1ed5i th\u00edch h\u1ee3p cho macbook, macbook Pro, macbook Air v\u00e0 imac v\u1edbi Mini displayport. Ngo\u00e0i ra c\u00e1c m\u00e1y t\u00ednh Mac Mini displayport.<\/p>\n<p>B\u1ea3o h\u00e0nh s\u1ea3n ph\u1ea9m 6 th\u00e1ng","protected":false},"excerpt":{"rendered":"<p><span style=\"display: inline !important; float: none; background-color: transparent; color: #333333; cursor: text; font-family: Arial,'Times New Roman','Bitstream Charter',Times,serif; font-size: 14.4px; font-style: normal; font-variant: normal; font-weight: 400; letter-spacing: normal; orphans: 2; text-align: left; text-decoration: none; text-indent: 0px; text-transform: none; -webkit-text-stroke-width: 0px; white-space: normal; word-spacing: 0px;\">Ch\u01b0a VAT<\/span><\/p>\n","protected":false},"featured_media":2126,"template":"","meta":[],"product_brand":[],"product_cat":[1831],"product_tag":[468],"pa_bo-nho-trong":[],"pa_bo-vi-xu-ly":[],"pa_do-dai":[],"pa_do-phan-giai":[],"pa_hang-san-xuat":[],"pa_kich-thuoc-man-hinh":[],"pa_micro-thu-am":[],"pa_nha-thong-minh-rang-dong":[],"pa_o-cung":[],"pa_ong-kinh":[],"pa_poe":[],"pa_ports":[],"pa_tam-quan-sat":[],"pa_theo-chuan":[],"class_list":{"0":"post-2125","1":"product","2":"type-product","3":"status-publish","4":"has-post-thumbnail","6":"product_cat-cap-chuyen-doi-tin-hieu","7":"product_tag-cap-chuyen-doi-mini-display-port-to-hdmi-unitek-y-6325wh","9":"first","10":"instock","11":"shipping-taxable","12":"purchasable","13":"product-type-simple"},"_links":{"self":[{"href":"https:\/\/vietbee.com\/en\/wp-json\/wp\/v2\/product\/2125","targetHints":{"allow":["GET"]}}],"collection":[{"href":"https:\/\/vietbee.com\/en\/wp-json\/wp\/v2\/product"}],"about":[{"href":"https:\/\/vietbee.com\/en\/wp-json\/wp\/v2\/types\/product"}],"wp:featuredmedia":[{"embeddable":true,"href":"https:\/\/vietbee.com\/en\/wp-json\/wp\/v2\/media\/2126"}],"wp:attachment":[{"href":"https:\/\/vietbee.com\/en\/wp-json\/wp\/v2\/media?parent=2125"}],"wp:term":[{"taxonomy":"product_brand","embeddable":true,"href":"https:\/\/vietbee.com\/en\/wp-json\/wp\/v2\/product_brand?post=2125"},{"taxonomy":"product_cat","embeddable":true,"href":"https:\/\/vietbee.com\/en\/wp-json\/wp\/v2\/product_cat?post=2125"},{"taxonomy":"product_tag","embeddable":true,"href":"https:\/\/vietbee.com\/en\/wp-json\/wp\/v2\/product_tag?post=2125"},{"taxonomy":"pa_bo-nho-trong","embeddable":true,"href":"https:\/\/vietbee.com\/en\/wp-json\/wp\/v2\/pa_bo-nho-trong?post=2125"},{"taxonomy":"pa_bo-vi-xu-ly","embeddable":true,"href":"https:\/\/vietbee.com\/en\/wp-json\/wp\/v2\/pa_bo-vi-xu-ly?post=2125"},{"taxonomy":"pa_do-dai","embeddable":true,"href":"https:\/\/vietbee.com\/en\/wp-json\/wp\/v2\/pa_do-dai?post=2125"},{"taxonomy":"pa_do-phan-giai","embeddable":true,"href":"https:\/\/vietbee.com\/en\/wp-json\/wp\/v2\/pa_do-phan-giai?post=2125"},{"taxonomy":"pa_hang-san-xuat","embeddable":true,"href":"https:\/\/vietbee.com\/en\/wp-json\/wp\/v2\/pa_hang-san-xuat?post=2125"},{"taxonomy":"pa_kich-thuoc-man-hinh","embeddable":true,"href":"https:\/\/vietbee.com\/en\/wp-json\/wp\/v2\/pa_kich-thuoc-man-hinh?post=2125"},{"taxonomy":"pa_micro-thu-am","embeddable":true,"href":"https:\/\/vietbee.com\/en\/wp-json\/wp\/v2\/pa_micro-thu-am?post=2125"},{"taxonomy":"pa_nha-thong-minh-rang-dong","embeddable":true,"href":"https:\/\/vietbee.com\/en\/wp-json\/wp\/v2\/pa_nha-thong-minh-rang-dong?post=2125"},{"taxonomy":"pa_o-cung","embeddable":true,"href":"https:\/\/vietbee.com\/en\/wp-json\/wp\/v2\/pa_o-cung?post=2125"},{"taxonomy":"pa_ong-kinh","embeddable":true,"href":"https:\/\/vietbee.com\/en\/wp-json\/wp\/v2\/pa_ong-kinh?post=2125"},{"taxonomy":"pa_poe","embeddable":true,"href":"https:\/\/vietbee.com\/en\/wp-json\/wp\/v2\/pa_poe?post=2125"},{"taxonomy":"pa_ports","embeddable":true,"href":"https:\/\/vietbee.com\/en\/wp-json\/wp\/v2\/pa_ports?post=2125"},{"taxonomy":"pa_tam-quan-sat","embeddable":true,"href":"https:\/\/vietbee.com\/en\/wp-json\/wp\/v2\/pa_tam-quan-sat?post=2125"},{"taxonomy":"pa_theo-chuan","embeddable":true,"href":"https:\/\/vietbee.com\/en\/wp-json\/wp\/v2\/pa_theo-chuan?post=2125"}],"curies":[{"name":"wp","href":"https:\/\/api.w.org\/{rel}","templated":true}]}}