{"id":2123,"date":"2019-02-25T07:45:17","date_gmt":"2019-02-25T07:45:17","guid":{"rendered":"http:\/\/vietbee.vn\/?post_type=product&#038;p=2123"},"modified":"2022-12-16T07:31:23","modified_gmt":"2022-12-16T07:31:23","slug":"cap-chuyen-doi-display-port-to-hdmi-unitek-y-5118da-dai-20cm","status":"publish","type":"product","link":"https:\/\/vietbee.com\/en\/product\/cap-chuyen-doi-display-port-to-hdmi-unitek-y-5118da-dai-20cm\/","title":{"rendered":"C\u00e1p chuy\u1ec3n \u0111\u1ed5i Display port to HDMI Unitek Y-5118DA d\u00e0i 20cm"},"content":{"rendered":"<p class=\"qtranxs-available-languages-message qtranxs-available-languages-message-en\">Sorry, this entry is only available in <a href=\"https:\/\/vietbee.com\/vi\/wp-json\/wp\/v2\/product\/2123\" class=\"qtranxs-available-language-link qtranxs-available-language-link-vi\" title=\"Ti\u1ebfng Vi\u1ec7t\">Ti\u1ebfng Vi\u1ec7t<\/a>. For the sake of viewer convenience, the content is shown below in the alternative language. You may click the link to switch the active language.<\/p><strong>\u0110\u1eb7c \u0111i\u1ec3m c\u1ee7a C\u00e1p chuy\u1ec3n \u0111\u1ed5i Display port to HDMI Unitek Y-5118DA d\u00e0i 20cm<\/strong><\/p>\n<p>H\u00e3ng s\u1ea3n xu\u1ea5t: Unitek<\/p>\n<p>M\u00e3 s\u1ea3n ph\u1ea9m: Y-5118DA<\/p>\n<p><strong><em>C\u00e1p chuy\u1ec3n \u0111\u1ed5i Display port to HDMI Unitek Y-5118DA d\u00e0i 20cm<\/em><\/strong> d\u00f9ng chuy\u1ec3n \u0111\u1ed5i t\u00edn hi\u1ec7u t\u1eeb m\u00e1y t\u00ednh b\u00e0n, server&#8230;ra m\u00e0n h\u00ecnh m\u00e1y t\u00ednh hay Tivi.<\/p>\n<p>\u0110\u1ea7u v\u00e0o displayport<\/p>\n<p>\u0110\u1ea7u ra chu\u1ea9n HDMI<\/p>\n<p>\u0110\u1ed9 ph\u00e2n gi\u1ea3i l\u00ean t\u1edbi 1920&#215;1080, ph\u00f9 h\u1ee3p cho b\u1ea1n l\u00e0m \u0111\u1ed3 h\u1ecda, render video, ch\u01a1i game, xem phim\u2026<\/p>\n<p>H\u1ed7 tr\u1ee3 HDMI 225mhz\/2.25Gbps per channel (6.75Gbps all channel) bandwidth.<\/p>\n<p>H\u1ed7 tr\u1ee3 HDMI highest video resolution 1080p (1920x1080p@60hz, 1280&#215;720@60hz)<\/p>\n<p><strong><em>C\u00e1p chuy\u1ec3n \u0111\u1ed5i Display port to HDMI Unitek Y-5118DA d\u00e0i 20cm ch\u00ednh h\u00e3ng <\/em><\/strong>h\u1ed7 tr\u1ee3 HDMI 12bit per channel (36bit all channel) deep color.<\/p>\n<p>C\u1eafm l\u00e0 ch\u1ea1y ngay, kh\u00f4ng c\u1ea7n c\u00e0i \u0111\u1eb7t ph\u1ea7n m\u1ec1m<\/p>\n<p>Chi\u1ec1u d\u00e0i c\u00e1p: 20 cm<\/p>\n<p>B\u1ea3o h\u00e0nh 6 th\u00e1ng","protected":false},"excerpt":{"rendered":"<p><span style=\"display: inline !important; float: none; background-color: transparent; color: #333333; cursor: text; font-family: Arial,'Times New Roman','Bitstream Charter',Times,serif; font-size: 14.4px; font-style: normal; font-variant: normal; font-weight: 400; letter-spacing: normal; orphans: 2; text-align: left; text-decoration: none; text-indent: 0px; text-transform: none; -webkit-text-stroke-width: 0px; white-space: normal; word-spacing: 0px;\">Ch\u01b0a VAT\u00a0<\/span><\/p>\n","protected":false},"featured_media":2124,"template":"","meta":[],"product_brand":[],"product_cat":[1831],"product_tag":[467],"pa_bo-nho-trong":[],"pa_bo-vi-xu-ly":[],"pa_do-dai":[],"pa_do-phan-giai":[],"pa_hang-san-xuat":[],"pa_kich-thuoc-man-hinh":[],"pa_micro-thu-am":[],"pa_nha-thong-minh-rang-dong":[],"pa_o-cung":[],"pa_ong-kinh":[],"pa_poe":[],"pa_ports":[],"pa_tam-quan-sat":[],"pa_theo-chuan":[],"class_list":{"0":"post-2123","1":"product","2":"type-product","3":"status-publish","4":"has-post-thumbnail","6":"product_cat-cap-chuyen-doi-tin-hieu","7":"product_tag-cap-chuyen-doi-display-port-to-hdmi-unitek-y-5118da-dai-20cm","9":"first","10":"instock","11":"shipping-taxable","12":"purchasable","13":"product-type-simple"},"_links":{"self":[{"href":"https:\/\/vietbee.com\/en\/wp-json\/wp\/v2\/product\/2123","targetHints":{"allow":["GET"]}}],"collection":[{"href":"https:\/\/vietbee.com\/en\/wp-json\/wp\/v2\/product"}],"about":[{"href":"https:\/\/vietbee.com\/en\/wp-json\/wp\/v2\/types\/product"}],"wp:featuredmedia":[{"embeddable":true,"href":"https:\/\/vietbee.com\/en\/wp-json\/wp\/v2\/media\/2124"}],"wp:attachment":[{"href":"https:\/\/vietbee.com\/en\/wp-json\/wp\/v2\/media?parent=2123"}],"wp:term":[{"taxonomy":"product_brand","embeddable":true,"href":"https:\/\/vietbee.com\/en\/wp-json\/wp\/v2\/product_brand?post=2123"},{"taxonomy":"product_cat","embeddable":true,"href":"https:\/\/vietbee.com\/en\/wp-json\/wp\/v2\/product_cat?post=2123"},{"taxonomy":"product_tag","embeddable":true,"href":"https:\/\/vietbee.com\/en\/wp-json\/wp\/v2\/product_tag?post=2123"},{"taxonomy":"pa_bo-nho-trong","embeddable":true,"href":"https:\/\/vietbee.com\/en\/wp-json\/wp\/v2\/pa_bo-nho-trong?post=2123"},{"taxonomy":"pa_bo-vi-xu-ly","embeddable":true,"href":"https:\/\/vietbee.com\/en\/wp-json\/wp\/v2\/pa_bo-vi-xu-ly?post=2123"},{"taxonomy":"pa_do-dai","embeddable":true,"href":"https:\/\/vietbee.com\/en\/wp-json\/wp\/v2\/pa_do-dai?post=2123"},{"taxonomy":"pa_do-phan-giai","embeddable":true,"href":"https:\/\/vietbee.com\/en\/wp-json\/wp\/v2\/pa_do-phan-giai?post=2123"},{"taxonomy":"pa_hang-san-xuat","embeddable":true,"href":"https:\/\/vietbee.com\/en\/wp-json\/wp\/v2\/pa_hang-san-xuat?post=2123"},{"taxonomy":"pa_kich-thuoc-man-hinh","embeddable":true,"href":"https:\/\/vietbee.com\/en\/wp-json\/wp\/v2\/pa_kich-thuoc-man-hinh?post=2123"},{"taxonomy":"pa_micro-thu-am","embeddable":true,"href":"https:\/\/vietbee.com\/en\/wp-json\/wp\/v2\/pa_micro-thu-am?post=2123"},{"taxonomy":"pa_nha-thong-minh-rang-dong","embeddable":true,"href":"https:\/\/vietbee.com\/en\/wp-json\/wp\/v2\/pa_nha-thong-minh-rang-dong?post=2123"},{"taxonomy":"pa_o-cung","embeddable":true,"href":"https:\/\/vietbee.com\/en\/wp-json\/wp\/v2\/pa_o-cung?post=2123"},{"taxonomy":"pa_ong-kinh","embeddable":true,"href":"https:\/\/vietbee.com\/en\/wp-json\/wp\/v2\/pa_ong-kinh?post=2123"},{"taxonomy":"pa_poe","embeddable":true,"href":"https:\/\/vietbee.com\/en\/wp-json\/wp\/v2\/pa_poe?post=2123"},{"taxonomy":"pa_ports","embeddable":true,"href":"https:\/\/vietbee.com\/en\/wp-json\/wp\/v2\/pa_ports?post=2123"},{"taxonomy":"pa_tam-quan-sat","embeddable":true,"href":"https:\/\/vietbee.com\/en\/wp-json\/wp\/v2\/pa_tam-quan-sat?post=2123"},{"taxonomy":"pa_theo-chuan","embeddable":true,"href":"https:\/\/vietbee.com\/en\/wp-json\/wp\/v2\/pa_theo-chuan?post=2123"}],"curies":[{"name":"wp","href":"https:\/\/api.w.org\/{rel}","templated":true}]}}