{"id":2121,"date":"2019-02-25T07:38:09","date_gmt":"2019-02-25T07:38:09","guid":{"rendered":"http:\/\/vietbee.vn\/?post_type=product&#038;p=2121"},"modified":"2022-12-16T07:31:31","modified_gmt":"2022-12-16T07:31:31","slug":"cong-chuyen-doi-usb-c-to-vga-ugreen-50511-chinh-hang","status":"publish","type":"product","link":"https:\/\/vietbee.com\/en\/product\/cong-chuyen-doi-usb-c-to-vga-ugreen-50511-chinh-hang\/","title":{"rendered":"C\u1ed5ng chuy\u1ec3n \u0111\u1ed5i USB-C to VGA Ugreen 50511 ch\u00ednh h\u00e3ng"},"content":{"rendered":"<p class=\"qtranxs-available-languages-message qtranxs-available-languages-message-en\">Sorry, this entry is only available in <a href=\"https:\/\/vietbee.com\/vi\/wp-json\/wp\/v2\/product\/2121\" class=\"qtranxs-available-language-link qtranxs-available-language-link-vi\" title=\"Ti\u1ebfng Vi\u1ec7t\">Ti\u1ebfng Vi\u1ec7t<\/a>. For the sake of viewer convenience, the content is shown below in the alternative language. You may click the link to switch the active language.<\/p>- <strong><em>C\u00e1p USB Type c to VGA ugreen 50511\u00a0<\/em><\/strong> \u0111\u01b0\u1ee3c thi\u1ebft k\u1ebf \u0111\u1ec3 k\u1ebft n\u1ed1i c\u00e1c m\u00e1y t\u00ednh ph\u00e1t h\u00e0nh m\u1edbi nh\u01b0 2015 MacBook, Google Chromebook Pixel hay ASUS Zen AiO PC v\u1edbi m\u1ed9t HDTV hi\u1ec7n c\u00f3, m\u00e0n h\u00ecnh hi\u1ec3n th\u1ecb, ho\u1eb7c m\u00e1y chi\u1ebfu v\u1edbi giao di\u1ec7n VGA \u0111\u1ed9 ph\u00e2n gi\u1ea3i l\u00ean \u0111\u1ebfn 1080p.<\/p>\n<p>&#8211; <strong>C\u00e1p chuy\u1ec3n\u00a0USB Type c to VGA ugreen<\/strong> ,d\u00e0nh cho xu\u1ea5t ra m\u00e0n h\u00ecnh s\u1eed d\u1ee5ng n\u1ed9i dung \u0111\u01b0\u1ee3c t\u1ea1o ra nh\u01b0 c\u00e1c b\u00e0i thuy\u1ebft tr\u00ecnh, v\u00e0 c\u00e1c t\u00e0i li\u1ec7u l\u00e0m vi\u1ec7c, n\u00f3 c\u0169ng c\u00f3 th\u1ec3 l\u00e0m vi\u1ec7c \u0111\u1ec3 t\u0103ng n\u0103ng su\u1ea5t c\u1ee7a b\u1ea1n b\u1eb1ng c\u00e1ch m\u1edf r\u1ed9ng m\u00e0n h\u00ecnh m\u00e1y t\u00ednh c\u1ee7a b\u1ea1n l\u00ean \u0111\u1ebfn m\u1ed9t m\u00e0n h\u00ecnh ph\u1ee5, t\u0103ng g\u1ea5p \u0111\u00f4i kh\u00f4ng gian l\u00e0m vi\u1ec7c.<\/p>\n<h2>Th\u00f4ng s\u1ed1 k\u1ef9 thu\u1eadt c\u00e1p\u00a0USB-C to VGA Ugreen 50511<\/h2>\n<p>H\u00e3ng s\u1ea3n xu\u1ea5t : Ugreen<\/p>\n<p>&#8211; Model: 50511<\/p>\n<p>&#8211; Chi\u1ec1u d\u00e0i: 15cm<\/p>\n<p>&#8211; \u0110\u1ea7u v\u00e0o: USB Type C<\/p>\n<p>&#8211; \u0110\u1ea7u ra : VGA<\/p>\n<p>&#8211; H\u1ed7 tr\u1ee3 \u0111\u1ea7u ra video: 1920 * 1080P \/ 60HZ<\/p>\n<p>&#8211; H\u1ec7 \u0111i\u1ec1u h\u00e0nh t\u01b0\u01a1ng th\u00edch: Mac OS, Linux Windows XP \/ Vista \/ 7\/8\/10 v\u00e0 l\u00ean<\/p>\n<p>&#8211; S\u1ea3n ph\u1ea9m kh\u00f4ng c\u1ea7n c\u1ea5p ngu\u1ed3n , kh\u00f4ng c\u1ea7n c\u00e0i \u0111\u1eb7t , ch\u1ec9 c\u1eafm l\u00e0 ho\u1ea1t \u0111\u1ed9ng \u0111\u01b0\u1ee3c ngay.","protected":false},"excerpt":{"rendered":"<p><span style=\"display: inline !important; float: none; background-color: transparent; color: #333333; cursor: text; font-family: Arial,'Times New Roman','Bitstream Charter',Times,serif; font-size: 14.4px; font-style: normal; font-variant: normal; font-weight: 400; letter-spacing: normal; orphans: 2; text-align: left; text-decoration: none; text-indent: 0px; text-transform: none; -webkit-text-stroke-width: 0px; white-space: normal; word-spacing: 0px;\">Ch\u01b0a VAT<\/span><\/p>\n","protected":false},"featured_media":2122,"template":"","meta":[],"product_brand":[],"product_cat":[1831],"product_tag":[466],"pa_bo-nho-trong":[],"pa_bo-vi-xu-ly":[],"pa_do-dai":[],"pa_do-phan-giai":[],"pa_hang-san-xuat":[],"pa_kich-thuoc-man-hinh":[],"pa_micro-thu-am":[],"pa_nha-thong-minh-rang-dong":[],"pa_o-cung":[],"pa_ong-kinh":[],"pa_poe":[],"pa_ports":[],"pa_tam-quan-sat":[],"pa_theo-chuan":[],"class_list":{"0":"post-2121","1":"product","2":"type-product","3":"status-publish","4":"has-post-thumbnail","6":"product_cat-cap-chuyen-doi-tin-hieu","7":"product_tag-cong-chuyen-doi-usb-c-to-vga-ugreen-50511-chinh-hang","9":"first","10":"instock","11":"shipping-taxable","12":"purchasable","13":"product-type-simple"},"_links":{"self":[{"href":"https:\/\/vietbee.com\/en\/wp-json\/wp\/v2\/product\/2121","targetHints":{"allow":["GET"]}}],"collection":[{"href":"https:\/\/vietbee.com\/en\/wp-json\/wp\/v2\/product"}],"about":[{"href":"https:\/\/vietbee.com\/en\/wp-json\/wp\/v2\/types\/product"}],"wp:featuredmedia":[{"embeddable":true,"href":"https:\/\/vietbee.com\/en\/wp-json\/wp\/v2\/media\/2122"}],"wp:attachment":[{"href":"https:\/\/vietbee.com\/en\/wp-json\/wp\/v2\/media?parent=2121"}],"wp:term":[{"taxonomy":"product_brand","embeddable":true,"href":"https:\/\/vietbee.com\/en\/wp-json\/wp\/v2\/product_brand?post=2121"},{"taxonomy":"product_cat","embeddable":true,"href":"https:\/\/vietbee.com\/en\/wp-json\/wp\/v2\/product_cat?post=2121"},{"taxonomy":"product_tag","embeddable":true,"href":"https:\/\/vietbee.com\/en\/wp-json\/wp\/v2\/product_tag?post=2121"},{"taxonomy":"pa_bo-nho-trong","embeddable":true,"href":"https:\/\/vietbee.com\/en\/wp-json\/wp\/v2\/pa_bo-nho-trong?post=2121"},{"taxonomy":"pa_bo-vi-xu-ly","embeddable":true,"href":"https:\/\/vietbee.com\/en\/wp-json\/wp\/v2\/pa_bo-vi-xu-ly?post=2121"},{"taxonomy":"pa_do-dai","embeddable":true,"href":"https:\/\/vietbee.com\/en\/wp-json\/wp\/v2\/pa_do-dai?post=2121"},{"taxonomy":"pa_do-phan-giai","embeddable":true,"href":"https:\/\/vietbee.com\/en\/wp-json\/wp\/v2\/pa_do-phan-giai?post=2121"},{"taxonomy":"pa_hang-san-xuat","embeddable":true,"href":"https:\/\/vietbee.com\/en\/wp-json\/wp\/v2\/pa_hang-san-xuat?post=2121"},{"taxonomy":"pa_kich-thuoc-man-hinh","embeddable":true,"href":"https:\/\/vietbee.com\/en\/wp-json\/wp\/v2\/pa_kich-thuoc-man-hinh?post=2121"},{"taxonomy":"pa_micro-thu-am","embeddable":true,"href":"https:\/\/vietbee.com\/en\/wp-json\/wp\/v2\/pa_micro-thu-am?post=2121"},{"taxonomy":"pa_nha-thong-minh-rang-dong","embeddable":true,"href":"https:\/\/vietbee.com\/en\/wp-json\/wp\/v2\/pa_nha-thong-minh-rang-dong?post=2121"},{"taxonomy":"pa_o-cung","embeddable":true,"href":"https:\/\/vietbee.com\/en\/wp-json\/wp\/v2\/pa_o-cung?post=2121"},{"taxonomy":"pa_ong-kinh","embeddable":true,"href":"https:\/\/vietbee.com\/en\/wp-json\/wp\/v2\/pa_ong-kinh?post=2121"},{"taxonomy":"pa_poe","embeddable":true,"href":"https:\/\/vietbee.com\/en\/wp-json\/wp\/v2\/pa_poe?post=2121"},{"taxonomy":"pa_ports","embeddable":true,"href":"https:\/\/vietbee.com\/en\/wp-json\/wp\/v2\/pa_ports?post=2121"},{"taxonomy":"pa_tam-quan-sat","embeddable":true,"href":"https:\/\/vietbee.com\/en\/wp-json\/wp\/v2\/pa_tam-quan-sat?post=2121"},{"taxonomy":"pa_theo-chuan","embeddable":true,"href":"https:\/\/vietbee.com\/en\/wp-json\/wp\/v2\/pa_theo-chuan?post=2121"}],"curies":[{"name":"wp","href":"https:\/\/api.w.org\/{rel}","templated":true}]}}