{"id":2119,"date":"2019-02-25T07:29:24","date_gmt":"2019-02-25T07:29:24","guid":{"rendered":"http:\/\/vietbee.vn\/?post_type=product&#038;p=2119"},"modified":"2022-12-16T07:31:38","modified_gmt":"2022-12-16T07:31:38","slug":"cap-chuyen-doi-usb-c-to-hdmi-vga-ugreen-30843-chinh-hang","status":"publish","type":"product","link":"https:\/\/vietbee.com\/en\/product\/cap-chuyen-doi-usb-c-to-hdmi-vga-ugreen-30843-chinh-hang\/","title":{"rendered":"C\u00e1p chuy\u1ec3n \u0111\u1ed5i USB-C to HDMI, VGA Ugreen 30843 ch\u00ednh h\u00e3ng"},"content":{"rendered":"<p class=\"qtranxs-available-languages-message qtranxs-available-languages-message-en\">Sorry, this entry is only available in <a href=\"https:\/\/vietbee.com\/vi\/wp-json\/wp\/v2\/product\/2119\" class=\"qtranxs-available-language-link qtranxs-available-language-link-vi\" title=\"Ti\u1ebfng Vi\u1ec7t\">Ti\u1ebfng Vi\u1ec7t<\/a>. For the sake of viewer convenience, the content is shown below in the alternative language. You may click the link to switch the active language.<\/p><h2><strong>Th\u00f4ng s\u1ed1 k\u1ef9 thu\u1eadt c\u00e1p USB-C to HDMI, VGA Ugreen 30843<\/strong><\/h2>\n<p><strong>\u00a0C\u00e1p chuy\u1ec3n \u0111\u1ed5i USB-C to HDMI\/VGA<\/strong> Ugreen 30843 h\u1ed7 tr\u1ee3 t\u1ed1c \u0111\u1ed9 truy\u1ec1n d\u1eef li\u1ec7u c\u1ef1c nhanh l\u00ean \u0111\u1ebfn 10,4Gbps , g\u1ea5p 2 l\u1ea7n USB 3.0<br \/>\nH\u1ed7 tr\u1ee3 xu\u1ea5t h\u00ecnh \u1ea3nh , video ra m\u00e0n h\u00ecnh c\u00f3 c\u1ed5ng HDMI ho\u1eb7c VGA t\u01b0\u01a1ng \u1ee9ng v\u1edbi h\u00ecnh \u1ea3nh s\u1eafc n\u00e9t , r\u00f5 r\u00e0ng<br \/>\nThi\u1ebft b\u1ecb chuy\u1ec3n \u0111\u1ed5i <strong>USB-C to HDMI+ VGA \u00a0Ugreen\u00a0 30843 <\/strong>\u0110\u1ed9 ph\u00e2n gi\u1ea3i c\u1ed5ng HDMI full HD 1080p, l\u00ean \u0111\u1ebfn 4096x2160p (4K) cho h\u00ecnh \u1ea3nh , video ch\u00e2n th\u1ef1c , r\u00f5 n\u00e9t<br \/>\n\u0110\u1ed9 ph\u00e2n gi\u1ea3i c\u1ed5ng VGA l\u00ean \u0111\u1ebfn 1920x1080PC\u00e1p USB Type C sang HDMI\/VGA ch\u00ednh h\u00e3ng Ugreen 30843 \u0111\u01b0\u1ee3c thi\u1ebft k\u1ebf \u0111\u1ec3 k\u1ebft n\u1ed1i t\u1eeb c\u1ed5ng USB-C c\u1ee7a MacBook v\u1edbi m\u1ed9t m\u00e0n h\u00ecnh ho\u1eb7c m\u00e1y chi\u1ebfu c\u00f3 c\u1ed5ng HDMI\/VGA \u0111\u1ed9 ph\u00e2n gi\u1ea3i l\u00ean \u0111\u1ebfn 4K (4096x2160P). C\u00e1p USB Type C sang HDMI\/VGA Ugreen 30843 t\u00edch h\u1ee3p hai k\u1ebft n\u1ed1i bao g\u1ed3m c\u1ed5ng HDMI v\u00e0 VGA gi\u00fap c\u00e1c b\u1ea1n c\u00f3 th\u1ec3 xu\u1ea5t h\u00ecnh \u1ea3nh ra 1 trong 2 c\u1ed5ng k\u1ebft n\u1ed1i v\u1edbi m\u00e0n h\u00ecnh t\u01b0\u01a1ng \u1ee9ng , c\u1ef1c k\u1ef3 thu\u1eadn ti\u1ec7n cho c\u00e1c b\u1ea1n khi mang theo ra ngo\u00e0i tham gia h\u1ed9i ngh\u1ecb v\u0103n ph\u00f2ng , xem phim t\u1ea1i ph\u00f2ng chi\u1ebfu phim gia \u0111\u00ecnh ho\u1eb7c t\u1ed5 ch\u1ee9c tr\u00ecnh chi\u1ebfu s\u1ef1 ki\u1ec7n\u2026","protected":false},"excerpt":{"rendered":"<p><span style=\"display: inline !important; float: none; background-color: transparent; color: #333333; cursor: text; font-family: Arial,'Times New Roman','Bitstream Charter',Times,serif; font-size: 14.4px; font-style: normal; font-variant: normal; font-weight: 400; letter-spacing: normal; orphans: 2; text-align: left; text-decoration: none; text-indent: 0px; text-transform: none; -webkit-text-stroke-width: 0px; white-space: normal; word-spacing: 0px;\">Ch\u01b0a VAT<\/span><\/p>\n","protected":false},"featured_media":2120,"template":"","meta":[],"product_brand":[],"product_cat":[1831],"product_tag":[464,465],"pa_bo-nho-trong":[],"pa_bo-vi-xu-ly":[],"pa_do-dai":[],"pa_do-phan-giai":[],"pa_hang-san-xuat":[],"pa_kich-thuoc-man-hinh":[],"pa_micro-thu-am":[],"pa_nha-thong-minh-rang-dong":[],"pa_o-cung":[],"pa_ong-kinh":[],"pa_poe":[],"pa_ports":[],"pa_tam-quan-sat":[],"pa_theo-chuan":[],"class_list":{"0":"post-2119","1":"product","2":"type-product","3":"status-publish","4":"has-post-thumbnail","6":"product_cat-cap-chuyen-doi-tin-hieu","7":"product_tag-cap-chuyen-doi-usb-c-to-hdmi","8":"product_tag-vga-ugreen-30843-chinh-hang","10":"first","11":"instock","12":"shipping-taxable","13":"purchasable","14":"product-type-simple"},"_links":{"self":[{"href":"https:\/\/vietbee.com\/en\/wp-json\/wp\/v2\/product\/2119","targetHints":{"allow":["GET"]}}],"collection":[{"href":"https:\/\/vietbee.com\/en\/wp-json\/wp\/v2\/product"}],"about":[{"href":"https:\/\/vietbee.com\/en\/wp-json\/wp\/v2\/types\/product"}],"wp:featuredmedia":[{"embeddable":true,"href":"https:\/\/vietbee.com\/en\/wp-json\/wp\/v2\/media\/2120"}],"wp:attachment":[{"href":"https:\/\/vietbee.com\/en\/wp-json\/wp\/v2\/media?parent=2119"}],"wp:term":[{"taxonomy":"product_brand","embeddable":true,"href":"https:\/\/vietbee.com\/en\/wp-json\/wp\/v2\/product_brand?post=2119"},{"taxonomy":"product_cat","embeddable":true,"href":"https:\/\/vietbee.com\/en\/wp-json\/wp\/v2\/product_cat?post=2119"},{"taxonomy":"product_tag","embeddable":true,"href":"https:\/\/vietbee.com\/en\/wp-json\/wp\/v2\/product_tag?post=2119"},{"taxonomy":"pa_bo-nho-trong","embeddable":true,"href":"https:\/\/vietbee.com\/en\/wp-json\/wp\/v2\/pa_bo-nho-trong?post=2119"},{"taxonomy":"pa_bo-vi-xu-ly","embeddable":true,"href":"https:\/\/vietbee.com\/en\/wp-json\/wp\/v2\/pa_bo-vi-xu-ly?post=2119"},{"taxonomy":"pa_do-dai","embeddable":true,"href":"https:\/\/vietbee.com\/en\/wp-json\/wp\/v2\/pa_do-dai?post=2119"},{"taxonomy":"pa_do-phan-giai","embeddable":true,"href":"https:\/\/vietbee.com\/en\/wp-json\/wp\/v2\/pa_do-phan-giai?post=2119"},{"taxonomy":"pa_hang-san-xuat","embeddable":true,"href":"https:\/\/vietbee.com\/en\/wp-json\/wp\/v2\/pa_hang-san-xuat?post=2119"},{"taxonomy":"pa_kich-thuoc-man-hinh","embeddable":true,"href":"https:\/\/vietbee.com\/en\/wp-json\/wp\/v2\/pa_kich-thuoc-man-hinh?post=2119"},{"taxonomy":"pa_micro-thu-am","embeddable":true,"href":"https:\/\/vietbee.com\/en\/wp-json\/wp\/v2\/pa_micro-thu-am?post=2119"},{"taxonomy":"pa_nha-thong-minh-rang-dong","embeddable":true,"href":"https:\/\/vietbee.com\/en\/wp-json\/wp\/v2\/pa_nha-thong-minh-rang-dong?post=2119"},{"taxonomy":"pa_o-cung","embeddable":true,"href":"https:\/\/vietbee.com\/en\/wp-json\/wp\/v2\/pa_o-cung?post=2119"},{"taxonomy":"pa_ong-kinh","embeddable":true,"href":"https:\/\/vietbee.com\/en\/wp-json\/wp\/v2\/pa_ong-kinh?post=2119"},{"taxonomy":"pa_poe","embeddable":true,"href":"https:\/\/vietbee.com\/en\/wp-json\/wp\/v2\/pa_poe?post=2119"},{"taxonomy":"pa_ports","embeddable":true,"href":"https:\/\/vietbee.com\/en\/wp-json\/wp\/v2\/pa_ports?post=2119"},{"taxonomy":"pa_tam-quan-sat","embeddable":true,"href":"https:\/\/vietbee.com\/en\/wp-json\/wp\/v2\/pa_tam-quan-sat?post=2119"},{"taxonomy":"pa_theo-chuan","embeddable":true,"href":"https:\/\/vietbee.com\/en\/wp-json\/wp\/v2\/pa_theo-chuan?post=2119"}],"curies":[{"name":"wp","href":"https:\/\/api.w.org\/{rel}","templated":true}]}}