{"id":2117,"date":"2019-02-25T07:18:34","date_gmt":"2019-02-25T07:18:34","guid":{"rendered":"http:\/\/vietbee.vn\/?post_type=product&#038;p=2117"},"modified":"2022-12-16T07:31:45","modified_gmt":"2022-12-16T07:31:45","slug":"cap-chuyen-doi-usb-c-to-hdmihub-usb-lan-ugreen-40377","status":"publish","type":"product","link":"https:\/\/vietbee.com\/en\/product\/cap-chuyen-doi-usb-c-to-hdmihub-usb-lan-ugreen-40377\/","title":{"rendered":"C\u00e1p chuy\u1ec3n \u0111\u1ed5i USB-C to HDMI+Hub USB + LAN Ugreen 40377"},"content":{"rendered":"<p class=\"qtranxs-available-languages-message qtranxs-available-languages-message-en\">Sorry, this entry is only available in <a href=\"https:\/\/vietbee.com\/vi\/wp-json\/wp\/v2\/product\/2117\" class=\"qtranxs-available-language-link qtranxs-available-language-link-vi\" title=\"Ti\u1ebfng Vi\u1ec7t\">Ti\u1ebfng Vi\u1ec7t<\/a>. For the sake of viewer convenience, the content is shown below in the alternative language. You may click the link to switch the active language.<\/p><h2><strong>Th\u00f4ng s\u1ed1 c\u00e1p chuy\u1ec3n USB-C to HDMI+LAN+USB Ugreen 40377<\/strong><\/h2>\n<p>C\u1ed5ng chuy\u1ec3n \u0111\u1ed5i USB-C to HDMI Ugreen 40377 \u0111\u01b0\u1ee3c thi\u1ebft k\u1ebf \u0111\u1ec3 k\u1ebft n\u1ed1i MacBook, laptop c\u00f3 c\u1ed5ng USB-C v\u1edbi m\u00e0n h\u00ecnh HDTV, m\u00e1y chi\u1ebfu c\u1ed5ng HDMI v\u1edbi \u0111\u1ed9 ph\u00e2n gi\u1ea3i h\u00ecnh \u1ea3nh l\u00ean \u0111\u1ebfn 4K*2k, FullHD. Gi\u1ea3i ph\u00e1p ho\u00e0n h\u1ea3o cho m\u1ecdi nhu c\u1ea7u gi\u1ea3i tr\u00ed, l\u00e0m vi\u1ec7c v\u00e0 h\u1ecdc t\u1eadp\u2026<\/p>\n<p>C\u00e1p chuy\u1ec3n USB Type C sang HDMI Ugreen 40377 h\u1ed7 tr\u1ee3 c\u1ed5ng Lan 10\/100Mbps Ethernet b\u1ea1n c\u00f3 th\u1ec3 d\u1ec5 d\u00e0ng \u0111\u1ec3 k\u1ebft n\u1ed1i m\u00e1y t\u00ednh c\u1ee7a b\u1ea1n v\u00e0o m\u1ea1ng internet c\u00f3 d\u00e2y th\u00f4ng qua c\u00e1p m\u1ea1ng Rj45.<br \/>\nB\u1ed9 chuy\u1ec3n Ugreen 40377 t\u00edch h\u1ee3p th\u00eam 2 \u00a0c\u1ed5ng USB 3.0 d\u00f9ng \u0111\u1ec3 chia c\u1ed5ng USB ti\u00eau chu\u1ea9n tr\u00ean C\u00e1p chuy\u1ec3n \u0111a n\u0103ng USB type C Ugreen 40377 cho ph\u00e9p b\u1ea1n k\u1ebft n\u1ed1i c\u00e1c thi\u1ebft b\u1ecb nh\u01b0 \u1ed5 \u0111\u0129a flash c\u1ee7a b\u1ea1n ho\u1eb7c m\u00e1y \u1ea3nh ho\u1eb7c c\u00e1p USB \u0111\u1ec3 \u0111\u1ed3ng b\u1ed9 v\u00e0 s\u1ea1c pin iPhone, iPad, ho\u1eb7c iPod, v\u00e0 c\u00e1c thi\u1ebft b\u1ecb di \u0111\u1ed9ng kh\u00e1c v\u1edbi t\u1ed1c \u0111\u1ed9 truy\u1ec1n t\u1ea3i d\u1eef li\u1ec7u l\u00ean \u0111\u1ebfn 5Gbps.","protected":false},"excerpt":{"rendered":"<p><span style=\"display: inline !important; float: none; background-color: transparent; color: #333333; cursor: text; font-family: Arial,'Times New Roman','Bitstream Charter',Times,serif; font-size: 14.4px; font-style: normal; font-variant: normal; font-weight: 400; letter-spacing: normal; orphans: 2; text-align: left; text-decoration: none; text-indent: 0px; text-transform: none; -webkit-text-stroke-width: 0px; white-space: normal; word-spacing: 0px;\">Ch\u01b0a VAT<\/span><\/p>\n","protected":false},"featured_media":2118,"template":"","meta":[],"product_brand":[],"product_cat":[1831],"product_tag":[463],"pa_bo-nho-trong":[],"pa_bo-vi-xu-ly":[],"pa_do-dai":[],"pa_do-phan-giai":[],"pa_hang-san-xuat":[],"pa_kich-thuoc-man-hinh":[],"pa_micro-thu-am":[],"pa_nha-thong-minh-rang-dong":[],"pa_o-cung":[],"pa_ong-kinh":[],"pa_poe":[],"pa_ports":[],"pa_tam-quan-sat":[],"pa_theo-chuan":[],"class_list":{"0":"post-2117","1":"product","2":"type-product","3":"status-publish","4":"has-post-thumbnail","6":"product_cat-cap-chuyen-doi-tin-hieu","7":"product_tag-cap-chuyen-doi-usb-c-to-hdmihub-usb-lan-ugreen-40377","9":"first","10":"instock","11":"shipping-taxable","12":"purchasable","13":"product-type-simple"},"_links":{"self":[{"href":"https:\/\/vietbee.com\/en\/wp-json\/wp\/v2\/product\/2117","targetHints":{"allow":["GET"]}}],"collection":[{"href":"https:\/\/vietbee.com\/en\/wp-json\/wp\/v2\/product"}],"about":[{"href":"https:\/\/vietbee.com\/en\/wp-json\/wp\/v2\/types\/product"}],"wp:featuredmedia":[{"embeddable":true,"href":"https:\/\/vietbee.com\/en\/wp-json\/wp\/v2\/media\/2118"}],"wp:attachment":[{"href":"https:\/\/vietbee.com\/en\/wp-json\/wp\/v2\/media?parent=2117"}],"wp:term":[{"taxonomy":"product_brand","embeddable":true,"href":"https:\/\/vietbee.com\/en\/wp-json\/wp\/v2\/product_brand?post=2117"},{"taxonomy":"product_cat","embeddable":true,"href":"https:\/\/vietbee.com\/en\/wp-json\/wp\/v2\/product_cat?post=2117"},{"taxonomy":"product_tag","embeddable":true,"href":"https:\/\/vietbee.com\/en\/wp-json\/wp\/v2\/product_tag?post=2117"},{"taxonomy":"pa_bo-nho-trong","embeddable":true,"href":"https:\/\/vietbee.com\/en\/wp-json\/wp\/v2\/pa_bo-nho-trong?post=2117"},{"taxonomy":"pa_bo-vi-xu-ly","embeddable":true,"href":"https:\/\/vietbee.com\/en\/wp-json\/wp\/v2\/pa_bo-vi-xu-ly?post=2117"},{"taxonomy":"pa_do-dai","embeddable":true,"href":"https:\/\/vietbee.com\/en\/wp-json\/wp\/v2\/pa_do-dai?post=2117"},{"taxonomy":"pa_do-phan-giai","embeddable":true,"href":"https:\/\/vietbee.com\/en\/wp-json\/wp\/v2\/pa_do-phan-giai?post=2117"},{"taxonomy":"pa_hang-san-xuat","embeddable":true,"href":"https:\/\/vietbee.com\/en\/wp-json\/wp\/v2\/pa_hang-san-xuat?post=2117"},{"taxonomy":"pa_kich-thuoc-man-hinh","embeddable":true,"href":"https:\/\/vietbee.com\/en\/wp-json\/wp\/v2\/pa_kich-thuoc-man-hinh?post=2117"},{"taxonomy":"pa_micro-thu-am","embeddable":true,"href":"https:\/\/vietbee.com\/en\/wp-json\/wp\/v2\/pa_micro-thu-am?post=2117"},{"taxonomy":"pa_nha-thong-minh-rang-dong","embeddable":true,"href":"https:\/\/vietbee.com\/en\/wp-json\/wp\/v2\/pa_nha-thong-minh-rang-dong?post=2117"},{"taxonomy":"pa_o-cung","embeddable":true,"href":"https:\/\/vietbee.com\/en\/wp-json\/wp\/v2\/pa_o-cung?post=2117"},{"taxonomy":"pa_ong-kinh","embeddable":true,"href":"https:\/\/vietbee.com\/en\/wp-json\/wp\/v2\/pa_ong-kinh?post=2117"},{"taxonomy":"pa_poe","embeddable":true,"href":"https:\/\/vietbee.com\/en\/wp-json\/wp\/v2\/pa_poe?post=2117"},{"taxonomy":"pa_ports","embeddable":true,"href":"https:\/\/vietbee.com\/en\/wp-json\/wp\/v2\/pa_ports?post=2117"},{"taxonomy":"pa_tam-quan-sat","embeddable":true,"href":"https:\/\/vietbee.com\/en\/wp-json\/wp\/v2\/pa_tam-quan-sat?post=2117"},{"taxonomy":"pa_theo-chuan","embeddable":true,"href":"https:\/\/vietbee.com\/en\/wp-json\/wp\/v2\/pa_theo-chuan?post=2117"}],"curies":[{"name":"wp","href":"https:\/\/api.w.org\/{rel}","templated":true}]}}