{"id":2115,"date":"2019-02-25T04:28:00","date_gmt":"2019-02-25T04:28:00","guid":{"rendered":"http:\/\/vietbee.vn\/?post_type=product&#038;p=2115"},"modified":"2022-12-16T07:31:56","modified_gmt":"2022-12-16T07:31:56","slug":"cap-chuyen-usb-type-c-to-vga-ugreen-40274-chinh-hang","status":"publish","type":"product","link":"https:\/\/vietbee.com\/en\/product\/cap-chuyen-usb-type-c-to-vga-ugreen-40274-chinh-hang\/","title":{"rendered":"C\u00e1p chuy\u1ec3n USB type C to VGA Ugreen 40274 ch\u00ednh h\u00e3ng"},"content":{"rendered":"<p class=\"qtranxs-available-languages-message qtranxs-available-languages-message-en\">Sorry, this entry is only available in <a href=\"https:\/\/vietbee.com\/vi\/wp-json\/wp\/v2\/product\/2115\" class=\"qtranxs-available-language-link qtranxs-available-language-link-vi\" title=\"Ti\u1ebfng Vi\u1ec7t\">Ti\u1ebfng Vi\u1ec7t<\/a>. For the sake of viewer convenience, the content is shown below in the alternative language. You may click the link to switch the active language.<\/p><h2><b>Th\u00f4ng s\u1ed1 k\u1ef9 thu\u1eadt USB-C to VGA Ugreen 40274<\/b><\/h2>\n<p>C\u00e1p chuy\u1ec3n \u0111\u1ed5i USB &#8211; C to VGA Ugreen 40274 chuy\u1ec3n \u0111\u1ed5i\u00a0<em>USB Type C sang VGA<\/em>\u00a0(USB chu\u1ea9n C,\u00a0USB-C,\u00a0USB 3.1 Type C) thi\u1ebft k\u1ebf d\u00e0nh cho c\u00e1c thi\u1ebft b\u1ecb USB C nh\u01b0 Macbook 12 2015, Google Chromebook Pixel, Lenovo Yoga 13&#8243;, Asus Zen AiO&#8230;S\u1eed d\u1ee5ng k\u1ebft n\u1ed1i v\u1edbi HDTV, LCD, m\u00e1y chi\u1ebfu.<\/p>\n<p>&#8211; D\u00e2y USB C to VGA\u00a0<em>Ugreen 40274 <\/em>thi\u1ebft b\u1ecb\u00a0chuy\u1ec3n \u0111\u1ed5i USB-C TO VGA cho ph\u00e9p b\u1ea1n xu\u1ea5t video \u0111\u1ed9 n\u00e9t cao VGA t\u1eeb C\u00e1p USB Type-C.<\/p>\n<p>&#8211; \u0110\u1ea7u chuy\u1ec3n \u0111\u1ed5i USB 3.1 Type C to VGA gi\u1ea3i ph\u00e1p ho\u00e0n h\u1ea3o cho b\u1ea1n m\u1edf r\u1ed9ng kh\u00f4ng gian l\u00e0m vi\u1ec7c, tr\u00ecnh chi\u1ebfu, h\u1ed9i ngh\u1ecb truy\u1ec1n h\u00ecnh&#8230;<\/p>\n<p>&#8211; Hi\u1ec3n th\u1ecb h\u00ecnh \u1ea3nh s\u1eafc n\u00e9t ch\u00e2n th\u1ef1c v\u1edbi IC x\u1eed l\u00fd h\u00ecnh \u1ea3nh v\u01b0\u1ee3t tr\u1ed9i, h\u1ed7 tr\u1ee3 \u0111\u1ed9 ph\u00e2n gi\u1ea3i video l\u00ean \u0111\u1ebfn 1920&#215;1200 ho\u1eb7c 1080p.<\/p>\n<p>Giao di\u1ec7n \u0111\u1ea7u v\u00e0o : USB lo\u1ea1i C ; giao di\u1ec7n \u0111\u1ea7u ra : VGA<\/p>\n<p>&#8211; H\u1ed7 tr\u1ee3 \u0111\u1ea7u ra video: 1920 * 1080P \/ 60HZ ( Max )<\/p>\n<p>&#8211; K\u00edch th\u01b0\u1edbc: 50mm x 43mm x 16mm ;<\/p>\n<p>&#8211; Chi\u1ec1u d\u00e0i c\u00e1p: 20cm . 20.587 \u0111en 40.274 tr\u1eafng<\/p>\n<p>&#8211; H\u1ec7 th\u1ed1ng t\u01b0\u01a1ng th\u00edch: Mac OS , Linux Windows XP \/ Vista \/ 7 \/ 8\/10 tr\u1edf l\u00ean; Reversible (USB &#8211; C )","protected":false},"excerpt":{"rendered":"<p><span style=\"display: inline !important; float: none; background-color: transparent; color: #333333; cursor: text; font-family: Arial,'Times New Roman','Bitstream Charter',Times,serif; font-size: 14.4px; font-style: normal; font-variant: normal; font-weight: 400; letter-spacing: normal; orphans: 2; text-align: left; text-decoration: none; text-indent: 0px; text-transform: none; -webkit-text-stroke-width: 0px; white-space: normal; word-spacing: 0px;\">Ch\u01b0a VAT<\/span><\/p>\n","protected":false},"featured_media":2116,"template":"","meta":[],"product_brand":[],"product_cat":[1831],"product_tag":[462],"pa_bo-nho-trong":[],"pa_bo-vi-xu-ly":[],"pa_do-dai":[],"pa_do-phan-giai":[],"pa_hang-san-xuat":[],"pa_kich-thuoc-man-hinh":[],"pa_micro-thu-am":[],"pa_nha-thong-minh-rang-dong":[],"pa_o-cung":[],"pa_ong-kinh":[],"pa_poe":[],"pa_ports":[],"pa_tam-quan-sat":[],"pa_theo-chuan":[],"class_list":{"0":"post-2115","1":"product","2":"type-product","3":"status-publish","4":"has-post-thumbnail","6":"product_cat-cap-chuyen-doi-tin-hieu","7":"product_tag-cap-chuyen-usb-type-c-to-vga-ugreen-40274-chinh-hang","9":"first","10":"instock","11":"shipping-taxable","12":"purchasable","13":"product-type-simple"},"_links":{"self":[{"href":"https:\/\/vietbee.com\/en\/wp-json\/wp\/v2\/product\/2115","targetHints":{"allow":["GET"]}}],"collection":[{"href":"https:\/\/vietbee.com\/en\/wp-json\/wp\/v2\/product"}],"about":[{"href":"https:\/\/vietbee.com\/en\/wp-json\/wp\/v2\/types\/product"}],"wp:featuredmedia":[{"embeddable":true,"href":"https:\/\/vietbee.com\/en\/wp-json\/wp\/v2\/media\/2116"}],"wp:attachment":[{"href":"https:\/\/vietbee.com\/en\/wp-json\/wp\/v2\/media?parent=2115"}],"wp:term":[{"taxonomy":"product_brand","embeddable":true,"href":"https:\/\/vietbee.com\/en\/wp-json\/wp\/v2\/product_brand?post=2115"},{"taxonomy":"product_cat","embeddable":true,"href":"https:\/\/vietbee.com\/en\/wp-json\/wp\/v2\/product_cat?post=2115"},{"taxonomy":"product_tag","embeddable":true,"href":"https:\/\/vietbee.com\/en\/wp-json\/wp\/v2\/product_tag?post=2115"},{"taxonomy":"pa_bo-nho-trong","embeddable":true,"href":"https:\/\/vietbee.com\/en\/wp-json\/wp\/v2\/pa_bo-nho-trong?post=2115"},{"taxonomy":"pa_bo-vi-xu-ly","embeddable":true,"href":"https:\/\/vietbee.com\/en\/wp-json\/wp\/v2\/pa_bo-vi-xu-ly?post=2115"},{"taxonomy":"pa_do-dai","embeddable":true,"href":"https:\/\/vietbee.com\/en\/wp-json\/wp\/v2\/pa_do-dai?post=2115"},{"taxonomy":"pa_do-phan-giai","embeddable":true,"href":"https:\/\/vietbee.com\/en\/wp-json\/wp\/v2\/pa_do-phan-giai?post=2115"},{"taxonomy":"pa_hang-san-xuat","embeddable":true,"href":"https:\/\/vietbee.com\/en\/wp-json\/wp\/v2\/pa_hang-san-xuat?post=2115"},{"taxonomy":"pa_kich-thuoc-man-hinh","embeddable":true,"href":"https:\/\/vietbee.com\/en\/wp-json\/wp\/v2\/pa_kich-thuoc-man-hinh?post=2115"},{"taxonomy":"pa_micro-thu-am","embeddable":true,"href":"https:\/\/vietbee.com\/en\/wp-json\/wp\/v2\/pa_micro-thu-am?post=2115"},{"taxonomy":"pa_nha-thong-minh-rang-dong","embeddable":true,"href":"https:\/\/vietbee.com\/en\/wp-json\/wp\/v2\/pa_nha-thong-minh-rang-dong?post=2115"},{"taxonomy":"pa_o-cung","embeddable":true,"href":"https:\/\/vietbee.com\/en\/wp-json\/wp\/v2\/pa_o-cung?post=2115"},{"taxonomy":"pa_ong-kinh","embeddable":true,"href":"https:\/\/vietbee.com\/en\/wp-json\/wp\/v2\/pa_ong-kinh?post=2115"},{"taxonomy":"pa_poe","embeddable":true,"href":"https:\/\/vietbee.com\/en\/wp-json\/wp\/v2\/pa_poe?post=2115"},{"taxonomy":"pa_ports","embeddable":true,"href":"https:\/\/vietbee.com\/en\/wp-json\/wp\/v2\/pa_ports?post=2115"},{"taxonomy":"pa_tam-quan-sat","embeddable":true,"href":"https:\/\/vietbee.com\/en\/wp-json\/wp\/v2\/pa_tam-quan-sat?post=2115"},{"taxonomy":"pa_theo-chuan","embeddable":true,"href":"https:\/\/vietbee.com\/en\/wp-json\/wp\/v2\/pa_theo-chuan?post=2115"}],"curies":[{"name":"wp","href":"https:\/\/api.w.org\/{rel}","templated":true}]}}