{"id":2096,"date":"2019-02-22T02:25:09","date_gmt":"2019-02-22T02:25:09","guid":{"rendered":"http:\/\/vietbee.vn\/?post_type=product&#038;p=2096"},"modified":"2022-12-16T03:04:52","modified_gmt":"2022-12-16T03:04:52","slug":"cap-hdmi1-4v-ugreen-boc-luoi-dai-1m-ho-tro-2k-4k-ug-11189","status":"publish","type":"product","link":"https:\/\/vietbee.com\/en\/product\/cap-hdmi1-4v-ugreen-boc-luoi-dai-1m-ho-tro-2k-4k-ug-11189\/","title":{"rendered":"C\u00e1p HDMI1.4V ugreen b\u1ecdc l\u01b0\u1edbi d\u00e0i 1M h\u1ed7 tr\u1ee3 2K, 4K UG-11189"},"content":{"rendered":"<p><strong>Th\u00f4ng s\u1ed1 c\u00e1p HDMI 1M b\u1ecdc l\u01b0\u1edbi ch\u1ed1ng nhi\u1ec5u Ugreen UG-11189<\/strong><\/p>\n<p>H\u00e3ng s\u1ea3n xu\u1ea5t :\u00a0<strong>Ugreen<\/strong><\/p>\n<ul>\n<li>T\u1ed1c \u0111\u1ed9 cao\u00a0<strong>HDMI<\/strong>\u00a0c\u00e1p Ethernet.<\/li>\n<li>T\u1ed1c \u0111\u1ed9 truy\u1ec1n d\u1eef li\u1ec7u l\u00ean \u0111\u1ebfn\u00a0<strong>10,2 Gb \/ s.\u00a0<\/strong><\/li>\n<li>H\u1ed7 tr\u1ee3 \u00e2m thanh ch\u00e2n th\u1ef1c.<\/li>\n<li><strong>HDMI Ethernet Channe<\/strong>l &#8211; Th\u00eam m\u1ea1ng t\u1ed1c \u0111\u1ed9 cao v\u00e0o m\u1ed9t li\u00ean k\u1ebft HDMI, cho ph\u00e9p ng\u01b0\u1eddi d\u00f9ng t\u1eadn d\u1ee5ng \u0111\u1ea7y \u0111\u1ee7 c\u00e1c thi\u1ebft b\u1ecb IP-k\u00edch ho\u1ea1t c\u1ee7a h\u1ecd m\u00e0 kh\u00f4ng c\u1ea7n c\u00e1p Ethernet ri\u00eang bi\u1ec7t.<\/li>\n<li><strong>Audio Return Channel<\/strong>\u00a0&#8211; Cho ph\u00e9p TV c\u00f3 c\u1ed5ng HDMI k\u1ebft n\u1ed1i v\u1edbi m\u1ed9t built-tuner \u0111\u1ec3 g\u1eedi d\u1eef li\u1ec7u \u00e2m thanh &#8220;ng\u01b0\u1ee3c d\u00f2ng&#8221; v\u1edbi m\u1ed9t h\u1ec7 th\u1ed1ng \u00e2m thanh v\u00f2m, lo\u1ea1i b\u1ecf s\u1ef1 c\u1ea7n thi\u1ebft cho m\u1ed9t c\u00e1p \u00e2m thanh ri\u00eang bi\u1ec7t.<\/li>\n<li>C\u00e1p HDMI d\u00e0i 1m ch\u00ednh h\u00e3ng Ugreen &#8211;\u00a0<strong>H\u1ed7 tr\u1ee3 3D\u00a0<\/strong>&#8211; \u0110\u1ecbnh ngh\u0129a giao th\u1ee9c \u0111\u1ea7u v\u00e0o \/ \u0111\u1ea7u ra cho c\u00e1c \u0111\u1ecbnh d\u1ea1ng video l\u1edbn 3D, m\u1edf \u0111\u01b0\u1eddng cho vi\u1ec7c ch\u01a1i game 3D th\u1ef1c v\u00e0 c\u00e1c \u1ee9ng d\u1ee5ng r\u1ea1p h\u00e1t t\u1ea1i nh\u00e0 3D.<\/li>\n<li><strong>H\u1ed7 tr\u1ee3 \u0111\u1ed9 ph\u00e2n gi\u1ea3i 4K<\/strong>\u00a0&#8211; Cho ph\u00e9p \u0111\u1ed9 ph\u00e2n gi\u1ea3i video v\u01b0\u1ee3t xa\u00a0<strong>1080p<\/strong>, l\u00ean \u0111\u1ebfn\u00a0<strong>4096x2160P<\/strong>\u00a0h\u1ed7 tr\u1ee3 m\u00e0n h\u00ecnh th\u1ebf h\u1ec7 ti\u1ebfp theo s\u1ebd c\u1ea1nh tranh v\u1edbi h\u1ec7 th\u1ed1ng Digital Cinema s\u1eed d\u1ee5ng trong nhi\u1ec1u r\u1ea1p chi\u1ebfu phim th\u01b0\u01a1ng m\u1ea1i.<\/li>\n<\/ul>\n<p><strong>C\u1ea5u t\u1ea1o C\u00e1p:\u00a0<\/strong><strong>HDMI ugreen b\u1ecdc ch\u1ed1ng nhi\u1ec5u c\u00f3 <\/strong>\u00a0c\u1ea5u t\u1ea1o b\u1eb1ng h\u1ee3p kim k\u1ebdm, v\u1ecf b\u1ecdc c\u00e1p b\u1ec7n Nylon cung c\u1ea5p m\u1ed9t gi\u1ea3i ph\u00e1p m\u1ed9t c\u00e1p cho nhi\u1ec1u nhu c\u1ea7u gi\u1ea3i tr\u00ed gia \u0111\u00ecnh c\u1ee7a b\u1ea1n<\/p>\n<p>\u1ee8ng d\u1ee5ng: c\u00e1p HDMI ugreen 1m UG-10189 d\u00f9ng \u0111\u1ec3 k\u1ebft n\u1ed1i v\u1edbi HDTV c\u1ee7a b\u1ea1n v\u00e0o \u0111\u0129a Blu-ray c\u1ee7a b\u1ea1n, truy\u1ec1n h\u00ecnh 3D, Roku, Boxee, Xbox360, PS3, Apple TV, Streaming Player, HD Cable Box, PC ho\u1eb7c b\u1ea5t k\u1ef3 thi\u1ebft b\u1ecb HD v\u1edbi m\u1ed9t \u0111\u1ea7u ra HDMI.\u00a0Sau \u0111\u00f3, b\u1ea1n c\u00f3 th\u1ec3 tr\u1ea3i nghi\u1ec7m \u00e2m thanh ch\u1ea5t l\u01b0\u1ee3ng cao v\u00e0 video t\u1eeb r\u1ea1p h\u00e1t gia \u0111\u00ecnh c\u1ee7a b\u1ea1n.<\/p>\n","protected":false},"excerpt":{"rendered":"<p>Ch\u01b0a VAT<\/p>\n","protected":false},"featured_media":2097,"template":"","meta":[],"product_brand":[],"product_cat":[1813],"product_tag":[456,455],"pa_bo-nho-trong":[],"pa_bo-vi-xu-ly":[],"pa_do-dai":[],"pa_do-phan-giai":[],"pa_hang-san-xuat":[1821],"pa_kich-thuoc-man-hinh":[],"pa_micro-thu-am":[],"pa_nha-thong-minh-rang-dong":[],"pa_o-cung":[],"pa_ong-kinh":[],"pa_poe":[],"pa_ports":[],"pa_tam-quan-sat":[],"pa_theo-chuan":[],"class_list":{"0":"post-2096","1":"product","2":"type-product","3":"status-publish","4":"has-post-thumbnail","6":"product_cat-phu-kien","7":"product_tag-4k-ug-11189","8":"product_tag-cap-hdmi1-4v-ugreen-boc-luoi-dai-1m-ho-tro-2k","9":"pa_hang-san-xuat-ugreen","11":"first","12":"instock","13":"shipping-taxable","14":"purchasable","15":"product-type-simple"},"_links":{"self":[{"href":"https:\/\/vietbee.com\/en\/wp-json\/wp\/v2\/product\/2096","targetHints":{"allow":["GET"]}}],"collection":[{"href":"https:\/\/vietbee.com\/en\/wp-json\/wp\/v2\/product"}],"about":[{"href":"https:\/\/vietbee.com\/en\/wp-json\/wp\/v2\/types\/product"}],"wp:featuredmedia":[{"embeddable":true,"href":"https:\/\/vietbee.com\/en\/wp-json\/wp\/v2\/media\/2097"}],"wp:attachment":[{"href":"https:\/\/vietbee.com\/en\/wp-json\/wp\/v2\/media?parent=2096"}],"wp:term":[{"taxonomy":"product_brand","embeddable":true,"href":"https:\/\/vietbee.com\/en\/wp-json\/wp\/v2\/product_brand?post=2096"},{"taxonomy":"product_cat","embeddable":true,"href":"https:\/\/vietbee.com\/en\/wp-json\/wp\/v2\/product_cat?post=2096"},{"taxonomy":"product_tag","embeddable":true,"href":"https:\/\/vietbee.com\/en\/wp-json\/wp\/v2\/product_tag?post=2096"},{"taxonomy":"pa_bo-nho-trong","embeddable":true,"href":"https:\/\/vietbee.com\/en\/wp-json\/wp\/v2\/pa_bo-nho-trong?post=2096"},{"taxonomy":"pa_bo-vi-xu-ly","embeddable":true,"href":"https:\/\/vietbee.com\/en\/wp-json\/wp\/v2\/pa_bo-vi-xu-ly?post=2096"},{"taxonomy":"pa_do-dai","embeddable":true,"href":"https:\/\/vietbee.com\/en\/wp-json\/wp\/v2\/pa_do-dai?post=2096"},{"taxonomy":"pa_do-phan-giai","embeddable":true,"href":"https:\/\/vietbee.com\/en\/wp-json\/wp\/v2\/pa_do-phan-giai?post=2096"},{"taxonomy":"pa_hang-san-xuat","embeddable":true,"href":"https:\/\/vietbee.com\/en\/wp-json\/wp\/v2\/pa_hang-san-xuat?post=2096"},{"taxonomy":"pa_kich-thuoc-man-hinh","embeddable":true,"href":"https:\/\/vietbee.com\/en\/wp-json\/wp\/v2\/pa_kich-thuoc-man-hinh?post=2096"},{"taxonomy":"pa_micro-thu-am","embeddable":true,"href":"https:\/\/vietbee.com\/en\/wp-json\/wp\/v2\/pa_micro-thu-am?post=2096"},{"taxonomy":"pa_nha-thong-minh-rang-dong","embeddable":true,"href":"https:\/\/vietbee.com\/en\/wp-json\/wp\/v2\/pa_nha-thong-minh-rang-dong?post=2096"},{"taxonomy":"pa_o-cung","embeddable":true,"href":"https:\/\/vietbee.com\/en\/wp-json\/wp\/v2\/pa_o-cung?post=2096"},{"taxonomy":"pa_ong-kinh","embeddable":true,"href":"https:\/\/vietbee.com\/en\/wp-json\/wp\/v2\/pa_ong-kinh?post=2096"},{"taxonomy":"pa_poe","embeddable":true,"href":"https:\/\/vietbee.com\/en\/wp-json\/wp\/v2\/pa_poe?post=2096"},{"taxonomy":"pa_ports","embeddable":true,"href":"https:\/\/vietbee.com\/en\/wp-json\/wp\/v2\/pa_ports?post=2096"},{"taxonomy":"pa_tam-quan-sat","embeddable":true,"href":"https:\/\/vietbee.com\/en\/wp-json\/wp\/v2\/pa_tam-quan-sat?post=2096"},{"taxonomy":"pa_theo-chuan","embeddable":true,"href":"https:\/\/vietbee.com\/en\/wp-json\/wp\/v2\/pa_theo-chuan?post=2096"}],"curies":[{"name":"wp","href":"https:\/\/api.w.org\/{rel}","templated":true}]}}