{"id":2086,"date":"2019-02-21T04:10:09","date_gmt":"2019-02-21T04:10:09","guid":{"rendered":"http:\/\/vietbee.vn\/?post_type=product&#038;p=2086"},"modified":"2022-12-16T03:08:47","modified_gmt":"2022-12-16T03:08:47","slug":"cap-chuyen-micro-hdmi-to-hdmi-dai-3m-chinh-hang-ugreen-10143","status":"publish","type":"product","link":"https:\/\/vietbee.com\/en\/product\/cap-chuyen-micro-hdmi-to-hdmi-dai-3m-chinh-hang-ugreen-10143\/","title":{"rendered":"C\u00e1p chuy\u1ec3n Micro HDMI to HDMI d\u00e0i 3m ch\u00ednh h\u00e3ng Ugreen 10143"},"content":{"rendered":"<h3>Chi ti\u1ebft\u00a0C\u00e1p Micro HDMI to HDMI ch\u00ednh h\u00e3ng Ugreen 10143<br \/>\n<span style=\"font-size: 90%;\">&#8211; H\u00e3ng s\u1ea3n xu\u1ea5t: Ch\u00ednh h\u00e3ng <strong>Ugreen<\/strong><\/span><br \/>\n<span style=\"font-size: 90%;\">&#8211; Chi\u1ec1u d\u00e0i: <strong>3M<\/strong><\/span><br \/>\n<span style=\"font-size: 90%;\">&#8211; M\u00e0u s\u1eafc: <strong>\u0110en<\/strong><\/span><br \/>\n<span style=\"font-size: 90%;\">&#8211; Chu\u1ea9n c\u00e1p HDMI Ethernet t\u1ed1c \u0111\u1ed9 cao<\/span><br \/>\n<span style=\"font-size: 90%;\">&#8211; B\u0103ng th\u00f4ng: <strong>10Gb\/s<\/strong><\/span><\/h3>\n<div>\n<div>\n<p>&#8211; H\u1ed7 tr\u1ee3 <strong>Dolby\u00ae TrueHD and DTS-HD Master Audio\u2122\u00a0<\/strong><\/p>\n<p>&#8211; H\u1ed7 tr\u1ee3 C\u00f4ng ngh\u1ec7 <strong>HDCP compliant.<\/strong><\/p>\n<p>&#8211; T\u00edch h\u1ee3p k\u00eanh Ethernet tr\u00ean c\u00f9ng m\u1ed9t s\u1ee3i c\u00e1p.<\/p>\n<p>&#8211; <strong>Audio Return Channel<\/strong> \u2013 H\u1ed7 tr\u1ee3 \u00e2m thanh 2 chi\u1ec1u<\/p>\n<p>&#8211; Support <strong>3D, 4K <\/strong>\u1ee9ng d\u1ee5ng r\u1ea1p chi\u1ebfu phim t\u1ea1i nh\u00e0.<\/p>\n<\/div>\n<\/div>","protected":false},"excerpt":{"rendered":"<p>Ch\u01b0a VAT<\/p>\n","protected":false},"featured_media":2087,"template":"","meta":[],"product_brand":[],"product_cat":[1820,1813],"product_tag":[452],"pa_bo-nho-trong":[],"pa_bo-vi-xu-ly":[],"pa_do-dai":[1825],"pa_do-phan-giai":[],"pa_hang-san-xuat":[1821],"pa_kich-thuoc-man-hinh":[],"pa_micro-thu-am":[],"pa_nha-thong-minh-rang-dong":[],"pa_o-cung":[],"pa_ong-kinh":[],"pa_poe":[],"pa_ports":[],"pa_tam-quan-sat":[],"pa_theo-chuan":[],"class_list":{"0":"post-2086","1":"product","2":"type-product","3":"status-publish","4":"has-post-thumbnail","6":"product_cat-cap-hdmi","7":"product_cat-phu-kien","8":"product_tag-cap-chuyen-micro-hdmi-to-hdmi-dai-3m-chinh-hang-ugreen-10143","9":"pa_do-dai-3m","10":"pa_hang-san-xuat-ugreen","12":"first","13":"instock","14":"shipping-taxable","15":"purchasable","16":"product-type-simple"},"_links":{"self":[{"href":"https:\/\/vietbee.com\/en\/wp-json\/wp\/v2\/product\/2086","targetHints":{"allow":["GET"]}}],"collection":[{"href":"https:\/\/vietbee.com\/en\/wp-json\/wp\/v2\/product"}],"about":[{"href":"https:\/\/vietbee.com\/en\/wp-json\/wp\/v2\/types\/product"}],"wp:featuredmedia":[{"embeddable":true,"href":"https:\/\/vietbee.com\/en\/wp-json\/wp\/v2\/media\/2087"}],"wp:attachment":[{"href":"https:\/\/vietbee.com\/en\/wp-json\/wp\/v2\/media?parent=2086"}],"wp:term":[{"taxonomy":"product_brand","embeddable":true,"href":"https:\/\/vietbee.com\/en\/wp-json\/wp\/v2\/product_brand?post=2086"},{"taxonomy":"product_cat","embeddable":true,"href":"https:\/\/vietbee.com\/en\/wp-json\/wp\/v2\/product_cat?post=2086"},{"taxonomy":"product_tag","embeddable":true,"href":"https:\/\/vietbee.com\/en\/wp-json\/wp\/v2\/product_tag?post=2086"},{"taxonomy":"pa_bo-nho-trong","embeddable":true,"href":"https:\/\/vietbee.com\/en\/wp-json\/wp\/v2\/pa_bo-nho-trong?post=2086"},{"taxonomy":"pa_bo-vi-xu-ly","embeddable":true,"href":"https:\/\/vietbee.com\/en\/wp-json\/wp\/v2\/pa_bo-vi-xu-ly?post=2086"},{"taxonomy":"pa_do-dai","embeddable":true,"href":"https:\/\/vietbee.com\/en\/wp-json\/wp\/v2\/pa_do-dai?post=2086"},{"taxonomy":"pa_do-phan-giai","embeddable":true,"href":"https:\/\/vietbee.com\/en\/wp-json\/wp\/v2\/pa_do-phan-giai?post=2086"},{"taxonomy":"pa_hang-san-xuat","embeddable":true,"href":"https:\/\/vietbee.com\/en\/wp-json\/wp\/v2\/pa_hang-san-xuat?post=2086"},{"taxonomy":"pa_kich-thuoc-man-hinh","embeddable":true,"href":"https:\/\/vietbee.com\/en\/wp-json\/wp\/v2\/pa_kich-thuoc-man-hinh?post=2086"},{"taxonomy":"pa_micro-thu-am","embeddable":true,"href":"https:\/\/vietbee.com\/en\/wp-json\/wp\/v2\/pa_micro-thu-am?post=2086"},{"taxonomy":"pa_nha-thong-minh-rang-dong","embeddable":true,"href":"https:\/\/vietbee.com\/en\/wp-json\/wp\/v2\/pa_nha-thong-minh-rang-dong?post=2086"},{"taxonomy":"pa_o-cung","embeddable":true,"href":"https:\/\/vietbee.com\/en\/wp-json\/wp\/v2\/pa_o-cung?post=2086"},{"taxonomy":"pa_ong-kinh","embeddable":true,"href":"https:\/\/vietbee.com\/en\/wp-json\/wp\/v2\/pa_ong-kinh?post=2086"},{"taxonomy":"pa_poe","embeddable":true,"href":"https:\/\/vietbee.com\/en\/wp-json\/wp\/v2\/pa_poe?post=2086"},{"taxonomy":"pa_ports","embeddable":true,"href":"https:\/\/vietbee.com\/en\/wp-json\/wp\/v2\/pa_ports?post=2086"},{"taxonomy":"pa_tam-quan-sat","embeddable":true,"href":"https:\/\/vietbee.com\/en\/wp-json\/wp\/v2\/pa_tam-quan-sat?post=2086"},{"taxonomy":"pa_theo-chuan","embeddable":true,"href":"https:\/\/vietbee.com\/en\/wp-json\/wp\/v2\/pa_theo-chuan?post=2086"}],"curies":[{"name":"wp","href":"https:\/\/api.w.org\/{rel}","templated":true}]}}