{"id":2081,"date":"2019-02-21T02:44:36","date_gmt":"2019-02-21T02:44:36","guid":{"rendered":"http:\/\/vietbee.vn\/?post_type=product&#038;p=2081"},"modified":"2022-12-16T03:11:27","modified_gmt":"2022-12-16T03:11:27","slug":"cap-hdmi-2-0-sieu-mong-ugreen-dai-0-5m-chinh-hang-ugreen-ug-30475","status":"publish","type":"product","link":"https:\/\/vietbee.com\/en\/product\/cap-hdmi-2-0-sieu-mong-ugreen-dai-0-5m-chinh-hang-ugreen-ug-30475\/","title":{"rendered":"C\u00e1p HDMI 2.0 si\u00eau m\u1ecfng Ugreen d\u00e0i 0.5m ch\u00ednh h\u00e3ng ugreen UG-30475"},"content":{"rendered":"<p><strong>Th\u00f4ng s\u1ed1 C\u00e1p HDMI 2.0 ch\u00ednh h\u00e3ng Ugreen si\u00eau m\u1ecfng d\u00e0i 0,5M h\u1ed7 tr\u1ee3 4K, 3D UG-30475<\/strong><\/p>\n<p>H\u00e3ng s\u1ea3n xu\u1ea5t :\u00a0<strong>Ugreen<\/strong><br \/>\nM\u00e3 s\u1ea3n ph\u1ea9m :\u00a0<strong>UG-30475<\/strong><\/p>\n<ul>\n<li>L\u00e0 c\u00e1p HDMI 2.0 &#8211; T\u1ed1c \u0111\u1ed9 cao HDMI 2.0 c\u00e1p Ethernet,\u00a0H\u1ed7 tr\u1ee3 t\u1ed1i \u0111a 32 k\u00eanh \u00e2m thanh k\u1ef9 thu\u1eadt s\u1ed1 kh\u00f4ng n\u00e9n trong khi \u0111\u00f3 HDMI 1.4V \u00a0ch\u1ec9 h\u1ed7 tr\u1ee3 8 k\u00eanh<\/li>\n<li>L\u00e0\u00a0Chu\u1ea9n HDMI 2.0 n\u00e0y truy\u1ec1n t\u1ea3i\u00a0video 4K Ultra HD.<\/li>\n<li><strong>HDMI Ethernet Channel\u00a0<\/strong>&#8211; Th\u00eam m\u1ea1ng t\u1ed1c \u0111\u1ed9 cao v\u00e0o m\u1ed9t li\u00ean k\u1ebft HDMI, cho ph\u00e9p ng\u01b0\u1eddi d\u00f9ng t\u1eadn d\u1ee5ng \u0111\u1ea7y \u0111\u1ee7 c\u00e1c thi\u1ebft b\u1ecb IP-k\u00edch ho\u1ea1t c\u1ee7a h\u1ecd m\u00e0 kh\u00f4ng c\u1ea7n c\u00e1p Ethernet ri\u00eang bi\u1ec7t<\/li>\n<li><strong>D\u00e2y HDMI 2.0 d\u00e0i 0,5m ch\u00ednh h\u00e3ng Ugreen 30475 <\/strong>cho ph\u00e9p TV HDMI k\u1ebft n\u1ed1i v\u1edbi m\u1ed9t thi\u1ebft b\u1ecb \u0111\u1ec3 g\u1eedi d\u1eef li\u1ec7u \u00e2m thanh &#8220;ng\u01b0\u1ee3c d\u00f2ng&#8221; v\u1edbi m\u1ed9t h\u1ec7 th\u1ed1ng \u00e2m thanh v\u00f2m, lo\u1ea1i b\u1ecf s\u1ef1 c\u1ea7n thi\u1ebft cho m\u1ed9t c\u00e1p \u00e2m thanh ri\u00eang bi\u1ec7t.<\/li>\n<li><strong>Cable HDMI 2.0 &#8211; H\u1ed7 tr\u1ee3 3D<\/strong>\u00a0&#8211; \u0110\u1ecbnh ngh\u0129a giao th\u1ee9c \u0111\u1ea7u v\u00e0o \/ \u0111\u1ea7u ra cho c\u00e1c \u0111\u1ecbnh d\u1ea1ng video l\u1edbn 3D, m\u1edf \u0111\u01b0\u1eddng cho vi\u1ec7c ch\u01a1i game 3D th\u1ef1c v\u00e0 c\u00e1c \u1ee9ng d\u1ee5ng r\u1ea1p h\u00e1t t\u1ea1i nh\u00e0 3D.<\/li>\n<li><strong>C\u00e1p t\u00edn hi\u1ec7u HDMI 2.0 &#8211;<\/strong> H\u1ed7 tr\u1ee3 \u0111\u1ed9 ph\u00e2n gi\u1ea3i 4K*2K\u00a0&#8211; Cho ph\u00e9p \u0111\u1ed9 ph\u00e2n gi\u1ea3i video l\u00ean \u0111\u1ebfn\u00a0<strong>4096x2160p\u00a0<\/strong>v\u01b0\u1ee3t xa 1080p, h\u1ed7 tr\u1ee3 m\u00e0n h\u00ecnh th\u1ebf h\u1ec7 ti\u1ebfp theo s\u1ebd c\u1ea1nh tranh v\u1edbi h\u1ec7 th\u1ed1ng Digital Cinema s\u1eed d\u1ee5ng trong nhi\u1ec1u r\u1ea1p chi\u1ebfu phim th\u01b0\u01a1ng m\u1ea1i.<\/li>\n<\/ul>\n","protected":false},"excerpt":{"rendered":"<p>Ch\u01b0a VAT<\/p>\n","protected":false},"featured_media":2082,"template":"","meta":[],"product_brand":[],"product_cat":[1820,1813],"product_tag":[450],"pa_bo-nho-trong":[],"pa_bo-vi-xu-ly":[],"pa_do-dai":[1823],"pa_do-phan-giai":[],"pa_hang-san-xuat":[1821],"pa_kich-thuoc-man-hinh":[],"pa_micro-thu-am":[],"pa_nha-thong-minh-rang-dong":[],"pa_o-cung":[],"pa_ong-kinh":[],"pa_poe":[],"pa_ports":[],"pa_tam-quan-sat":[],"pa_theo-chuan":[],"class_list":{"0":"post-2081","1":"product","2":"type-product","3":"status-publish","4":"has-post-thumbnail","6":"product_cat-cap-hdmi","7":"product_cat-phu-kien","8":"product_tag-cap-hdmi-2-0-sieu-mong-ugreen-dai-0-5m-chinh-hang-ugreen-ug-30475","9":"pa_do-dai-05m","10":"pa_hang-san-xuat-ugreen","12":"first","13":"instock","14":"shipping-taxable","15":"purchasable","16":"product-type-simple"},"_links":{"self":[{"href":"https:\/\/vietbee.com\/en\/wp-json\/wp\/v2\/product\/2081","targetHints":{"allow":["GET"]}}],"collection":[{"href":"https:\/\/vietbee.com\/en\/wp-json\/wp\/v2\/product"}],"about":[{"href":"https:\/\/vietbee.com\/en\/wp-json\/wp\/v2\/types\/product"}],"wp:featuredmedia":[{"embeddable":true,"href":"https:\/\/vietbee.com\/en\/wp-json\/wp\/v2\/media\/2082"}],"wp:attachment":[{"href":"https:\/\/vietbee.com\/en\/wp-json\/wp\/v2\/media?parent=2081"}],"wp:term":[{"taxonomy":"product_brand","embeddable":true,"href":"https:\/\/vietbee.com\/en\/wp-json\/wp\/v2\/product_brand?post=2081"},{"taxonomy":"product_cat","embeddable":true,"href":"https:\/\/vietbee.com\/en\/wp-json\/wp\/v2\/product_cat?post=2081"},{"taxonomy":"product_tag","embeddable":true,"href":"https:\/\/vietbee.com\/en\/wp-json\/wp\/v2\/product_tag?post=2081"},{"taxonomy":"pa_bo-nho-trong","embeddable":true,"href":"https:\/\/vietbee.com\/en\/wp-json\/wp\/v2\/pa_bo-nho-trong?post=2081"},{"taxonomy":"pa_bo-vi-xu-ly","embeddable":true,"href":"https:\/\/vietbee.com\/en\/wp-json\/wp\/v2\/pa_bo-vi-xu-ly?post=2081"},{"taxonomy":"pa_do-dai","embeddable":true,"href":"https:\/\/vietbee.com\/en\/wp-json\/wp\/v2\/pa_do-dai?post=2081"},{"taxonomy":"pa_do-phan-giai","embeddable":true,"href":"https:\/\/vietbee.com\/en\/wp-json\/wp\/v2\/pa_do-phan-giai?post=2081"},{"taxonomy":"pa_hang-san-xuat","embeddable":true,"href":"https:\/\/vietbee.com\/en\/wp-json\/wp\/v2\/pa_hang-san-xuat?post=2081"},{"taxonomy":"pa_kich-thuoc-man-hinh","embeddable":true,"href":"https:\/\/vietbee.com\/en\/wp-json\/wp\/v2\/pa_kich-thuoc-man-hinh?post=2081"},{"taxonomy":"pa_micro-thu-am","embeddable":true,"href":"https:\/\/vietbee.com\/en\/wp-json\/wp\/v2\/pa_micro-thu-am?post=2081"},{"taxonomy":"pa_nha-thong-minh-rang-dong","embeddable":true,"href":"https:\/\/vietbee.com\/en\/wp-json\/wp\/v2\/pa_nha-thong-minh-rang-dong?post=2081"},{"taxonomy":"pa_o-cung","embeddable":true,"href":"https:\/\/vietbee.com\/en\/wp-json\/wp\/v2\/pa_o-cung?post=2081"},{"taxonomy":"pa_ong-kinh","embeddable":true,"href":"https:\/\/vietbee.com\/en\/wp-json\/wp\/v2\/pa_ong-kinh?post=2081"},{"taxonomy":"pa_poe","embeddable":true,"href":"https:\/\/vietbee.com\/en\/wp-json\/wp\/v2\/pa_poe?post=2081"},{"taxonomy":"pa_ports","embeddable":true,"href":"https:\/\/vietbee.com\/en\/wp-json\/wp\/v2\/pa_ports?post=2081"},{"taxonomy":"pa_tam-quan-sat","embeddable":true,"href":"https:\/\/vietbee.com\/en\/wp-json\/wp\/v2\/pa_tam-quan-sat?post=2081"},{"taxonomy":"pa_theo-chuan","embeddable":true,"href":"https:\/\/vietbee.com\/en\/wp-json\/wp\/v2\/pa_theo-chuan?post=2081"}],"curies":[{"name":"wp","href":"https:\/\/api.w.org\/{rel}","templated":true}]}}