{"id":2078,"date":"2019-02-21T02:21:42","date_gmt":"2019-02-21T02:21:42","guid":{"rendered":"http:\/\/vietbee.vn\/?post_type=product&#038;p=2078"},"modified":"2022-12-16T03:54:04","modified_gmt":"2022-12-16T03:54:04","slug":"cap-hdmi-unitek-dai-5m-y-140-chinh-hang","status":"publish","type":"product","link":"https:\/\/vietbee.com\/en\/product\/cap-hdmi-unitek-dai-5m-y-140-chinh-hang\/","title":{"rendered":"C\u00e1p HDMI Unitek d\u00e0i 5m Y-140 ch\u00ednh h\u00e3ng"},"content":{"rendered":"<p><strong>Th\u00f4ng tin c\u1ee7a C\u00e1p HDMI Unitek d\u00e0i 5m Y-140 ch\u00ednh h\u00e3ng:<\/strong><\/p>\n<p><strong><em>C\u00e1p HDMI Unitek d\u00e0i 5m Y-140 ch\u00ednh h\u00e3ng cao c\u1ea5p<\/em><\/strong> HDMI 1.4<\/p>\n<p>C\u00e1p h\u1ed7 tr\u1ee3 ful HDMI 720P, 1080i, 1080P<\/p>\n<p>C\u00e1p \u0111\u1ea1t t\u1ed1c \u0111\u1ed9 cao 10.2Gbps<\/p>\n<p>H\u1ed7 tr\u1ee3 3D, DOLBY TRUEHD, DTS-HD<\/p>\n<p>\u0110\u1ed9 ph\u00e2n gi\u1ea3i t\u1ed1i \u0111a c\u1ee7a C\u00e1p HDMI Unitek d\u00e0i 5m Y-140 ch\u00ednh h\u00e3ng l\u00ean \u0111\u1ebfn 4096*2160<\/p>\n<p>\u0110\u1ea7u ti\u1ebfp x\u00fac m\u1ea1 v\u00e0ng 24k gi\u1ea3m \u0111i\u1ec7n tr\u1edf ti\u1ebfp x\u00fac v\u00e0 ch\u1ed1ng \u0103n m\u00f2n gi\u00fap qu\u00e1 tr\u00ecnh truy\u1ec1n t\u1ea3i \u00e2m thanh v\u00e0 h\u00ecnh \u1ea3nh ch\u1ea5t l\u01b0\u1ee3ng v\u00e0 s\u1eafc n\u00e9t h\u01a1n<\/p>\n<p>V\u1ecf c\u00e1p t\u00edn hi\u1ec7u HDMI \u0111\u01b0\u1ee3c l\u00e0m b\u1eb1ng nh\u1ef1a PVC b\u00f3ng \u0111\u1eb9p, si\u00eau b\u1ec1n r\u1ea5t an to\u00e0n khi s\u1eed dung<\/p>\n<p>C\u00e1p c\u00f3 chi\u1ec1u d\u00e0i 5 m\u00e9t<\/p>\n","protected":false},"excerpt":{"rendered":"<p>Ch\u01b0a VAT<\/p>\n","protected":false},"featured_media":3751,"template":"","meta":[],"product_brand":[],"product_cat":[1820,1813],"product_tag":[449],"pa_bo-nho-trong":[],"pa_bo-vi-xu-ly":[],"pa_do-dai":[1826],"pa_do-phan-giai":[],"pa_hang-san-xuat":[1822],"pa_kich-thuoc-man-hinh":[],"pa_micro-thu-am":[],"pa_nha-thong-minh-rang-dong":[],"pa_o-cung":[],"pa_ong-kinh":[],"pa_poe":[],"pa_ports":[],"pa_tam-quan-sat":[],"pa_theo-chuan":[],"class_list":{"0":"post-2078","1":"product","2":"type-product","3":"status-publish","4":"has-post-thumbnail","6":"product_cat-cap-hdmi","7":"product_cat-phu-kien","8":"product_tag-cap-hdmi-unitek-dai-5m-y-140-chinh-hang","9":"pa_do-dai-5m","10":"pa_hang-san-xuat-unitek","12":"first","13":"instock","14":"shipping-taxable","15":"purchasable","16":"product-type-simple"},"_links":{"self":[{"href":"https:\/\/vietbee.com\/en\/wp-json\/wp\/v2\/product\/2078","targetHints":{"allow":["GET"]}}],"collection":[{"href":"https:\/\/vietbee.com\/en\/wp-json\/wp\/v2\/product"}],"about":[{"href":"https:\/\/vietbee.com\/en\/wp-json\/wp\/v2\/types\/product"}],"wp:featuredmedia":[{"embeddable":true,"href":"https:\/\/vietbee.com\/en\/wp-json\/wp\/v2\/media\/3751"}],"wp:attachment":[{"href":"https:\/\/vietbee.com\/en\/wp-json\/wp\/v2\/media?parent=2078"}],"wp:term":[{"taxonomy":"product_brand","embeddable":true,"href":"https:\/\/vietbee.com\/en\/wp-json\/wp\/v2\/product_brand?post=2078"},{"taxonomy":"product_cat","embeddable":true,"href":"https:\/\/vietbee.com\/en\/wp-json\/wp\/v2\/product_cat?post=2078"},{"taxonomy":"product_tag","embeddable":true,"href":"https:\/\/vietbee.com\/en\/wp-json\/wp\/v2\/product_tag?post=2078"},{"taxonomy":"pa_bo-nho-trong","embeddable":true,"href":"https:\/\/vietbee.com\/en\/wp-json\/wp\/v2\/pa_bo-nho-trong?post=2078"},{"taxonomy":"pa_bo-vi-xu-ly","embeddable":true,"href":"https:\/\/vietbee.com\/en\/wp-json\/wp\/v2\/pa_bo-vi-xu-ly?post=2078"},{"taxonomy":"pa_do-dai","embeddable":true,"href":"https:\/\/vietbee.com\/en\/wp-json\/wp\/v2\/pa_do-dai?post=2078"},{"taxonomy":"pa_do-phan-giai","embeddable":true,"href":"https:\/\/vietbee.com\/en\/wp-json\/wp\/v2\/pa_do-phan-giai?post=2078"},{"taxonomy":"pa_hang-san-xuat","embeddable":true,"href":"https:\/\/vietbee.com\/en\/wp-json\/wp\/v2\/pa_hang-san-xuat?post=2078"},{"taxonomy":"pa_kich-thuoc-man-hinh","embeddable":true,"href":"https:\/\/vietbee.com\/en\/wp-json\/wp\/v2\/pa_kich-thuoc-man-hinh?post=2078"},{"taxonomy":"pa_micro-thu-am","embeddable":true,"href":"https:\/\/vietbee.com\/en\/wp-json\/wp\/v2\/pa_micro-thu-am?post=2078"},{"taxonomy":"pa_nha-thong-minh-rang-dong","embeddable":true,"href":"https:\/\/vietbee.com\/en\/wp-json\/wp\/v2\/pa_nha-thong-minh-rang-dong?post=2078"},{"taxonomy":"pa_o-cung","embeddable":true,"href":"https:\/\/vietbee.com\/en\/wp-json\/wp\/v2\/pa_o-cung?post=2078"},{"taxonomy":"pa_ong-kinh","embeddable":true,"href":"https:\/\/vietbee.com\/en\/wp-json\/wp\/v2\/pa_ong-kinh?post=2078"},{"taxonomy":"pa_poe","embeddable":true,"href":"https:\/\/vietbee.com\/en\/wp-json\/wp\/v2\/pa_poe?post=2078"},{"taxonomy":"pa_ports","embeddable":true,"href":"https:\/\/vietbee.com\/en\/wp-json\/wp\/v2\/pa_ports?post=2078"},{"taxonomy":"pa_tam-quan-sat","embeddable":true,"href":"https:\/\/vietbee.com\/en\/wp-json\/wp\/v2\/pa_tam-quan-sat?post=2078"},{"taxonomy":"pa_theo-chuan","embeddable":true,"href":"https:\/\/vietbee.com\/en\/wp-json\/wp\/v2\/pa_theo-chuan?post=2078"}],"curies":[{"name":"wp","href":"https:\/\/api.w.org\/{rel}","templated":true}]}}