{"id":2074,"date":"2019-02-21T02:09:34","date_gmt":"2019-02-21T02:09:34","guid":{"rendered":"http:\/\/vietbee.vn\/?post_type=product&#038;p=2074"},"modified":"2022-12-19T03:20:03","modified_gmt":"2022-12-19T03:20:03","slug":"cap-hdmi-unitek-dai-3m-y-139-chinh-hang","status":"publish","type":"product","link":"https:\/\/vietbee.com\/en\/product\/cap-hdmi-unitek-dai-3m-y-139-chinh-hang\/","title":{"rendered":"C\u00e1p HDMI Unitek d\u00e0i 3m Y-139 ch\u00ednh h\u00e3ng"},"content":{"rendered":"<p><strong>Th\u00f4ng tin chi ti\u1ebft v\u1ec1 C\u00e1p HDMI Unitek d\u00e0i 3m Y-139 ch\u00ednh h\u00e3ng<\/strong><\/p>\n<p>&#8211; H\u00e3ng s\u1ea3n xu\u1ea5t: Unitek<\/p>\n<p>&#8211; C\u00e1p HDMI Unitek d\u00e0i 3m Y-139 ch\u00ednh h\u00e3ng chu\u1ea9n HDMI 1.4<\/p>\n<p>&#8211; C\u00e1p \u0111\u1ea1t \u0111\u1ed9 ph\u00e2n gi\u1ea3i FULL HD 4096 x 2160, h\u00ecnh \u1ea3nh si\u00eau n\u00e9t<\/p>\n<p>&#8211; C\u00e1p t\u00edch h\u1ee3p c\u00f4ng ngh\u1ec7 Ethernet K\u00eanh HDMI h\u1ee3p nh\u1ea5t video, audio<\/p>\n<p>&#8211; <strong><em>C\u00e1p HDMI Unitek d\u00e0i 3m Y-139 ch\u00ednh h\u00e3ng ch\u1ea5t l\u01b0\u1ee3ng<\/em><\/strong> \u0111\u1ea1t t\u1ed1c \u0111\u1ed9 cao 10.2Gbps<\/p>\n<p>&#8211; C\u00e1p ch\u1ed1ng nhi\u1ec5u c\u1ef1c t\u1ed1t, d\u00e2y m\u1ec1m d\u1ebbo d\u1ec5 d\u00e0ng thi c\u00f4ng v\u00e0 l\u1eafp \u0111\u1eb7t<\/p>\n<p>&#8211; C\u00e1p m\u00e0u \u0111en b\u1ecdc cao su<\/p>\n<p>&#8211; \u0110\u1ea7u c\u00e1p t\u00edn hi\u1ec7u HDMI m\u1ea1 v\u00e0ng gi\u1ea3m \u0111\u1ed9 suy hao<\/p>\n<p>&#8211; C\u00e1p c\u00f3 chi\u1ec1u d\u00e0i 3 m\u00e9t<\/p>\n","protected":false},"excerpt":{"rendered":"<p class=\"qtranxs-available-languages-message qtranxs-available-languages-message-en\">Sorry, this entry is only available in <a href=\"https:\/\/vietbee.com\/vi\/wp-json\/wp\/v2\/product\/2074\" class=\"qtranxs-available-language-link qtranxs-available-language-link-vi\" title=\"Ti\u1ebfng Vi\u1ec7t\">Ti\u1ebfng Vi\u1ec7t<\/a>. For the sake of viewer convenience, the content is shown below in the alternative language. You may click the link to switch the active language.<\/p>\n<p>Ch\u01b0a VAT<\/p>\n","protected":false},"featured_media":3776,"template":"","meta":[],"product_brand":[],"product_cat":[1820,1813],"product_tag":[448],"pa_bo-nho-trong":[],"pa_bo-vi-xu-ly":[],"pa_do-dai":[1825],"pa_do-phan-giai":[],"pa_hang-san-xuat":[1822],"pa_kich-thuoc-man-hinh":[],"pa_micro-thu-am":[],"pa_nha-thong-minh-rang-dong":[],"pa_o-cung":[],"pa_ong-kinh":[],"pa_poe":[],"pa_ports":[],"pa_tam-quan-sat":[],"pa_theo-chuan":[],"class_list":{"0":"post-2074","1":"product","2":"type-product","3":"status-publish","4":"has-post-thumbnail","6":"product_cat-cap-hdmi","7":"product_cat-phu-kien","8":"product_tag-cap-hdmi-unitek-dai-3m-y-139-chinh-hang","9":"pa_do-dai-3m","10":"pa_hang-san-xuat-unitek","12":"first","13":"instock","14":"shipping-taxable","15":"purchasable","16":"product-type-simple"},"_links":{"self":[{"href":"https:\/\/vietbee.com\/en\/wp-json\/wp\/v2\/product\/2074","targetHints":{"allow":["GET"]}}],"collection":[{"href":"https:\/\/vietbee.com\/en\/wp-json\/wp\/v2\/product"}],"about":[{"href":"https:\/\/vietbee.com\/en\/wp-json\/wp\/v2\/types\/product"}],"wp:featuredmedia":[{"embeddable":true,"href":"https:\/\/vietbee.com\/en\/wp-json\/wp\/v2\/media\/3776"}],"wp:attachment":[{"href":"https:\/\/vietbee.com\/en\/wp-json\/wp\/v2\/media?parent=2074"}],"wp:term":[{"taxonomy":"product_brand","embeddable":true,"href":"https:\/\/vietbee.com\/en\/wp-json\/wp\/v2\/product_brand?post=2074"},{"taxonomy":"product_cat","embeddable":true,"href":"https:\/\/vietbee.com\/en\/wp-json\/wp\/v2\/product_cat?post=2074"},{"taxonomy":"product_tag","embeddable":true,"href":"https:\/\/vietbee.com\/en\/wp-json\/wp\/v2\/product_tag?post=2074"},{"taxonomy":"pa_bo-nho-trong","embeddable":true,"href":"https:\/\/vietbee.com\/en\/wp-json\/wp\/v2\/pa_bo-nho-trong?post=2074"},{"taxonomy":"pa_bo-vi-xu-ly","embeddable":true,"href":"https:\/\/vietbee.com\/en\/wp-json\/wp\/v2\/pa_bo-vi-xu-ly?post=2074"},{"taxonomy":"pa_do-dai","embeddable":true,"href":"https:\/\/vietbee.com\/en\/wp-json\/wp\/v2\/pa_do-dai?post=2074"},{"taxonomy":"pa_do-phan-giai","embeddable":true,"href":"https:\/\/vietbee.com\/en\/wp-json\/wp\/v2\/pa_do-phan-giai?post=2074"},{"taxonomy":"pa_hang-san-xuat","embeddable":true,"href":"https:\/\/vietbee.com\/en\/wp-json\/wp\/v2\/pa_hang-san-xuat?post=2074"},{"taxonomy":"pa_kich-thuoc-man-hinh","embeddable":true,"href":"https:\/\/vietbee.com\/en\/wp-json\/wp\/v2\/pa_kich-thuoc-man-hinh?post=2074"},{"taxonomy":"pa_micro-thu-am","embeddable":true,"href":"https:\/\/vietbee.com\/en\/wp-json\/wp\/v2\/pa_micro-thu-am?post=2074"},{"taxonomy":"pa_nha-thong-minh-rang-dong","embeddable":true,"href":"https:\/\/vietbee.com\/en\/wp-json\/wp\/v2\/pa_nha-thong-minh-rang-dong?post=2074"},{"taxonomy":"pa_o-cung","embeddable":true,"href":"https:\/\/vietbee.com\/en\/wp-json\/wp\/v2\/pa_o-cung?post=2074"},{"taxonomy":"pa_ong-kinh","embeddable":true,"href":"https:\/\/vietbee.com\/en\/wp-json\/wp\/v2\/pa_ong-kinh?post=2074"},{"taxonomy":"pa_poe","embeddable":true,"href":"https:\/\/vietbee.com\/en\/wp-json\/wp\/v2\/pa_poe?post=2074"},{"taxonomy":"pa_ports","embeddable":true,"href":"https:\/\/vietbee.com\/en\/wp-json\/wp\/v2\/pa_ports?post=2074"},{"taxonomy":"pa_tam-quan-sat","embeddable":true,"href":"https:\/\/vietbee.com\/en\/wp-json\/wp\/v2\/pa_tam-quan-sat?post=2074"},{"taxonomy":"pa_theo-chuan","embeddable":true,"href":"https:\/\/vietbee.com\/en\/wp-json\/wp\/v2\/pa_theo-chuan?post=2074"}],"curies":[{"name":"wp","href":"https:\/\/api.w.org\/{rel}","templated":true}]}}