{"id":2071,"date":"2019-02-21T01:56:30","date_gmt":"2019-02-21T01:56:30","guid":{"rendered":"http:\/\/vietbee.vn\/?post_type=product&#038;p=2071"},"modified":"2022-12-19T03:32:39","modified_gmt":"2022-12-19T03:32:39","slug":"cap-hdmi-unitek-dai-30m-y-c171-chinh-hang","status":"publish","type":"product","link":"https:\/\/vietbee.com\/en\/product\/cap-hdmi-unitek-dai-30m-y-c171-chinh-hang\/","title":{"rendered":"C\u00e1p HDMI Unitek d\u00e0i 30m Y-C171 ch\u00ednh h\u00e3ng"},"content":{"rendered":"<p><strong>Th\u00f4ng tin v\u1ec1 C\u00e1p HDMI Unitek d\u00e0i 30m Y-C171 ch\u00ednh h\u00e3ng<\/strong><\/p>\n<p>\u00d8\u00a0 H\u00e3ng s\u1ea3n xu\u1ea5t: Unitek<\/p>\n<p>\u00d8\u00a0 C\u00e1p \u0111\u01b0\u1ee3c thi\u1ebft k\u1ebf theo chu\u1ea9n HDMI 1.4, 3D, h\u1ed7 tr\u1ee3 4K x 2K<\/p>\n<p>\u00d8\u00a0 C\u00f3 k\u00fd hi\u1ec7u Input v\u00e0 Ouput \u1edf 2 \u0111\u1ea7u HDMI gi\u00fap cho b\u1ea1n c\u1eafm chu\u1ea9n kh\u00f4ng b\u1ecb ng\u01b0\u1ee3c chi\u1ec1u<\/p>\n<p>\u00d8\u00a0 \u0110\u1ea7u <strong><em>c\u00e1p HDMI Unitek d\u00e0i 30m Y-C171 ch\u00ednh h\u00e3ng cao c\u1ea5p<\/em><\/strong> c\u00f3 thi\u1ebft k\u1ebf IC khu\u1ebfch \u0111\u1ea1i v\u00ec th\u1ebf ch\u1ea5t l\u01b0\u1ee3ng \u00e2m thanh v\u00e0 h\u00ecnh \u1ea3nh v\u00f4 c\u00f9ng tuy\u1ec7t v\u1eddi<\/p>\n<p>\u00d8\u00a0 H\u1ed7 tr\u1ee3 truy\u1ec1n lai c\u1ee7a \u00e2m thanh v\u00e0 video<\/p>\n<p>\u00d8\u00a0 H\u1ed7 tr\u1ee3 t\u1ea5t c\u1ea3 c\u00e1c \u0111\u1ecbnh d\u1ea1ng TV \u0111\u1ed9 n\u00e9t cao 480p, 720p, 1080i, 1080p v\u00e0 cao h\u01a1n 4k x 2k \u0111\u1ed9 ph\u00e2n gi\u1ea3i, h\u00ecnh \u1ea3nh si\u00eau n\u00e9t, \u00e2m thanh s\u1ed1ng \u0111\u1ed9ng v\u00e0 trung th\u1ef1c nh\u1ea5t<\/p>\n<p>\u00d8\u00a0 C\u00e1p HDMI Unitek d\u00e0i 30m Y-C171 ch\u00ednh h\u00e3ng \u0111\u1ea1t t\u1ed1c \u0111\u1ed9 cao l\u00ean \u0111\u1ebfn10.2Gbps<\/p>\n<p>\u00d8\u00a0 C\u00e1p HDMI 30M unitek c\u00f3 ch\u1ed1ng nhi\u1ec5u c\u1ef1c t\u1ed1t (1 \u0111o\u1ea1n 2 \u0111\u1ea7u v\u00e0ng), d\u00e2y m\u1ec1m d\u1ebbo d\u1ec5 l\u1eafp \u0111\u1eb7t cho m\u1ecdi c\u00f4ng tr\u00ecnh.<\/p>\n<p>\u00d8\u00a0 V\u1ecf d\u00e2y c\u00e1p HDMI \u0111\u01b0\u1ee3c l\u00e0m t\u1eeb nh\u1ef1a cao c\u1ea5p c\u00f3 kh\u1ea3 n\u0103ng c\u00e1ch \u0111i\u1ec7n v\u00e0 ch\u1ed1ng ch\u00e1y v\u00ec th\u1ebf r\u1ea5t an to\u00e0n trong khi s\u1eed d\u1ee5ng<\/p>\n<p>\u00d8\u00a0 C\u00e1p c\u00f3 chi\u1ec1u d\u00e0i 30 m\u00e9t<\/p>\n","protected":false},"excerpt":{"rendered":"<p class=\"qtranxs-available-languages-message qtranxs-available-languages-message-en\">Sorry, this entry is only available in <a href=\"https:\/\/vietbee.com\/vi\/wp-json\/wp\/v2\/product\/2071\" class=\"qtranxs-available-language-link qtranxs-available-language-link-vi\" title=\"Ti\u1ebfng Vi\u1ec7t\">Ti\u1ebfng Vi\u1ec7t<\/a>. For the sake of viewer convenience, the content is shown below in the alternative language. You may click the link to switch the active language.<\/p>\n<p>Ch\u01b0a VAT<\/p>\n","protected":false},"featured_media":3778,"template":"","meta":[],"product_brand":[],"product_cat":[1820,1813],"product_tag":[447],"pa_bo-nho-trong":[],"pa_bo-vi-xu-ly":[],"pa_do-dai":[1828],"pa_do-phan-giai":[],"pa_hang-san-xuat":[1822],"pa_kich-thuoc-man-hinh":[],"pa_micro-thu-am":[],"pa_nha-thong-minh-rang-dong":[],"pa_o-cung":[],"pa_ong-kinh":[],"pa_poe":[],"pa_ports":[],"pa_tam-quan-sat":[],"pa_theo-chuan":[],"class_list":{"0":"post-2071","1":"product","2":"type-product","3":"status-publish","4":"has-post-thumbnail","6":"product_cat-cap-hdmi","7":"product_cat-phu-kien","8":"product_tag-cap-hdmi-unitek-dai-30m-y-c171-chinh-hang","9":"pa_do-dai-30m","10":"pa_hang-san-xuat-unitek","12":"first","13":"instock","14":"shipping-taxable","15":"purchasable","16":"product-type-simple"},"_links":{"self":[{"href":"https:\/\/vietbee.com\/en\/wp-json\/wp\/v2\/product\/2071","targetHints":{"allow":["GET"]}}],"collection":[{"href":"https:\/\/vietbee.com\/en\/wp-json\/wp\/v2\/product"}],"about":[{"href":"https:\/\/vietbee.com\/en\/wp-json\/wp\/v2\/types\/product"}],"wp:featuredmedia":[{"embeddable":true,"href":"https:\/\/vietbee.com\/en\/wp-json\/wp\/v2\/media\/3778"}],"wp:attachment":[{"href":"https:\/\/vietbee.com\/en\/wp-json\/wp\/v2\/media?parent=2071"}],"wp:term":[{"taxonomy":"product_brand","embeddable":true,"href":"https:\/\/vietbee.com\/en\/wp-json\/wp\/v2\/product_brand?post=2071"},{"taxonomy":"product_cat","embeddable":true,"href":"https:\/\/vietbee.com\/en\/wp-json\/wp\/v2\/product_cat?post=2071"},{"taxonomy":"product_tag","embeddable":true,"href":"https:\/\/vietbee.com\/en\/wp-json\/wp\/v2\/product_tag?post=2071"},{"taxonomy":"pa_bo-nho-trong","embeddable":true,"href":"https:\/\/vietbee.com\/en\/wp-json\/wp\/v2\/pa_bo-nho-trong?post=2071"},{"taxonomy":"pa_bo-vi-xu-ly","embeddable":true,"href":"https:\/\/vietbee.com\/en\/wp-json\/wp\/v2\/pa_bo-vi-xu-ly?post=2071"},{"taxonomy":"pa_do-dai","embeddable":true,"href":"https:\/\/vietbee.com\/en\/wp-json\/wp\/v2\/pa_do-dai?post=2071"},{"taxonomy":"pa_do-phan-giai","embeddable":true,"href":"https:\/\/vietbee.com\/en\/wp-json\/wp\/v2\/pa_do-phan-giai?post=2071"},{"taxonomy":"pa_hang-san-xuat","embeddable":true,"href":"https:\/\/vietbee.com\/en\/wp-json\/wp\/v2\/pa_hang-san-xuat?post=2071"},{"taxonomy":"pa_kich-thuoc-man-hinh","embeddable":true,"href":"https:\/\/vietbee.com\/en\/wp-json\/wp\/v2\/pa_kich-thuoc-man-hinh?post=2071"},{"taxonomy":"pa_micro-thu-am","embeddable":true,"href":"https:\/\/vietbee.com\/en\/wp-json\/wp\/v2\/pa_micro-thu-am?post=2071"},{"taxonomy":"pa_nha-thong-minh-rang-dong","embeddable":true,"href":"https:\/\/vietbee.com\/en\/wp-json\/wp\/v2\/pa_nha-thong-minh-rang-dong?post=2071"},{"taxonomy":"pa_o-cung","embeddable":true,"href":"https:\/\/vietbee.com\/en\/wp-json\/wp\/v2\/pa_o-cung?post=2071"},{"taxonomy":"pa_ong-kinh","embeddable":true,"href":"https:\/\/vietbee.com\/en\/wp-json\/wp\/v2\/pa_ong-kinh?post=2071"},{"taxonomy":"pa_poe","embeddable":true,"href":"https:\/\/vietbee.com\/en\/wp-json\/wp\/v2\/pa_poe?post=2071"},{"taxonomy":"pa_ports","embeddable":true,"href":"https:\/\/vietbee.com\/en\/wp-json\/wp\/v2\/pa_ports?post=2071"},{"taxonomy":"pa_tam-quan-sat","embeddable":true,"href":"https:\/\/vietbee.com\/en\/wp-json\/wp\/v2\/pa_tam-quan-sat?post=2071"},{"taxonomy":"pa_theo-chuan","embeddable":true,"href":"https:\/\/vietbee.com\/en\/wp-json\/wp\/v2\/pa_theo-chuan?post=2071"}],"curies":[{"name":"wp","href":"https:\/\/api.w.org\/{rel}","templated":true}]}}