{"id":2046,"date":"2019-02-20T01:54:32","date_gmt":"2019-02-20T01:54:32","guid":{"rendered":"http:\/\/vietbee.vn\/?post_type=product&#038;p=2046"},"modified":"2022-12-16T08:16:00","modified_gmt":"2022-12-16T08:16:00","slug":"bo-nhan-hdmi-100m-lkv-373a","status":"publish","type":"product","link":"https:\/\/vietbee.com\/en\/product\/bo-nhan-hdmi-100m-lkv-373a\/","title":{"rendered":"B\u1ed9 nh\u1eadn HDMI 100m LKV 373A"},"content":{"rendered":"<p><strong>\u1ee8ng d\u1ee5ng c\u1ee7a B\u1ed9 nh\u1eadn HDMI 100m LKV 373AB<\/strong><\/p>\n<p>B\u1ed9 ph\u1eadn HDMI 100m LKV 373AB l\u00e0 thi\u1ebft b\u1ecb khu\u1ebfch \u0111\u1ea1i HDMI cho ph\u00e9p k\u00e9o d\u00e0i hdmi b\u1eb1ng c\u00e1p m\u1ea1ng Lan trong kho\u1ea3ng c\u00e1ch l\u00ean t\u1edbi 100M. LKV 373A th\u01b0\u1eddng \u0111\u01b0\u1ee3c \u1ee9ng d\u1ee5ng \u0111\u1ec3 theo d\u00f5i Camera tr\u00ean TV ho\u1eb7c chuy\u1ec3n \u0111\u1ed5i t\u00edn hi\u1ec7u t\u1eeb c\u00e1c thi\u1ebft b\u1ecb ph\u00e1t HDMI (m\u00e1y t\u00ednh, Android set-top-box, Laptop) l\u00ean Tivi, m\u00e0n h\u00ecnh PC \u1edf kho\u1ea3ng c\u00e1ch r\u1ea5t xa l\u00ean t\u1edbi 100 m\u00e9t. H\u00e3y tham kh\u1ea3o nh\u1eefng th\u00f4ng tin chi ti\u1ebft v\u1ec1 s\u1ea3n ph\u1ea9m qua chia s\u1ebb d\u01b0\u1edbi \u0111\u00e2y c\u1ee7a Vietbee.vn<\/p>\n<p><strong>Th\u00f4ng tin v\u1ec1 s\u1ea3n ph\u1ea9m B\u1ed9 nh\u1eadn HDMI 100m LKV 373A<\/strong><\/p>\n<p>B\u1ed9 nh\u1eadn HDMI 100m LKV 373A s\u1eed d\u1ee5ng c\u00e1p m\u1ea1ng UTP IEEE-568B (CAT5, 5E, 6)<\/p>\n<p>T\u00edn hi\u1ec7u khu\u1ebfch \u0111\u1ea1i HDMI 120m \u0111\u1ea7u v\u00e0o \/ \u0111\u00e2u ra h\u1ed7 tr\u1ee3 l\u00ean 1080P@60hz, 720P@60Hz, 576P@60Hz<\/p>\n<p><strong><em>B\u1ed9 nh\u1eadn HDMI 100m LKV 373A co c\u1ea5p<\/em><\/strong> s\u1eed d\u1ee5ng c\u00f4ng ngh\u1ec7 3.0, cho h\u00ecnh \u1ea3nh n\u00e9t h\u01a1n, v\u1edbi kho\u1ea3ng c\u00e1ch xa h\u01a1n, t\u00ednh t\u01b0\u01a1ng th\u00edch v\u1edbi d\u00e2y c\u00e1p v\u00e0 m\u00e0n h\u00ecnh t\u1ed1t h\u01a1n<\/p>\n<p>Thi\u1ebft b\u1ecb c\u00f3 th\u1ec3 ph\u1ed1i h\u1ee3p v\u1edbi c\u00e1c b\u1ed9 n\u1ed1i d\u00e0i kh\u00e1c, h\u1ed7 tr\u1ee3 VGA, DVI v\u00e0 SDI d\u00f9ng h\u1ed7n h\u1ee3p<\/p>\n<p>Support 7&#215;24 gi\u1edd l\u00e0m vi\u1ec7c li\u00ean t\u1ee5c<\/p>\n<p>Functional nh\u01b0 extender &amp; splitter<\/p>\n<p>B\u1ea3o h\u00e0nh 6 th\u00e1ng<\/p>\n","protected":false},"excerpt":{"rendered":"<p class=\"qtranxs-available-languages-message qtranxs-available-languages-message-en\">Sorry, this entry is only available in <a href=\"https:\/\/vietbee.com\/vi\/wp-json\/wp\/v2\/product\/2046\" class=\"qtranxs-available-language-link qtranxs-available-language-link-vi\" title=\"Ti\u1ebfng Vi\u1ec7t\">Ti\u1ebfng Vi\u1ec7t<\/a>. For the sake of viewer convenience, the content is shown below in the alternative language. You may click the link to switch the active language.<\/p>\n<p>Ch\u01b0a VAT<\/p>\n","protected":false},"featured_media":2047,"template":"","meta":[],"product_brand":[],"product_cat":[1832],"product_tag":[436],"pa_bo-nho-trong":[],"pa_bo-vi-xu-ly":[],"pa_do-dai":[],"pa_do-phan-giai":[],"pa_hang-san-xuat":[],"pa_kich-thuoc-man-hinh":[],"pa_micro-thu-am":[],"pa_nha-thong-minh-rang-dong":[],"pa_o-cung":[],"pa_ong-kinh":[],"pa_poe":[],"pa_ports":[],"pa_tam-quan-sat":[],"pa_theo-chuan":[],"class_list":{"0":"post-2046","1":"product","2":"type-product","3":"status-publish","4":"has-post-thumbnail","6":"product_cat-bo-keo-dai-hdmi-vga-qua-cong-lan","7":"product_tag-bo-nhan-hdmi-100m-lkv-373a","9":"first","10":"instock","11":"shipping-taxable","12":"purchasable","13":"product-type-simple"},"_links":{"self":[{"href":"https:\/\/vietbee.com\/en\/wp-json\/wp\/v2\/product\/2046","targetHints":{"allow":["GET"]}}],"collection":[{"href":"https:\/\/vietbee.com\/en\/wp-json\/wp\/v2\/product"}],"about":[{"href":"https:\/\/vietbee.com\/en\/wp-json\/wp\/v2\/types\/product"}],"wp:featuredmedia":[{"embeddable":true,"href":"https:\/\/vietbee.com\/en\/wp-json\/wp\/v2\/media\/2047"}],"wp:attachment":[{"href":"https:\/\/vietbee.com\/en\/wp-json\/wp\/v2\/media?parent=2046"}],"wp:term":[{"taxonomy":"product_brand","embeddable":true,"href":"https:\/\/vietbee.com\/en\/wp-json\/wp\/v2\/product_brand?post=2046"},{"taxonomy":"product_cat","embeddable":true,"href":"https:\/\/vietbee.com\/en\/wp-json\/wp\/v2\/product_cat?post=2046"},{"taxonomy":"product_tag","embeddable":true,"href":"https:\/\/vietbee.com\/en\/wp-json\/wp\/v2\/product_tag?post=2046"},{"taxonomy":"pa_bo-nho-trong","embeddable":true,"href":"https:\/\/vietbee.com\/en\/wp-json\/wp\/v2\/pa_bo-nho-trong?post=2046"},{"taxonomy":"pa_bo-vi-xu-ly","embeddable":true,"href":"https:\/\/vietbee.com\/en\/wp-json\/wp\/v2\/pa_bo-vi-xu-ly?post=2046"},{"taxonomy":"pa_do-dai","embeddable":true,"href":"https:\/\/vietbee.com\/en\/wp-json\/wp\/v2\/pa_do-dai?post=2046"},{"taxonomy":"pa_do-phan-giai","embeddable":true,"href":"https:\/\/vietbee.com\/en\/wp-json\/wp\/v2\/pa_do-phan-giai?post=2046"},{"taxonomy":"pa_hang-san-xuat","embeddable":true,"href":"https:\/\/vietbee.com\/en\/wp-json\/wp\/v2\/pa_hang-san-xuat?post=2046"},{"taxonomy":"pa_kich-thuoc-man-hinh","embeddable":true,"href":"https:\/\/vietbee.com\/en\/wp-json\/wp\/v2\/pa_kich-thuoc-man-hinh?post=2046"},{"taxonomy":"pa_micro-thu-am","embeddable":true,"href":"https:\/\/vietbee.com\/en\/wp-json\/wp\/v2\/pa_micro-thu-am?post=2046"},{"taxonomy":"pa_nha-thong-minh-rang-dong","embeddable":true,"href":"https:\/\/vietbee.com\/en\/wp-json\/wp\/v2\/pa_nha-thong-minh-rang-dong?post=2046"},{"taxonomy":"pa_o-cung","embeddable":true,"href":"https:\/\/vietbee.com\/en\/wp-json\/wp\/v2\/pa_o-cung?post=2046"},{"taxonomy":"pa_ong-kinh","embeddable":true,"href":"https:\/\/vietbee.com\/en\/wp-json\/wp\/v2\/pa_ong-kinh?post=2046"},{"taxonomy":"pa_poe","embeddable":true,"href":"https:\/\/vietbee.com\/en\/wp-json\/wp\/v2\/pa_poe?post=2046"},{"taxonomy":"pa_ports","embeddable":true,"href":"https:\/\/vietbee.com\/en\/wp-json\/wp\/v2\/pa_ports?post=2046"},{"taxonomy":"pa_tam-quan-sat","embeddable":true,"href":"https:\/\/vietbee.com\/en\/wp-json\/wp\/v2\/pa_tam-quan-sat?post=2046"},{"taxonomy":"pa_theo-chuan","embeddable":true,"href":"https:\/\/vietbee.com\/en\/wp-json\/wp\/v2\/pa_theo-chuan?post=2046"}],"curies":[{"name":"wp","href":"https:\/\/api.w.org\/{rel}","templated":true}]}}