{"id":2042,"date":"2019-02-18T14:20:46","date_gmt":"2019-02-18T14:20:46","guid":{"rendered":"http:\/\/vietbee.vn\/?post_type=product&#038;p=2042"},"modified":"2022-12-16T07:53:28","modified_gmt":"2022-12-16T07:53:28","slug":"bo-keo-dai-hdmi-100m-lkv373a-chinh-hang","status":"publish","type":"product","link":"https:\/\/vietbee.com\/en\/product\/bo-keo-dai-hdmi-100m-lkv373a-chinh-hang\/","title":{"rendered":"B\u1ed9 k\u00e9o d\u00e0i HDMI 100M LKV373A ch\u00ednh h\u00e3ng"},"content":{"rendered":"B\u1ea1n \u0111ang mu\u1ed1n \u0111i day HDMI d\u00f9ng cho Camera ho\u1eb7c m\u00e1y chi\u1ec1u d\u00e0i l\u00ean \u0111\u1ebfn 120m m\u00e0 kh\u00f4ng bi\u1ebft l\u00e0m c\u00e1ch n\u00e0o m\u00e0 chi ph\u00ed th\u1ea5p nh\u1ea5t ch\u1ea5t l\u01b0\u01a1ng cao nh\u1ea5t Vietbee xin \u0111\u01b0a ra gi\u1ea3i ph\u00e1p l\u00e0 b\u1ea1n s\u1eed d\u1ee5ng b\u1ed9 n\u1ed1i d\u00e0i HDMI 120M IKV373A Lenkeng b\u1eb1ng c\u00e1ch s\u1eed d\u1ee5ng c\u00e1p m\u1ea1ng LAN cat5E ho\u1eb7c cat6 E c\u1ee7a AMP, Krone, ho\u1eb7c Vina c\u00e1p. Lenkeng LKV373A HDMI Extender cho h\u00ecnh \u1ea3nh l\u00ean \u0111\u1ebfn full HDMI 1080P si\u00eau n\u00e9t.<\/p>\n<h2>Th\u00f4ng s\u1ed1 k\u1ef9 thu\u1eadt b\u1ed9 k\u00e9o d\u00e0i HDMI 120M LKV373A Lenken<\/h2>\n<p>B\u1ed9 n\u1ed1i d\u00e0i HDMI l\u00e0 b\u1ed9 hdmi s\u1eed d\u1ee5ng c\u00f4ng ngh\u1ec7 m\u1edbi nh\u1ea5t \u0111\u1ec3 k\u00e9o d\u00e0i hdmi l\u00ean \u0111\u1ebfn 120m b\u1eb1ng 1 s\u1ee3i c\u00e1p m\u1ea1ng cat5 Ho\u1eb7c cat6 ( c\u00f4ng ngh\u1ec7 c\u0169 s\u1eed d\u1ee5ng 2 s\u1ee3i c\u00e1p \u00a0m\u1ea1ng LAN) cho \u0111\u1ed9 ph\u00e2n gi\u1ea3i l\u00ean \u0111\u1ebfn 1080P- 60Hz<br \/>\n&#8211;<strong>\u00a0B\u1ed9 LKV373A<\/strong>\u00a0Lenkeng g\u1ed3m 1 b\u1ed9 ph\u00e1t g\u1ecdi l\u00e0: \u00a0Transmiter v\u00e0 1 b\u1ed9 nh\u1eadn g\u1ecdi l\u00e0 Receiver, hai b\u1ed9 n\u00e0y n\u1ed1i l\u1ea1i v\u1edbi nhau b\u1eb1ng 2 s\u1ee3i c\u00e1p m\u1ea1ng LAN \u1edf gi\u1eefa nh\u01b0 s\u01a1 \u0111\u1ed3 sau:<\/p>\n<p><img loading=\"lazy\" decoding=\"async\" class=\"alignnone  wp-image-2044 aligncenter\" src=\"http:\/\/vietbee.vn\/wp-content\/uploads\/2019\/02\/LKV37A-122x400.gif\" alt=\"\" width=\"413\" height=\"1354\" \/><\/p>\n<p>&nbsp;","protected":false},"excerpt":{"rendered":"<p>Ch\u01b0a VAT<\/p>\n","protected":false},"featured_media":2045,"template":"","meta":[],"product_brand":[],"product_cat":[1831],"product_tag":[435],"pa_bo-nho-trong":[],"pa_bo-vi-xu-ly":[],"pa_do-dai":[],"pa_do-phan-giai":[],"pa_hang-san-xuat":[],"pa_kich-thuoc-man-hinh":[],"pa_micro-thu-am":[],"pa_nha-thong-minh-rang-dong":[],"pa_o-cung":[],"pa_ong-kinh":[],"pa_poe":[],"pa_ports":[],"pa_tam-quan-sat":[],"pa_theo-chuan":[],"class_list":{"0":"post-2042","1":"product","2":"type-product","3":"status-publish","4":"has-post-thumbnail","6":"product_cat-cap-chuyen-doi-tin-hieu","7":"product_tag-bo-keo-dai-hdmi-100m-lkv373a-chinh-hang","9":"first","10":"instock","11":"shipping-taxable","12":"purchasable","13":"product-type-simple"},"_links":{"self":[{"href":"https:\/\/vietbee.com\/en\/wp-json\/wp\/v2\/product\/2042","targetHints":{"allow":["GET"]}}],"collection":[{"href":"https:\/\/vietbee.com\/en\/wp-json\/wp\/v2\/product"}],"about":[{"href":"https:\/\/vietbee.com\/en\/wp-json\/wp\/v2\/types\/product"}],"wp:featuredmedia":[{"embeddable":true,"href":"https:\/\/vietbee.com\/en\/wp-json\/wp\/v2\/media\/2045"}],"wp:attachment":[{"href":"https:\/\/vietbee.com\/en\/wp-json\/wp\/v2\/media?parent=2042"}],"wp:term":[{"taxonomy":"product_brand","embeddable":true,"href":"https:\/\/vietbee.com\/en\/wp-json\/wp\/v2\/product_brand?post=2042"},{"taxonomy":"product_cat","embeddable":true,"href":"https:\/\/vietbee.com\/en\/wp-json\/wp\/v2\/product_cat?post=2042"},{"taxonomy":"product_tag","embeddable":true,"href":"https:\/\/vietbee.com\/en\/wp-json\/wp\/v2\/product_tag?post=2042"},{"taxonomy":"pa_bo-nho-trong","embeddable":true,"href":"https:\/\/vietbee.com\/en\/wp-json\/wp\/v2\/pa_bo-nho-trong?post=2042"},{"taxonomy":"pa_bo-vi-xu-ly","embeddable":true,"href":"https:\/\/vietbee.com\/en\/wp-json\/wp\/v2\/pa_bo-vi-xu-ly?post=2042"},{"taxonomy":"pa_do-dai","embeddable":true,"href":"https:\/\/vietbee.com\/en\/wp-json\/wp\/v2\/pa_do-dai?post=2042"},{"taxonomy":"pa_do-phan-giai","embeddable":true,"href":"https:\/\/vietbee.com\/en\/wp-json\/wp\/v2\/pa_do-phan-giai?post=2042"},{"taxonomy":"pa_hang-san-xuat","embeddable":true,"href":"https:\/\/vietbee.com\/en\/wp-json\/wp\/v2\/pa_hang-san-xuat?post=2042"},{"taxonomy":"pa_kich-thuoc-man-hinh","embeddable":true,"href":"https:\/\/vietbee.com\/en\/wp-json\/wp\/v2\/pa_kich-thuoc-man-hinh?post=2042"},{"taxonomy":"pa_micro-thu-am","embeddable":true,"href":"https:\/\/vietbee.com\/en\/wp-json\/wp\/v2\/pa_micro-thu-am?post=2042"},{"taxonomy":"pa_nha-thong-minh-rang-dong","embeddable":true,"href":"https:\/\/vietbee.com\/en\/wp-json\/wp\/v2\/pa_nha-thong-minh-rang-dong?post=2042"},{"taxonomy":"pa_o-cung","embeddable":true,"href":"https:\/\/vietbee.com\/en\/wp-json\/wp\/v2\/pa_o-cung?post=2042"},{"taxonomy":"pa_ong-kinh","embeddable":true,"href":"https:\/\/vietbee.com\/en\/wp-json\/wp\/v2\/pa_ong-kinh?post=2042"},{"taxonomy":"pa_poe","embeddable":true,"href":"https:\/\/vietbee.com\/en\/wp-json\/wp\/v2\/pa_poe?post=2042"},{"taxonomy":"pa_ports","embeddable":true,"href":"https:\/\/vietbee.com\/en\/wp-json\/wp\/v2\/pa_ports?post=2042"},{"taxonomy":"pa_tam-quan-sat","embeddable":true,"href":"https:\/\/vietbee.com\/en\/wp-json\/wp\/v2\/pa_tam-quan-sat?post=2042"},{"taxonomy":"pa_theo-chuan","embeddable":true,"href":"https:\/\/vietbee.com\/en\/wp-json\/wp\/v2\/pa_theo-chuan?post=2042"}],"curies":[{"name":"wp","href":"https:\/\/api.w.org\/{rel}","templated":true}]}}