{"id":2039,"date":"2019-02-18T08:58:36","date_gmt":"2019-02-18T08:58:36","guid":{"rendered":"http:\/\/vietbee.vn\/?post_type=product&#038;p=2039"},"modified":"2022-12-16T08:13:14","modified_gmt":"2022-12-16T08:13:14","slug":"bo-vga-to-lan-300m-mt-300t","status":"publish","type":"product","link":"https:\/\/vietbee.com\/en\/product\/bo-vga-to-lan-300m-mt-300t\/","title":{"rendered":"B\u1ed9 VGA to LAN 300M MT-300T"},"content":{"rendered":"<p><strong>Nh\u1eefng \u01b0u \u0111i\u1ec3m n\u1ed5i b\u1eadt c\u1ee7a B\u1ed9 VGA to LAN 300M MT-300T:<\/strong><\/p>\n<p>S\u1ea3n ph\u1ea9m B\u1ed9 VGA to LAN 300M MT-300T c\u00f3 t\u1ed1c \u0111\u1ed9 truy\u1ec1n t\u1ea3i t\u00edn hi\u1ec7u v\u00f4 c\u00f9ng l\u1edbn, s\u1eed d\u1ee5ng \u0111\u1ec3 truy\u1ec1n t\u00edn hi\u1ec7u VGA trong kho\u1ea3ng c\u00e1ch l\u00ean \u0111\u1ebfn 300 m\u00e9t m\u1ed9t c\u00e1ch \u0111\u01a1n gi\u1ea3n v\u00e0 d\u1ec5 d\u00e0ng, kh\u00f4ng b\u1ecb tr\u1ec5 t\u00edn hi\u1ec7u h\u00ecnh \u1ea3nh v\u00e0 \u00e2m thanh. Thi\u1ebft b\u1ecb cho t\u00edn hi\u1ec7u VGA s\u1eafc n\u00e9t, ch\u1ed1ng nhi\u1ec5u m\u1ed9t c\u00e1ch hi\u1ec7u qu\u1ea3. S\u1ea3n ph\u1ea9m \u0111\u01b0\u1ee3c s\u1eed d\u1ee5ng ph\u1ed5 bi\u1ebfn trong c\u00e1c nh\u00e0 x\u01b0\u1edfng, c\u00f4ng ty, tr\u01b0\u1eddng h\u1ecdc, b\u1ec7nh vi\u1ec7n\u2026<\/p>\n<p><strong>Th\u00f4ng tin v\u1ec1 B\u1ed9 VGA to LAN 300M MT-300T<\/strong><\/p>\n<p><strong><em>B\u1ed9 VGA to LAN 300M MT-300T<\/em><\/strong> g\u1ed3m 1 b\u1ed9 \u0111\u1ea7u v\u00e0o v\u00e0 1 b\u1ed9 \u0111\u1ea7u ra: trong \u0111\u00f3 b\u1ed9 \u0111\u1ea7u ra c\u00f3 1 Rj45 in, 1 Audio out, 2 VGA out v\u00e0 b\u1ed9 \u0111\u1ea7u v\u00e0o c\u00f3 1 c\u1ed5ng Vga in, 1 Audio in, 1 Vga out, 1 RJ45 out.<\/p>\n<p>Thi\u1ebft b\u1ecb cho ch\u1ea5t l\u01b0\u1ee3ng video l\u00ean \u0111\u1ebfn 1900 * 1600<\/p>\n<p>S\u1ea3n ph\u1ea9m c\u00f3 h\u1ed7 tr\u1ee3 MS-DOS, Windows, Linux, Unix H\u1ec7 \u0111i\u1ec1u h\u00e0nh \u2026<\/p>\n<p><strong><em>B\u1ed9 VGA to LAN 300M MT-300T ti\u1ec7n \u00edch<\/em><\/strong> kh\u00f4ng ph\u1ea3i c\u00e0i \u0111\u1eb7t ph\u1ea7n m\u1ec1m h\u1ed7 tr\u1ee3 plug &amp; Play t\u00edn hi\u1ec7u video &amp; audio<\/p>\n<p>V\u1ecf c\u1ee7a thi\u1ebft b\u1ecb k\u00e9o d\u00e0i USB, HDMI, VGA \u0111\u01b0\u1ee3c thi\u1ebft k\u1ebf b\u1eb1ng h\u1ee3p kim ch\u1ed1ng r\u1ec9 s\u1eed d\u1ee5ng d\u00e0i l\u00e2u<\/p>\n<p>M\u00e0u s\u1eafc: m\u00e0u \u0111en<\/p>\n<p>B\u1ea3o h\u00e0nh 6 th\u00e1ng<\/p>\n","protected":false},"excerpt":{"rendered":"<p class=\"qtranxs-available-languages-message qtranxs-available-languages-message-en\">Sorry, this entry is only available in <a href=\"https:\/\/vietbee.com\/vi\/wp-json\/wp\/v2\/product\/2039\" class=\"qtranxs-available-language-link qtranxs-available-language-link-vi\" title=\"Ti\u1ebfng Vi\u1ec7t\">Ti\u1ebfng Vi\u1ec7t<\/a>. For the sake of viewer convenience, the content is shown below in the alternative language. You may click the link to switch the active language.<\/p>\n<p>Ch\u01b0a VAT<\/p>\n","protected":false},"featured_media":2040,"template":"","meta":[],"product_brand":[],"product_cat":[1832],"product_tag":[434],"pa_bo-nho-trong":[],"pa_bo-vi-xu-ly":[],"pa_do-dai":[],"pa_do-phan-giai":[],"pa_hang-san-xuat":[],"pa_kich-thuoc-man-hinh":[],"pa_micro-thu-am":[],"pa_nha-thong-minh-rang-dong":[],"pa_o-cung":[],"pa_ong-kinh":[],"pa_poe":[],"pa_ports":[],"pa_tam-quan-sat":[],"pa_theo-chuan":[],"class_list":{"0":"post-2039","1":"product","2":"type-product","3":"status-publish","4":"has-post-thumbnail","6":"product_cat-bo-keo-dai-hdmi-vga-qua-cong-lan","7":"product_tag-bo-vga-to-lan-300m-mt-300t","9":"first","10":"instock","11":"shipping-taxable","12":"purchasable","13":"product-type-simple"},"_links":{"self":[{"href":"https:\/\/vietbee.com\/en\/wp-json\/wp\/v2\/product\/2039","targetHints":{"allow":["GET"]}}],"collection":[{"href":"https:\/\/vietbee.com\/en\/wp-json\/wp\/v2\/product"}],"about":[{"href":"https:\/\/vietbee.com\/en\/wp-json\/wp\/v2\/types\/product"}],"wp:featuredmedia":[{"embeddable":true,"href":"https:\/\/vietbee.com\/en\/wp-json\/wp\/v2\/media\/2040"}],"wp:attachment":[{"href":"https:\/\/vietbee.com\/en\/wp-json\/wp\/v2\/media?parent=2039"}],"wp:term":[{"taxonomy":"product_brand","embeddable":true,"href":"https:\/\/vietbee.com\/en\/wp-json\/wp\/v2\/product_brand?post=2039"},{"taxonomy":"product_cat","embeddable":true,"href":"https:\/\/vietbee.com\/en\/wp-json\/wp\/v2\/product_cat?post=2039"},{"taxonomy":"product_tag","embeddable":true,"href":"https:\/\/vietbee.com\/en\/wp-json\/wp\/v2\/product_tag?post=2039"},{"taxonomy":"pa_bo-nho-trong","embeddable":true,"href":"https:\/\/vietbee.com\/en\/wp-json\/wp\/v2\/pa_bo-nho-trong?post=2039"},{"taxonomy":"pa_bo-vi-xu-ly","embeddable":true,"href":"https:\/\/vietbee.com\/en\/wp-json\/wp\/v2\/pa_bo-vi-xu-ly?post=2039"},{"taxonomy":"pa_do-dai","embeddable":true,"href":"https:\/\/vietbee.com\/en\/wp-json\/wp\/v2\/pa_do-dai?post=2039"},{"taxonomy":"pa_do-phan-giai","embeddable":true,"href":"https:\/\/vietbee.com\/en\/wp-json\/wp\/v2\/pa_do-phan-giai?post=2039"},{"taxonomy":"pa_hang-san-xuat","embeddable":true,"href":"https:\/\/vietbee.com\/en\/wp-json\/wp\/v2\/pa_hang-san-xuat?post=2039"},{"taxonomy":"pa_kich-thuoc-man-hinh","embeddable":true,"href":"https:\/\/vietbee.com\/en\/wp-json\/wp\/v2\/pa_kich-thuoc-man-hinh?post=2039"},{"taxonomy":"pa_micro-thu-am","embeddable":true,"href":"https:\/\/vietbee.com\/en\/wp-json\/wp\/v2\/pa_micro-thu-am?post=2039"},{"taxonomy":"pa_nha-thong-minh-rang-dong","embeddable":true,"href":"https:\/\/vietbee.com\/en\/wp-json\/wp\/v2\/pa_nha-thong-minh-rang-dong?post=2039"},{"taxonomy":"pa_o-cung","embeddable":true,"href":"https:\/\/vietbee.com\/en\/wp-json\/wp\/v2\/pa_o-cung?post=2039"},{"taxonomy":"pa_ong-kinh","embeddable":true,"href":"https:\/\/vietbee.com\/en\/wp-json\/wp\/v2\/pa_ong-kinh?post=2039"},{"taxonomy":"pa_poe","embeddable":true,"href":"https:\/\/vietbee.com\/en\/wp-json\/wp\/v2\/pa_poe?post=2039"},{"taxonomy":"pa_ports","embeddable":true,"href":"https:\/\/vietbee.com\/en\/wp-json\/wp\/v2\/pa_ports?post=2039"},{"taxonomy":"pa_tam-quan-sat","embeddable":true,"href":"https:\/\/vietbee.com\/en\/wp-json\/wp\/v2\/pa_tam-quan-sat?post=2039"},{"taxonomy":"pa_theo-chuan","embeddable":true,"href":"https:\/\/vietbee.com\/en\/wp-json\/wp\/v2\/pa_theo-chuan?post=2039"}],"curies":[{"name":"wp","href":"https:\/\/api.w.org\/{rel}","templated":true}]}}