{"id":2036,"date":"2019-02-18T08:46:22","date_gmt":"2019-02-18T08:46:22","guid":{"rendered":"http:\/\/vietbee.vn\/?post_type=product&#038;p=2036"},"modified":"2022-12-16T08:22:04","modified_gmt":"2022-12-16T08:22:04","slug":"bo-keo-dai-hdmi-500m-bang-cap-dong-truc-lkv-379a","status":"publish","type":"product","link":"https:\/\/vietbee.com\/en\/product\/bo-keo-dai-hdmi-500m-bang-cap-dong-truc-lkv-379a\/","title":{"rendered":"B\u1ed9 k\u00e9o d\u00e0i HDMI 500m b\u1eb1ng c\u00e1p \u0111\u1ed3ng tr\u1ee5c LKV 379A"},"content":{"rendered":"<div>\n<p>B\u1ea1n \u0111ang c\u00f3 h\u1ec7 th\u00f4ng camera mu\u1ed1n quan s\u00e1t m\u00e0n h\u00ecnh t\u1eeb \u00a0\u0111\u1ebfn \u0111\u1ea7u ghi h\u00ecnh \u0111\u1ebfn m\u00e0n h\u00ecnh \u1edf kho\u1ea3ng c\u00e1ch 500m ho\u1eb7c mu\u1ed1n hi\u1ec3n th\u1ecb nhi\u1ec1u m\u00e0n h\u00ecnh l\u00ean \u0111\u1ebfn 500m th\u00ec b\u1ed9 n\u1ed1i d\u00e0i HDMI LKV 379A l\u00e0 s\u1ef1 l\u1ef1a ch\u1ecdn t\u00f4t nh\u1ea5t\u00a0.Vietbee.vn xin gi\u1edbi thi\u1ec7u\u00a0thi\u1ebft b\u1ecb k\u00e9o d\u00e0i hdmi 500m LKV379v\u1edbi t\u00ednh n\u0103ng sau:<\/p>\n<\/div>\n<h2>T\u00ednh n\u0103ng c\u1ee7a b\u1ed9LKV379<\/h2>\n<p>B\u1ed9 HDMI to RG6 500m LKV 379 \u0111\u01b0\u1ee3c s\u1eed d\u1ee5ng c\u00f4ng ngh\u1ec7 chuy\u1ec3n \u0111\u1ed5i RF \u0111\u1ec3 chuy\u1ec3n \u0111\u1ed5i t\u00edn hi\u1ec7u -HDMI cho t\u00edn hi\u1ec7u truy\u1ec1n h\u00ecnh k\u1ef9 thu\u1eadt s\u1ed1 HD v\u00e0 truy\u1ec1n b\u1eb1ng c\u00e1p \u0111\u1ed3ng tr\u1ee5c \u0111\u1ebfn 500meters. N\u00f3 c\u00f3 th\u1ec3 k\u1ebft n\u1ed1i v\u1edbi splitter CATV \u0111\u1ec3 nh\u1eadn m\u1ed9t t\u00edn hi\u1ec7u \u00a0n\u00f3 c\u00f3 th\u1ec3 nh\u1eadn t\u1eeb nhi\u1ec1u t\u00edn hi\u1ec7u v\u00e0o v\u00e0 ra \u00a0video k\u1ebft n\u1ed1i \u00a0m\u1ea1ng ma tr\u1eadn. ( matrix), c\u00f3 th\u1ebb d\u00f9ng m\u1ed9t b\u1ed9 g\u1eedi v\u00e0 nhi\u1ec1u b\u1ed9 nh\u1eadn th\u00f4ng qua b\u1ed9 chia truy\u1ec1n h\u00ecnh c\u00e1p.<\/p>\n<div>-H\u1ed7 tr\u1ee3 HDMI1.3\/ HDMI 1.4. t\u01b0\u01a1ng th\u00edch v\u1edbi HDCP<\/div>\n<div>-H\u1ed7 tr\u1ee3 truy\u1ec1n t\u00edn hi\u1ec7u\u00a0HDMI qua m\u1ed9t d\u00e2y c\u00e1p \u0111\u1ed3ng tr\u1ee5c RG6 ho\u1eb7c RG59<\/div>\n<div>-Truy\u1ec1n t\u1ea3i h\u00ecnh\u00a0\u1ea3nh t\u1ed1i\u00a0\u0111a\u00a0l\u00ean \u0111\u1ebfn 700meters<\/div>\n<div>-H\u1ed7 tr\u1ee3\u00a0\u0111\u1ed9 ph\u00e2n gi\u1ea3i\u00a0L\u00ean \u0111\u1ebfn 1080P \u00a0t\u1ea7n s\u1ed1\u00a060Hz<\/div>\n<div>-H\u1ed7 tr\u1ee3 l\u00ean \u0111\u1ebfn 100 k\u00eanh \u0111\u1ea7u v\u00e0o<\/div>\n<div>-V\u1edbi\u00a0\u0111i\u1ec1u khi\u1ec3n\u00a0IR v\u01b0\u1ee3t qua tr\u1edf l\u1ea1i h\u1ec7 th\u1ed1ng \u0111\u1ec3 ki\u1ec3m so\u00e1t k\u00eanh truy\u1ec1n h\u00ecnh.<\/div>\n<div>\n<h2>\u0110\u1eb7c t\u00ednh k\u1ef9 thu\u1eadt<\/h2>\n<p><strong>B\u1ed9 hdmi\u00a0<\/strong><b>Extender to\u00a0<\/b><strong>\u00a0C\u00e1p RG6 LKV379<\/strong>\u00a0h\u1ed7 tr\u1ee3\u00a0HDMI \u0111\u1ea7u v\u00e0o \/ \u0111\u1ea7u ra \u0111\u1ed9 ph\u00e2n gi\u1ea3i: 480i @ 60Hz, 480p @ 60Hz, 576i @ 50Hz, 576p @ 50Hz, 720p @ 50 \/ 60Hz, 1080i @ 50 \/ 60Hz, 1080p @ 50 \/ 60Hz<\/p>\n<p>\u2022 M\u00e3 h\u00f3a video: H.264<\/p>\n<p>\u2022 M\u00e3 h\u00f3a \u00e2m thanh: MPEG2<br \/>\n\u2022 S\u1eed d\u1ee5ng\u00a0C\u00e1p \u0111\u1ed3ng tr\u1ee5c: RG6 \/ RG7 \/ RG11<br \/>\n\u2022 T\u1ea7n s\u1ed1 \u0111i\u1ec3m: 100 ~ 1000MHz<br \/>\n\u2022 T\u1ef7 l\u1ec7 bit hi\u1ec7u qu\u1ea3: Max: 31.6Mbits<br \/>\n\u2022 Ch\u00e8n m\u1ea5t: &lt;2dBm<br \/>\n\u2022 RF TX s\u1ea3n l\u01b0\u1ee3ng ti\u00eau th\u1ee5: + 0dBm<br \/>\n\u2022 giao di\u1ec7n RF: T\u1ea7n s\u1ed1\u00a0h\u1ec7 th\u1ed1ng \u00a0(75\u03a9 Lo\u1ea1i F)<br \/>\n\u2022 C\u00f4ng su\u1ea5t ti\u00eau th\u1ee5: TX &lt;3.5W RX &lt;3W<br \/>\n\u2022 K\u00edch th\u01b0\u1edbc s\u1ea3n ph\u1ea9m: 180 (W) X30 (D) x22 (H) mm * 2pcs<br \/>\n\u2022 Tr\u1ecdng l\u01b0\u1ee3ng: TX: RX 167g: 169g<\/p>\n<\/div>","protected":false},"excerpt":{"rendered":"<p class=\"qtranxs-available-languages-message qtranxs-available-languages-message-en\">Sorry, this entry is only available in <a href=\"https:\/\/vietbee.com\/vi\/wp-json\/wp\/v2\/product\/2036\" class=\"qtranxs-available-language-link qtranxs-available-language-link-vi\" title=\"Ti\u1ebfng Vi\u1ec7t\">Ti\u1ebfng Vi\u1ec7t<\/a>. For the sake of viewer convenience, the content is shown below in the alternative language. You may click the link to switch the active language.<\/p>\n<p>Ch\u01b0a VAT<\/p>\n","protected":false},"featured_media":2037,"template":"","meta":[],"product_brand":[],"product_cat":[1832],"product_tag":[433],"pa_bo-nho-trong":[],"pa_bo-vi-xu-ly":[],"pa_do-dai":[],"pa_do-phan-giai":[],"pa_hang-san-xuat":[],"pa_kich-thuoc-man-hinh":[],"pa_micro-thu-am":[],"pa_nha-thong-minh-rang-dong":[],"pa_o-cung":[],"pa_ong-kinh":[],"pa_poe":[],"pa_ports":[],"pa_tam-quan-sat":[],"pa_theo-chuan":[],"class_list":{"0":"post-2036","1":"product","2":"type-product","3":"status-publish","4":"has-post-thumbnail","6":"product_cat-bo-keo-dai-hdmi-vga-qua-cong-lan","7":"product_tag-bo-keo-dai-hdmi-500m-bang-cap-dong-truc-lkv-379a","9":"first","10":"instock","11":"shipping-taxable","12":"purchasable","13":"product-type-simple"},"_links":{"self":[{"href":"https:\/\/vietbee.com\/en\/wp-json\/wp\/v2\/product\/2036","targetHints":{"allow":["GET"]}}],"collection":[{"href":"https:\/\/vietbee.com\/en\/wp-json\/wp\/v2\/product"}],"about":[{"href":"https:\/\/vietbee.com\/en\/wp-json\/wp\/v2\/types\/product"}],"wp:featuredmedia":[{"embeddable":true,"href":"https:\/\/vietbee.com\/en\/wp-json\/wp\/v2\/media\/2037"}],"wp:attachment":[{"href":"https:\/\/vietbee.com\/en\/wp-json\/wp\/v2\/media?parent=2036"}],"wp:term":[{"taxonomy":"product_brand","embeddable":true,"href":"https:\/\/vietbee.com\/en\/wp-json\/wp\/v2\/product_brand?post=2036"},{"taxonomy":"product_cat","embeddable":true,"href":"https:\/\/vietbee.com\/en\/wp-json\/wp\/v2\/product_cat?post=2036"},{"taxonomy":"product_tag","embeddable":true,"href":"https:\/\/vietbee.com\/en\/wp-json\/wp\/v2\/product_tag?post=2036"},{"taxonomy":"pa_bo-nho-trong","embeddable":true,"href":"https:\/\/vietbee.com\/en\/wp-json\/wp\/v2\/pa_bo-nho-trong?post=2036"},{"taxonomy":"pa_bo-vi-xu-ly","embeddable":true,"href":"https:\/\/vietbee.com\/en\/wp-json\/wp\/v2\/pa_bo-vi-xu-ly?post=2036"},{"taxonomy":"pa_do-dai","embeddable":true,"href":"https:\/\/vietbee.com\/en\/wp-json\/wp\/v2\/pa_do-dai?post=2036"},{"taxonomy":"pa_do-phan-giai","embeddable":true,"href":"https:\/\/vietbee.com\/en\/wp-json\/wp\/v2\/pa_do-phan-giai?post=2036"},{"taxonomy":"pa_hang-san-xuat","embeddable":true,"href":"https:\/\/vietbee.com\/en\/wp-json\/wp\/v2\/pa_hang-san-xuat?post=2036"},{"taxonomy":"pa_kich-thuoc-man-hinh","embeddable":true,"href":"https:\/\/vietbee.com\/en\/wp-json\/wp\/v2\/pa_kich-thuoc-man-hinh?post=2036"},{"taxonomy":"pa_micro-thu-am","embeddable":true,"href":"https:\/\/vietbee.com\/en\/wp-json\/wp\/v2\/pa_micro-thu-am?post=2036"},{"taxonomy":"pa_nha-thong-minh-rang-dong","embeddable":true,"href":"https:\/\/vietbee.com\/en\/wp-json\/wp\/v2\/pa_nha-thong-minh-rang-dong?post=2036"},{"taxonomy":"pa_o-cung","embeddable":true,"href":"https:\/\/vietbee.com\/en\/wp-json\/wp\/v2\/pa_o-cung?post=2036"},{"taxonomy":"pa_ong-kinh","embeddable":true,"href":"https:\/\/vietbee.com\/en\/wp-json\/wp\/v2\/pa_ong-kinh?post=2036"},{"taxonomy":"pa_poe","embeddable":true,"href":"https:\/\/vietbee.com\/en\/wp-json\/wp\/v2\/pa_poe?post=2036"},{"taxonomy":"pa_ports","embeddable":true,"href":"https:\/\/vietbee.com\/en\/wp-json\/wp\/v2\/pa_ports?post=2036"},{"taxonomy":"pa_tam-quan-sat","embeddable":true,"href":"https:\/\/vietbee.com\/en\/wp-json\/wp\/v2\/pa_tam-quan-sat?post=2036"},{"taxonomy":"pa_theo-chuan","embeddable":true,"href":"https:\/\/vietbee.com\/en\/wp-json\/wp\/v2\/pa_theo-chuan?post=2036"}],"curies":[{"name":"wp","href":"https:\/\/api.w.org\/{rel}","templated":true}]}}