{"id":2033,"date":"2019-02-18T08:32:45","date_gmt":"2019-02-18T08:32:45","guid":{"rendered":"http:\/\/vietbee.vn\/?post_type=product&#038;p=2033"},"modified":"2022-12-16T08:13:21","modified_gmt":"2022-12-16T08:13:21","slug":"bo-nhan-hdmi-extender-120m-qua-cap-mang-lan-ug-40283-chinh-hang-ugreen","status":"publish","type":"product","link":"https:\/\/vietbee.com\/en\/product\/bo-nhan-hdmi-extender-120m-qua-cap-mang-lan-ug-40283-chinh-hang-ugreen\/","title":{"rendered":"B\u1ed9 nh\u1eadn HDMI extender 120m qua c\u00e1p m\u1ea1ng LAn UG-40283 ch\u00ednh h\u00e3ng ugreen"},"content":{"rendered":"<p class=\"qtranxs-available-languages-message qtranxs-available-languages-message-en\">Sorry, this entry is only available in <a href=\"https:\/\/vietbee.com\/vi\/wp-json\/wp\/v2\/product\/2033\" class=\"qtranxs-available-language-link qtranxs-available-language-link-vi\" title=\"Ti\u1ebfng Vi\u1ec7t\">Ti\u1ebfng Vi\u1ec7t<\/a>. For the sake of viewer convenience, the content is shown below in the alternative language. You may click the link to switch the active language.<\/p><h2><span style=\"font-size: 75%;\">Chi ti\u1ebft s\u1ea3n ph\u1ea9m: <\/span><\/h2>\n<h2><span style=\"font-size: large;\">\u0110\u1ec3 mua b\u1ed9 ph\u1eadn HDMI extender 120m Ugreen UG-40283 h\u00e3y tham kh\u1ea3o t\u1ea1i VIETBEE.VN \u0111\u1ec3 hi\u1ec3u r\u00f5 h\u01a1n v\u1ec1 s\u1ea3n ph\u1ea9m c\u0169ng nh\u01b0 mua\u00a0\u0111\u01b0\u1ee3c s\u1ea3n ph\u1ea9m t\u1ed1t v\u1edbi gi\u00e1 c\u1ea1nh tranh.<\/span><\/h2>\n<p><strong>Th\u00f4ng tin k\u0129 thu\u1eadt:\u00a0<\/strong><strong>B\u1ed9 HDMI extender qua c\u00e1p m\u1ea1ng RJ45 d\u00e0i 120M<\/strong><strong>\u00a0UG-40280<\/strong><\/p>\n<p>&#8211; Model:\u00a0<strong>40280<\/strong><\/p>\n<p>&#8211; T\u00ednh n\u0103ng: Khuy\u1ebfch \u0111\u1ea1i HDMI qua \u00c1P c\u00e1p m\u1ea1ng <strong>Cat 5E\/6<\/strong><\/p>\n<p>&#8211; \u0110\u1ed9 d\u00e0i: 120M (<strong>CAT6<\/strong>)<\/p>\n<p>&#8211; Ch\u1ea5t li\u1ec7u: H\u1ee3p kim k\u1ebdm<\/p>\n<p>&#8211; \u0110\u1ed9 ph\u00e2n gi\u1ea3i: fullHD 1080p<\/p>\n<p>&#8211; Chip: TF680<\/p>\n<p>&#8211; T\u01b0\u01a1ng th\u00edch HDCP 1.2, 1.3<\/p>\n<p>&#8211; Ph\u00f9 h\u1ee3p v\u1edbi ti\u00eau chu\u1ea9n IEEE 802.3 Ethernet<\/p>\n<p>&#8211; C\u00e1p m\u1ea1ng: CAT 5E, CAT 6<\/p>\n<p>&#8211; H\u1ed7 tr\u1ee3 ngu\u1ed3n \u0111i\u1ec7n: 5V &#8211; 1A<\/p>\n<p>&#8211; K\u00edch th\u01b0\u1edbc: 110mm x 65mm x 20mm<\/p>\n<p>V\u1edbi <strong>B\u1ed9 nh\u1eadn HDMI qua m\u1ea1ng LAn rj45 d\u00e0i 120m UG-40283 ch\u00ednh h\u00e3ng Ugreen<\/strong> gi\u00fap cho vi\u1ec7c truy\u1ec1n t\u00edn hi\u1ec7u h\u00ecnh\u00a0\u1ea3nh v\u00e0\u00a0\u00e2m thanh gi\u1eefa c\u00e1c thi\u1ebft b\u1ecb c\u00f3 c\u1ed5ng giao ti\u1ebfp l\u00e0 HDMI \u1edf\u00a0\u0111\u1ed9 xa 120m\u00a0\u0111\u01b0\u1ee3c t\u1ed1t h\u01a1n c\u00e0\u00a0\u1ed5n\u00a0\u0111\u1ecbnh h\u01a1n.<\/p>\n<p>Khuy\u1ebfn c\u00e1o ng\u01b0\u1eddi s\u1eed d\u1ee5ng n\u00ean d\u00f9ng c\u00e1p m\u1ea1ng cat5, c\u00e1p cat6 ch\u00ednh h\u00e3ng\u00a0\u0111\u1ec3\u00a0\u0111\u1ea3m b\u1ea3o t\u00edn hi\u1ec7u h\u00ecnh\u00a0\u1ea3nh v\u00e0\u00a0\u00e2m thanh.","protected":false},"excerpt":{"rendered":"<p class=\"qtranxs-available-languages-message qtranxs-available-languages-message-en\">Sorry, this entry is only available in <a href=\"https:\/\/vietbee.com\/vi\/wp-json\/wp\/v2\/product\/2033\" class=\"qtranxs-available-language-link qtranxs-available-language-link-vi\" title=\"Ti\u1ebfng Vi\u1ec7t\">Ti\u1ebfng Vi\u1ec7t<\/a>. For the sake of viewer convenience, the content is shown below in the alternative language. You may click the link to switch the active language.<\/p>\n<p>Ch\u01b0a VAT<\/p>\n","protected":false},"featured_media":2034,"template":"","meta":[],"product_brand":[],"product_cat":[1832],"product_tag":[432],"pa_bo-nho-trong":[],"pa_bo-vi-xu-ly":[],"pa_do-dai":[],"pa_do-phan-giai":[],"pa_hang-san-xuat":[],"pa_kich-thuoc-man-hinh":[],"pa_micro-thu-am":[],"pa_nha-thong-minh-rang-dong":[],"pa_o-cung":[],"pa_ong-kinh":[],"pa_poe":[],"pa_ports":[],"pa_tam-quan-sat":[],"pa_theo-chuan":[],"class_list":{"0":"post-2033","1":"product","2":"type-product","3":"status-publish","4":"has-post-thumbnail","6":"product_cat-bo-keo-dai-hdmi-vga-qua-cong-lan","7":"product_tag-bo-nhan-hdmi-extender-120m-qua-cap-mang-lan-ug-40283-chinh-hang-ugreen","9":"first","10":"instock","11":"shipping-taxable","12":"purchasable","13":"product-type-simple"},"_links":{"self":[{"href":"https:\/\/vietbee.com\/en\/wp-json\/wp\/v2\/product\/2033","targetHints":{"allow":["GET"]}}],"collection":[{"href":"https:\/\/vietbee.com\/en\/wp-json\/wp\/v2\/product"}],"about":[{"href":"https:\/\/vietbee.com\/en\/wp-json\/wp\/v2\/types\/product"}],"wp:featuredmedia":[{"embeddable":true,"href":"https:\/\/vietbee.com\/en\/wp-json\/wp\/v2\/media\/2034"}],"wp:attachment":[{"href":"https:\/\/vietbee.com\/en\/wp-json\/wp\/v2\/media?parent=2033"}],"wp:term":[{"taxonomy":"product_brand","embeddable":true,"href":"https:\/\/vietbee.com\/en\/wp-json\/wp\/v2\/product_brand?post=2033"},{"taxonomy":"product_cat","embeddable":true,"href":"https:\/\/vietbee.com\/en\/wp-json\/wp\/v2\/product_cat?post=2033"},{"taxonomy":"product_tag","embeddable":true,"href":"https:\/\/vietbee.com\/en\/wp-json\/wp\/v2\/product_tag?post=2033"},{"taxonomy":"pa_bo-nho-trong","embeddable":true,"href":"https:\/\/vietbee.com\/en\/wp-json\/wp\/v2\/pa_bo-nho-trong?post=2033"},{"taxonomy":"pa_bo-vi-xu-ly","embeddable":true,"href":"https:\/\/vietbee.com\/en\/wp-json\/wp\/v2\/pa_bo-vi-xu-ly?post=2033"},{"taxonomy":"pa_do-dai","embeddable":true,"href":"https:\/\/vietbee.com\/en\/wp-json\/wp\/v2\/pa_do-dai?post=2033"},{"taxonomy":"pa_do-phan-giai","embeddable":true,"href":"https:\/\/vietbee.com\/en\/wp-json\/wp\/v2\/pa_do-phan-giai?post=2033"},{"taxonomy":"pa_hang-san-xuat","embeddable":true,"href":"https:\/\/vietbee.com\/en\/wp-json\/wp\/v2\/pa_hang-san-xuat?post=2033"},{"taxonomy":"pa_kich-thuoc-man-hinh","embeddable":true,"href":"https:\/\/vietbee.com\/en\/wp-json\/wp\/v2\/pa_kich-thuoc-man-hinh?post=2033"},{"taxonomy":"pa_micro-thu-am","embeddable":true,"href":"https:\/\/vietbee.com\/en\/wp-json\/wp\/v2\/pa_micro-thu-am?post=2033"},{"taxonomy":"pa_nha-thong-minh-rang-dong","embeddable":true,"href":"https:\/\/vietbee.com\/en\/wp-json\/wp\/v2\/pa_nha-thong-minh-rang-dong?post=2033"},{"taxonomy":"pa_o-cung","embeddable":true,"href":"https:\/\/vietbee.com\/en\/wp-json\/wp\/v2\/pa_o-cung?post=2033"},{"taxonomy":"pa_ong-kinh","embeddable":true,"href":"https:\/\/vietbee.com\/en\/wp-json\/wp\/v2\/pa_ong-kinh?post=2033"},{"taxonomy":"pa_poe","embeddable":true,"href":"https:\/\/vietbee.com\/en\/wp-json\/wp\/v2\/pa_poe?post=2033"},{"taxonomy":"pa_ports","embeddable":true,"href":"https:\/\/vietbee.com\/en\/wp-json\/wp\/v2\/pa_ports?post=2033"},{"taxonomy":"pa_tam-quan-sat","embeddable":true,"href":"https:\/\/vietbee.com\/en\/wp-json\/wp\/v2\/pa_tam-quan-sat?post=2033"},{"taxonomy":"pa_theo-chuan","embeddable":true,"href":"https:\/\/vietbee.com\/en\/wp-json\/wp\/v2\/pa_theo-chuan?post=2033"}],"curies":[{"name":"wp","href":"https:\/\/api.w.org\/{rel}","templated":true}]}}