{"id":2026,"date":"2019-02-18T04:22:47","date_gmt":"2019-02-18T04:22:47","guid":{"rendered":"http:\/\/vietbee.vn\/?post_type=product&#038;p=2026"},"modified":"2022-12-16T08:16:49","modified_gmt":"2022-12-16T08:16:49","slug":"bo-hdmi-to-lan-ugreen-100m-40210-chinh-hang","status":"publish","type":"product","link":"https:\/\/vietbee.com\/en\/product\/bo-hdmi-to-lan-ugreen-100m-40210-chinh-hang\/","title":{"rendered":"B\u1ed9 HDMi to LAN Ugreen 100M 40210 ch\u00ednh H\u00e3ng"},"content":{"rendered":"B\u1ea1n \u0111ang s\u1eed d\u1ee5ng h\u1ec7 th\u1ed1ng camera mu\u1ed1n hi\u1ec3n th\u1ecb m\u00e0n h\u00ecnh quan s\u00e1t \u1edf kho\u1ea3ng c\u00e1ch 100m ho\u1eb7c b\u1ea1n\u00a0 \u0111ang c\u00f3 m\u00e0n h\u00ecnh tivi l\u1eafp trong si\u00eau th\u1ecb , b\u1ec7nh vi\u1ec7n, tr\u01b0\u1eddng h\u1ecdc c\u00e1c xa trung t\u00e2m \u0111i\u1ec1u khi\u1ec3n \u0111\u1ebfn 100m m\u00e0 d\u00e2y HDMI kh\u00f4ng th\u1ec3 \u0111i xa \u0111\u01b0\u1ee3c th\u00ec b\u1ed9<b><strong> hdmi to LAN 100m Ugreen 40210 <\/strong><\/b>l\u00e0 s\u1ef1 l\u1ef1a ch\u1ecdn h\u1ee3p l\u00fd.<\/p>\n<h2><strong>T\u00ednh n\u0103ng b\u1ed9 hdmi to LAN Ugreen 100m<\/strong><\/h2>\n<p><strong>B\u1ed9 HDMI to LAN 100m <\/strong>Ugreen cho ph\u00e9p b\u1ea1n m\u1edf r\u1ed9ng t\u00edn hi\u1ec7u hdmi 100 th\u00f4ng qua 1 s\u1ee3i c\u00e1p m\u1ea1ng cat5 ho\u1eb7c cat6E\u00a0 l\u01b0u \u00fd : c\u00e1p m\u1ea1ng cat6 ho\u1eb7c cat6\u00a0 ch\u00ednh h\u00e3ng commscop, vina cap, LS&#8230;.<\/p>\n<p><strong><u>B\u1ed9 n\u1ed1i d\u00e0i hdmi 100m Ugreen<\/u><\/strong> g\u1ed3m 1 b\u1ed9 ph\u00e1t v\u00e0 1 b\u1ed9 nh\u1eadn s\u01b0 d\u1ee5ng c\u00e1p m\u1ea1ng trung gian \u1edf gi\u1eefa hai \u0111\u1ea7u ch\u1ec9 c\u1ea7n b\u1ea5m d\u00e2y m\u1ea1ng hai \u0111\u1ea7u theo chu\u1ea9n A ho\u1eb7c chu\u1ea9n A c\u1eafm v\u00e0o l\u00e0 s\u1eed d\u1ee5ng \u0111\u01b0\u1ee3c kh\u00f4ng c\u1ea7n k\u1ef9 thu\u1eadt ph\u1ee9c t\u1ea1p.<\/p>\n<p><img loading=\"lazy\" decoding=\"async\" class=\"size-medium wp-image-2027 aligncenter\" src=\"http:\/\/vietbee.vn\/wp-content\/uploads\/2019\/02\/HDMI-100m-40210-519x400.jpg\" alt=\"\" width=\"519\" height=\"400\" srcset=\"https:\/\/vietbee.com\/wp-content\/uploads\/2019\/02\/HDMI-100m-40210-519x400.jpg 519w, https:\/\/vietbee.com\/wp-content\/uploads\/2019\/02\/HDMI-100m-40210-390x301.jpg 390w, https:\/\/vietbee.com\/wp-content\/uploads\/2019\/02\/HDMI-100m-40210.jpg 650w\" sizes=\"auto, (max-width: 519px) 100vw, 519px\" \/><\/p>\n<p>H\u1ed7 tr\u1ee3 DHCP c\u00f3 th\u1ebf\u00a0 c\u1eafm 1 b\u1ed9 g\u1eedi nhi\u1ec1u b\u1ed9 nh\u1eadn th\u00f4ng qua Switch chia m\u1ea1ng.<\/p>\n<p><strong>B\u1ed9 HDMI to LAN 100\u00a0<\/strong>Ugreen 40210 s\u1eed d\u1ee5ng c\u00e1p m\u1ea1ng CAT5E \u0111\u1ed3ng duy nh\u1ea5t: h\u1ed7 tr\u1ee3 m\u1edf r\u1ed9ng 164ft \/ 50m \u1edf \u0111\u1ed9 ph\u00e2n gi\u1ea3i 1080P 3D, v\u00e0 262ft \/ 80 m t\u1ea1i 1080i \/ 720p.<\/p>\n<p>S\u1eed d\u1ee5ng c\u00e1p m\u1ea1ng CAT6 : h\u1ed7 tr\u1ee3 m\u1edf r\u1ed9ng 229ft \/ 70m \u1edf \u0111\u1ed9 ph\u00e2n gi\u1ea3i 1080P 3D, v\u00e0 330ft \/ 100m t\u1ea1i 1080i \/ 720p<\/p>\n<p>T\u00edn hi\u1ec7u h\u1ed7 tr\u1ee3 3D<\/p>\n<p>H\u1ed7 tr\u1ee3 cu\u1ed9c g\u1ecdi EDID tr\u1edf l\u1ea1i<\/p>\n<p>H\u1ed7 tr\u1ee3 CEC<\/p>\n<p>VESA DDC v\u00e0 c\u00f4ng ngh\u1ec7 trao \u0111\u1ed5i n\u00f3ng (HPD)<\/p>\n<p>H\u1ed7 tr\u1ee3 \u0111i\u1ec1u khi\u1ec3n t\u1eeb xa c\u00e1c thi\u1ebft b\u1ecb ngu\u1ed3n (RX TX)<\/p>\n<p>HDCP 1.2 t\u01b0\u01a1ng th\u00edch<\/p>\n<p>T\u01b0\u01a1ng th\u00edch v\u1edbi DVI 1.0<\/p>\n<p>V\u1ecf \u0111\u01b0\u1ee3c thi\u1ebft k\u1ebf b\u1eb1ng kim lo\u1ea1i c\u00f3 l\u1ed7 th\u00f4ng gi\u00f3, d\u1ec5 d\u00e0ng \u0111\u1ec3 c\u00e0i \u0111\u1eb7t.<\/p>\n<p>Th\u00edch h\u1ee3p l\u1eafp \u0111\u1eb7t s\u1eed d\u1ee5ng cho si\u00eau th\u1ecb, b\u1ec7nh vi\u1ec7n , tr\u01b0\u1eddng h\u1ecdc, ph\u00f2ng camera quan s\u00e1t d\u1ec5 d\u00e0ng l\u1eafp \u0111\u1eb7t thi c\u00f4ng.","protected":false},"excerpt":{"rendered":"<p>Ch\u01b0a VAT<\/p>\n","protected":false},"featured_media":2029,"template":"","meta":[],"product_brand":[],"product_cat":[1832],"product_tag":[431],"pa_bo-nho-trong":[],"pa_bo-vi-xu-ly":[],"pa_do-dai":[],"pa_do-phan-giai":[],"pa_hang-san-xuat":[],"pa_kich-thuoc-man-hinh":[],"pa_micro-thu-am":[],"pa_nha-thong-minh-rang-dong":[],"pa_o-cung":[],"pa_ong-kinh":[],"pa_poe":[],"pa_ports":[],"pa_tam-quan-sat":[],"pa_theo-chuan":[],"class_list":{"0":"post-2026","1":"product","2":"type-product","3":"status-publish","4":"has-post-thumbnail","6":"product_cat-bo-keo-dai-hdmi-vga-qua-cong-lan","7":"product_tag-bo-hdmi-to-lan-ugreen-100m-40210-chinh-hang","9":"first","10":"instock","11":"shipping-taxable","12":"purchasable","13":"product-type-simple"},"_links":{"self":[{"href":"https:\/\/vietbee.com\/en\/wp-json\/wp\/v2\/product\/2026","targetHints":{"allow":["GET"]}}],"collection":[{"href":"https:\/\/vietbee.com\/en\/wp-json\/wp\/v2\/product"}],"about":[{"href":"https:\/\/vietbee.com\/en\/wp-json\/wp\/v2\/types\/product"}],"wp:featuredmedia":[{"embeddable":true,"href":"https:\/\/vietbee.com\/en\/wp-json\/wp\/v2\/media\/2029"}],"wp:attachment":[{"href":"https:\/\/vietbee.com\/en\/wp-json\/wp\/v2\/media?parent=2026"}],"wp:term":[{"taxonomy":"product_brand","embeddable":true,"href":"https:\/\/vietbee.com\/en\/wp-json\/wp\/v2\/product_brand?post=2026"},{"taxonomy":"product_cat","embeddable":true,"href":"https:\/\/vietbee.com\/en\/wp-json\/wp\/v2\/product_cat?post=2026"},{"taxonomy":"product_tag","embeddable":true,"href":"https:\/\/vietbee.com\/en\/wp-json\/wp\/v2\/product_tag?post=2026"},{"taxonomy":"pa_bo-nho-trong","embeddable":true,"href":"https:\/\/vietbee.com\/en\/wp-json\/wp\/v2\/pa_bo-nho-trong?post=2026"},{"taxonomy":"pa_bo-vi-xu-ly","embeddable":true,"href":"https:\/\/vietbee.com\/en\/wp-json\/wp\/v2\/pa_bo-vi-xu-ly?post=2026"},{"taxonomy":"pa_do-dai","embeddable":true,"href":"https:\/\/vietbee.com\/en\/wp-json\/wp\/v2\/pa_do-dai?post=2026"},{"taxonomy":"pa_do-phan-giai","embeddable":true,"href":"https:\/\/vietbee.com\/en\/wp-json\/wp\/v2\/pa_do-phan-giai?post=2026"},{"taxonomy":"pa_hang-san-xuat","embeddable":true,"href":"https:\/\/vietbee.com\/en\/wp-json\/wp\/v2\/pa_hang-san-xuat?post=2026"},{"taxonomy":"pa_kich-thuoc-man-hinh","embeddable":true,"href":"https:\/\/vietbee.com\/en\/wp-json\/wp\/v2\/pa_kich-thuoc-man-hinh?post=2026"},{"taxonomy":"pa_micro-thu-am","embeddable":true,"href":"https:\/\/vietbee.com\/en\/wp-json\/wp\/v2\/pa_micro-thu-am?post=2026"},{"taxonomy":"pa_nha-thong-minh-rang-dong","embeddable":true,"href":"https:\/\/vietbee.com\/en\/wp-json\/wp\/v2\/pa_nha-thong-minh-rang-dong?post=2026"},{"taxonomy":"pa_o-cung","embeddable":true,"href":"https:\/\/vietbee.com\/en\/wp-json\/wp\/v2\/pa_o-cung?post=2026"},{"taxonomy":"pa_ong-kinh","embeddable":true,"href":"https:\/\/vietbee.com\/en\/wp-json\/wp\/v2\/pa_ong-kinh?post=2026"},{"taxonomy":"pa_poe","embeddable":true,"href":"https:\/\/vietbee.com\/en\/wp-json\/wp\/v2\/pa_poe?post=2026"},{"taxonomy":"pa_ports","embeddable":true,"href":"https:\/\/vietbee.com\/en\/wp-json\/wp\/v2\/pa_ports?post=2026"},{"taxonomy":"pa_tam-quan-sat","embeddable":true,"href":"https:\/\/vietbee.com\/en\/wp-json\/wp\/v2\/pa_tam-quan-sat?post=2026"},{"taxonomy":"pa_theo-chuan","embeddable":true,"href":"https:\/\/vietbee.com\/en\/wp-json\/wp\/v2\/pa_theo-chuan?post=2026"}],"curies":[{"name":"wp","href":"https:\/\/api.w.org\/{rel}","templated":true}]}}