{"id":1655,"date":"2018-11-21T02:02:36","date_gmt":"2018-11-21T02:02:36","guid":{"rendered":"http:\/\/vietbee.vn\/?post_type=product&#038;p=1655"},"modified":"2018-11-21T02:02:37","modified_gmt":"2018-11-21T02:02:37","slug":"laptop-hp-probook-450-g5-2zd41pa-silver","status":"publish","type":"product","link":"https:\/\/vietbee.com\/en\/product\/laptop-hp-probook-450-g5-2zd41pa-silver\/","title":{"rendered":"Laptop HP ProBook 450 G5 2ZD41PA (Silver)"},"content":{"rendered":"<h2 class=\"h-title\">Th\u00f4ng s\u1ed1 k\u1ef9 thu\u1eadt<\/h2>\n<div class=\"tbl-technical nd\">\n<table width=\"789\">\n<tbody>\n<tr>\n<td width=\"202\">Sa\u0309n ph\u00e2\u0309m<\/td>\n<td width=\"587\">Ma\u0301y ti\u0301nh xa\u0301ch tay<\/td>\n<\/tr>\n<tr>\n<td>T\u00ean Ha\u0303ng<\/td>\n<td width=\"587\">HP<\/td>\n<\/tr>\n<tr>\n<td>Model<\/td>\n<td width=\"587\">ProBook 450 G5 2ZD41PA<\/td>\n<\/tr>\n<tr>\n<td>B\u00f4\u0323 VXL<\/td>\n<td width=\"587\">Core i5 8250U (1.6Ghz-6Mb)<\/td>\n<\/tr>\n<tr>\n<td>C\u1ea1c \u0111\u1ed3 h\u1ecda<\/td>\n<td width=\"587\">VGA onboard, Intel HD Graphics 620<\/td>\n<\/tr>\n<tr>\n<td>B\u1ed9 nh\u1edb<\/td>\n<td width=\"587\">4Gb<\/td>\n<\/tr>\n<tr>\n<td>\u1ed4 c\u1ee9ng<\/td>\n<td width=\"587\">500Gb<\/td>\n<\/tr>\n<tr>\n<td>M\u00e0n h\u00ecnh<\/td>\n<td width=\"587\">15.6Inch<\/td>\n<\/tr>\n<tr>\n<td>\u1ed4 \u0111\u0129a quang<\/td>\n<td width=\"587\">Kh\u00f4ng c\u00f3<\/td>\n<\/tr>\n<tr>\n<td>K\u1ebft n\u1ed1i<\/td>\n<td width=\"587\">Realtek 802.11ac (2&#215;2) Wi-Fi\u00ae and Bluetooth\u00ae 4.2 Combo<\/td>\n<\/tr>\n<tr>\n<td>C\u1ed5ng giao ti\u1ebfp<\/td>\n<td width=\"587\">1 VGA, 1 USB 2.0, 2 USB 3.1, 1 HDMI, 1 USB 3.1 Type-C<\/td>\n<\/tr>\n<tr>\n<td>Webcam<\/td>\n<td width=\"587\">C\u00f3<\/td>\n<\/tr>\n<tr>\n<td>Nh\u00e2\u0323n da\u0323ng v\u00e2n tay<\/td>\n<td width=\"587\">C\u00f3<\/td>\n<\/tr>\n<tr>\n<td>T\u00ednh n\u0103ng kh\u00e1c<\/td>\n<\/tr>\n<tr>\n<td>H\u1ec7 \u0111i\u1ec1u h\u00e0nh<\/td>\n<td width=\"587\">Dos<\/td>\n<\/tr>\n<tr>\n<td>Pin<\/td>\n<td width=\"587\">3 cell<\/td>\n<\/tr>\n<tr>\n<td>Ki\u0301ch th\u01b0\u01a1\u0301c<\/td>\n<td width=\"587\">37.6 x 26.41 x 2.08 cm (non-touch) cm<\/td>\n<\/tr>\n<tr>\n<td>Tro\u0323ng l\u01b0\u01a1\u0323ng<\/td>\n<td width=\"587\">2.1 kg<\/td>\n<\/tr>\n<tr>\n<td>M\u00e0u s\u1eafc\/ Ch\u1ea5t li\u1ec7u<\/td>\n<td width=\"587\">Silver<\/td>\n<\/tr>\n<\/tbody>\n<\/table>\n<\/div>\n","protected":false},"excerpt":{"rendered":"<ul class=\"ul\">\n<li>&#8211; CPU: Core i5 8250U<\/li>\n<li><i class=\"before\"><\/i>&#8211; RAM\/ HDD: 4Gb\/ 500Gb<\/li>\n<li><i class=\"before\"><\/i>&#8211; M\u00e0n h\u00ecnh: 15.6Inch<\/li>\n<li><i class=\"before\"><\/i>&#8211; VGA: VGA onboard, Intel HD Graphics 620<\/li>\n<li><i class=\"before\"><\/i>&#8211; H\u0110H: Dos<\/li>\n<li><i class=\"before\"><\/i>&#8211; M\u00e0u s\u1eafc\/ Ch\u1ea5t li\u1ec7u: Silver<\/li>\n<\/ul>\n","protected":false},"featured_media":1656,"template":"","meta":[],"product_brand":[],"product_cat":[249,251],"product_tag":[342],"pa_bo-nho-trong":[],"pa_bo-vi-xu-ly":[],"pa_do-dai":[],"pa_do-phan-giai":[],"pa_hang-san-xuat":[],"pa_kich-thuoc-man-hinh":[],"pa_micro-thu-am":[],"pa_nha-thong-minh-rang-dong":[],"pa_o-cung":[],"pa_ong-kinh":[],"pa_poe":[],"pa_ports":[],"pa_tam-quan-sat":[],"pa_theo-chuan":[],"class_list":{"0":"post-1655","1":"product","2":"type-product","3":"status-publish","4":"has-post-thumbnail","6":"product_cat-may-tinh-laptop","7":"product_cat-may-tinh-xach-tay","8":"product_tag-laptop-hp-probook-450-g5-2zd41pa-silver","10":"first","11":"instock","12":"shipping-taxable","13":"product-type-simple"},"_links":{"self":[{"href":"https:\/\/vietbee.com\/en\/wp-json\/wp\/v2\/product\/1655","targetHints":{"allow":["GET"]}}],"collection":[{"href":"https:\/\/vietbee.com\/en\/wp-json\/wp\/v2\/product"}],"about":[{"href":"https:\/\/vietbee.com\/en\/wp-json\/wp\/v2\/types\/product"}],"wp:featuredmedia":[{"embeddable":true,"href":"https:\/\/vietbee.com\/en\/wp-json\/wp\/v2\/media\/1656"}],"wp:attachment":[{"href":"https:\/\/vietbee.com\/en\/wp-json\/wp\/v2\/media?parent=1655"}],"wp:term":[{"taxonomy":"product_brand","embeddable":true,"href":"https:\/\/vietbee.com\/en\/wp-json\/wp\/v2\/product_brand?post=1655"},{"taxonomy":"product_cat","embeddable":true,"href":"https:\/\/vietbee.com\/en\/wp-json\/wp\/v2\/product_cat?post=1655"},{"taxonomy":"product_tag","embeddable":true,"href":"https:\/\/vietbee.com\/en\/wp-json\/wp\/v2\/product_tag?post=1655"},{"taxonomy":"pa_bo-nho-trong","embeddable":true,"href":"https:\/\/vietbee.com\/en\/wp-json\/wp\/v2\/pa_bo-nho-trong?post=1655"},{"taxonomy":"pa_bo-vi-xu-ly","embeddable":true,"href":"https:\/\/vietbee.com\/en\/wp-json\/wp\/v2\/pa_bo-vi-xu-ly?post=1655"},{"taxonomy":"pa_do-dai","embeddable":true,"href":"https:\/\/vietbee.com\/en\/wp-json\/wp\/v2\/pa_do-dai?post=1655"},{"taxonomy":"pa_do-phan-giai","embeddable":true,"href":"https:\/\/vietbee.com\/en\/wp-json\/wp\/v2\/pa_do-phan-giai?post=1655"},{"taxonomy":"pa_hang-san-xuat","embeddable":true,"href":"https:\/\/vietbee.com\/en\/wp-json\/wp\/v2\/pa_hang-san-xuat?post=1655"},{"taxonomy":"pa_kich-thuoc-man-hinh","embeddable":true,"href":"https:\/\/vietbee.com\/en\/wp-json\/wp\/v2\/pa_kich-thuoc-man-hinh?post=1655"},{"taxonomy":"pa_micro-thu-am","embeddable":true,"href":"https:\/\/vietbee.com\/en\/wp-json\/wp\/v2\/pa_micro-thu-am?post=1655"},{"taxonomy":"pa_nha-thong-minh-rang-dong","embeddable":true,"href":"https:\/\/vietbee.com\/en\/wp-json\/wp\/v2\/pa_nha-thong-minh-rang-dong?post=1655"},{"taxonomy":"pa_o-cung","embeddable":true,"href":"https:\/\/vietbee.com\/en\/wp-json\/wp\/v2\/pa_o-cung?post=1655"},{"taxonomy":"pa_ong-kinh","embeddable":true,"href":"https:\/\/vietbee.com\/en\/wp-json\/wp\/v2\/pa_ong-kinh?post=1655"},{"taxonomy":"pa_poe","embeddable":true,"href":"https:\/\/vietbee.com\/en\/wp-json\/wp\/v2\/pa_poe?post=1655"},{"taxonomy":"pa_ports","embeddable":true,"href":"https:\/\/vietbee.com\/en\/wp-json\/wp\/v2\/pa_ports?post=1655"},{"taxonomy":"pa_tam-quan-sat","embeddable":true,"href":"https:\/\/vietbee.com\/en\/wp-json\/wp\/v2\/pa_tam-quan-sat?post=1655"},{"taxonomy":"pa_theo-chuan","embeddable":true,"href":"https:\/\/vietbee.com\/en\/wp-json\/wp\/v2\/pa_theo-chuan?post=1655"}],"curies":[{"name":"wp","href":"https:\/\/api.w.org\/{rel}","templated":true}]}}