{"id":1634,"date":"2018-11-20T13:34:39","date_gmt":"2018-11-20T13:34:39","guid":{"rendered":"http:\/\/vietbee.vn\/?post_type=product&#038;p=1634"},"modified":"2018-12-05T03:01:09","modified_gmt":"2018-12-05T03:01:09","slug":"laptop-dell-latitude-5490-42lt540w13-black","status":"publish","type":"product","link":"https:\/\/vietbee.com\/en\/product\/laptop-dell-latitude-5490-42lt540w13-black\/","title":{"rendered":"Laptop Dell Latitude 5490-42LT540W13 (Black)"},"content":{"rendered":"<h2 class=\"h-title\">Th\u00f4ng s\u1ed1 k\u1ef9 thu\u1eadt<\/h2>\n<div class=\"tbl-technical nd\">\n<table width=\"691\">\n<tbody>\n<tr>\n<td width=\"177\">Sa\u0309n ph\u00e2\u0309m<\/td>\n<td width=\"514\">Ma\u0301y ti\u0301nh xa\u0301ch tay<\/td>\n<\/tr>\n<tr>\n<td>T\u00ean Ha\u0303ng<\/td>\n<td width=\"514\">Dell<\/td>\n<\/tr>\n<tr>\n<td>Model<\/td>\n<td width=\"514\">Latitude 5490-L5490I714DF<\/td>\n<\/tr>\n<tr>\n<td>B\u00f4\u0323 VXL<\/td>\n<td width=\"514\">Core i7 8650U (1.9Ghz-8Mb)<\/td>\n<\/tr>\n<tr>\n<td>C\u1ea1c \u0111\u1ed3 h\u1ecda<\/td>\n<td width=\"514\">VGA onboard, Intel HD Graphics 620<\/td>\n<\/tr>\n<tr>\n<td>B\u1ed9 nh\u1edb<\/td>\n<td width=\"514\">8Gb<\/td>\n<\/tr>\n<tr>\n<td>\u1ed4 c\u1ee9ng<\/td>\n<td width=\"514\">256Gb SSD<\/td>\n<\/tr>\n<tr>\n<td>M\u00e0n h\u00ecnh<\/td>\n<td width=\"514\">14.0Inch Full HD<\/td>\n<\/tr>\n<tr>\n<td>\u1ed4 \u0111\u0129a quang<\/td>\n<td width=\"514\">Kh\u00f4ng co\u0301<\/td>\n<\/tr>\n<tr>\n<td>K\u1ebft n\u1ed1i<\/td>\n<td width=\"514\">LAN, Wifi, Bluetooth<\/td>\n<\/tr>\n<tr>\n<td>C\u1ed5ng giao ti\u1ebfp<\/td>\n<td width=\"514\">1 x USB 2.0 2 x USB 3.0 1 x VGA1 x HDMI Card Reader<\/td>\n<\/tr>\n<tr>\n<td>Webcam<\/td>\n<td width=\"514\">C\u00f3<\/td>\n<\/tr>\n<tr>\n<td>Nh\u00e2\u0323n da\u0323ng v\u00e2n tay<\/td>\n<td width=\"514\">C\u00f3<\/td>\n<\/tr>\n<tr>\n<td>T\u00ednh n\u0103ng kh\u00e1c<\/td>\n<td width=\"514\">Thi\u00ea\u0301t k\u00ea\u0301 m\u01a1\u0301i, mo\u0309ng nhe\u0323 h\u01a1n<\/td>\n<\/tr>\n<tr>\n<td>H\u1ec7 \u0111i\u1ec1u h\u00e0nh<\/td>\n<td width=\"514\">DOS<\/td>\n<\/tr>\n<tr>\n<td>Pin<\/td>\n<td width=\"514\">3 cell<\/td>\n<\/tr>\n<tr>\n<td>Ki\u0301ch th\u01b0\u01a1\u0301c<\/td>\n<td width=\"514\">33.3 x 22.8 x 2.03 cm<\/td>\n<\/tr>\n<tr>\n<td>Tro\u0323ng l\u01b0\u01a1\u0323ng<\/td>\n<td width=\"514\">1.6 kg<\/td>\n<\/tr>\n<tr>\n<td>M\u00e0u s\u1eafc\/ Ch\u1ea5t li\u1ec7u<\/td>\n<td width=\"514\">Black<\/td>\n<\/tr>\n<\/tbody>\n<\/table>\n<\/div>\n","protected":false},"excerpt":{"rendered":"<ul class=\"ul\">\n<li>&#8211; CPU: Core i7 8650U<\/li>\n<li><i class=\"before\"><\/i>&#8211; RAM\/ HDD: 8Gb\/ 256Gb SSD<\/li>\n<li><i class=\"before\"><\/i>&#8211; M\u00e0n h\u00ecnh: 14.0Inch Full HD<\/li>\n<li><i class=\"before\"><\/i>&#8211; VGA: VGA onboard, Intel HD Graphics 620<\/li>\n<li><i class=\"before\"><\/i>&#8211; H\u0110H: DOS<\/li>\n<li><i class=\"before\"><\/i>&#8211; M\u00e0u s\u1eafc\/ Ch\u1ea5t li\u1ec7u: Black<\/li>\n<\/ul>\n","protected":false},"featured_media":1903,"template":"","meta":[],"product_brand":[],"product_cat":[249,251],"product_tag":[332],"pa_bo-nho-trong":[],"pa_bo-vi-xu-ly":[],"pa_do-dai":[],"pa_do-phan-giai":[],"pa_hang-san-xuat":[],"pa_kich-thuoc-man-hinh":[],"pa_micro-thu-am":[],"pa_nha-thong-minh-rang-dong":[],"pa_o-cung":[],"pa_ong-kinh":[],"pa_poe":[],"pa_ports":[],"pa_tam-quan-sat":[],"pa_theo-chuan":[],"class_list":{"0":"post-1634","1":"product","2":"type-product","3":"status-publish","4":"has-post-thumbnail","6":"product_cat-may-tinh-laptop","7":"product_cat-may-tinh-xach-tay","8":"product_tag-laptop-dell-latitude-5490-42lt540w13-black","10":"first","11":"instock","12":"shipping-taxable","13":"product-type-simple"},"_links":{"self":[{"href":"https:\/\/vietbee.com\/en\/wp-json\/wp\/v2\/product\/1634","targetHints":{"allow":["GET"]}}],"collection":[{"href":"https:\/\/vietbee.com\/en\/wp-json\/wp\/v2\/product"}],"about":[{"href":"https:\/\/vietbee.com\/en\/wp-json\/wp\/v2\/types\/product"}],"wp:featuredmedia":[{"embeddable":true,"href":"https:\/\/vietbee.com\/en\/wp-json\/wp\/v2\/media\/1903"}],"wp:attachment":[{"href":"https:\/\/vietbee.com\/en\/wp-json\/wp\/v2\/media?parent=1634"}],"wp:term":[{"taxonomy":"product_brand","embeddable":true,"href":"https:\/\/vietbee.com\/en\/wp-json\/wp\/v2\/product_brand?post=1634"},{"taxonomy":"product_cat","embeddable":true,"href":"https:\/\/vietbee.com\/en\/wp-json\/wp\/v2\/product_cat?post=1634"},{"taxonomy":"product_tag","embeddable":true,"href":"https:\/\/vietbee.com\/en\/wp-json\/wp\/v2\/product_tag?post=1634"},{"taxonomy":"pa_bo-nho-trong","embeddable":true,"href":"https:\/\/vietbee.com\/en\/wp-json\/wp\/v2\/pa_bo-nho-trong?post=1634"},{"taxonomy":"pa_bo-vi-xu-ly","embeddable":true,"href":"https:\/\/vietbee.com\/en\/wp-json\/wp\/v2\/pa_bo-vi-xu-ly?post=1634"},{"taxonomy":"pa_do-dai","embeddable":true,"href":"https:\/\/vietbee.com\/en\/wp-json\/wp\/v2\/pa_do-dai?post=1634"},{"taxonomy":"pa_do-phan-giai","embeddable":true,"href":"https:\/\/vietbee.com\/en\/wp-json\/wp\/v2\/pa_do-phan-giai?post=1634"},{"taxonomy":"pa_hang-san-xuat","embeddable":true,"href":"https:\/\/vietbee.com\/en\/wp-json\/wp\/v2\/pa_hang-san-xuat?post=1634"},{"taxonomy":"pa_kich-thuoc-man-hinh","embeddable":true,"href":"https:\/\/vietbee.com\/en\/wp-json\/wp\/v2\/pa_kich-thuoc-man-hinh?post=1634"},{"taxonomy":"pa_micro-thu-am","embeddable":true,"href":"https:\/\/vietbee.com\/en\/wp-json\/wp\/v2\/pa_micro-thu-am?post=1634"},{"taxonomy":"pa_nha-thong-minh-rang-dong","embeddable":true,"href":"https:\/\/vietbee.com\/en\/wp-json\/wp\/v2\/pa_nha-thong-minh-rang-dong?post=1634"},{"taxonomy":"pa_o-cung","embeddable":true,"href":"https:\/\/vietbee.com\/en\/wp-json\/wp\/v2\/pa_o-cung?post=1634"},{"taxonomy":"pa_ong-kinh","embeddable":true,"href":"https:\/\/vietbee.com\/en\/wp-json\/wp\/v2\/pa_ong-kinh?post=1634"},{"taxonomy":"pa_poe","embeddable":true,"href":"https:\/\/vietbee.com\/en\/wp-json\/wp\/v2\/pa_poe?post=1634"},{"taxonomy":"pa_ports","embeddable":true,"href":"https:\/\/vietbee.com\/en\/wp-json\/wp\/v2\/pa_ports?post=1634"},{"taxonomy":"pa_tam-quan-sat","embeddable":true,"href":"https:\/\/vietbee.com\/en\/wp-json\/wp\/v2\/pa_tam-quan-sat?post=1634"},{"taxonomy":"pa_theo-chuan","embeddable":true,"href":"https:\/\/vietbee.com\/en\/wp-json\/wp\/v2\/pa_theo-chuan?post=1634"}],"curies":[{"name":"wp","href":"https:\/\/api.w.org\/{rel}","templated":true}]}}